{"id":10935,"date":"2017-12-21T15:36:19","date_gmt":"2017-12-21T22:36:19","guid":{"rendered":"https:\/\/www.psychometrics.com\/evaluations\/mbtimd-rapport-explicatif-niveau-i\/"},"modified":"2025-07-04T10:28:32","modified_gmt":"2025-07-04T16:28:32","slug":"mbtimd-rapport-explicatif-niveau-i","status":"publish","type":"page","link":"https:\/\/www.psychometrics.com\/fr\/evaluations\/mbtimd-rapport-explicatif-niveau-i\/","title":{"rendered":"MBTI<sup>MD<\/sup> Rapport explicatif &#8211; Niveau I"},"content":{"rendered":"<h1>MBTI<sup>MD<\/sup> Rapport Explicatif &#8211; Niveau i<\/h1>\r\n<h4><i>Aidez vos clients \u00e0 comprendre leurs r\u00e9sultats MBTI<sup>MD<\/sup><\/i><\/h4>\r\n<h6>Le rapport explicatif vous permet d&#8217;explorer le type MBTI de votre client et ses impacts dans le milieu de travail.<\/h6>\r\n<p><img fetchpriority=\"high\" decoding=\"async\" class=\"wp-image-10937 alignright\" src=\"https:\/\/www.psychometrics.com\/wp-content\/uploads\/2017\/12\/rapport-explicatif.png\" alt=\"MBTI rapport explicatif\" width=\"332\" height=\"378\" \/><\/p>\r\n<p>Servez-vous du rapport explicatif de 6 pages pour obtenir une explication concise et rigoureuse des r\u00e9sultats MBTI<sup>MD<\/sup> de votre client. Il explore le sch\u00e9ma des pr\u00e9f\u00e9rences uniques au type de votre client, explique la clart\u00e9 de pr\u00e9f\u00e9rences et sa signification, et offre des astuces pour v\u00e9rifier son type.<\/p>\r\n<p><u style=\"font-weight: bold;\">Le contenu du rapport explicatif MBTI :<\/u><\/p>\r\n<ul>\r\n<li>Un sommaire des pr\u00e9f\u00e9rences MBTI<\/li>\r\n<li>Un aper\u00e7u facile \u00e0 utiliser des types de pr\u00e9f\u00e9rences<\/li>\r\n<li>Une br\u00e8ve discussion du type de personnalit\u00e9 et de son d\u00e9veloppement<\/li>\r\n<li>Une description d\u00e9taill\u00e9e du type de quatre lettres de votre client<\/li>\r\n<\/ul>\r\n<p><span style=\"font-family: UniversLTW01-67BoldCn, 'Helvetica Neue', Helvetica, Arial, sans-serif;\"><b><u>Quand utiliser le rapport explicatif MBTI :\u00a0<\/u><\/b><\/span><\/p>\r\n<ul>\r\n<li>Comme introduction de base aux types de personnalit\u00e9s<\/li>\r\n<li>En association avec d&#8217;autres rapports, comme le rapport de carri\u00e8re MBTI.<\/li>\r\n<\/ul>\r\n<p><strong><u>Comment acc\u00e9der au rapport explicatif MBTI :<\/u><\/strong><\/p>\r\n<p>Le rapport explicatif MBTI &#8211; Niveau I est tir\u00e9 \u00e0 partir des r\u00e9sultats de l&#8217;\u00e9valuation MBTI &#8211; Niveau I et peut \u00eatre g\u00e9n\u00e9r\u00e9 \u00e0 partir de l&#8217;un ou l&#8217;autre des questionnaires MBTI Niveau I ou Niveau II. L&#8217;utilisation du questionnaire MBTI du Niveau II permet \u00e0 l&#8217;utilisateur de commencer son parcours du d\u00e9veloppement MBTI en explorant ses pr\u00e9f\u00e9rences du Niveau I et de passer ensuite au Niveau II sans avoir \u00e0 compl\u00e9ter un autre questionnaire.<\/p>\r\n<p>Ce rapport peut \u00eatre command\u00e9 par le biais de la plateforme <a href=\"https:\/\/www.psychometrics.com\/fr\/tests-en-ligne-carreerid\/\">Psychometrics.com<\/a>\u00a0par des sp\u00e9cialistes MBTI qualifi\u00e9s.<\/p>\r\n<p>Vous ne connaissez pas Psychometrics.com? <a href=\"https:\/\/www.psychometrics.com\/fr\/tests-en-ligne-carreerid\/\">D\u00e9couvrez comment vous enregistrer.<\/a><\/p>\r\n<p>Vous d\u00e9sirez devenir certifi\u00e9 pour l&#8217;utilisation de l&#8217;outil MBTI? <a href=\"https:\/\/www.psychometrics.com\/fr\/formation\/certification-mbti\/\">Visitez notre page de formation<\/a> pour en apprendre davantage.<\/p>\r\n<p><a href=\"https:\/\/www.psychometrics.com\/wp-content\/uploads\/2015\/10\/MBTI_MFR_IR3.pdf\">T\u00e9l\u00e9charger un rapport\u00a0\u00e9chantillon<\/a><\/p>\r\n","protected":false},"excerpt":{"rendered":"<p>MBTIMD Rapport Explicatif &#8211; Niveau i Aidez vos clients \u00e0 comprendre leurs r\u00e9sultats MBTIMD Le rapport explicatif vous permet d&#8217;explorer le type MBTI de votre client et ses impacts dans<\/p>\n","protected":false},"author":18,"featured_media":8832,"parent":1996,"menu_order":0,"comment_status":"closed","ping_status":"closed","template":"","meta":{"_acf_changed":false,"footnotes":""},"class_list":["post-10935","page","type-page","status-publish","has-post-thumbnail","hentry"],"acf":[],"yoast_head":"<!-- This site is optimized with the Yoast SEO plugin v27.2 - https:\/\/yoast.com\/product\/yoast-seo-wordpress\/ -->\n<title>MBTI Rapport explicatif - Niveau I | Psychometrics Canada<\/title>\n<meta name=\"description\" content=\"MBTIMD Rapport Explicatif - Niveau i Aidez vos clients \u00e0 comprendre leurs r\u00e9sultats MBTIMD Le rapport explicatif vous permet d&#039;explorer le type MBTI de\" \/>\n<meta name=\"robots\" content=\"index, follow, max-snippet:-1, max-image-preview:large, max-video-preview:-1\" \/>\n<link rel=\"canonical\" href=\"https:\/\/www.psychometrics.com\/fr\/evaluations\/mbtimd-rapport-explicatif-niveau-i\/\" \/>\n<meta property=\"og:locale\" content=\"fr_CA\" \/>\n<meta property=\"og:type\" content=\"article\" \/>\n<meta property=\"og:title\" content=\"MBTI Rapport explicatif - Niveau I | Psychometrics Canada\" \/>\n<meta property=\"og:description\" content=\"MBTIMD Rapport Explicatif - Niveau i Aidez vos clients \u00e0 comprendre leurs r\u00e9sultats MBTIMD Le rapport explicatif vous permet d&#039;explorer le type MBTI de\" \/>\n<meta property=\"og:url\" content=\"https:\/\/www.psychometrics.com\/fr\/evaluations\/mbtimd-rapport-explicatif-niveau-i\/\" \/>\n<meta property=\"og:site_name\" content=\"Psychometrics Canada\" \/>\n<meta property=\"article:publisher\" content=\"https:\/\/www.facebook.com\/PsychometricsCanada\" \/>\n<meta property=\"article:modified_time\" content=\"2025-07-04T16:28:32+00:00\" \/>\n<meta property=\"og:image\" content=\"https:\/\/www.psychometrics.com\/wp-content\/uploads\/2017\/05\/Myers-Briggs-Type-Indicator_MBTI-assessment.jpg\" \/>\n\t<meta property=\"og:image:width\" content=\"1500\" \/>\n\t<meta property=\"og:image:height\" content=\"300\" \/>\n\t<meta property=\"og:image:type\" content=\"image\/jpeg\" \/>\n<meta name=\"twitter:card\" content=\"summary_large_image\" \/>\n<meta name=\"twitter:site\" content=\"@PsychometricsCA\" \/>\n<meta name=\"twitter:label1\" content=\"Est. reading time\" \/>\n\t<meta name=\"twitter:data1\" content=\"2 minutes\" \/>\n<script type=\"application\/ld+json\" class=\"yoast-schema-graph\">{\"@context\":\"https:\/\/schema.org\",\"@graph\":[{\"@type\":\"WebPage\",\"@id\":\"https:\/\/www.psychometrics.com\/fr\/evaluations\/mbtimd-rapport-explicatif-niveau-i\/\",\"url\":\"https:\/\/www.psychometrics.com\/fr\/evaluations\/mbtimd-rapport-explicatif-niveau-i\/\",\"name\":\"MBTI Rapport explicatif - Niveau I | Psychometrics Canada\",\"isPartOf\":{\"@id\":\"https:\/\/www.psychometrics.com\/#website\"},\"primaryImageOfPage\":{\"@id\":\"https:\/\/www.psychometrics.com\/fr\/evaluations\/mbtimd-rapport-explicatif-niveau-i\/#primaryimage\"},\"image\":{\"@id\":\"https:\/\/www.psychometrics.com\/fr\/evaluations\/mbtimd-rapport-explicatif-niveau-i\/#primaryimage\"},\"thumbnailUrl\":\"https:\/\/www.psychometrics.com\/wp-content\/uploads\/2017\/05\/Myers-Briggs-Type-Indicator_MBTI-assessment.jpg\",\"datePublished\":\"2017-12-21T22:36:19+00:00\",\"dateModified\":\"2025-07-04T16:28:32+00:00\",\"description\":\"MBTIMD Rapport Explicatif - Niveau i Aidez vos clients \u00e0 comprendre leurs r\u00e9sultats MBTIMD Le rapport explicatif vous permet d'explorer le type MBTI de\",\"breadcrumb\":{\"@id\":\"https:\/\/www.psychometrics.com\/fr\/evaluations\/mbtimd-rapport-explicatif-niveau-i\/#breadcrumb\"},\"inLanguage\":\"fr-CA\",\"potentialAction\":[{\"@type\":\"ReadAction\",\"target\":[\"https:\/\/www.psychometrics.com\/fr\/evaluations\/mbtimd-rapport-explicatif-niveau-i\/\"]}]},{\"@type\":\"ImageObject\",\"inLanguage\":\"fr-CA\",\"@id\":\"https:\/\/www.psychometrics.com\/fr\/evaluations\/mbtimd-rapport-explicatif-niveau-i\/#primaryimage\",\"url\":\"https:\/\/www.psychometrics.com\/wp-content\/uploads\/2017\/05\/Myers-Briggs-Type-Indicator_MBTI-assessment.jpg\",\"contentUrl\":\"https:\/\/www.psychometrics.com\/wp-content\/uploads\/2017\/05\/Myers-Briggs-Type-Indicator_MBTI-assessment.jpg\",\"width\":1500,\"height\":300},{\"@type\":\"BreadcrumbList\",\"@id\":\"https:\/\/www.psychometrics.com\/fr\/evaluations\/mbtimd-rapport-explicatif-niveau-i\/#breadcrumb\",\"itemListElement\":[{\"@type\":\"ListItem\",\"position\":1,\"name\":\"Home\",\"item\":\"https:\/\/www.psychometrics.com\/fr\/home-2\/\"},{\"@type\":\"ListItem\",\"position\":2,\"name\":\"\u00c9valuations\",\"item\":\"https:\/\/www.psychometrics.com\/fr\/evaluations\/\"},{\"@type\":\"ListItem\",\"position\":3,\"name\":\"MBTIMD Rapport explicatif &#8211; Niveau I\"}]},{\"@type\":\"WebSite\",\"@id\":\"https:\/\/www.psychometrics.com\/#website\",\"url\":\"https:\/\/www.psychometrics.com\/\",\"name\":\"Psychometrics Canada\",\"description\":\"Les organisations \u00e0 mieux par le biais des personnes\",\"publisher\":{\"@id\":\"https:\/\/www.psychometrics.com\/#organization\"},\"potentialAction\":[{\"@type\":\"SearchAction\",\"target\":{\"@type\":\"EntryPoint\",\"urlTemplate\":\"https:\/\/www.psychometrics.com\/?s={search_term_string}\"},\"query-input\":{\"@type\":\"PropertyValueSpecification\",\"valueRequired\":true,\"valueName\":\"search_term_string\"}}],\"inLanguage\":\"fr-CA\"},{\"@type\":\"Organization\",\"@id\":\"https:\/\/www.psychometrics.com\/#organization\",\"name\":\"Psychometrics Canada\",\"url\":\"https:\/\/www.psychometrics.com\/\",\"logo\":{\"@type\":\"ImageObject\",\"inLanguage\":\"fr-CA\",\"@id\":\"https:\/\/www.psychometrics.com\/#\/schema\/logo\/image\/\",\"url\":\"https:\/\/www.psychometrics.com\/wp-content\/uploads\/2021\/01\/NewLogo.jpg\",\"contentUrl\":\"https:\/\/www.psychometrics.com\/wp-content\/uploads\/2021\/01\/NewLogo.jpg\",\"width\":1132,\"height\":155,\"caption\":\"Psychometrics Canada\"},\"image\":{\"@id\":\"https:\/\/www.psychometrics.com\/#\/schema\/logo\/image\/\"},\"sameAs\":[\"https:\/\/www.facebook.com\/PsychometricsCanada\",\"https:\/\/x.com\/PsychometricsCA\"]}]}<\/script>\n<!-- \/ Yoast SEO plugin. -->","yoast_head_json":{"title":"MBTI Rapport explicatif - Niveau I | Psychometrics Canada","description":"MBTIMD Rapport Explicatif - Niveau i Aidez vos clients \u00e0 comprendre leurs r\u00e9sultats MBTIMD Le rapport explicatif vous permet d'explorer le type MBTI de","robots":{"index":"index","follow":"follow","max-snippet":"max-snippet:-1","max-image-preview":"max-image-preview:large","max-video-preview":"max-video-preview:-1"},"canonical":"https:\/\/www.psychometrics.com\/fr\/evaluations\/mbtimd-rapport-explicatif-niveau-i\/","og_locale":"fr_CA","og_type":"article","og_title":"MBTI Rapport explicatif - Niveau I | Psychometrics Canada","og_description":"MBTIMD Rapport Explicatif - Niveau i Aidez vos clients \u00e0 comprendre leurs r\u00e9sultats MBTIMD Le rapport explicatif vous permet d'explorer le type MBTI de","og_url":"https:\/\/www.psychometrics.com\/fr\/evaluations\/mbtimd-rapport-explicatif-niveau-i\/","og_site_name":"Psychometrics Canada","article_publisher":"https:\/\/www.facebook.com\/PsychometricsCanada","article_modified_time":"2025-07-04T16:28:32+00:00","og_image":[{"width":1500,"height":300,"url":"https:\/\/www.psychometrics.com\/wp-content\/uploads\/2017\/05\/Myers-Briggs-Type-Indicator_MBTI-assessment.jpg","type":"image\/jpeg"}],"twitter_card":"summary_large_image","twitter_site":"@PsychometricsCA","twitter_misc":{"Est. reading time":"2 minutes"},"schema":{"@context":"https:\/\/schema.org","@graph":[{"@type":"WebPage","@id":"https:\/\/www.psychometrics.com\/fr\/evaluations\/mbtimd-rapport-explicatif-niveau-i\/","url":"https:\/\/www.psychometrics.com\/fr\/evaluations\/mbtimd-rapport-explicatif-niveau-i\/","name":"MBTI Rapport explicatif - Niveau I | Psychometrics Canada","isPartOf":{"@id":"https:\/\/www.psychometrics.com\/#website"},"primaryImageOfPage":{"@id":"https:\/\/www.psychometrics.com\/fr\/evaluations\/mbtimd-rapport-explicatif-niveau-i\/#primaryimage"},"image":{"@id":"https:\/\/www.psychometrics.com\/fr\/evaluations\/mbtimd-rapport-explicatif-niveau-i\/#primaryimage"},"thumbnailUrl":"https:\/\/www.psychometrics.com\/wp-content\/uploads\/2017\/05\/Myers-Briggs-Type-Indicator_MBTI-assessment.jpg","datePublished":"2017-12-21T22:36:19+00:00","dateModified":"2025-07-04T16:28:32+00:00","description":"MBTIMD Rapport Explicatif - Niveau i Aidez vos clients \u00e0 comprendre leurs r\u00e9sultats MBTIMD Le rapport explicatif vous permet d'explorer le type MBTI de","breadcrumb":{"@id":"https:\/\/www.psychometrics.com\/fr\/evaluations\/mbtimd-rapport-explicatif-niveau-i\/#breadcrumb"},"inLanguage":"fr-CA","potentialAction":[{"@type":"ReadAction","target":["https:\/\/www.psychometrics.com\/fr\/evaluations\/mbtimd-rapport-explicatif-niveau-i\/"]}]},{"@type":"ImageObject","inLanguage":"fr-CA","@id":"https:\/\/www.psychometrics.com\/fr\/evaluations\/mbtimd-rapport-explicatif-niveau-i\/#primaryimage","url":"https:\/\/www.psychometrics.com\/wp-content\/uploads\/2017\/05\/Myers-Briggs-Type-Indicator_MBTI-assessment.jpg","contentUrl":"https:\/\/www.psychometrics.com\/wp-content\/uploads\/2017\/05\/Myers-Briggs-Type-Indicator_MBTI-assessment.jpg","width":1500,"height":300},{"@type":"BreadcrumbList","@id":"https:\/\/www.psychometrics.com\/fr\/evaluations\/mbtimd-rapport-explicatif-niveau-i\/#breadcrumb","itemListElement":[{"@type":"ListItem","position":1,"name":"Home","item":"https:\/\/www.psychometrics.com\/fr\/home-2\/"},{"@type":"ListItem","position":2,"name":"\u00c9valuations","item":"https:\/\/www.psychometrics.com\/fr\/evaluations\/"},{"@type":"ListItem","position":3,"name":"MBTIMD Rapport explicatif &#8211; Niveau I"}]},{"@type":"WebSite","@id":"https:\/\/www.psychometrics.com\/#website","url":"https:\/\/www.psychometrics.com\/","name":"Psychometrics Canada","description":"Les organisations \u00e0 mieux par le biais des personnes","publisher":{"@id":"https:\/\/www.psychometrics.com\/#organization"},"potentialAction":[{"@type":"SearchAction","target":{"@type":"EntryPoint","urlTemplate":"https:\/\/www.psychometrics.com\/?s={search_term_string}"},"query-input":{"@type":"PropertyValueSpecification","valueRequired":true,"valueName":"search_term_string"}}],"inLanguage":"fr-CA"},{"@type":"Organization","@id":"https:\/\/www.psychometrics.com\/#organization","name":"Psychometrics Canada","url":"https:\/\/www.psychometrics.com\/","logo":{"@type":"ImageObject","inLanguage":"fr-CA","@id":"https:\/\/www.psychometrics.com\/#\/schema\/logo\/image\/","url":"https:\/\/www.psychometrics.com\/wp-content\/uploads\/2021\/01\/NewLogo.jpg","contentUrl":"https:\/\/www.psychometrics.com\/wp-content\/uploads\/2021\/01\/NewLogo.jpg","width":1132,"height":155,"caption":"Psychometrics Canada"},"image":{"@id":"https:\/\/www.psychometrics.com\/#\/schema\/logo\/image\/"},"sameAs":["https:\/\/www.facebook.com\/PsychometricsCanada","https:\/\/x.com\/PsychometricsCA"]}]}},"_links":{"self":[{"href":"https:\/\/www.psychometrics.com\/fr\/wp-json\/wp\/v2\/pages\/10935","targetHints":{"allow":["GET"]}}],"collection":[{"href":"https:\/\/www.psychometrics.com\/fr\/wp-json\/wp\/v2\/pages"}],"about":[{"href":"https:\/\/www.psychometrics.com\/fr\/wp-json\/wp\/v2\/types\/page"}],"author":[{"embeddable":true,"href":"https:\/\/www.psychometrics.com\/fr\/wp-json\/wp\/v2\/users\/18"}],"replies":[{"embeddable":true,"href":"https:\/\/www.psychometrics.com\/fr\/wp-json\/wp\/v2\/comments?post=10935"}],"version-history":[{"count":4,"href":"https:\/\/www.psychometrics.com\/fr\/wp-json\/wp\/v2\/pages\/10935\/revisions"}],"predecessor-version":[{"id":18716,"href":"https:\/\/www.psychometrics.com\/fr\/wp-json\/wp\/v2\/pages\/10935\/revisions\/18716"}],"up":[{"embeddable":true,"href":"https:\/\/www.psychometrics.com\/fr\/wp-json\/wp\/v2\/pages\/1996"}],"wp:featuredmedia":[{"embeddable":true,"href":"https:\/\/www.psychometrics.com\/fr\/wp-json\/wp\/v2\/media\/8832"}],"wp:attachment":[{"href":"https:\/\/www.psychometrics.com\/fr\/wp-json\/wp\/v2\/media?parent=10935"}],"curies":[{"name":"wp","href":"https:\/\/api.w.org\/{rel}","templated":true}]}}