{"id":10941,"date":"2017-12-21T15:52:31","date_gmt":"2017-12-21T22:52:31","guid":{"rendered":"https:\/\/www.psychometrics.com\/evaluations\/mbtimd-rapport-explicatif-pour-les-organisations\/"},"modified":"2025-07-04T10:29:30","modified_gmt":"2025-07-04T16:29:30","slug":"mbtimd-rapport-explicatif-pour-les-organisations","status":"publish","type":"page","link":"https:\/\/www.psychometrics.com\/fr\/evaluations\/mbtimd-rapport-explicatif-pour-les-organisations\/","title":{"rendered":"MBTI<sup>MD<\/sup> Rapport explicatif pour les organisations"},"content":{"rendered":"<h1>MBTI<sup>MD<\/sup> Rapport Explicatif Pour Les Organisations<\/h1>\n<h4><em>Permet d&#8217;explorer le style professionnel et les pr\u00e9f\u00e9rences relatives au milieu de travail<\/em><\/h4>\n<h6>Le rapport explicatif pour les organisations vous permet de b\u00e2tir sur les forces des employ\u00e9s et d&#8217;\u00e9laborer des zones cibles pertinentes \u00e0 votre organisation.<\/h6>\n<p><img fetchpriority=\"high\" decoding=\"async\" class=\"wp-image-10943 alignright\" src=\"https:\/\/www.psychometrics.com\/wp-content\/uploads\/2017\/12\/rapport-explicatif-pour-les-organisations.png\" alt=\"\" width=\"330\" height=\"403\" \/>Servez-vous de ce rapport interactif de 10 pages pour d\u00e9couvrir comment le type MBTI individuel d&#8217;une personne pourrait s&#8217;exprimer dans le milieu organisationnel.<\/p>\n<p><strong><u>Le contenu du rapport explicatif pour les organisations :\u00a0<\/u><\/strong><\/p>\n<ul>\n<li>Les effets du style professionnel d&#8217;une personne et ses pr\u00e9f\u00e9rences au milieu de travail<\/li>\n<li>Styles de communication pr\u00e9f\u00e9r\u00e9s<\/li>\n<li>Approche pr\u00e9f\u00e9r\u00e9e envers la r\u00e9solution de probl\u00e8mes<\/li>\n<\/ul>\n<p><strong><u>Quand utiliser le rapport explicatif pour les organisation :\u00a0<\/u><\/strong><\/p>\n<ul>\n<li>D\u00e9veloppement de leadership<\/li>\n<li>Am\u00e9lioration de la communication<\/li>\n<li>Am\u00e9lioration envers la r\u00e9solution de probl\u00e8mes<\/li>\n<\/ul>\n<p><span style=\"font-family: UniversLTW01-67BoldCn, 'Helvetica Neue', Helvetica, Arial, sans-serif;\"><b><u>Comment acc\u00e9der au rapport explicatif pour les organisations :<\/u><\/b><\/span><\/p>\n<p>Le rapport explicatif pour les organisations est tir\u00e9 \u00e0 partir des r\u00e9sultats de l&#8217;\u00e9valuation MBTI &#8211; Niveau I et peut \u00eatre g\u00e9n\u00e9r\u00e9 \u00e0 partir de l\u2019un ou l\u2019autre des questionnaires MBTI Niveau I ou Niveau II. L&#8217;utilisation du questionnaire MBTI du Niveau II permet \u00e0 l&#8217;utilisateur de commencer son parcours du d\u00e9veloppement MBTI en explorant ses pr\u00e9f\u00e9rences du Niveau I et de passer ensuite au Niveau II sans avoir \u00e0 compl\u00e9ter un autre questionnaire.<\/p>\n<p>Ce rapport peut \u00eatre command\u00e9 par le biais de la plateforme <a href=\"https:\/\/www.psychometrics.com\/fr\/tests-en-ligne-carreerid\/\">Psychometrics.com<\/a> par des sp\u00e9cialistes MBTI qualifi\u00e9s.<\/p>\n<p>Vous ne connaissez pas Psychometrics.com? <a href=\"https:\/\/www.psychometrics.com\/fr\/tests-en-ligne-carreerid\/\">D\u00e9couvrez comment vous enregistrer.<\/a><\/p>\n<p>Vous d\u00e9sirez devenir certifi\u00e9 pour l&#8217;utilisation de l&#8217;outil MBTI? <a href=\"https:\/\/www.psychometrics.com\/fr\/formation\/certification-mbti\/\">Visitez notre page de formation<\/a> pour en apprendre davantage.<\/p>\n<p><a href=\"https:\/\/www.psychometrics.com\/wp-content\/uploads\/2015\/10\/MBTI_MFR_IRO3.pdf\">T\u00e9l\u00e9charger un rapport\u00a0\u00e9chantillon<\/a><\/p>\n","protected":false},"excerpt":{"rendered":"<p>MBTIMD Rapport Explicatif Pour Les Organisations Permet d&#8217;explorer le style professionnel et les pr\u00e9f\u00e9rences relatives au milieu de travail Le rapport explicatif pour les organisations vous permet de b\u00e2tir sur<\/p>\n","protected":false},"author":18,"featured_media":8832,"parent":1996,"menu_order":0,"comment_status":"closed","ping_status":"closed","template":"","meta":{"_acf_changed":false,"footnotes":""},"class_list":["post-10941","page","type-page","status-publish","has-post-thumbnail","hentry"],"acf":[],"yoast_head":"<!-- This site is optimized with the Yoast SEO plugin v27.4 - https:\/\/yoast.com\/product\/yoast-seo-wordpress\/ -->\n<title>MBTI Rapport explicatif pour les organisations | Psychometrics<\/title>\n<meta name=\"description\" content=\"MBTIMD Rapport Explicatif Pour Les Organisations Permet d&#039;explorer le style professionnel et les pr\u00e9f\u00e9rences relatives au milieu de travail Le rapport\" \/>\n<meta name=\"robots\" content=\"index, follow, max-snippet:-1, max-image-preview:large, max-video-preview:-1\" \/>\n<link rel=\"canonical\" href=\"https:\/\/www.psychometrics.com\/fr\/evaluations\/mbtimd-rapport-explicatif-pour-les-organisations\/\" \/>\n<meta property=\"og:locale\" content=\"fr_CA\" \/>\n<meta property=\"og:type\" content=\"article\" \/>\n<meta property=\"og:title\" content=\"MBTI Rapport explicatif pour les organisations | Psychometrics\" \/>\n<meta property=\"og:description\" content=\"MBTIMD Rapport Explicatif Pour Les Organisations Permet d&#039;explorer le style professionnel et les pr\u00e9f\u00e9rences relatives au milieu de travail Le rapport\" \/>\n<meta property=\"og:url\" content=\"https:\/\/www.psychometrics.com\/fr\/evaluations\/mbtimd-rapport-explicatif-pour-les-organisations\/\" \/>\n<meta property=\"og:site_name\" content=\"Psychometrics Canada\" \/>\n<meta property=\"article:publisher\" content=\"https:\/\/www.facebook.com\/PsychometricsCanada\" \/>\n<meta property=\"article:modified_time\" content=\"2025-07-04T16:29:30+00:00\" \/>\n<meta property=\"og:image\" content=\"https:\/\/www.psychometrics.com\/wp-content\/uploads\/2017\/05\/Myers-Briggs-Type-Indicator_MBTI-assessment.jpg\" \/>\n\t<meta property=\"og:image:width\" content=\"1500\" \/>\n\t<meta property=\"og:image:height\" content=\"300\" \/>\n\t<meta property=\"og:image:type\" content=\"image\/jpeg\" \/>\n<meta name=\"twitter:card\" content=\"summary_large_image\" \/>\n<meta name=\"twitter:site\" content=\"@PsychometricsCA\" \/>\n<meta name=\"twitter:label1\" content=\"Est. reading time\" \/>\n\t<meta name=\"twitter:data1\" content=\"2 minutes\" \/>\n<script type=\"application\/ld+json\" class=\"yoast-schema-graph\">{\"@context\":\"https:\\\/\\\/schema.org\",\"@graph\":[{\"@type\":\"WebPage\",\"@id\":\"https:\\\/\\\/www.psychometrics.com\\\/fr\\\/evaluations\\\/mbtimd-rapport-explicatif-pour-les-organisations\\\/\",\"url\":\"https:\\\/\\\/www.psychometrics.com\\\/fr\\\/evaluations\\\/mbtimd-rapport-explicatif-pour-les-organisations\\\/\",\"name\":\"MBTI Rapport explicatif pour les organisations | Psychometrics\",\"isPartOf\":{\"@id\":\"https:\\\/\\\/www.psychometrics.com\\\/#website\"},\"primaryImageOfPage\":{\"@id\":\"https:\\\/\\\/www.psychometrics.com\\\/fr\\\/evaluations\\\/mbtimd-rapport-explicatif-pour-les-organisations\\\/#primaryimage\"},\"image\":{\"@id\":\"https:\\\/\\\/www.psychometrics.com\\\/fr\\\/evaluations\\\/mbtimd-rapport-explicatif-pour-les-organisations\\\/#primaryimage\"},\"thumbnailUrl\":\"https:\\\/\\\/www.psychometrics.com\\\/wp-content\\\/uploads\\\/2017\\\/05\\\/Myers-Briggs-Type-Indicator_MBTI-assessment.jpg\",\"datePublished\":\"2017-12-21T22:52:31+00:00\",\"dateModified\":\"2025-07-04T16:29:30+00:00\",\"description\":\"MBTIMD Rapport Explicatif Pour Les Organisations Permet d'explorer le style professionnel et les pr\u00e9f\u00e9rences relatives au milieu de travail Le rapport\",\"breadcrumb\":{\"@id\":\"https:\\\/\\\/www.psychometrics.com\\\/fr\\\/evaluations\\\/mbtimd-rapport-explicatif-pour-les-organisations\\\/#breadcrumb\"},\"inLanguage\":\"fr-CA\",\"potentialAction\":[{\"@type\":\"ReadAction\",\"target\":[\"https:\\\/\\\/www.psychometrics.com\\\/fr\\\/evaluations\\\/mbtimd-rapport-explicatif-pour-les-organisations\\\/\"]}]},{\"@type\":\"ImageObject\",\"inLanguage\":\"fr-CA\",\"@id\":\"https:\\\/\\\/www.psychometrics.com\\\/fr\\\/evaluations\\\/mbtimd-rapport-explicatif-pour-les-organisations\\\/#primaryimage\",\"url\":\"https:\\\/\\\/www.psychometrics.com\\\/wp-content\\\/uploads\\\/2017\\\/05\\\/Myers-Briggs-Type-Indicator_MBTI-assessment.jpg\",\"contentUrl\":\"https:\\\/\\\/www.psychometrics.com\\\/wp-content\\\/uploads\\\/2017\\\/05\\\/Myers-Briggs-Type-Indicator_MBTI-assessment.jpg\",\"width\":1500,\"height\":300},{\"@type\":\"BreadcrumbList\",\"@id\":\"https:\\\/\\\/www.psychometrics.com\\\/fr\\\/evaluations\\\/mbtimd-rapport-explicatif-pour-les-organisations\\\/#breadcrumb\",\"itemListElement\":[{\"@type\":\"ListItem\",\"position\":1,\"name\":\"Home\",\"item\":\"https:\\\/\\\/www.psychometrics.com\\\/fr\\\/home-2\\\/\"},{\"@type\":\"ListItem\",\"position\":2,\"name\":\"\u00c9valuations\",\"item\":\"https:\\\/\\\/www.psychometrics.com\\\/fr\\\/evaluations\\\/\"},{\"@type\":\"ListItem\",\"position\":3,\"name\":\"MBTIMD Rapport explicatif pour les organisations\"}]},{\"@type\":\"WebSite\",\"@id\":\"https:\\\/\\\/www.psychometrics.com\\\/#website\",\"url\":\"https:\\\/\\\/www.psychometrics.com\\\/\",\"name\":\"Psychometrics Canada\",\"description\":\"Les organisations \u00e0 mieux par le biais des personnes\",\"publisher\":{\"@id\":\"https:\\\/\\\/www.psychometrics.com\\\/#organization\"},\"potentialAction\":[{\"@type\":\"SearchAction\",\"target\":{\"@type\":\"EntryPoint\",\"urlTemplate\":\"https:\\\/\\\/www.psychometrics.com\\\/?s={search_term_string}\"},\"query-input\":{\"@type\":\"PropertyValueSpecification\",\"valueRequired\":true,\"valueName\":\"search_term_string\"}}],\"inLanguage\":\"fr-CA\"},{\"@type\":\"Organization\",\"@id\":\"https:\\\/\\\/www.psychometrics.com\\\/#organization\",\"name\":\"Psychometrics Canada\",\"url\":\"https:\\\/\\\/www.psychometrics.com\\\/\",\"logo\":{\"@type\":\"ImageObject\",\"inLanguage\":\"fr-CA\",\"@id\":\"https:\\\/\\\/www.psychometrics.com\\\/#\\\/schema\\\/logo\\\/image\\\/\",\"url\":\"https:\\\/\\\/www.psychometrics.com\\\/wp-content\\\/uploads\\\/2021\\\/01\\\/NewLogo.jpg\",\"contentUrl\":\"https:\\\/\\\/www.psychometrics.com\\\/wp-content\\\/uploads\\\/2021\\\/01\\\/NewLogo.jpg\",\"width\":1132,\"height\":155,\"caption\":\"Psychometrics Canada\"},\"image\":{\"@id\":\"https:\\\/\\\/www.psychometrics.com\\\/#\\\/schema\\\/logo\\\/image\\\/\"},\"sameAs\":[\"https:\\\/\\\/www.facebook.com\\\/PsychometricsCanada\",\"https:\\\/\\\/x.com\\\/PsychometricsCA\"]}]}<\/script>\n<!-- \/ Yoast SEO plugin. -->","yoast_head_json":{"title":"MBTI Rapport explicatif pour les organisations | Psychometrics","description":"MBTIMD Rapport Explicatif Pour Les Organisations Permet d'explorer le style professionnel et les pr\u00e9f\u00e9rences relatives au milieu de travail Le rapport","robots":{"index":"index","follow":"follow","max-snippet":"max-snippet:-1","max-image-preview":"max-image-preview:large","max-video-preview":"max-video-preview:-1"},"canonical":"https:\/\/www.psychometrics.com\/fr\/evaluations\/mbtimd-rapport-explicatif-pour-les-organisations\/","og_locale":"fr_CA","og_type":"article","og_title":"MBTI Rapport explicatif pour les organisations | Psychometrics","og_description":"MBTIMD Rapport Explicatif Pour Les Organisations Permet d'explorer le style professionnel et les pr\u00e9f\u00e9rences relatives au milieu de travail Le rapport","og_url":"https:\/\/www.psychometrics.com\/fr\/evaluations\/mbtimd-rapport-explicatif-pour-les-organisations\/","og_site_name":"Psychometrics Canada","article_publisher":"https:\/\/www.facebook.com\/PsychometricsCanada","article_modified_time":"2025-07-04T16:29:30+00:00","og_image":[{"width":1500,"height":300,"url":"https:\/\/www.psychometrics.com\/wp-content\/uploads\/2017\/05\/Myers-Briggs-Type-Indicator_MBTI-assessment.jpg","type":"image\/jpeg"}],"twitter_card":"summary_large_image","twitter_site":"@PsychometricsCA","twitter_misc":{"Est. reading time":"2 minutes"},"schema":{"@context":"https:\/\/schema.org","@graph":[{"@type":"WebPage","@id":"https:\/\/www.psychometrics.com\/fr\/evaluations\/mbtimd-rapport-explicatif-pour-les-organisations\/","url":"https:\/\/www.psychometrics.com\/fr\/evaluations\/mbtimd-rapport-explicatif-pour-les-organisations\/","name":"MBTI Rapport explicatif pour les organisations | Psychometrics","isPartOf":{"@id":"https:\/\/www.psychometrics.com\/#website"},"primaryImageOfPage":{"@id":"https:\/\/www.psychometrics.com\/fr\/evaluations\/mbtimd-rapport-explicatif-pour-les-organisations\/#primaryimage"},"image":{"@id":"https:\/\/www.psychometrics.com\/fr\/evaluations\/mbtimd-rapport-explicatif-pour-les-organisations\/#primaryimage"},"thumbnailUrl":"https:\/\/www.psychometrics.com\/wp-content\/uploads\/2017\/05\/Myers-Briggs-Type-Indicator_MBTI-assessment.jpg","datePublished":"2017-12-21T22:52:31+00:00","dateModified":"2025-07-04T16:29:30+00:00","description":"MBTIMD Rapport Explicatif Pour Les Organisations Permet d'explorer le style professionnel et les pr\u00e9f\u00e9rences relatives au milieu de travail Le rapport","breadcrumb":{"@id":"https:\/\/www.psychometrics.com\/fr\/evaluations\/mbtimd-rapport-explicatif-pour-les-organisations\/#breadcrumb"},"inLanguage":"fr-CA","potentialAction":[{"@type":"ReadAction","target":["https:\/\/www.psychometrics.com\/fr\/evaluations\/mbtimd-rapport-explicatif-pour-les-organisations\/"]}]},{"@type":"ImageObject","inLanguage":"fr-CA","@id":"https:\/\/www.psychometrics.com\/fr\/evaluations\/mbtimd-rapport-explicatif-pour-les-organisations\/#primaryimage","url":"https:\/\/www.psychometrics.com\/wp-content\/uploads\/2017\/05\/Myers-Briggs-Type-Indicator_MBTI-assessment.jpg","contentUrl":"https:\/\/www.psychometrics.com\/wp-content\/uploads\/2017\/05\/Myers-Briggs-Type-Indicator_MBTI-assessment.jpg","width":1500,"height":300},{"@type":"BreadcrumbList","@id":"https:\/\/www.psychometrics.com\/fr\/evaluations\/mbtimd-rapport-explicatif-pour-les-organisations\/#breadcrumb","itemListElement":[{"@type":"ListItem","position":1,"name":"Home","item":"https:\/\/www.psychometrics.com\/fr\/home-2\/"},{"@type":"ListItem","position":2,"name":"\u00c9valuations","item":"https:\/\/www.psychometrics.com\/fr\/evaluations\/"},{"@type":"ListItem","position":3,"name":"MBTIMD Rapport explicatif pour les organisations"}]},{"@type":"WebSite","@id":"https:\/\/www.psychometrics.com\/#website","url":"https:\/\/www.psychometrics.com\/","name":"Psychometrics Canada","description":"Les organisations \u00e0 mieux par le biais des personnes","publisher":{"@id":"https:\/\/www.psychometrics.com\/#organization"},"potentialAction":[{"@type":"SearchAction","target":{"@type":"EntryPoint","urlTemplate":"https:\/\/www.psychometrics.com\/?s={search_term_string}"},"query-input":{"@type":"PropertyValueSpecification","valueRequired":true,"valueName":"search_term_string"}}],"inLanguage":"fr-CA"},{"@type":"Organization","@id":"https:\/\/www.psychometrics.com\/#organization","name":"Psychometrics Canada","url":"https:\/\/www.psychometrics.com\/","logo":{"@type":"ImageObject","inLanguage":"fr-CA","@id":"https:\/\/www.psychometrics.com\/#\/schema\/logo\/image\/","url":"https:\/\/www.psychometrics.com\/wp-content\/uploads\/2021\/01\/NewLogo.jpg","contentUrl":"https:\/\/www.psychometrics.com\/wp-content\/uploads\/2021\/01\/NewLogo.jpg","width":1132,"height":155,"caption":"Psychometrics Canada"},"image":{"@id":"https:\/\/www.psychometrics.com\/#\/schema\/logo\/image\/"},"sameAs":["https:\/\/www.facebook.com\/PsychometricsCanada","https:\/\/x.com\/PsychometricsCA"]}]}},"_links":{"self":[{"href":"https:\/\/www.psychometrics.com\/fr\/wp-json\/wp\/v2\/pages\/10941","targetHints":{"allow":["GET"]}}],"collection":[{"href":"https:\/\/www.psychometrics.com\/fr\/wp-json\/wp\/v2\/pages"}],"about":[{"href":"https:\/\/www.psychometrics.com\/fr\/wp-json\/wp\/v2\/types\/page"}],"author":[{"embeddable":true,"href":"https:\/\/www.psychometrics.com\/fr\/wp-json\/wp\/v2\/users\/18"}],"replies":[{"embeddable":true,"href":"https:\/\/www.psychometrics.com\/fr\/wp-json\/wp\/v2\/comments?post=10941"}],"version-history":[{"count":2,"href":"https:\/\/www.psychometrics.com\/fr\/wp-json\/wp\/v2\/pages\/10941\/revisions"}],"predecessor-version":[{"id":18717,"href":"https:\/\/www.psychometrics.com\/fr\/wp-json\/wp\/v2\/pages\/10941\/revisions\/18717"}],"up":[{"embeddable":true,"href":"https:\/\/www.psychometrics.com\/fr\/wp-json\/wp\/v2\/pages\/1996"}],"wp:featuredmedia":[{"embeddable":true,"href":"https:\/\/www.psychometrics.com\/fr\/wp-json\/wp\/v2\/media\/8832"}],"wp:attachment":[{"href":"https:\/\/www.psychometrics.com\/fr\/wp-json\/wp\/v2\/media?parent=10941"}],"curies":[{"name":"wp","href":"https:\/\/api.w.org\/{rel}","templated":true}]}}