{"id":10946,"date":"2017-12-21T16:06:52","date_gmt":"2017-12-21T23:06:52","guid":{"rendered":"https:\/\/www.psychometrics.com\/evaluations\/mbtimd-rapport-de-carriere\/"},"modified":"2025-07-04T10:32:49","modified_gmt":"2025-07-04T16:32:49","slug":"mbtimd-rapport-de-carriere","status":"publish","type":"page","link":"https:\/\/www.psychometrics.com\/fr\/evaluations\/mbtimd-rapport-de-carriere\/","title":{"rendered":"MBTI<sup>MD<\/sup> Rapport de carri\u00e8re"},"content":{"rendered":"<h1>MBTI<sup>MD<\/sup> Rapport de Carri\u00e8re<\/h1>\n<h4><em>Aidez les r\u00e9pondants \u00e0 trouver leur carri\u00e8re id\u00e9ale<\/em><\/h4>\n<h6>Servez-vous du rapport de carri\u00e8re MBTI pour montrer \u00e0 vos clients comment leur type de personnalit\u00e9 Myers-Briggs influence la carri\u00e8re la mieux adapt\u00e9e pour eux.<\/h6>\n<p><img fetchpriority=\"high\" decoding=\"async\" class=\"wp-image-10948 alignright\" src=\"https:\/\/www.psychometrics.com\/wp-content\/uploads\/2017\/12\/rapport-de-carriere.png\" alt=\"\" width=\"378\" height=\"458\" \/>Le rapport de carri\u00e8re de 10 pages est id\u00e9al pour les clients qui d\u00e9sirent analyser les options de carri\u00e8re selon leurs pr\u00e9f\u00e9rences de personnalit\u00e9. Ce rapport explore des t\u00e2ches et des milieux de travail pr\u00e9f\u00e9r\u00e9s, ainsi que les occupations les plus et les moins populaires, pour tous les types MBTI. Il apporte aussi des id\u00e9es favorisant la satisfaction au travail.<\/p>\n<p><strong><u>Le contenu du rapport de carri\u00e8re MBTI :\u00a0<\/u><\/strong><\/p>\n<ul>\n<li>Une description d\u00e9taill\u00e9e des domaines d&#8217;emploi populaires, tel que l&#8217;administration, les soins de sant\u00e9, la technologie informatique, ainsi que les postes de cadres et de gestion de haut niveau.<\/li>\n<\/ul>\n<p><strong><u>Quand utiliser le rapport de carri\u00e8re MBTI :\u00a0<\/u><\/strong><\/p>\n<ul>\n<li>Transition et planification de carri\u00e8re<\/li>\n<li>Orientation professionnelle et r\u00e9insertion<\/li>\n<li>D\u00e9veloppement personnel<\/li>\n<\/ul>\n<p><strong><u>Comment acc\u00e9der au rapport de carri\u00e8re MBTI :<\/u><\/strong><\/p>\n<p>Le rapport de carri\u00e8re MBTI est tir\u00e9 \u00e0 partir des r\u00e9sultats de l&#8217;\u00e9valuation MBTI &#8211; Niveau I et peut \u00eatre g\u00e9n\u00e9r\u00e9 \u00e0 partir de l\u2019un ou l\u2019autre des questionnaires MBTI Niveau I ou Niveau II. L&#8217;utilisation du questionnaire MBTI du Niveau II permet \u00e0 l&#8217;utilisateur de commencer son parcours du d\u00e9veloppement MBTI en explorant ses pr\u00e9f\u00e9rences du Niveau I et de passer ensuite au Niveau II sans avoir \u00e0 compl\u00e9ter un autre questionnaire.<\/p>\n<p>Ce rapport peut \u00eatre command\u00e9 par le biais de la plateforme <a href=\"https:\/\/www.psychometrics.com\/fr\/tests-en-ligne-carreerid\/\">Psychometrics.com<\/a> par des sp\u00e9cialistes MBTI qualifi\u00e9s.<\/p>\n<p>Vous ne connaissez pas Psychometrics.com? <a href=\"https:\/\/www.psychometrics.com\/fr\/tests-en-ligne-carreerid\/\">D\u00e9couvrez comment vous enregistrer.<\/a><\/p>\n<p>Vous d\u00e9sirez devenir certifi\u00e9 pour l&#8217;utilisation de l&#8217;outil MBTI? <a href=\"https:\/\/www.psychometrics.com\/fr\/formation\/certification-mbti\/\">Visitez notre page de formation<\/a> pour en apprendre davantage.<\/p>\n<p><a href=\"https:\/\/www.psychometrics.com\/wp-content\/uploads\/2015\/05\/4mbtifr_cr.pdf\">T\u00e9l\u00e9charger un rapport\u00a0\u00e9chantillon<\/a><\/p>\n","protected":false},"excerpt":{"rendered":"<p>MBTIMD Rapport de Carri\u00e8re Aidez les r\u00e9pondants \u00e0 trouver leur carri\u00e8re id\u00e9ale Servez-vous du rapport de carri\u00e8re MBTI pour montrer \u00e0 vos clients comment leur type de personnalit\u00e9 Myers-Briggs influence<\/p>\n","protected":false},"author":18,"featured_media":8832,"parent":1996,"menu_order":0,"comment_status":"closed","ping_status":"closed","template":"","meta":{"_acf_changed":false,"footnotes":""},"class_list":["post-10946","page","type-page","status-publish","has-post-thumbnail","hentry"],"acf":[],"yoast_head":"<!-- This site is optimized with the Yoast SEO plugin v27.2 - https:\/\/yoast.com\/product\/yoast-seo-wordpress\/ -->\n<title>MBTI Rapport de carri\u00e8re | Psychometrics Canada<\/title>\n<meta name=\"description\" content=\"MBTIMD Rapport de Carri\u00e8re Aidez les r\u00e9pondants \u00e0 trouver leur carri\u00e8re id\u00e9ale Servez-vous du rapport de carri\u00e8re MBTI pour montrer \u00e0 vos clients comment\" \/>\n<meta name=\"robots\" content=\"index, follow, max-snippet:-1, max-image-preview:large, max-video-preview:-1\" \/>\n<link rel=\"canonical\" href=\"https:\/\/www.psychometrics.com\/fr\/evaluations\/mbtimd-rapport-de-carriere\/\" \/>\n<meta property=\"og:locale\" content=\"fr_CA\" \/>\n<meta property=\"og:type\" content=\"article\" \/>\n<meta property=\"og:title\" content=\"MBTI Rapport de carri\u00e8re | Psychometrics Canada\" \/>\n<meta property=\"og:description\" content=\"MBTIMD Rapport de Carri\u00e8re Aidez les r\u00e9pondants \u00e0 trouver leur carri\u00e8re id\u00e9ale Servez-vous du rapport de carri\u00e8re MBTI pour montrer \u00e0 vos clients comment\" \/>\n<meta property=\"og:url\" content=\"https:\/\/www.psychometrics.com\/fr\/evaluations\/mbtimd-rapport-de-carriere\/\" \/>\n<meta property=\"og:site_name\" content=\"Psychometrics Canada\" \/>\n<meta property=\"article:publisher\" content=\"https:\/\/www.facebook.com\/PsychometricsCanada\" \/>\n<meta property=\"article:modified_time\" content=\"2025-07-04T16:32:49+00:00\" \/>\n<meta property=\"og:image\" content=\"https:\/\/www.psychometrics.com\/wp-content\/uploads\/2017\/05\/Myers-Briggs-Type-Indicator_MBTI-assessment.jpg\" \/>\n\t<meta property=\"og:image:width\" content=\"1500\" \/>\n\t<meta property=\"og:image:height\" content=\"300\" \/>\n\t<meta property=\"og:image:type\" content=\"image\/jpeg\" \/>\n<meta name=\"twitter:card\" content=\"summary_large_image\" \/>\n<meta name=\"twitter:site\" content=\"@PsychometricsCA\" \/>\n<meta name=\"twitter:label1\" content=\"Est. reading time\" \/>\n\t<meta name=\"twitter:data1\" content=\"2 minutes\" \/>\n<script type=\"application\/ld+json\" class=\"yoast-schema-graph\">{\"@context\":\"https:\/\/schema.org\",\"@graph\":[{\"@type\":\"WebPage\",\"@id\":\"https:\/\/www.psychometrics.com\/fr\/evaluations\/mbtimd-rapport-de-carriere\/\",\"url\":\"https:\/\/www.psychometrics.com\/fr\/evaluations\/mbtimd-rapport-de-carriere\/\",\"name\":\"MBTI Rapport de carri\u00e8re | Psychometrics Canada\",\"isPartOf\":{\"@id\":\"https:\/\/www.psychometrics.com\/#website\"},\"primaryImageOfPage\":{\"@id\":\"https:\/\/www.psychometrics.com\/fr\/evaluations\/mbtimd-rapport-de-carriere\/#primaryimage\"},\"image\":{\"@id\":\"https:\/\/www.psychometrics.com\/fr\/evaluations\/mbtimd-rapport-de-carriere\/#primaryimage\"},\"thumbnailUrl\":\"https:\/\/www.psychometrics.com\/wp-content\/uploads\/2017\/05\/Myers-Briggs-Type-Indicator_MBTI-assessment.jpg\",\"datePublished\":\"2017-12-21T23:06:52+00:00\",\"dateModified\":\"2025-07-04T16:32:49+00:00\",\"description\":\"MBTIMD Rapport de Carri\u00e8re Aidez les r\u00e9pondants \u00e0 trouver leur carri\u00e8re id\u00e9ale Servez-vous du rapport de carri\u00e8re MBTI pour montrer \u00e0 vos clients comment\",\"breadcrumb\":{\"@id\":\"https:\/\/www.psychometrics.com\/fr\/evaluations\/mbtimd-rapport-de-carriere\/#breadcrumb\"},\"inLanguage\":\"fr-CA\",\"potentialAction\":[{\"@type\":\"ReadAction\",\"target\":[\"https:\/\/www.psychometrics.com\/fr\/evaluations\/mbtimd-rapport-de-carriere\/\"]}]},{\"@type\":\"ImageObject\",\"inLanguage\":\"fr-CA\",\"@id\":\"https:\/\/www.psychometrics.com\/fr\/evaluations\/mbtimd-rapport-de-carriere\/#primaryimage\",\"url\":\"https:\/\/www.psychometrics.com\/wp-content\/uploads\/2017\/05\/Myers-Briggs-Type-Indicator_MBTI-assessment.jpg\",\"contentUrl\":\"https:\/\/www.psychometrics.com\/wp-content\/uploads\/2017\/05\/Myers-Briggs-Type-Indicator_MBTI-assessment.jpg\",\"width\":1500,\"height\":300},{\"@type\":\"BreadcrumbList\",\"@id\":\"https:\/\/www.psychometrics.com\/fr\/evaluations\/mbtimd-rapport-de-carriere\/#breadcrumb\",\"itemListElement\":[{\"@type\":\"ListItem\",\"position\":1,\"name\":\"Home\",\"item\":\"https:\/\/www.psychometrics.com\/fr\/home-2\/\"},{\"@type\":\"ListItem\",\"position\":2,\"name\":\"\u00c9valuations\",\"item\":\"https:\/\/www.psychometrics.com\/fr\/evaluations\/\"},{\"@type\":\"ListItem\",\"position\":3,\"name\":\"MBTIMD Rapport de carri\u00e8re\"}]},{\"@type\":\"WebSite\",\"@id\":\"https:\/\/www.psychometrics.com\/#website\",\"url\":\"https:\/\/www.psychometrics.com\/\",\"name\":\"Psychometrics Canada\",\"description\":\"Les organisations \u00e0 mieux par le biais des personnes\",\"publisher\":{\"@id\":\"https:\/\/www.psychometrics.com\/#organization\"},\"potentialAction\":[{\"@type\":\"SearchAction\",\"target\":{\"@type\":\"EntryPoint\",\"urlTemplate\":\"https:\/\/www.psychometrics.com\/?s={search_term_string}\"},\"query-input\":{\"@type\":\"PropertyValueSpecification\",\"valueRequired\":true,\"valueName\":\"search_term_string\"}}],\"inLanguage\":\"fr-CA\"},{\"@type\":\"Organization\",\"@id\":\"https:\/\/www.psychometrics.com\/#organization\",\"name\":\"Psychometrics Canada\",\"url\":\"https:\/\/www.psychometrics.com\/\",\"logo\":{\"@type\":\"ImageObject\",\"inLanguage\":\"fr-CA\",\"@id\":\"https:\/\/www.psychometrics.com\/#\/schema\/logo\/image\/\",\"url\":\"https:\/\/www.psychometrics.com\/wp-content\/uploads\/2021\/01\/NewLogo.jpg\",\"contentUrl\":\"https:\/\/www.psychometrics.com\/wp-content\/uploads\/2021\/01\/NewLogo.jpg\",\"width\":1132,\"height\":155,\"caption\":\"Psychometrics Canada\"},\"image\":{\"@id\":\"https:\/\/www.psychometrics.com\/#\/schema\/logo\/image\/\"},\"sameAs\":[\"https:\/\/www.facebook.com\/PsychometricsCanada\",\"https:\/\/x.com\/PsychometricsCA\"]}]}<\/script>\n<!-- \/ Yoast SEO plugin. -->","yoast_head_json":{"title":"MBTI Rapport de carri\u00e8re | Psychometrics Canada","description":"MBTIMD Rapport de Carri\u00e8re Aidez les r\u00e9pondants \u00e0 trouver leur carri\u00e8re id\u00e9ale Servez-vous du rapport de carri\u00e8re MBTI pour montrer \u00e0 vos clients comment","robots":{"index":"index","follow":"follow","max-snippet":"max-snippet:-1","max-image-preview":"max-image-preview:large","max-video-preview":"max-video-preview:-1"},"canonical":"https:\/\/www.psychometrics.com\/fr\/evaluations\/mbtimd-rapport-de-carriere\/","og_locale":"fr_CA","og_type":"article","og_title":"MBTI Rapport de carri\u00e8re | Psychometrics Canada","og_description":"MBTIMD Rapport de Carri\u00e8re Aidez les r\u00e9pondants \u00e0 trouver leur carri\u00e8re id\u00e9ale Servez-vous du rapport de carri\u00e8re MBTI pour montrer \u00e0 vos clients comment","og_url":"https:\/\/www.psychometrics.com\/fr\/evaluations\/mbtimd-rapport-de-carriere\/","og_site_name":"Psychometrics Canada","article_publisher":"https:\/\/www.facebook.com\/PsychometricsCanada","article_modified_time":"2025-07-04T16:32:49+00:00","og_image":[{"width":1500,"height":300,"url":"https:\/\/www.psychometrics.com\/wp-content\/uploads\/2017\/05\/Myers-Briggs-Type-Indicator_MBTI-assessment.jpg","type":"image\/jpeg"}],"twitter_card":"summary_large_image","twitter_site":"@PsychometricsCA","twitter_misc":{"Est. reading time":"2 minutes"},"schema":{"@context":"https:\/\/schema.org","@graph":[{"@type":"WebPage","@id":"https:\/\/www.psychometrics.com\/fr\/evaluations\/mbtimd-rapport-de-carriere\/","url":"https:\/\/www.psychometrics.com\/fr\/evaluations\/mbtimd-rapport-de-carriere\/","name":"MBTI Rapport de carri\u00e8re | Psychometrics Canada","isPartOf":{"@id":"https:\/\/www.psychometrics.com\/#website"},"primaryImageOfPage":{"@id":"https:\/\/www.psychometrics.com\/fr\/evaluations\/mbtimd-rapport-de-carriere\/#primaryimage"},"image":{"@id":"https:\/\/www.psychometrics.com\/fr\/evaluations\/mbtimd-rapport-de-carriere\/#primaryimage"},"thumbnailUrl":"https:\/\/www.psychometrics.com\/wp-content\/uploads\/2017\/05\/Myers-Briggs-Type-Indicator_MBTI-assessment.jpg","datePublished":"2017-12-21T23:06:52+00:00","dateModified":"2025-07-04T16:32:49+00:00","description":"MBTIMD Rapport de Carri\u00e8re Aidez les r\u00e9pondants \u00e0 trouver leur carri\u00e8re id\u00e9ale Servez-vous du rapport de carri\u00e8re MBTI pour montrer \u00e0 vos clients comment","breadcrumb":{"@id":"https:\/\/www.psychometrics.com\/fr\/evaluations\/mbtimd-rapport-de-carriere\/#breadcrumb"},"inLanguage":"fr-CA","potentialAction":[{"@type":"ReadAction","target":["https:\/\/www.psychometrics.com\/fr\/evaluations\/mbtimd-rapport-de-carriere\/"]}]},{"@type":"ImageObject","inLanguage":"fr-CA","@id":"https:\/\/www.psychometrics.com\/fr\/evaluations\/mbtimd-rapport-de-carriere\/#primaryimage","url":"https:\/\/www.psychometrics.com\/wp-content\/uploads\/2017\/05\/Myers-Briggs-Type-Indicator_MBTI-assessment.jpg","contentUrl":"https:\/\/www.psychometrics.com\/wp-content\/uploads\/2017\/05\/Myers-Briggs-Type-Indicator_MBTI-assessment.jpg","width":1500,"height":300},{"@type":"BreadcrumbList","@id":"https:\/\/www.psychometrics.com\/fr\/evaluations\/mbtimd-rapport-de-carriere\/#breadcrumb","itemListElement":[{"@type":"ListItem","position":1,"name":"Home","item":"https:\/\/www.psychometrics.com\/fr\/home-2\/"},{"@type":"ListItem","position":2,"name":"\u00c9valuations","item":"https:\/\/www.psychometrics.com\/fr\/evaluations\/"},{"@type":"ListItem","position":3,"name":"MBTIMD Rapport de carri\u00e8re"}]},{"@type":"WebSite","@id":"https:\/\/www.psychometrics.com\/#website","url":"https:\/\/www.psychometrics.com\/","name":"Psychometrics Canada","description":"Les organisations \u00e0 mieux par le biais des personnes","publisher":{"@id":"https:\/\/www.psychometrics.com\/#organization"},"potentialAction":[{"@type":"SearchAction","target":{"@type":"EntryPoint","urlTemplate":"https:\/\/www.psychometrics.com\/?s={search_term_string}"},"query-input":{"@type":"PropertyValueSpecification","valueRequired":true,"valueName":"search_term_string"}}],"inLanguage":"fr-CA"},{"@type":"Organization","@id":"https:\/\/www.psychometrics.com\/#organization","name":"Psychometrics Canada","url":"https:\/\/www.psychometrics.com\/","logo":{"@type":"ImageObject","inLanguage":"fr-CA","@id":"https:\/\/www.psychometrics.com\/#\/schema\/logo\/image\/","url":"https:\/\/www.psychometrics.com\/wp-content\/uploads\/2021\/01\/NewLogo.jpg","contentUrl":"https:\/\/www.psychometrics.com\/wp-content\/uploads\/2021\/01\/NewLogo.jpg","width":1132,"height":155,"caption":"Psychometrics Canada"},"image":{"@id":"https:\/\/www.psychometrics.com\/#\/schema\/logo\/image\/"},"sameAs":["https:\/\/www.facebook.com\/PsychometricsCanada","https:\/\/x.com\/PsychometricsCA"]}]}},"_links":{"self":[{"href":"https:\/\/www.psychometrics.com\/fr\/wp-json\/wp\/v2\/pages\/10946","targetHints":{"allow":["GET"]}}],"collection":[{"href":"https:\/\/www.psychometrics.com\/fr\/wp-json\/wp\/v2\/pages"}],"about":[{"href":"https:\/\/www.psychometrics.com\/fr\/wp-json\/wp\/v2\/types\/page"}],"author":[{"embeddable":true,"href":"https:\/\/www.psychometrics.com\/fr\/wp-json\/wp\/v2\/users\/18"}],"replies":[{"embeddable":true,"href":"https:\/\/www.psychometrics.com\/fr\/wp-json\/wp\/v2\/comments?post=10946"}],"version-history":[{"count":3,"href":"https:\/\/www.psychometrics.com\/fr\/wp-json\/wp\/v2\/pages\/10946\/revisions"}],"predecessor-version":[{"id":18714,"href":"https:\/\/www.psychometrics.com\/fr\/wp-json\/wp\/v2\/pages\/10946\/revisions\/18714"}],"up":[{"embeddable":true,"href":"https:\/\/www.psychometrics.com\/fr\/wp-json\/wp\/v2\/pages\/1996"}],"wp:featuredmedia":[{"embeddable":true,"href":"https:\/\/www.psychometrics.com\/fr\/wp-json\/wp\/v2\/media\/8832"}],"wp:attachment":[{"href":"https:\/\/www.psychometrics.com\/fr\/wp-json\/wp\/v2\/media?parent=10946"}],"curies":[{"name":"wp","href":"https:\/\/api.w.org\/{rel}","templated":true}]}}