{"id":10954,"date":"2017-12-21T16:35:38","date_gmt":"2017-12-21T23:35:38","guid":{"rendered":"https:\/\/www.psychometrics.com\/evaluations\/mbtimd-profil-niveau-ii\/"},"modified":"2025-07-04T10:33:48","modified_gmt":"2025-07-04T16:33:48","slug":"mbtimd-profil-niveau-ii","status":"publish","type":"page","link":"https:\/\/www.psychometrics.com\/fr\/evaluations\/mbtimd-profil-niveau-ii\/","title":{"rendered":"MBTI<sup>MD<\/sup> Profil &#8211; Niveau II"},"content":{"rendered":"<h1>MBTI<sup>MD<\/sup> Profil &#8211; Niveau II<\/h1>\n<h4><i>Explorez les facettes du type MBTI<sup>MD<\/sup> de votre client<\/i><\/h4>\n<p><img fetchpriority=\"high\" decoding=\"async\" class=\"alignright wp-image-11073\" src=\"https:\/\/www.psychometrics.com\/wp-content\/uploads\/2018\/02\/Profile-Sample-Image.png\" alt=\"\" width=\"396\" height=\"444\" \/>Le rapport profil MBTI &#8211; Niveau II est le moyen le plus \u00e9conomique d\u2019offrir une fa\u00e7on plus \u00e9labor\u00e9e sur le type MBTI d&#8217;une personne. Ce rapport de 5 pages pr\u00e9sente le type de quatre lettres de votre client ainsi que ses r\u00e9sultats relatives aux 20 facettes de Niveau II qui les sous-tendent.<\/p>\n<p><strong><u>Le contenu du rapport profil MBTI &#8211; Niveau II :<\/u><\/strong><\/p>\n<ul>\n<li>Descriptions des facettes du Niveau II pour permettre aux clients de mieux comprendre leur signification<\/li>\n<li>Graphiques pr\u00e9sentant tous les r\u00e9sultats des 20 facettes du Niveau II<\/li>\n<li>R\u00e9sum\u00e9 de l\u2019interpr\u00e9tation pr\u00e9sentant bri\u00e8vement les r\u00e9sultats du client<\/li>\n<\/ul>\n<p><strong><u>Quand utiliser le rapport profil MBTI &#8211; Niveau II :<\/u><\/strong><\/p>\n<ul>\n<li>D\u00e9veloppement du leadership<\/li>\n<li>D\u00e9veloppement individuel<\/li>\n<li>Consolidation d&#8217;\u00e9quipe<\/li>\n<li>Direction de carri\u00e8re<\/li>\n<\/ul>\n<p><span style=\"line-height: 1.8em;\"><span style=\"font-family: UniversLTW01-67BoldCn, 'Helvetica Neue', Helvetica, Arial, sans-serif;\"><b><u>Comment acc\u00e9der au rapport profil MBTI &#8211; Niveau II<\/u><\/b><\/span><\/span><\/p>\n<p>Le rapport profil MBTI Niveau II (et tous les rapports MBTI Niveau I) peuvent \u00eatre g\u00e9n\u00e9r\u00e9s \u00e0 partir du questionnaire MBTI Niveau II. L&#8217;utilisation du questionnaire MBTI Niveau II permet \u00e0 l&#8217;utilisateur de commencer son parcours du d\u00e9veloppement MBTI en explorant ses pr\u00e9f\u00e9rences du Niveau I et de passer au Niveau II sans avoir \u00e0 compl\u00e9ter un autre questionnaire.<\/p>\n<p>Ce rapport peut \u00eatre command\u00e9 par le biais de la plateforme <a href=\"https:\/\/www.psychometrics.com\/fr\/tests-en-ligne-carreerid\/\">Psychometrics.com<\/a>\u00a0par des sp\u00e9cialistes MBTI qualifi\u00e9s.<\/p>\n<p>Vous ne connaissez pas Psychometrics.com? <a href=\"https:\/\/www.psychometrics.com\/fr\/tests-en-ligne-carreerid\/\">D\u00e9couvrez comment vous enregistrer.<\/a><\/p>\n<p>Vous d\u00e9sirez devenir certifi\u00e9 pour l&#8217;utilisation de l&#8217;outil MBTI? <a href=\"https:\/\/www.psychometrics.com\/fr\/formation\/certification-mbti\/\">Visitez notre page de formation<\/a> pour en apprendre davantage.<\/p>\n<p><a href=\"https:\/\/www.psychometrics.com\/wp-content\/uploads\/2018\/02\/MBTI_Profile_Sample.pdf\">T\u00e9l\u00e9charger un rapport\u00a0\u00e9chantillon<\/a><\/p>\n","protected":false},"excerpt":{"rendered":"<p>MBTIMD Profil &#8211; Niveau II Explorez les facettes du type MBTIMD de votre client Le rapport profil MBTI &#8211; Niveau II est le moyen le plus \u00e9conomique d\u2019offrir une fa\u00e7on<\/p>\n","protected":false},"author":18,"featured_media":8832,"parent":1996,"menu_order":0,"comment_status":"closed","ping_status":"closed","template":"","meta":{"_acf_changed":false,"footnotes":""},"class_list":["post-10954","page","type-page","status-publish","has-post-thumbnail","hentry"],"acf":[],"yoast_head":"<!-- This site is optimized with the Yoast SEO plugin v27.2 - https:\/\/yoast.com\/product\/yoast-seo-wordpress\/ -->\n<title>MBTI Profil - Niveau II | Psychometrics Canada<\/title>\n<meta name=\"description\" content=\"MBTIMD Profil - Niveau II Explorez les facettes du type MBTIMD de votre client Le rapport profil MBTI - Niveau II est le moyen le plus \u00e9conomique d\u2019offrir\" \/>\n<meta name=\"robots\" content=\"index, follow, max-snippet:-1, max-image-preview:large, max-video-preview:-1\" \/>\n<link rel=\"canonical\" href=\"https:\/\/www.psychometrics.com\/fr\/evaluations\/mbtimd-profil-niveau-ii\/\" \/>\n<meta property=\"og:locale\" content=\"fr_CA\" \/>\n<meta property=\"og:type\" content=\"article\" \/>\n<meta property=\"og:title\" content=\"MBTI Profil - Niveau II | Psychometrics Canada\" \/>\n<meta property=\"og:description\" content=\"MBTIMD Profil - Niveau II Explorez les facettes du type MBTIMD de votre client Le rapport profil MBTI - Niveau II est le moyen le plus \u00e9conomique d\u2019offrir\" \/>\n<meta property=\"og:url\" content=\"https:\/\/www.psychometrics.com\/fr\/evaluations\/mbtimd-profil-niveau-ii\/\" \/>\n<meta property=\"og:site_name\" content=\"Psychometrics Canada\" \/>\n<meta property=\"article:publisher\" content=\"https:\/\/www.facebook.com\/PsychometricsCanada\" \/>\n<meta property=\"article:modified_time\" content=\"2025-07-04T16:33:48+00:00\" \/>\n<meta property=\"og:image\" content=\"https:\/\/www.psychometrics.com\/wp-content\/uploads\/2017\/05\/Myers-Briggs-Type-Indicator_MBTI-assessment.jpg\" \/>\n\t<meta property=\"og:image:width\" content=\"1500\" \/>\n\t<meta property=\"og:image:height\" content=\"300\" \/>\n\t<meta property=\"og:image:type\" content=\"image\/jpeg\" \/>\n<meta name=\"twitter:card\" content=\"summary_large_image\" \/>\n<meta name=\"twitter:site\" content=\"@PsychometricsCA\" \/>\n<meta name=\"twitter:label1\" content=\"Est. reading time\" \/>\n\t<meta name=\"twitter:data1\" content=\"2 minutes\" \/>\n<script type=\"application\/ld+json\" class=\"yoast-schema-graph\">{\"@context\":\"https:\/\/schema.org\",\"@graph\":[{\"@type\":\"WebPage\",\"@id\":\"https:\/\/www.psychometrics.com\/fr\/evaluations\/mbtimd-profil-niveau-ii\/\",\"url\":\"https:\/\/www.psychometrics.com\/fr\/evaluations\/mbtimd-profil-niveau-ii\/\",\"name\":\"MBTI Profil - Niveau II | Psychometrics Canada\",\"isPartOf\":{\"@id\":\"https:\/\/www.psychometrics.com\/#website\"},\"primaryImageOfPage\":{\"@id\":\"https:\/\/www.psychometrics.com\/fr\/evaluations\/mbtimd-profil-niveau-ii\/#primaryimage\"},\"image\":{\"@id\":\"https:\/\/www.psychometrics.com\/fr\/evaluations\/mbtimd-profil-niveau-ii\/#primaryimage\"},\"thumbnailUrl\":\"https:\/\/www.psychometrics.com\/wp-content\/uploads\/2017\/05\/Myers-Briggs-Type-Indicator_MBTI-assessment.jpg\",\"datePublished\":\"2017-12-21T23:35:38+00:00\",\"dateModified\":\"2025-07-04T16:33:48+00:00\",\"description\":\"MBTIMD Profil - Niveau II Explorez les facettes du type MBTIMD de votre client Le rapport profil MBTI - Niveau II est le moyen le plus \u00e9conomique d\u2019offrir\",\"breadcrumb\":{\"@id\":\"https:\/\/www.psychometrics.com\/fr\/evaluations\/mbtimd-profil-niveau-ii\/#breadcrumb\"},\"inLanguage\":\"fr-CA\",\"potentialAction\":[{\"@type\":\"ReadAction\",\"target\":[\"https:\/\/www.psychometrics.com\/fr\/evaluations\/mbtimd-profil-niveau-ii\/\"]}]},{\"@type\":\"ImageObject\",\"inLanguage\":\"fr-CA\",\"@id\":\"https:\/\/www.psychometrics.com\/fr\/evaluations\/mbtimd-profil-niveau-ii\/#primaryimage\",\"url\":\"https:\/\/www.psychometrics.com\/wp-content\/uploads\/2017\/05\/Myers-Briggs-Type-Indicator_MBTI-assessment.jpg\",\"contentUrl\":\"https:\/\/www.psychometrics.com\/wp-content\/uploads\/2017\/05\/Myers-Briggs-Type-Indicator_MBTI-assessment.jpg\",\"width\":1500,\"height\":300},{\"@type\":\"BreadcrumbList\",\"@id\":\"https:\/\/www.psychometrics.com\/fr\/evaluations\/mbtimd-profil-niveau-ii\/#breadcrumb\",\"itemListElement\":[{\"@type\":\"ListItem\",\"position\":1,\"name\":\"Home\",\"item\":\"https:\/\/www.psychometrics.com\/fr\/home-2\/\"},{\"@type\":\"ListItem\",\"position\":2,\"name\":\"\u00c9valuations\",\"item\":\"https:\/\/www.psychometrics.com\/fr\/evaluations\/\"},{\"@type\":\"ListItem\",\"position\":3,\"name\":\"MBTIMD Profil &#8211; Niveau II\"}]},{\"@type\":\"WebSite\",\"@id\":\"https:\/\/www.psychometrics.com\/#website\",\"url\":\"https:\/\/www.psychometrics.com\/\",\"name\":\"Psychometrics Canada\",\"description\":\"Les organisations \u00e0 mieux par le biais des personnes\",\"publisher\":{\"@id\":\"https:\/\/www.psychometrics.com\/#organization\"},\"potentialAction\":[{\"@type\":\"SearchAction\",\"target\":{\"@type\":\"EntryPoint\",\"urlTemplate\":\"https:\/\/www.psychometrics.com\/?s={search_term_string}\"},\"query-input\":{\"@type\":\"PropertyValueSpecification\",\"valueRequired\":true,\"valueName\":\"search_term_string\"}}],\"inLanguage\":\"fr-CA\"},{\"@type\":\"Organization\",\"@id\":\"https:\/\/www.psychometrics.com\/#organization\",\"name\":\"Psychometrics Canada\",\"url\":\"https:\/\/www.psychometrics.com\/\",\"logo\":{\"@type\":\"ImageObject\",\"inLanguage\":\"fr-CA\",\"@id\":\"https:\/\/www.psychometrics.com\/#\/schema\/logo\/image\/\",\"url\":\"https:\/\/www.psychometrics.com\/wp-content\/uploads\/2021\/01\/NewLogo.jpg\",\"contentUrl\":\"https:\/\/www.psychometrics.com\/wp-content\/uploads\/2021\/01\/NewLogo.jpg\",\"width\":1132,\"height\":155,\"caption\":\"Psychometrics Canada\"},\"image\":{\"@id\":\"https:\/\/www.psychometrics.com\/#\/schema\/logo\/image\/\"},\"sameAs\":[\"https:\/\/www.facebook.com\/PsychometricsCanada\",\"https:\/\/x.com\/PsychometricsCA\"]}]}<\/script>\n<!-- \/ Yoast SEO plugin. -->","yoast_head_json":{"title":"MBTI Profil - Niveau II | Psychometrics Canada","description":"MBTIMD Profil - Niveau II Explorez les facettes du type MBTIMD de votre client Le rapport profil MBTI - Niveau II est le moyen le plus \u00e9conomique d\u2019offrir","robots":{"index":"index","follow":"follow","max-snippet":"max-snippet:-1","max-image-preview":"max-image-preview:large","max-video-preview":"max-video-preview:-1"},"canonical":"https:\/\/www.psychometrics.com\/fr\/evaluations\/mbtimd-profil-niveau-ii\/","og_locale":"fr_CA","og_type":"article","og_title":"MBTI Profil - Niveau II | Psychometrics Canada","og_description":"MBTIMD Profil - Niveau II Explorez les facettes du type MBTIMD de votre client Le rapport profil MBTI - Niveau II est le moyen le plus \u00e9conomique d\u2019offrir","og_url":"https:\/\/www.psychometrics.com\/fr\/evaluations\/mbtimd-profil-niveau-ii\/","og_site_name":"Psychometrics Canada","article_publisher":"https:\/\/www.facebook.com\/PsychometricsCanada","article_modified_time":"2025-07-04T16:33:48+00:00","og_image":[{"width":1500,"height":300,"url":"https:\/\/www.psychometrics.com\/wp-content\/uploads\/2017\/05\/Myers-Briggs-Type-Indicator_MBTI-assessment.jpg","type":"image\/jpeg"}],"twitter_card":"summary_large_image","twitter_site":"@PsychometricsCA","twitter_misc":{"Est. reading time":"2 minutes"},"schema":{"@context":"https:\/\/schema.org","@graph":[{"@type":"WebPage","@id":"https:\/\/www.psychometrics.com\/fr\/evaluations\/mbtimd-profil-niveau-ii\/","url":"https:\/\/www.psychometrics.com\/fr\/evaluations\/mbtimd-profil-niveau-ii\/","name":"MBTI Profil - Niveau II | Psychometrics Canada","isPartOf":{"@id":"https:\/\/www.psychometrics.com\/#website"},"primaryImageOfPage":{"@id":"https:\/\/www.psychometrics.com\/fr\/evaluations\/mbtimd-profil-niveau-ii\/#primaryimage"},"image":{"@id":"https:\/\/www.psychometrics.com\/fr\/evaluations\/mbtimd-profil-niveau-ii\/#primaryimage"},"thumbnailUrl":"https:\/\/www.psychometrics.com\/wp-content\/uploads\/2017\/05\/Myers-Briggs-Type-Indicator_MBTI-assessment.jpg","datePublished":"2017-12-21T23:35:38+00:00","dateModified":"2025-07-04T16:33:48+00:00","description":"MBTIMD Profil - Niveau II Explorez les facettes du type MBTIMD de votre client Le rapport profil MBTI - Niveau II est le moyen le plus \u00e9conomique d\u2019offrir","breadcrumb":{"@id":"https:\/\/www.psychometrics.com\/fr\/evaluations\/mbtimd-profil-niveau-ii\/#breadcrumb"},"inLanguage":"fr-CA","potentialAction":[{"@type":"ReadAction","target":["https:\/\/www.psychometrics.com\/fr\/evaluations\/mbtimd-profil-niveau-ii\/"]}]},{"@type":"ImageObject","inLanguage":"fr-CA","@id":"https:\/\/www.psychometrics.com\/fr\/evaluations\/mbtimd-profil-niveau-ii\/#primaryimage","url":"https:\/\/www.psychometrics.com\/wp-content\/uploads\/2017\/05\/Myers-Briggs-Type-Indicator_MBTI-assessment.jpg","contentUrl":"https:\/\/www.psychometrics.com\/wp-content\/uploads\/2017\/05\/Myers-Briggs-Type-Indicator_MBTI-assessment.jpg","width":1500,"height":300},{"@type":"BreadcrumbList","@id":"https:\/\/www.psychometrics.com\/fr\/evaluations\/mbtimd-profil-niveau-ii\/#breadcrumb","itemListElement":[{"@type":"ListItem","position":1,"name":"Home","item":"https:\/\/www.psychometrics.com\/fr\/home-2\/"},{"@type":"ListItem","position":2,"name":"\u00c9valuations","item":"https:\/\/www.psychometrics.com\/fr\/evaluations\/"},{"@type":"ListItem","position":3,"name":"MBTIMD Profil &#8211; Niveau II"}]},{"@type":"WebSite","@id":"https:\/\/www.psychometrics.com\/#website","url":"https:\/\/www.psychometrics.com\/","name":"Psychometrics Canada","description":"Les organisations \u00e0 mieux par le biais des personnes","publisher":{"@id":"https:\/\/www.psychometrics.com\/#organization"},"potentialAction":[{"@type":"SearchAction","target":{"@type":"EntryPoint","urlTemplate":"https:\/\/www.psychometrics.com\/?s={search_term_string}"},"query-input":{"@type":"PropertyValueSpecification","valueRequired":true,"valueName":"search_term_string"}}],"inLanguage":"fr-CA"},{"@type":"Organization","@id":"https:\/\/www.psychometrics.com\/#organization","name":"Psychometrics Canada","url":"https:\/\/www.psychometrics.com\/","logo":{"@type":"ImageObject","inLanguage":"fr-CA","@id":"https:\/\/www.psychometrics.com\/#\/schema\/logo\/image\/","url":"https:\/\/www.psychometrics.com\/wp-content\/uploads\/2021\/01\/NewLogo.jpg","contentUrl":"https:\/\/www.psychometrics.com\/wp-content\/uploads\/2021\/01\/NewLogo.jpg","width":1132,"height":155,"caption":"Psychometrics Canada"},"image":{"@id":"https:\/\/www.psychometrics.com\/#\/schema\/logo\/image\/"},"sameAs":["https:\/\/www.facebook.com\/PsychometricsCanada","https:\/\/x.com\/PsychometricsCA"]}]}},"_links":{"self":[{"href":"https:\/\/www.psychometrics.com\/fr\/wp-json\/wp\/v2\/pages\/10954","targetHints":{"allow":["GET"]}}],"collection":[{"href":"https:\/\/www.psychometrics.com\/fr\/wp-json\/wp\/v2\/pages"}],"about":[{"href":"https:\/\/www.psychometrics.com\/fr\/wp-json\/wp\/v2\/types\/page"}],"author":[{"embeddable":true,"href":"https:\/\/www.psychometrics.com\/fr\/wp-json\/wp\/v2\/users\/18"}],"replies":[{"embeddable":true,"href":"https:\/\/www.psychometrics.com\/fr\/wp-json\/wp\/v2\/comments?post=10954"}],"version-history":[{"count":4,"href":"https:\/\/www.psychometrics.com\/fr\/wp-json\/wp\/v2\/pages\/10954\/revisions"}],"predecessor-version":[{"id":18730,"href":"https:\/\/www.psychometrics.com\/fr\/wp-json\/wp\/v2\/pages\/10954\/revisions\/18730"}],"up":[{"embeddable":true,"href":"https:\/\/www.psychometrics.com\/fr\/wp-json\/wp\/v2\/pages\/1996"}],"wp:featuredmedia":[{"embeddable":true,"href":"https:\/\/www.psychometrics.com\/fr\/wp-json\/wp\/v2\/media\/8832"}],"wp:attachment":[{"href":"https:\/\/www.psychometrics.com\/fr\/wp-json\/wp\/v2\/media?parent=10954"}],"curies":[{"name":"wp","href":"https:\/\/api.w.org\/{rel}","templated":true}]}}