{"id":10958,"date":"2017-12-21T16:42:35","date_gmt":"2017-12-21T23:42:35","guid":{"rendered":"https:\/\/www.psychometrics.com\/evaluations\/mbtimd-rapport-explicatif-niveau-ii\/"},"modified":"2025-07-04T10:34:40","modified_gmt":"2025-07-04T16:34:40","slug":"mbtimd-rapport-explicatif-niveau-ii","status":"publish","type":"page","link":"https:\/\/www.psychometrics.com\/fr\/evaluations\/mbtimd-rapport-explicatif-niveau-ii\/","title":{"rendered":"MBTI<sup>MD<\/sup> Rapport explicatif &#8211; Niveau II"},"content":{"rendered":"<h1>MBTI<sup>MD<\/sup> Rapport Explicatif &#8211; Niveau II<\/h1>\n<h4><em>Montrez\u00a0<\/em>\u00e0 vos clients comment les r\u00e9sultats de leurs facettes affectent l&#8217;expression des pr\u00e9f\u00e9rences de leur type<\/h4>\n<h6>Ce rapport pr\u00e9sente un compte rendu exhaustif des r\u00e9sultats du Niveau II, permettant \u00e0 vos clients de comprendre comment les facettes de ce niveau affectent la fa\u00e7on dont ils expriment leur type.<\/h6>\n<p><img fetchpriority=\"high\" decoding=\"async\" class=\"alignright wp-image-11077\" src=\"https:\/\/www.psychometrics.com\/wp-content\/uploads\/2018\/02\/MBTI-IR-Sample-Image-1.png\" alt=\"\" width=\"351\" height=\"444\" \/>Le rapport explicatif MBTI &#8211; Niveau II est un rapport tr\u00e8s personnalis\u00e9 qui combine des graphiques explicatives afin d&#8217;aider les clients \u00e0 comprendre leurs r\u00e9sultats du Niveau I et Niveau II. Ce rapport de 17 pages applique ensuite ces r\u00e9sultats aux quatre aspects du d\u00e9veloppement professionnel, soit la communication, la prise de d\u00e9cisions, la gestion des changements ainsi que la gestion des conflits.<\/p>\n<p>Ce rapport est particuli\u00e8rement utile pour les individus ayant de la difficult\u00e9 \u00e0 d\u00e9terminer le type qui leur correspond le mieux.<\/p>\n<p><strong><u>Le contenu du rapport explicatif MBTI &#8211; Niveau II :<\/u><\/strong><\/p>\n<ul>\n<li>Le type de quatre lettres du Niveau I<\/li>\n<li>Descriptions des 20 facettes du Niveau II pour faciliter les sessions de r\u00e9troaction du r\u00e9pondant<\/li>\n<li>Repr\u00e9sentations graphiques des r\u00e9sultats des 20 facettes du r\u00e9pondant<\/li>\n<li>Application des 20 facettes envers quatre domaines de d\u00e9veloppement : la communication, la prise de d\u00e9cisions, la gestion du changement ainsi que la gestion des conflits<\/li>\n<li>R\u00e9sum\u00e9 de l\u2019interpr\u00e9tation<\/li>\n<li>Scores moyens des personnes ayant le m\u00eame type de personnalit\u00e9<\/li>\n<\/ul>\n<p><strong><u>Quand utiliser le rapport explicatif MBTI &#8211; Niveau II :<\/u><\/strong><\/p>\n<ul>\n<li>D\u00e9veloppement d\u2019\u00e9quipe<\/li>\n<li>D\u00e9veloppement du leadership<\/li>\n<li>Communication<\/li>\n<li>Gestion des conflits<\/li>\n<li>Prise de d\u00e9cisions<\/li>\n<li>Changements<\/li>\n<li>Coaching<\/li>\n<\/ul>\n<p><strong><u>Comment acc\u00e9der au rapport explicatif MBTI &#8211; Niveau II :<\/u><\/strong><\/p>\n<p>Le rapport explicatif MBTI &#8211; Niveau II (et tous les rapports MBTI &#8211; Niveau I) peuvent \u00eatre g\u00e9n\u00e9r\u00e9s \u00e0 partir du questionnaire MBTI de Niveau II. L&#8217;utilisation du questionnaire MBTI de Niveau II permet \u00e0 l&#8217;utilisateur de commencer son parcours du d\u00e9veloppement MBTI en explorant ses pr\u00e9f\u00e9rences du Niveau I et de passer au Niveau II sans avoir \u00e0 compl\u00e9ter un autre questionnaire.<\/p>\n<p>Ce rapport peut \u00eatre command\u00e9 par le biais de la plateforme <a href=\"https:\/\/www.psychometrics.com\/fr\/tests-en-ligne-carreerid\/\">Psychometrics.com<\/a> par des sp\u00e9cialistes MBTI qualifi\u00e9s.<\/p>\n<p>Vous ne connaissez pas Psychometrics.com? <a href=\"https:\/\/www.psychometrics.com\/fr\/tests-en-ligne-carreerid\/\">D\u00e9couvrez comment vous enregistrer.<\/a><\/p>\n<p>Vous d\u00e9sirez devenir certifi\u00e9 pour l&#8217;utilisation de l&#8217;outil MBTI? <a href=\"https:\/\/www.psychometrics.com\/fr\/formation\/certification-mbti\/\">Visitez notre page de formation<\/a> pour en apprendre davantage.<\/p>\n<p><a href=\"https:\/\/www.psychometrics.com\/wp-content\/uploads\/2018\/02\/MBTI_IR_Sample.pdf\">T\u00e9l\u00e9charger un rapport\u00a0\u00e9chantillon<\/a><\/p>\n","protected":false},"excerpt":{"rendered":"<p>MBTIMD Rapport Explicatif &#8211; Niveau II Montrez\u00a0\u00e0 vos clients comment les r\u00e9sultats de leurs facettes affectent l&#8217;expression des pr\u00e9f\u00e9rences de leur type Ce rapport pr\u00e9sente un compte rendu exhaustif des<\/p>\n","protected":false},"author":18,"featured_media":8832,"parent":1996,"menu_order":0,"comment_status":"closed","ping_status":"closed","template":"","meta":{"_acf_changed":false,"footnotes":""},"class_list":["post-10958","page","type-page","status-publish","has-post-thumbnail","hentry"],"acf":[],"yoast_head":"<!-- This site is optimized with the Yoast SEO plugin v27.2 - https:\/\/yoast.com\/product\/yoast-seo-wordpress\/ -->\n<title>MBTI Rapport explicatif - Niveau II |Psychometrics Canada<\/title>\n<meta name=\"description\" content=\"MBTIMD Rapport Explicatif - Niveau II Montrez\u00a0\u00e0 vos clients comment les r\u00e9sultats de leurs facettes affectent l&#039;expression des pr\u00e9f\u00e9rences de leur type Ce\" \/>\n<meta name=\"robots\" content=\"index, follow, max-snippet:-1, max-image-preview:large, max-video-preview:-1\" \/>\n<link rel=\"canonical\" href=\"https:\/\/www.psychometrics.com\/fr\/evaluations\/mbtimd-rapport-explicatif-niveau-ii\/\" \/>\n<meta property=\"og:locale\" content=\"fr_CA\" \/>\n<meta property=\"og:type\" content=\"article\" \/>\n<meta property=\"og:title\" content=\"MBTI Rapport explicatif - Niveau II |Psychometrics Canada\" \/>\n<meta property=\"og:description\" content=\"MBTIMD Rapport Explicatif - Niveau II Montrez\u00a0\u00e0 vos clients comment les r\u00e9sultats de leurs facettes affectent l&#039;expression des pr\u00e9f\u00e9rences de leur type Ce\" \/>\n<meta property=\"og:url\" content=\"https:\/\/www.psychometrics.com\/fr\/evaluations\/mbtimd-rapport-explicatif-niveau-ii\/\" \/>\n<meta property=\"og:site_name\" content=\"Psychometrics Canada\" \/>\n<meta property=\"article:publisher\" content=\"https:\/\/www.facebook.com\/PsychometricsCanada\" \/>\n<meta property=\"article:modified_time\" content=\"2025-07-04T16:34:40+00:00\" \/>\n<meta property=\"og:image\" content=\"https:\/\/www.psychometrics.com\/wp-content\/uploads\/2017\/05\/Myers-Briggs-Type-Indicator_MBTI-assessment.jpg\" \/>\n\t<meta property=\"og:image:width\" content=\"1500\" \/>\n\t<meta property=\"og:image:height\" content=\"300\" \/>\n\t<meta property=\"og:image:type\" content=\"image\/jpeg\" \/>\n<meta name=\"twitter:card\" content=\"summary_large_image\" \/>\n<meta name=\"twitter:site\" content=\"@PsychometricsCA\" \/>\n<meta name=\"twitter:label1\" content=\"Est. reading time\" \/>\n\t<meta name=\"twitter:data1\" content=\"2 minutes\" \/>\n<script type=\"application\/ld+json\" class=\"yoast-schema-graph\">{\"@context\":\"https:\/\/schema.org\",\"@graph\":[{\"@type\":\"WebPage\",\"@id\":\"https:\/\/www.psychometrics.com\/fr\/evaluations\/mbtimd-rapport-explicatif-niveau-ii\/\",\"url\":\"https:\/\/www.psychometrics.com\/fr\/evaluations\/mbtimd-rapport-explicatif-niveau-ii\/\",\"name\":\"MBTI Rapport explicatif - Niveau II |Psychometrics Canada\",\"isPartOf\":{\"@id\":\"https:\/\/www.psychometrics.com\/#website\"},\"primaryImageOfPage\":{\"@id\":\"https:\/\/www.psychometrics.com\/fr\/evaluations\/mbtimd-rapport-explicatif-niveau-ii\/#primaryimage\"},\"image\":{\"@id\":\"https:\/\/www.psychometrics.com\/fr\/evaluations\/mbtimd-rapport-explicatif-niveau-ii\/#primaryimage\"},\"thumbnailUrl\":\"https:\/\/www.psychometrics.com\/wp-content\/uploads\/2017\/05\/Myers-Briggs-Type-Indicator_MBTI-assessment.jpg\",\"datePublished\":\"2017-12-21T23:42:35+00:00\",\"dateModified\":\"2025-07-04T16:34:40+00:00\",\"description\":\"MBTIMD Rapport Explicatif - Niveau II Montrez\u00a0\u00e0 vos clients comment les r\u00e9sultats de leurs facettes affectent l'expression des pr\u00e9f\u00e9rences de leur type Ce\",\"breadcrumb\":{\"@id\":\"https:\/\/www.psychometrics.com\/fr\/evaluations\/mbtimd-rapport-explicatif-niveau-ii\/#breadcrumb\"},\"inLanguage\":\"fr-CA\",\"potentialAction\":[{\"@type\":\"ReadAction\",\"target\":[\"https:\/\/www.psychometrics.com\/fr\/evaluations\/mbtimd-rapport-explicatif-niveau-ii\/\"]}]},{\"@type\":\"ImageObject\",\"inLanguage\":\"fr-CA\",\"@id\":\"https:\/\/www.psychometrics.com\/fr\/evaluations\/mbtimd-rapport-explicatif-niveau-ii\/#primaryimage\",\"url\":\"https:\/\/www.psychometrics.com\/wp-content\/uploads\/2017\/05\/Myers-Briggs-Type-Indicator_MBTI-assessment.jpg\",\"contentUrl\":\"https:\/\/www.psychometrics.com\/wp-content\/uploads\/2017\/05\/Myers-Briggs-Type-Indicator_MBTI-assessment.jpg\",\"width\":1500,\"height\":300},{\"@type\":\"BreadcrumbList\",\"@id\":\"https:\/\/www.psychometrics.com\/fr\/evaluations\/mbtimd-rapport-explicatif-niveau-ii\/#breadcrumb\",\"itemListElement\":[{\"@type\":\"ListItem\",\"position\":1,\"name\":\"Home\",\"item\":\"https:\/\/www.psychometrics.com\/fr\/home-2\/\"},{\"@type\":\"ListItem\",\"position\":2,\"name\":\"\u00c9valuations\",\"item\":\"https:\/\/www.psychometrics.com\/fr\/evaluations\/\"},{\"@type\":\"ListItem\",\"position\":3,\"name\":\"MBTIMD Rapport explicatif &#8211; Niveau II\"}]},{\"@type\":\"WebSite\",\"@id\":\"https:\/\/www.psychometrics.com\/#website\",\"url\":\"https:\/\/www.psychometrics.com\/\",\"name\":\"Psychometrics Canada\",\"description\":\"Les organisations \u00e0 mieux par le biais des personnes\",\"publisher\":{\"@id\":\"https:\/\/www.psychometrics.com\/#organization\"},\"potentialAction\":[{\"@type\":\"SearchAction\",\"target\":{\"@type\":\"EntryPoint\",\"urlTemplate\":\"https:\/\/www.psychometrics.com\/?s={search_term_string}\"},\"query-input\":{\"@type\":\"PropertyValueSpecification\",\"valueRequired\":true,\"valueName\":\"search_term_string\"}}],\"inLanguage\":\"fr-CA\"},{\"@type\":\"Organization\",\"@id\":\"https:\/\/www.psychometrics.com\/#organization\",\"name\":\"Psychometrics Canada\",\"url\":\"https:\/\/www.psychometrics.com\/\",\"logo\":{\"@type\":\"ImageObject\",\"inLanguage\":\"fr-CA\",\"@id\":\"https:\/\/www.psychometrics.com\/#\/schema\/logo\/image\/\",\"url\":\"https:\/\/www.psychometrics.com\/wp-content\/uploads\/2021\/01\/NewLogo.jpg\",\"contentUrl\":\"https:\/\/www.psychometrics.com\/wp-content\/uploads\/2021\/01\/NewLogo.jpg\",\"width\":1132,\"height\":155,\"caption\":\"Psychometrics Canada\"},\"image\":{\"@id\":\"https:\/\/www.psychometrics.com\/#\/schema\/logo\/image\/\"},\"sameAs\":[\"https:\/\/www.facebook.com\/PsychometricsCanada\",\"https:\/\/x.com\/PsychometricsCA\"]}]}<\/script>\n<!-- \/ Yoast SEO plugin. -->","yoast_head_json":{"title":"MBTI Rapport explicatif - Niveau II |Psychometrics Canada","description":"MBTIMD Rapport Explicatif - Niveau II Montrez\u00a0\u00e0 vos clients comment les r\u00e9sultats de leurs facettes affectent l'expression des pr\u00e9f\u00e9rences de leur type Ce","robots":{"index":"index","follow":"follow","max-snippet":"max-snippet:-1","max-image-preview":"max-image-preview:large","max-video-preview":"max-video-preview:-1"},"canonical":"https:\/\/www.psychometrics.com\/fr\/evaluations\/mbtimd-rapport-explicatif-niveau-ii\/","og_locale":"fr_CA","og_type":"article","og_title":"MBTI Rapport explicatif - Niveau II |Psychometrics Canada","og_description":"MBTIMD Rapport Explicatif - Niveau II Montrez\u00a0\u00e0 vos clients comment les r\u00e9sultats de leurs facettes affectent l'expression des pr\u00e9f\u00e9rences de leur type Ce","og_url":"https:\/\/www.psychometrics.com\/fr\/evaluations\/mbtimd-rapport-explicatif-niveau-ii\/","og_site_name":"Psychometrics Canada","article_publisher":"https:\/\/www.facebook.com\/PsychometricsCanada","article_modified_time":"2025-07-04T16:34:40+00:00","og_image":[{"width":1500,"height":300,"url":"https:\/\/www.psychometrics.com\/wp-content\/uploads\/2017\/05\/Myers-Briggs-Type-Indicator_MBTI-assessment.jpg","type":"image\/jpeg"}],"twitter_card":"summary_large_image","twitter_site":"@PsychometricsCA","twitter_misc":{"Est. reading time":"2 minutes"},"schema":{"@context":"https:\/\/schema.org","@graph":[{"@type":"WebPage","@id":"https:\/\/www.psychometrics.com\/fr\/evaluations\/mbtimd-rapport-explicatif-niveau-ii\/","url":"https:\/\/www.psychometrics.com\/fr\/evaluations\/mbtimd-rapport-explicatif-niveau-ii\/","name":"MBTI Rapport explicatif - Niveau II |Psychometrics Canada","isPartOf":{"@id":"https:\/\/www.psychometrics.com\/#website"},"primaryImageOfPage":{"@id":"https:\/\/www.psychometrics.com\/fr\/evaluations\/mbtimd-rapport-explicatif-niveau-ii\/#primaryimage"},"image":{"@id":"https:\/\/www.psychometrics.com\/fr\/evaluations\/mbtimd-rapport-explicatif-niveau-ii\/#primaryimage"},"thumbnailUrl":"https:\/\/www.psychometrics.com\/wp-content\/uploads\/2017\/05\/Myers-Briggs-Type-Indicator_MBTI-assessment.jpg","datePublished":"2017-12-21T23:42:35+00:00","dateModified":"2025-07-04T16:34:40+00:00","description":"MBTIMD Rapport Explicatif - Niveau II Montrez\u00a0\u00e0 vos clients comment les r\u00e9sultats de leurs facettes affectent l'expression des pr\u00e9f\u00e9rences de leur type Ce","breadcrumb":{"@id":"https:\/\/www.psychometrics.com\/fr\/evaluations\/mbtimd-rapport-explicatif-niveau-ii\/#breadcrumb"},"inLanguage":"fr-CA","potentialAction":[{"@type":"ReadAction","target":["https:\/\/www.psychometrics.com\/fr\/evaluations\/mbtimd-rapport-explicatif-niveau-ii\/"]}]},{"@type":"ImageObject","inLanguage":"fr-CA","@id":"https:\/\/www.psychometrics.com\/fr\/evaluations\/mbtimd-rapport-explicatif-niveau-ii\/#primaryimage","url":"https:\/\/www.psychometrics.com\/wp-content\/uploads\/2017\/05\/Myers-Briggs-Type-Indicator_MBTI-assessment.jpg","contentUrl":"https:\/\/www.psychometrics.com\/wp-content\/uploads\/2017\/05\/Myers-Briggs-Type-Indicator_MBTI-assessment.jpg","width":1500,"height":300},{"@type":"BreadcrumbList","@id":"https:\/\/www.psychometrics.com\/fr\/evaluations\/mbtimd-rapport-explicatif-niveau-ii\/#breadcrumb","itemListElement":[{"@type":"ListItem","position":1,"name":"Home","item":"https:\/\/www.psychometrics.com\/fr\/home-2\/"},{"@type":"ListItem","position":2,"name":"\u00c9valuations","item":"https:\/\/www.psychometrics.com\/fr\/evaluations\/"},{"@type":"ListItem","position":3,"name":"MBTIMD Rapport explicatif &#8211; Niveau II"}]},{"@type":"WebSite","@id":"https:\/\/www.psychometrics.com\/#website","url":"https:\/\/www.psychometrics.com\/","name":"Psychometrics Canada","description":"Les organisations \u00e0 mieux par le biais des personnes","publisher":{"@id":"https:\/\/www.psychometrics.com\/#organization"},"potentialAction":[{"@type":"SearchAction","target":{"@type":"EntryPoint","urlTemplate":"https:\/\/www.psychometrics.com\/?s={search_term_string}"},"query-input":{"@type":"PropertyValueSpecification","valueRequired":true,"valueName":"search_term_string"}}],"inLanguage":"fr-CA"},{"@type":"Organization","@id":"https:\/\/www.psychometrics.com\/#organization","name":"Psychometrics Canada","url":"https:\/\/www.psychometrics.com\/","logo":{"@type":"ImageObject","inLanguage":"fr-CA","@id":"https:\/\/www.psychometrics.com\/#\/schema\/logo\/image\/","url":"https:\/\/www.psychometrics.com\/wp-content\/uploads\/2021\/01\/NewLogo.jpg","contentUrl":"https:\/\/www.psychometrics.com\/wp-content\/uploads\/2021\/01\/NewLogo.jpg","width":1132,"height":155,"caption":"Psychometrics Canada"},"image":{"@id":"https:\/\/www.psychometrics.com\/#\/schema\/logo\/image\/"},"sameAs":["https:\/\/www.facebook.com\/PsychometricsCanada","https:\/\/x.com\/PsychometricsCA"]}]}},"_links":{"self":[{"href":"https:\/\/www.psychometrics.com\/fr\/wp-json\/wp\/v2\/pages\/10958","targetHints":{"allow":["GET"]}}],"collection":[{"href":"https:\/\/www.psychometrics.com\/fr\/wp-json\/wp\/v2\/pages"}],"about":[{"href":"https:\/\/www.psychometrics.com\/fr\/wp-json\/wp\/v2\/types\/page"}],"author":[{"embeddable":true,"href":"https:\/\/www.psychometrics.com\/fr\/wp-json\/wp\/v2\/users\/18"}],"replies":[{"embeddable":true,"href":"https:\/\/www.psychometrics.com\/fr\/wp-json\/wp\/v2\/comments?post=10958"}],"version-history":[{"count":4,"href":"https:\/\/www.psychometrics.com\/fr\/wp-json\/wp\/v2\/pages\/10958\/revisions"}],"predecessor-version":[{"id":18732,"href":"https:\/\/www.psychometrics.com\/fr\/wp-json\/wp\/v2\/pages\/10958\/revisions\/18732"}],"up":[{"embeddable":true,"href":"https:\/\/www.psychometrics.com\/fr\/wp-json\/wp\/v2\/pages\/1996"}],"wp:featuredmedia":[{"embeddable":true,"href":"https:\/\/www.psychometrics.com\/fr\/wp-json\/wp\/v2\/media\/8832"}],"wp:attachment":[{"href":"https:\/\/www.psychometrics.com\/fr\/wp-json\/wp\/v2\/media?parent=10958"}],"curies":[{"name":"wp","href":"https:\/\/api.w.org\/{rel}","templated":true}]}}