{"id":11212,"date":"2018-04-04T12:56:11","date_gmt":"2018-04-04T18:56:11","guid":{"rendered":"https:\/\/www.psychometrics.com\/nos-formateurs\/"},"modified":"2021-01-13T10:14:52","modified_gmt":"2021-01-13T17:14:52","slug":"nos-formateurs","status":"publish","type":"page","link":"https:\/\/www.psychometrics.com\/fr\/nos-formateurs\/","title":{"rendered":"Notre Formatrice"},"content":{"rendered":"<h2>Corinne Prost, B.Sc. \u00c9conomiques, DESS, M.Sc. Ressources Humaines<\/h2>\n<p><img decoding=\"async\" class=\"alignleft size-full wp-image-13851\" src=\"https:\/\/www.psychometrics.com\/wp-content\/uploads\/2019\/09\/Corinne-Prost.png\" alt=\"\" width=\"200\" height=\"200\" \/>Corinne Prost a \u00e9t\u00e9 consultante en ressources humaines pendant de nombreuses ann\u00e9es avant de se sp\u00e9cialiser en d\u00e9veloppement du talent il y a plus de dix ans. \u00c0 ce titre, elle offre des services d\u2019accompagnement individuel et d\u2019\u00e9quipe dans divers secteurs afin d\u2019aider les individus \u00e0 naviguer dans les divers d\u00e9fis de leur d\u00e9veloppement professionnel tel que la transition de carri\u00e8re, la gestion du stress, la r\u00e9solution de conflits, le leadership et la performance des \u00e9quipes.<\/p>\n<p>Corinne est une coach, formatrice et conf\u00e9renci\u00e8re passionn\u00e9e. Elle utilise les diff\u00e9rents forums \u00e0 sa disposition pour aider les professionnels, cadres et dirigeants \u00e0 d\u00e9velopper leurs comp\u00e9tences intra et interpersonnelles, \u00e0 am\u00e9liorer leur performance et \u00e0 stimuler leur bien-\u00eatre et leur engagement au niveau individuel. Elle croit fermement que l\u2019\u00e9quilibre et le bien-\u00eatre des talents sont la clef pour de meilleures organisations.<\/p>\n<p>Elle enseigne plusieurs cours de comportement organisationnel dans les programmes de certificat, BBA, DESS et MBA \u00e0 HEC-Universit\u00e9 de Montr\u00e9al o\u00f9 elle utilise l\u2019instrument MBTI et d\u2019autres outils psychom\u00e9triques. Les sujets trait\u00e9s incluent le comportement humain au travail, la psychologie et le leadership du changement, la gestion de carri\u00e8re, l\u2019intelligence \u00e9motionnelle, les habilet\u00e9s de gestion d\u2019\u00e9quipes-projets et la gestion des \u00e9quipes efficaces. Elle offre \u00e9galement des formations \u00e0<a href=\"https:\/\/www.hec.ca\/ecole-des-dirigeants\/\"> l\u2019\u00c9cole des Cadres et Dirigeants de HEC-Universit\u00e9 de Montr\u00e9al<\/a> et est \u00e9galement membre du Centre de recherche sur le travail, la sant\u00e9 et l\u2019efficacit\u00e9 organisationnelle (CRITEOS) de HEC-Universit\u00e9 de Montr\u00e9al.<\/p>\n<p><strong>Son type psychologique est le INFP<\/strong><\/p>\n\n","protected":false},"excerpt":{"rendered":"<p>Corinne Prost, B.Sc. \u00c9conomiques, DESS, M.Sc. Ressources Humaines Corinne Prost a \u00e9t\u00e9 consultante en ressources humaines pendant de nombreuses ann\u00e9es avant de se sp\u00e9cialiser en d\u00e9veloppement du talent il y<\/p>\n","protected":false},"author":2,"featured_media":0,"parent":0,"menu_order":0,"comment_status":"open","ping_status":"closed","template":"","meta":{"_acf_changed":false,"footnotes":""},"class_list":["post-11212","page","type-page","status-publish","hentry"],"acf":[],"yoast_head":"<!-- This site is optimized with the Yoast SEO plugin v27.2 - https:\/\/yoast.com\/product\/yoast-seo-wordpress\/ -->\n<title>Nos formateurs MBTI<\/title>\n<meta name=\"description\" content=\"Notre liste de formateurs Myers-Briggs qui d\u00e9livrent la certification MBTI.\" \/>\n<meta name=\"robots\" content=\"index, follow, max-snippet:-1, max-image-preview:large, max-video-preview:-1\" \/>\n<link rel=\"canonical\" href=\"https:\/\/www.psychometrics.com\/fr\/nos-formateurs\/\" \/>\n<meta property=\"og:locale\" content=\"fr_CA\" \/>\n<meta property=\"og:type\" content=\"article\" \/>\n<meta property=\"og:title\" content=\"Nos formateurs MBTI\" \/>\n<meta property=\"og:description\" content=\"Notre liste de formateurs Myers-Briggs qui d\u00e9livrent la certification MBTI.\" \/>\n<meta property=\"og:url\" content=\"https:\/\/www.psychometrics.com\/fr\/nos-formateurs\/\" \/>\n<meta property=\"og:site_name\" content=\"Psychometrics Canada\" \/>\n<meta property=\"article:publisher\" content=\"https:\/\/www.facebook.com\/PsychometricsCanada\" \/>\n<meta property=\"article:modified_time\" content=\"2021-01-13T17:14:52+00:00\" \/>\n<meta property=\"og:image\" content=\"https:\/\/www.psychometrics.com\/wp-content\/uploads\/2019\/09\/Corinne-Prost.png\" \/>\n<meta name=\"twitter:card\" content=\"summary_large_image\" \/>\n<meta name=\"twitter:site\" content=\"@PsychometricsCA\" \/>\n<meta name=\"twitter:label1\" content=\"Est. reading time\" \/>\n\t<meta name=\"twitter:data1\" content=\"1 minute\" \/>\n<script type=\"application\/ld+json\" class=\"yoast-schema-graph\">{\"@context\":\"https:\/\/schema.org\",\"@graph\":[{\"@type\":\"WebPage\",\"@id\":\"https:\/\/www.psychometrics.com\/fr\/nos-formateurs\/\",\"url\":\"https:\/\/www.psychometrics.com\/fr\/nos-formateurs\/\",\"name\":\"Nos formateurs MBTI\",\"isPartOf\":{\"@id\":\"https:\/\/www.psychometrics.com\/#website\"},\"primaryImageOfPage\":{\"@id\":\"https:\/\/www.psychometrics.com\/fr\/nos-formateurs\/#primaryimage\"},\"image\":{\"@id\":\"https:\/\/www.psychometrics.com\/fr\/nos-formateurs\/#primaryimage\"},\"thumbnailUrl\":\"https:\/\/www.psychometrics.com\/wp-content\/uploads\/2019\/09\/Corinne-Prost.png\",\"datePublished\":\"2018-04-04T18:56:11+00:00\",\"dateModified\":\"2021-01-13T17:14:52+00:00\",\"description\":\"Notre liste de formateurs Myers-Briggs qui d\u00e9livrent la certification MBTI.\",\"breadcrumb\":{\"@id\":\"https:\/\/www.psychometrics.com\/fr\/nos-formateurs\/#breadcrumb\"},\"inLanguage\":\"fr-CA\",\"potentialAction\":[{\"@type\":\"ReadAction\",\"target\":[\"https:\/\/www.psychometrics.com\/fr\/nos-formateurs\/\"]}]},{\"@type\":\"ImageObject\",\"inLanguage\":\"fr-CA\",\"@id\":\"https:\/\/www.psychometrics.com\/fr\/nos-formateurs\/#primaryimage\",\"url\":\"https:\/\/www.psychometrics.com\/wp-content\/uploads\/2019\/09\/Corinne-Prost.png\",\"contentUrl\":\"https:\/\/www.psychometrics.com\/wp-content\/uploads\/2019\/09\/Corinne-Prost.png\"},{\"@type\":\"BreadcrumbList\",\"@id\":\"https:\/\/www.psychometrics.com\/fr\/nos-formateurs\/#breadcrumb\",\"itemListElement\":[{\"@type\":\"ListItem\",\"position\":1,\"name\":\"Home\",\"item\":\"https:\/\/www.psychometrics.com\/fr\/home-2\/\"},{\"@type\":\"ListItem\",\"position\":2,\"name\":\"Notre Formatrice\"}]},{\"@type\":\"WebSite\",\"@id\":\"https:\/\/www.psychometrics.com\/#website\",\"url\":\"https:\/\/www.psychometrics.com\/\",\"name\":\"Psychometrics Canada\",\"description\":\"Les organisations \u00e0 mieux par le biais des personnes\",\"publisher\":{\"@id\":\"https:\/\/www.psychometrics.com\/#organization\"},\"potentialAction\":[{\"@type\":\"SearchAction\",\"target\":{\"@type\":\"EntryPoint\",\"urlTemplate\":\"https:\/\/www.psychometrics.com\/?s={search_term_string}\"},\"query-input\":{\"@type\":\"PropertyValueSpecification\",\"valueRequired\":true,\"valueName\":\"search_term_string\"}}],\"inLanguage\":\"fr-CA\"},{\"@type\":\"Organization\",\"@id\":\"https:\/\/www.psychometrics.com\/#organization\",\"name\":\"Psychometrics Canada\",\"url\":\"https:\/\/www.psychometrics.com\/\",\"logo\":{\"@type\":\"ImageObject\",\"inLanguage\":\"fr-CA\",\"@id\":\"https:\/\/www.psychometrics.com\/#\/schema\/logo\/image\/\",\"url\":\"https:\/\/www.psychometrics.com\/wp-content\/uploads\/2021\/01\/NewLogo.jpg\",\"contentUrl\":\"https:\/\/www.psychometrics.com\/wp-content\/uploads\/2021\/01\/NewLogo.jpg\",\"width\":1132,\"height\":155,\"caption\":\"Psychometrics Canada\"},\"image\":{\"@id\":\"https:\/\/www.psychometrics.com\/#\/schema\/logo\/image\/\"},\"sameAs\":[\"https:\/\/www.facebook.com\/PsychometricsCanada\",\"https:\/\/x.com\/PsychometricsCA\"]}]}<\/script>\n<!-- \/ Yoast SEO plugin. -->","yoast_head_json":{"title":"Nos formateurs MBTI","description":"Notre liste de formateurs Myers-Briggs qui d\u00e9livrent la certification MBTI.","robots":{"index":"index","follow":"follow","max-snippet":"max-snippet:-1","max-image-preview":"max-image-preview:large","max-video-preview":"max-video-preview:-1"},"canonical":"https:\/\/www.psychometrics.com\/fr\/nos-formateurs\/","og_locale":"fr_CA","og_type":"article","og_title":"Nos formateurs MBTI","og_description":"Notre liste de formateurs Myers-Briggs qui d\u00e9livrent la certification MBTI.","og_url":"https:\/\/www.psychometrics.com\/fr\/nos-formateurs\/","og_site_name":"Psychometrics Canada","article_publisher":"https:\/\/www.facebook.com\/PsychometricsCanada","article_modified_time":"2021-01-13T17:14:52+00:00","og_image":[{"url":"https:\/\/www.psychometrics.com\/wp-content\/uploads\/2019\/09\/Corinne-Prost.png","type":"","width":"","height":""}],"twitter_card":"summary_large_image","twitter_site":"@PsychometricsCA","twitter_misc":{"Est. reading time":"1 minute"},"schema":{"@context":"https:\/\/schema.org","@graph":[{"@type":"WebPage","@id":"https:\/\/www.psychometrics.com\/fr\/nos-formateurs\/","url":"https:\/\/www.psychometrics.com\/fr\/nos-formateurs\/","name":"Nos formateurs MBTI","isPartOf":{"@id":"https:\/\/www.psychometrics.com\/#website"},"primaryImageOfPage":{"@id":"https:\/\/www.psychometrics.com\/fr\/nos-formateurs\/#primaryimage"},"image":{"@id":"https:\/\/www.psychometrics.com\/fr\/nos-formateurs\/#primaryimage"},"thumbnailUrl":"https:\/\/www.psychometrics.com\/wp-content\/uploads\/2019\/09\/Corinne-Prost.png","datePublished":"2018-04-04T18:56:11+00:00","dateModified":"2021-01-13T17:14:52+00:00","description":"Notre liste de formateurs Myers-Briggs qui d\u00e9livrent la certification MBTI.","breadcrumb":{"@id":"https:\/\/www.psychometrics.com\/fr\/nos-formateurs\/#breadcrumb"},"inLanguage":"fr-CA","potentialAction":[{"@type":"ReadAction","target":["https:\/\/www.psychometrics.com\/fr\/nos-formateurs\/"]}]},{"@type":"ImageObject","inLanguage":"fr-CA","@id":"https:\/\/www.psychometrics.com\/fr\/nos-formateurs\/#primaryimage","url":"https:\/\/www.psychometrics.com\/wp-content\/uploads\/2019\/09\/Corinne-Prost.png","contentUrl":"https:\/\/www.psychometrics.com\/wp-content\/uploads\/2019\/09\/Corinne-Prost.png"},{"@type":"BreadcrumbList","@id":"https:\/\/www.psychometrics.com\/fr\/nos-formateurs\/#breadcrumb","itemListElement":[{"@type":"ListItem","position":1,"name":"Home","item":"https:\/\/www.psychometrics.com\/fr\/home-2\/"},{"@type":"ListItem","position":2,"name":"Notre Formatrice"}]},{"@type":"WebSite","@id":"https:\/\/www.psychometrics.com\/#website","url":"https:\/\/www.psychometrics.com\/","name":"Psychometrics Canada","description":"Les organisations \u00e0 mieux par le biais des personnes","publisher":{"@id":"https:\/\/www.psychometrics.com\/#organization"},"potentialAction":[{"@type":"SearchAction","target":{"@type":"EntryPoint","urlTemplate":"https:\/\/www.psychometrics.com\/?s={search_term_string}"},"query-input":{"@type":"PropertyValueSpecification","valueRequired":true,"valueName":"search_term_string"}}],"inLanguage":"fr-CA"},{"@type":"Organization","@id":"https:\/\/www.psychometrics.com\/#organization","name":"Psychometrics Canada","url":"https:\/\/www.psychometrics.com\/","logo":{"@type":"ImageObject","inLanguage":"fr-CA","@id":"https:\/\/www.psychometrics.com\/#\/schema\/logo\/image\/","url":"https:\/\/www.psychometrics.com\/wp-content\/uploads\/2021\/01\/NewLogo.jpg","contentUrl":"https:\/\/www.psychometrics.com\/wp-content\/uploads\/2021\/01\/NewLogo.jpg","width":1132,"height":155,"caption":"Psychometrics Canada"},"image":{"@id":"https:\/\/www.psychometrics.com\/#\/schema\/logo\/image\/"},"sameAs":["https:\/\/www.facebook.com\/PsychometricsCanada","https:\/\/x.com\/PsychometricsCA"]}]}},"_links":{"self":[{"href":"https:\/\/www.psychometrics.com\/fr\/wp-json\/wp\/v2\/pages\/11212","targetHints":{"allow":["GET"]}}],"collection":[{"href":"https:\/\/www.psychometrics.com\/fr\/wp-json\/wp\/v2\/pages"}],"about":[{"href":"https:\/\/www.psychometrics.com\/fr\/wp-json\/wp\/v2\/types\/page"}],"author":[{"embeddable":true,"href":"https:\/\/www.psychometrics.com\/fr\/wp-json\/wp\/v2\/users\/2"}],"replies":[{"embeddable":true,"href":"https:\/\/www.psychometrics.com\/fr\/wp-json\/wp\/v2\/comments?post=11212"}],"version-history":[{"count":7,"href":"https:\/\/www.psychometrics.com\/fr\/wp-json\/wp\/v2\/pages\/11212\/revisions"}],"predecessor-version":[{"id":19196,"href":"https:\/\/www.psychometrics.com\/fr\/wp-json\/wp\/v2\/pages\/11212\/revisions\/19196"}],"wp:attachment":[{"href":"https:\/\/www.psychometrics.com\/fr\/wp-json\/wp\/v2\/media?parent=11212"}],"curies":[{"name":"wp","href":"https:\/\/api.w.org\/{rel}","templated":true}]}}