{"id":11395,"date":"2018-06-13T11:53:30","date_gmt":"2018-06-13T17:53:30","guid":{"rendered":"https:\/\/www.psychometrics.com\/projet-capstone-avec-les-etudiants-du-nait\/"},"modified":"2018-06-13T13:38:06","modified_gmt":"2018-06-13T19:38:06","slug":"projet-capstone-avec-les-etudiants-du-nait","status":"publish","type":"page","link":"https:\/\/www.psychometrics.com\/fr\/projet-capstone-avec-les-etudiants-du-nait\/","title":{"rendered":"Projet Capstone avec les \u00e9tudiants du NAIT"},"content":{"rendered":"<h2>Psychometrics Canada s&#8217;associe \u00e0 l&#8217;Institut de technologie du Nord de l&#8217;Alberta pour offrir aux \u00e9tudiants une exp\u00e9rience \u00ab r\u00e9elle \u00bb<\/h2>\n<p><img fetchpriority=\"high\" decoding=\"async\" class=\"wp-image-11334 alignright\" src=\"https:\/\/www.psychometrics.com\/wp-content\/uploads\/2018\/05\/Sketch-4.png\" alt=\"\" width=\"223\" height=\"266\" \/>Dans le cadre du programme de m\u00e9dias num\u00e9riques de l\u2019Institut de technologie du Nord de l\u2019Alberta (NAIT), les \u00e9tudiants doivent terminer un projet Capstone au cours de leur derni\u00e8re ann\u00e9e. Le projet Capstone exige qu&#8217;ils travaillent avec une entreprise locale pour cr\u00e9er des actifs anim\u00e9s.<\/p>\n<p>Psychometrics Canada s&#8217;est associ\u00e9 \u00e0 NAIT pour \u00eatre l&#8217;un des \u00ab clients \u00bb pour le projet, voyant l\u00e0 une occasion id\u00e9ale non seulement de raconter l&#8217;histoire de Psychometrics d&#8217;une mani\u00e8re unique, mais aussi de travailler avec la prochaine g\u00e9n\u00e9ration de leur communaut\u00e9. Quinze \u00e9tudiants ont choisi de travailler sur quatre projets distincts avec l&#8217;entreprise. <img decoding=\"async\" class=\"wp-image-11336 alignleft\" src=\"https:\/\/www.psychometrics.com\/wp-content\/uploads\/2018\/05\/Sketch-6.png\" alt=\"\" width=\"378\" height=\"252\" \/><\/p>\n<p>Une fois que le contenu des vid\u00e9os a \u00e9t\u00e9 d\u00e9cid\u00e9, les \u00e9l\u00e8ves ont demand\u00e9 des descriptions du type de personnages qui devraient \u00eatre anim\u00e9s. Psychometrics a fourni des descriptions de type MBTI<sup>\u00ae<\/sup> tir\u00e9 du livret\u00a0<a href=\"https:\/\/shop.psychometrics.com\/products\/introduction-aux-types-dans-les-organisations?variant=1480063491\"><span style=\"text-decoration: underline;\">Introduction aux types dans les organisations<\/span><\/a> pour aider \u00e0 construire les personnalit\u00e9s de chaque vid\u00e9o.<\/p>\n<p><img decoding=\"async\" class=\"wp-image-11332 alignright\" style=\"line-height: 25.2px;\" src=\"https:\/\/www.psychometrics.com\/wp-content\/uploads\/2018\/05\/Sketch-2.png\" alt=\"\" width=\"324\" height=\"212\" \/><\/p>\n<p><img loading=\"lazy\" decoding=\"async\" class=\" wp-image-11335 alignleft\" style=\"line-height: 25.2px;\" src=\"https:\/\/www.psychometrics.com\/wp-content\/uploads\/2018\/05\/Sketch-5.png\" alt=\"\" width=\"290\" height=\"233\" \/><\/p>\n<p>Les \u00e9tudiants du NAIT ont relev\u00e9 le d\u00e9fi de transmettre les solutions d&#8217;affaires de Psychometrics d&#8217;une mani\u00e8re convaincante. En passant de croquis bruts et de sc\u00e9narios vagues \u00e0 des sc\u00e8nes enti\u00e8rement anim\u00e9es avec des sc\u00e9narios raffin\u00e9s, les animations ci-dessous sont le r\u00e9sultat d&#8217;un processus de plusieurs mois de travail acharn\u00e9, d&#8217;innovation et de collaboration de la part de l&#8217;entreprise et des \u00e9tudiants.<\/p>\n<p>Regardez chaque vid\u00e9o et apprenez-en un peu plus sur Psychometrics Canada.<\/p>\n<p><em>Psychometrics Canada aimerait remercier le NAIT pour sa participation \u00e0 ce projet, ainsi que tous les \u00e9tudiants et le corps professoral qui ont contribu\u00e9 \u00e0 rendre ce projet possible.<\/em><\/p>\n<hr \/>\n<p style=\"text-align: center;\"><iframe src=\"https:\/\/www.youtube.com\/embed\/bZWKYw55YvI\" width=\"854\" height=\"480\" frameborder=\"0\" allowfullscreen=\"allowfullscreen\"><\/iframe><br \/>\n<iframe src=\"https:\/\/www.youtube.com\/embed\/bxetpB8XUAw\" width=\"854\" height=\"480\" frameborder=\"0\" allowfullscreen=\"allowfullscreen\"><\/iframe><\/p>\n","protected":false},"excerpt":{"rendered":"<p>Psychometrics Canada s&#8217;associe \u00e0 l&#8217;Institut de technologie du Nord de l&#8217;Alberta pour offrir aux \u00e9tudiants une exp\u00e9rience \u00ab r\u00e9elle \u00bb Dans le cadre du programme de m\u00e9dias num\u00e9riques de l\u2019Institut<\/p>\n","protected":false},"author":18,"featured_media":0,"parent":0,"menu_order":0,"comment_status":"closed","ping_status":"closed","template":"","meta":{"_acf_changed":false,"footnotes":""},"class_list":["post-11395","page","type-page","status-publish","hentry"],"acf":[],"yoast_head":"<!-- This site is optimized with the Yoast SEO plugin v27.2 - https:\/\/yoast.com\/product\/yoast-seo-wordpress\/ -->\n<title>Projet Capstone avec les \u00e9tudiants du NAIT - Psychometrics Canada<\/title>\n<meta name=\"description\" content=\"Psychometrics Canada s&#039;associe \u00e0 l&#039;Institut de technologie du Nord de l&#039;Alberta pour offrir aux \u00e9tudiants une exp\u00e9rience \u00ab r\u00e9elle \u00bb Dans le cadre du\" \/>\n<meta name=\"robots\" content=\"index, follow, max-snippet:-1, max-image-preview:large, max-video-preview:-1\" \/>\n<link rel=\"canonical\" href=\"https:\/\/www.psychometrics.com\/fr\/projet-capstone-avec-les-etudiants-du-nait\/\" \/>\n<meta property=\"og:locale\" content=\"fr_CA\" \/>\n<meta property=\"og:type\" content=\"article\" \/>\n<meta property=\"og:title\" content=\"Projet Capstone avec les \u00e9tudiants du NAIT - Psychometrics Canada\" \/>\n<meta property=\"og:description\" content=\"Psychometrics Canada s&#039;associe \u00e0 l&#039;Institut de technologie du Nord de l&#039;Alberta pour offrir aux \u00e9tudiants une exp\u00e9rience \u00ab r\u00e9elle \u00bb Dans le cadre du\" \/>\n<meta property=\"og:url\" content=\"https:\/\/www.psychometrics.com\/fr\/projet-capstone-avec-les-etudiants-du-nait\/\" \/>\n<meta property=\"og:site_name\" content=\"Psychometrics Canada\" \/>\n<meta property=\"article:publisher\" content=\"https:\/\/www.facebook.com\/PsychometricsCanada\" \/>\n<meta property=\"article:modified_time\" content=\"2018-06-13T19:38:06+00:00\" \/>\n<meta property=\"og:image\" content=\"https:\/\/www.psychometrics.com\/wp-content\/uploads\/2018\/05\/Sketch-4.png\" \/>\n<meta name=\"twitter:card\" content=\"summary_large_image\" \/>\n<meta name=\"twitter:site\" content=\"@PsychometricsCA\" \/>\n<meta name=\"twitter:label1\" content=\"Est. reading time\" \/>\n\t<meta name=\"twitter:data1\" content=\"1 minute\" \/>\n<script type=\"application\/ld+json\" class=\"yoast-schema-graph\">{\"@context\":\"https:\/\/schema.org\",\"@graph\":[{\"@type\":\"WebPage\",\"@id\":\"https:\/\/www.psychometrics.com\/fr\/projet-capstone-avec-les-etudiants-du-nait\/\",\"url\":\"https:\/\/www.psychometrics.com\/fr\/projet-capstone-avec-les-etudiants-du-nait\/\",\"name\":\"Projet Capstone avec les \u00e9tudiants du NAIT - Psychometrics Canada\",\"isPartOf\":{\"@id\":\"https:\/\/www.psychometrics.com\/#website\"},\"primaryImageOfPage\":{\"@id\":\"https:\/\/www.psychometrics.com\/fr\/projet-capstone-avec-les-etudiants-du-nait\/#primaryimage\"},\"image\":{\"@id\":\"https:\/\/www.psychometrics.com\/fr\/projet-capstone-avec-les-etudiants-du-nait\/#primaryimage\"},\"thumbnailUrl\":\"https:\/\/www.psychometrics.com\/wp-content\/uploads\/2018\/05\/Sketch-4.png\",\"datePublished\":\"2018-06-13T17:53:30+00:00\",\"dateModified\":\"2018-06-13T19:38:06+00:00\",\"description\":\"Psychometrics Canada s'associe \u00e0 l'Institut de technologie du Nord de l'Alberta pour offrir aux \u00e9tudiants une exp\u00e9rience \u00ab r\u00e9elle \u00bb Dans le cadre du\",\"breadcrumb\":{\"@id\":\"https:\/\/www.psychometrics.com\/fr\/projet-capstone-avec-les-etudiants-du-nait\/#breadcrumb\"},\"inLanguage\":\"fr-CA\",\"potentialAction\":[{\"@type\":\"ReadAction\",\"target\":[\"https:\/\/www.psychometrics.com\/fr\/projet-capstone-avec-les-etudiants-du-nait\/\"]}]},{\"@type\":\"ImageObject\",\"inLanguage\":\"fr-CA\",\"@id\":\"https:\/\/www.psychometrics.com\/fr\/projet-capstone-avec-les-etudiants-du-nait\/#primaryimage\",\"url\":\"https:\/\/www.psychometrics.com\/wp-content\/uploads\/2018\/05\/Sketch-4.png\",\"contentUrl\":\"https:\/\/www.psychometrics.com\/wp-content\/uploads\/2018\/05\/Sketch-4.png\"},{\"@type\":\"BreadcrumbList\",\"@id\":\"https:\/\/www.psychometrics.com\/fr\/projet-capstone-avec-les-etudiants-du-nait\/#breadcrumb\",\"itemListElement\":[{\"@type\":\"ListItem\",\"position\":1,\"name\":\"Home\",\"item\":\"https:\/\/www.psychometrics.com\/fr\/home-2\/\"},{\"@type\":\"ListItem\",\"position\":2,\"name\":\"Projet Capstone avec les \u00e9tudiants du NAIT\"}]},{\"@type\":\"WebSite\",\"@id\":\"https:\/\/www.psychometrics.com\/#website\",\"url\":\"https:\/\/www.psychometrics.com\/\",\"name\":\"Psychometrics Canada\",\"description\":\"Les organisations \u00e0 mieux par le biais des personnes\",\"publisher\":{\"@id\":\"https:\/\/www.psychometrics.com\/#organization\"},\"potentialAction\":[{\"@type\":\"SearchAction\",\"target\":{\"@type\":\"EntryPoint\",\"urlTemplate\":\"https:\/\/www.psychometrics.com\/?s={search_term_string}\"},\"query-input\":{\"@type\":\"PropertyValueSpecification\",\"valueRequired\":true,\"valueName\":\"search_term_string\"}}],\"inLanguage\":\"fr-CA\"},{\"@type\":\"Organization\",\"@id\":\"https:\/\/www.psychometrics.com\/#organization\",\"name\":\"Psychometrics Canada\",\"url\":\"https:\/\/www.psychometrics.com\/\",\"logo\":{\"@type\":\"ImageObject\",\"inLanguage\":\"fr-CA\",\"@id\":\"https:\/\/www.psychometrics.com\/#\/schema\/logo\/image\/\",\"url\":\"https:\/\/www.psychometrics.com\/wp-content\/uploads\/2021\/01\/NewLogo.jpg\",\"contentUrl\":\"https:\/\/www.psychometrics.com\/wp-content\/uploads\/2021\/01\/NewLogo.jpg\",\"width\":1132,\"height\":155,\"caption\":\"Psychometrics Canada\"},\"image\":{\"@id\":\"https:\/\/www.psychometrics.com\/#\/schema\/logo\/image\/\"},\"sameAs\":[\"https:\/\/www.facebook.com\/PsychometricsCanada\",\"https:\/\/x.com\/PsychometricsCA\"]}]}<\/script>\n<!-- \/ Yoast SEO plugin. -->","yoast_head_json":{"title":"Projet Capstone avec les \u00e9tudiants du NAIT - Psychometrics Canada","description":"Psychometrics Canada s'associe \u00e0 l'Institut de technologie du Nord de l'Alberta pour offrir aux \u00e9tudiants une exp\u00e9rience \u00ab r\u00e9elle \u00bb Dans le cadre du","robots":{"index":"index","follow":"follow","max-snippet":"max-snippet:-1","max-image-preview":"max-image-preview:large","max-video-preview":"max-video-preview:-1"},"canonical":"https:\/\/www.psychometrics.com\/fr\/projet-capstone-avec-les-etudiants-du-nait\/","og_locale":"fr_CA","og_type":"article","og_title":"Projet Capstone avec les \u00e9tudiants du NAIT - Psychometrics Canada","og_description":"Psychometrics Canada s'associe \u00e0 l'Institut de technologie du Nord de l'Alberta pour offrir aux \u00e9tudiants une exp\u00e9rience \u00ab r\u00e9elle \u00bb Dans le cadre du","og_url":"https:\/\/www.psychometrics.com\/fr\/projet-capstone-avec-les-etudiants-du-nait\/","og_site_name":"Psychometrics Canada","article_publisher":"https:\/\/www.facebook.com\/PsychometricsCanada","article_modified_time":"2018-06-13T19:38:06+00:00","og_image":[{"url":"https:\/\/www.psychometrics.com\/wp-content\/uploads\/2018\/05\/Sketch-4.png","type":"","width":"","height":""}],"twitter_card":"summary_large_image","twitter_site":"@PsychometricsCA","twitter_misc":{"Est. reading time":"1 minute"},"schema":{"@context":"https:\/\/schema.org","@graph":[{"@type":"WebPage","@id":"https:\/\/www.psychometrics.com\/fr\/projet-capstone-avec-les-etudiants-du-nait\/","url":"https:\/\/www.psychometrics.com\/fr\/projet-capstone-avec-les-etudiants-du-nait\/","name":"Projet Capstone avec les \u00e9tudiants du NAIT - Psychometrics Canada","isPartOf":{"@id":"https:\/\/www.psychometrics.com\/#website"},"primaryImageOfPage":{"@id":"https:\/\/www.psychometrics.com\/fr\/projet-capstone-avec-les-etudiants-du-nait\/#primaryimage"},"image":{"@id":"https:\/\/www.psychometrics.com\/fr\/projet-capstone-avec-les-etudiants-du-nait\/#primaryimage"},"thumbnailUrl":"https:\/\/www.psychometrics.com\/wp-content\/uploads\/2018\/05\/Sketch-4.png","datePublished":"2018-06-13T17:53:30+00:00","dateModified":"2018-06-13T19:38:06+00:00","description":"Psychometrics Canada s'associe \u00e0 l'Institut de technologie du Nord de l'Alberta pour offrir aux \u00e9tudiants une exp\u00e9rience \u00ab r\u00e9elle \u00bb Dans le cadre du","breadcrumb":{"@id":"https:\/\/www.psychometrics.com\/fr\/projet-capstone-avec-les-etudiants-du-nait\/#breadcrumb"},"inLanguage":"fr-CA","potentialAction":[{"@type":"ReadAction","target":["https:\/\/www.psychometrics.com\/fr\/projet-capstone-avec-les-etudiants-du-nait\/"]}]},{"@type":"ImageObject","inLanguage":"fr-CA","@id":"https:\/\/www.psychometrics.com\/fr\/projet-capstone-avec-les-etudiants-du-nait\/#primaryimage","url":"https:\/\/www.psychometrics.com\/wp-content\/uploads\/2018\/05\/Sketch-4.png","contentUrl":"https:\/\/www.psychometrics.com\/wp-content\/uploads\/2018\/05\/Sketch-4.png"},{"@type":"BreadcrumbList","@id":"https:\/\/www.psychometrics.com\/fr\/projet-capstone-avec-les-etudiants-du-nait\/#breadcrumb","itemListElement":[{"@type":"ListItem","position":1,"name":"Home","item":"https:\/\/www.psychometrics.com\/fr\/home-2\/"},{"@type":"ListItem","position":2,"name":"Projet Capstone avec les \u00e9tudiants du NAIT"}]},{"@type":"WebSite","@id":"https:\/\/www.psychometrics.com\/#website","url":"https:\/\/www.psychometrics.com\/","name":"Psychometrics Canada","description":"Les organisations \u00e0 mieux par le biais des personnes","publisher":{"@id":"https:\/\/www.psychometrics.com\/#organization"},"potentialAction":[{"@type":"SearchAction","target":{"@type":"EntryPoint","urlTemplate":"https:\/\/www.psychometrics.com\/?s={search_term_string}"},"query-input":{"@type":"PropertyValueSpecification","valueRequired":true,"valueName":"search_term_string"}}],"inLanguage":"fr-CA"},{"@type":"Organization","@id":"https:\/\/www.psychometrics.com\/#organization","name":"Psychometrics Canada","url":"https:\/\/www.psychometrics.com\/","logo":{"@type":"ImageObject","inLanguage":"fr-CA","@id":"https:\/\/www.psychometrics.com\/#\/schema\/logo\/image\/","url":"https:\/\/www.psychometrics.com\/wp-content\/uploads\/2021\/01\/NewLogo.jpg","contentUrl":"https:\/\/www.psychometrics.com\/wp-content\/uploads\/2021\/01\/NewLogo.jpg","width":1132,"height":155,"caption":"Psychometrics Canada"},"image":{"@id":"https:\/\/www.psychometrics.com\/#\/schema\/logo\/image\/"},"sameAs":["https:\/\/www.facebook.com\/PsychometricsCanada","https:\/\/x.com\/PsychometricsCA"]}]}},"_links":{"self":[{"href":"https:\/\/www.psychometrics.com\/fr\/wp-json\/wp\/v2\/pages\/11395","targetHints":{"allow":["GET"]}}],"collection":[{"href":"https:\/\/www.psychometrics.com\/fr\/wp-json\/wp\/v2\/pages"}],"about":[{"href":"https:\/\/www.psychometrics.com\/fr\/wp-json\/wp\/v2\/types\/page"}],"author":[{"embeddable":true,"href":"https:\/\/www.psychometrics.com\/fr\/wp-json\/wp\/v2\/users\/18"}],"replies":[{"embeddable":true,"href":"https:\/\/www.psychometrics.com\/fr\/wp-json\/wp\/v2\/comments?post=11395"}],"version-history":[{"count":2,"href":"https:\/\/www.psychometrics.com\/fr\/wp-json\/wp\/v2\/pages\/11395\/revisions"}],"predecessor-version":[{"id":11397,"href":"https:\/\/www.psychometrics.com\/fr\/wp-json\/wp\/v2\/pages\/11395\/revisions\/11397"}],"wp:attachment":[{"href":"https:\/\/www.psychometrics.com\/fr\/wp-json\/wp\/v2\/media?parent=11395"}],"curies":[{"name":"wp","href":"https:\/\/api.w.org\/{rel}","templated":true}]}}