{"id":15682,"date":"2020-06-10T10:48:56","date_gmt":"2020-06-10T16:48:24","guid":{"rendered":"https:\/\/www.psychometrics.com\/?page_id=15682"},"modified":"2026-05-11T12:18:55","modified_gmt":"2026-05-11T18:18:55","slug":"lhoraire-pour-formation-mbti-virtuelle","status":"publish","type":"page","link":"https:\/\/www.psychometrics.com\/fr\/lhoraire-pour-formation-mbti-virtuelle\/","title":{"rendered":"L&#039;horaire pour formation MBTI virtuelle"},"content":{"rendered":"\n<div class=\"wp-block-group wp-block-group--content is-vertical is-content-justification-center is-layout-flex wp-container-core-group-is-layout-4b2eccd6 wp-block-group-is-layout-flex\">\n<div class=\"wp-block-group\"><div class=\"wp-block-group__inner-container is-layout-constrained wp-block-group-is-layout-constrained\">\n<div class=\"wp-block-group\"><div class=\"wp-block-group__inner-container is-layout-constrained wp-block-group-is-layout-constrained\">\n<h1 class=\"wp-block-heading has-text-align-center\">Agenda du fuseau de l\u2019Est<\/h1>\n<\/div><\/div>\n\n\n\n<div class=\"wp-block-group wp-block-group--content is-vertical is-content-justification-center is-layout-flex wp-container-core-group-is-layout-4b2eccd6 wp-block-group-is-layout-flex\">\n<figure class=\"wp-block-table is-style-regular\"><table><thead><tr><th class=\"has-text-align-left\" data-align=\"left\">Jour<\/th><th>Sessions<\/th><th>Times (EDT)<\/th><\/tr><\/thead><tbody><tr><td class=\"has-text-align-left\" data-align=\"left\">Jour 1<\/td><td><strong>Session virtuelle 1<\/strong>&nbsp;\u2013&nbsp;<em>Utilisation du&nbsp;MBTI<sup>MD&nbsp;<\/sup>Niveau I avec des \u00e9quipes et des groupes de travail<\/em><\/td><td><br>9 h 30 \u00e0 12 h 00 Heure de l\u2019Est<\/td><\/tr><tr><td class=\"has-text-align-left\" data-align=\"left\">&nbsp;<\/td><td>Pause d\u00eener et apprentissage autonome \u2013&nbsp;<em>La construction de l\u2019\u00e9valuation&nbsp;MBTI<sup>MD<\/sup>&nbsp;et aper\u00e7u technique<\/em><\/td><td>12 h 00 \u00e0 14 h 00 Heure de l\u2019Est<\/td><\/tr><tr><td class=\"has-text-align-left\" data-align=\"left\">&nbsp;<\/td><td><strong>Session virtuelle&nbsp; 2<\/strong>&nbsp;\u2013&nbsp;<em>Exercices d\u2019\u00e9quipe<\/em><\/td><td>14 h 00 \u00e0 17 h 00 Heure de l\u2019Est<\/td><\/tr><tr><td class=\"has-text-align-left\" data-align=\"left\">Jour 2<\/td><td><strong>Session virtuelle 3<\/strong>&nbsp;\u2013&nbsp;<em>Utilisation de l\u2019\u00e9valuation&nbsp;MBTI<sup>MD<\/sup>&nbsp;avec des individus et une pratique de r\u00e9troaction<\/em><\/td><td>9 h 30 \u00e0 12 h 00 Heure de l\u2019Est<\/td><\/tr><tr><td class=\"has-text-align-left\" data-align=\"left\">&nbsp;<\/td><td>Pause d\u00eener et apprentissage autonome \u2013&nbsp;<em>La dynamique et le d\u00e9veloppement du type<\/em><\/td><td>12 h 00 \u00e0 14 h 00 Heure de l\u2019Est<\/td><\/tr><tr><td class=\"has-text-align-left\" data-align=\"left\">&nbsp;<\/td><td><strong>Session virtuelle 4<\/strong>&nbsp;\u2013&nbsp;<em>La dynamique du type et le stress<\/em><\/td><td>14 h 00 \u00e0 17 h 00 Heure de l\u2019Est<\/td><\/tr><tr><td class=\"has-text-align-left\" data-align=\"left\">Jour 3<\/td><td><strong>Session virtuelle 5<\/strong>&nbsp;\u2013&nbsp;<em>Les exercices de d\u00e9veloppement individuel et de leadership<\/em><\/td><td>9 h 30 \u00e0 12 h 00 Heure de l\u2019Est<\/td><\/tr><tr><td class=\"has-text-align-left\" data-align=\"left\">&nbsp;<\/td><td>Pause d\u00eener et apprentissage autonome \u2013&nbsp;<em>Comprendre et utiliser l\u2019\u00e9valuation&nbsp;MBTI<sup>MD<\/sup>&nbsp;niveau II<\/em><\/td><td>12 h 00 \u00e0 14 h 00 Heure de l\u2019Est<\/td><\/tr><tr><td class=\"has-text-align-left\" data-align=\"left\">&nbsp;<\/td><td><strong>Session virtuelle 6<\/strong>&nbsp;\u2013&nbsp;<em>L\u2019\u00e9valuation MBTI<sup>MD<\/sup>&nbsp;niveau II et une pratique de r\u00e9troaction<\/em><\/td><td>14 h 00 \u00e0 17 h 00 Heure de l\u2019Est<\/td><\/tr><tr><td class=\"has-text-align-left\" data-align=\"left\">Jour 4<\/td><td><strong>Session virtuelle 7<\/strong>&nbsp;\u2013&nbsp;<em>L\u2019\u00e9valuation MBTI<sup>MD<\/sup>&nbsp;niveau II et une pratique de r\u00e9troaction et analyse technique<\/em><\/td><td>9 h 30 \u00e0 12 h 00 Heure de l\u2019Est<\/td><\/tr><tr><td class=\"has-text-align-left\" data-align=\"left\">&nbsp;<\/td><td>Pause d\u00eener &nbsp;<\/td><td>12 h 00 \u00e0 14 h 00 Heure de l\u2019Est<\/td><\/tr><tr><td class=\"has-text-align-left\" data-align=\"left\">&nbsp;<\/td><td><strong>Session virtuelle 8&nbsp;<\/strong>\u2013&nbsp;<em>Utilisation de l\u2019\u00e9valuation&nbsp;MBTI<sup>MD<\/sup>&nbsp;niveau II avec des \u00e9quipes<\/em><\/td><td>14 h 00 \u00e0 17 h 00 Heure de l\u2019Est<\/td><\/tr><\/tbody><\/table><\/figure>\n<\/div>\n<\/div><\/div>\n\n\n\n<div class=\"wp-block-group\"><div class=\"wp-block-group__inner-container is-layout-constrained wp-block-group-is-layout-constrained\">\n<p class=\"has-text-align-left\">Le programme de 4 jours sera offert en 8 s\u00e9ances virtuelles dirig\u00e9es par un formateur et facilit\u00e9es via Zoom. <\/p>\n\n\n\n<p><\/p>\n\n\n\n<p class=\"has-text-align-left\">Tout au long du programme, les participants effectueront des t\u00e2ches d\u2019apprentissage dans le cadre de l\u2019enseignement quotidien et des \u00ab devoirs \u00bb pour se pr\u00e9parer pour le lendemain.<\/p>\n\n\n\n<p><\/p>\n\n\n\n<p class=\"has-text-align-left\">Pour plus d\u2019informations et pour vous inscrire, veuillez contacter\u00a0<a href=\"mailto:training@psychometrics.com\">training@psychometrics.com<\/a>\u00a0ou le\u00a0<a href=\"tel:1-800-661-5158\">1-800-661-5158<\/a>.<\/p>\n<\/div><\/div>\n<\/div>\n\n\n\n<div style=\"height:100px\" aria-hidden=\"true\" class=\"wp-block-spacer\"><\/div>\n\n\n\n<p><\/p>\n","protected":false},"excerpt":{"rendered":"<p>Agenda du fuseau de l\u2019Est Jour Sessions Times (EDT) Jour 1 Session virtuelle 1&nbsp;\u2013&nbsp;Utilisation du&nbsp;MBTIMD&nbsp;Niveau I avec des \u00e9quipes et des groupes de travail&#8230;<\/p>\n","protected":false},"author":18,"featured_media":0,"parent":0,"menu_order":33,"comment_status":"closed","ping_status":"closed","template":"","meta":{"_acf_changed":false,"footnotes":""},"class_list":["post-15682","page","type-page","status-publish","hentry"],"acf":[],"yoast_head":"<!-- This site is optimized with the Yoast SEO plugin v27.5 - https:\/\/yoast.com\/product\/yoast-seo-wordpress\/ -->\n<title>Horaire Formation MBTI Virtuelle \u2013 Programme de 4 Jours<\/title>\n<meta name=\"description\" content=\"Agenda du programme de certification virtuelle Myers-Briggs\u1d39\u1d30. Disponible dans les fuseaux horaires de l&#039;Est gr\u00e2ce \u00e0 un programme interactif de 4 jours.\" \/>\n<meta name=\"robots\" content=\"index, follow, max-snippet:-1, max-image-preview:large, max-video-preview:-1\" \/>\n<link rel=\"canonical\" href=\"https:\/\/www.psychometrics.com\/fr\/lhoraire-pour-formation-mbti-virtuelle\/\" \/>\n<meta property=\"og:locale\" content=\"fr_FR\" \/>\n<meta property=\"og:type\" content=\"article\" \/>\n<meta property=\"og:title\" content=\"Horaire Formation MBTI Virtuelle \u2013 Programme de 4 Jours\" \/>\n<meta property=\"og:description\" content=\"Agenda du programme de certification virtuelle Myers-Briggs\u1d39\u1d30. Disponible dans les fuseaux horaires de l&#039;Est gr\u00e2ce \u00e0 un programme interactif de 4 jours.\" \/>\n<meta property=\"og:url\" content=\"https:\/\/www.psychometrics.com\/fr\/lhoraire-pour-formation-mbti-virtuelle\/\" \/>\n<meta property=\"og:site_name\" content=\"Psychometrics Canada\" \/>\n<meta property=\"article:publisher\" content=\"https:\/\/www.facebook.com\/PsychometricsCanada\" \/>\n<meta property=\"article:modified_time\" content=\"2026-05-11T18:18:55+00:00\" \/>\n<meta property=\"og:image\" content=\"https:\/\/www.psychometrics.com\/wp-content\/uploads\/2015\/02\/og-image.png\" \/>\n\t<meta property=\"og:image:width\" content=\"1500\" \/>\n\t<meta property=\"og:image:height\" content=\"1500\" \/>\n\t<meta property=\"og:image:type\" content=\"image\/png\" \/>\n<meta name=\"twitter:card\" content=\"summary_large_image\" \/>\n<meta name=\"twitter:site\" content=\"@PsychometricsCA\" \/>\n<meta name=\"twitter:label1\" content=\"Dur\u00e9e de lecture estim\u00e9e\" \/>\n\t<meta name=\"twitter:data1\" content=\"2 minutes\" \/>\n<script type=\"application\/ld+json\" class=\"yoast-schema-graph\">{\"@context\":\"https:\\\/\\\/schema.org\",\"@graph\":[{\"@type\":\"WebPage\",\"@id\":\"https:\\\/\\\/www.psychometrics.com\\\/fr\\\/lhoraire-pour-formation-mbti-virtuelle\\\/\",\"url\":\"https:\\\/\\\/www.psychometrics.com\\\/fr\\\/lhoraire-pour-formation-mbti-virtuelle\\\/\",\"name\":\"Horaire Formation MBTI Virtuelle \u2013 Programme de 4 Jours\",\"isPartOf\":{\"@id\":\"https:\\\/\\\/www.psychometrics.com\\\/fr\\\/#website\"},\"datePublished\":\"2020-06-10T16:48:24+00:00\",\"dateModified\":\"2026-05-11T18:18:55+00:00\",\"description\":\"Agenda du programme de certification virtuelle Myers-Briggs\u1d39\u1d30. Disponible dans les fuseaux horaires de l'Est gr\u00e2ce \u00e0 un programme interactif de 4 jours.\",\"breadcrumb\":{\"@id\":\"https:\\\/\\\/www.psychometrics.com\\\/fr\\\/lhoraire-pour-formation-mbti-virtuelle\\\/#breadcrumb\"},\"inLanguage\":\"fr-FR\",\"potentialAction\":[{\"@type\":\"ReadAction\",\"target\":[\"https:\\\/\\\/www.psychometrics.com\\\/fr\\\/lhoraire-pour-formation-mbti-virtuelle\\\/\"]}]},{\"@type\":\"BreadcrumbList\",\"@id\":\"https:\\\/\\\/www.psychometrics.com\\\/fr\\\/lhoraire-pour-formation-mbti-virtuelle\\\/#breadcrumb\",\"itemListElement\":[{\"@type\":\"ListItem\",\"position\":1,\"name\":\"Home\",\"item\":\"https:\\\/\\\/www.psychometrics.com\\\/fr\\\/\"},{\"@type\":\"ListItem\",\"position\":2,\"name\":\"L&#039;horaire pour formation MBTI virtuelle\"}]},{\"@type\":\"WebSite\",\"@id\":\"https:\\\/\\\/www.psychometrics.com\\\/fr\\\/#website\",\"url\":\"https:\\\/\\\/www.psychometrics.com\\\/fr\\\/\",\"name\":\"Psychometrics Canada\",\"description\":\"Les organisations \u00e0 mieux par le biais des personnes\",\"publisher\":{\"@id\":\"https:\\\/\\\/www.psychometrics.com\\\/fr\\\/#organization\"},\"potentialAction\":[{\"@type\":\"SearchAction\",\"target\":{\"@type\":\"EntryPoint\",\"urlTemplate\":\"https:\\\/\\\/www.psychometrics.com\\\/fr\\\/?s={search_term_string}\"},\"query-input\":{\"@type\":\"PropertyValueSpecification\",\"valueRequired\":true,\"valueName\":\"search_term_string\"}}],\"inLanguage\":\"fr-FR\"},{\"@type\":\"Organization\",\"@id\":\"https:\\\/\\\/www.psychometrics.com\\\/fr\\\/#organization\",\"name\":\"Psychometrics Canada\",\"url\":\"https:\\\/\\\/www.psychometrics.com\\\/fr\\\/\",\"logo\":{\"@type\":\"ImageObject\",\"inLanguage\":\"fr-FR\",\"@id\":\"https:\\\/\\\/www.psychometrics.com\\\/fr\\\/#\\\/schema\\\/logo\\\/image\\\/\",\"url\":\"\",\"contentUrl\":\"\",\"caption\":\"Psychometrics Canada\"},\"image\":{\"@id\":\"https:\\\/\\\/www.psychometrics.com\\\/fr\\\/#\\\/schema\\\/logo\\\/image\\\/\"},\"sameAs\":[\"https:\\\/\\\/www.facebook.com\\\/PsychometricsCanada\",\"https:\\\/\\\/x.com\\\/PsychometricsCA\",\"https:\\\/\\\/www.linkedin.com\\\/company\\\/psychometrics-canada\"]}]}<\/script>\n<!-- \/ Yoast SEO plugin. -->","yoast_head_json":{"title":"Horaire Formation MBTI Virtuelle \u2013 Programme de 4 Jours","description":"Agenda du programme de certification virtuelle Myers-Briggs\u1d39\u1d30. Disponible dans les fuseaux horaires de l'Est gr\u00e2ce \u00e0 un programme interactif de 4 jours.","robots":{"index":"index","follow":"follow","max-snippet":"max-snippet:-1","max-image-preview":"max-image-preview:large","max-video-preview":"max-video-preview:-1"},"canonical":"https:\/\/www.psychometrics.com\/fr\/lhoraire-pour-formation-mbti-virtuelle\/","og_locale":"fr_FR","og_type":"article","og_title":"Horaire Formation MBTI Virtuelle \u2013 Programme de 4 Jours","og_description":"Agenda du programme de certification virtuelle Myers-Briggs\u1d39\u1d30. Disponible dans les fuseaux horaires de l'Est gr\u00e2ce \u00e0 un programme interactif de 4 jours.","og_url":"https:\/\/www.psychometrics.com\/fr\/lhoraire-pour-formation-mbti-virtuelle\/","og_site_name":"Psychometrics Canada","article_publisher":"https:\/\/www.facebook.com\/PsychometricsCanada","article_modified_time":"2026-05-11T18:18:55+00:00","og_image":[{"width":1500,"height":1500,"url":"https:\/\/www.psychometrics.com\/wp-content\/uploads\/2015\/02\/og-image.png","type":"image\/png"}],"twitter_card":"summary_large_image","twitter_site":"@PsychometricsCA","twitter_misc":{"Dur\u00e9e de lecture estim\u00e9e":"2 minutes"},"schema":{"@context":"https:\/\/schema.org","@graph":[{"@type":"WebPage","@id":"https:\/\/www.psychometrics.com\/fr\/lhoraire-pour-formation-mbti-virtuelle\/","url":"https:\/\/www.psychometrics.com\/fr\/lhoraire-pour-formation-mbti-virtuelle\/","name":"Horaire Formation MBTI Virtuelle \u2013 Programme de 4 Jours","isPartOf":{"@id":"https:\/\/www.psychometrics.com\/fr\/#website"},"datePublished":"2020-06-10T16:48:24+00:00","dateModified":"2026-05-11T18:18:55+00:00","description":"Agenda du programme de certification virtuelle Myers-Briggs\u1d39\u1d30. Disponible dans les fuseaux horaires de l'Est gr\u00e2ce \u00e0 un programme interactif de 4 jours.","breadcrumb":{"@id":"https:\/\/www.psychometrics.com\/fr\/lhoraire-pour-formation-mbti-virtuelle\/#breadcrumb"},"inLanguage":"fr-FR","potentialAction":[{"@type":"ReadAction","target":["https:\/\/www.psychometrics.com\/fr\/lhoraire-pour-formation-mbti-virtuelle\/"]}]},{"@type":"BreadcrumbList","@id":"https:\/\/www.psychometrics.com\/fr\/lhoraire-pour-formation-mbti-virtuelle\/#breadcrumb","itemListElement":[{"@type":"ListItem","position":1,"name":"Home","item":"https:\/\/www.psychometrics.com\/fr\/"},{"@type":"ListItem","position":2,"name":"L&#039;horaire pour formation MBTI virtuelle"}]},{"@type":"WebSite","@id":"https:\/\/www.psychometrics.com\/fr\/#website","url":"https:\/\/www.psychometrics.com\/fr\/","name":"Psychometrics Canada","description":"Les organisations \u00e0 mieux par le biais des personnes","publisher":{"@id":"https:\/\/www.psychometrics.com\/fr\/#organization"},"potentialAction":[{"@type":"SearchAction","target":{"@type":"EntryPoint","urlTemplate":"https:\/\/www.psychometrics.com\/fr\/?s={search_term_string}"},"query-input":{"@type":"PropertyValueSpecification","valueRequired":true,"valueName":"search_term_string"}}],"inLanguage":"fr-FR"},{"@type":"Organization","@id":"https:\/\/www.psychometrics.com\/fr\/#organization","name":"Psychometrics Canada","url":"https:\/\/www.psychometrics.com\/fr\/","logo":{"@type":"ImageObject","inLanguage":"fr-FR","@id":"https:\/\/www.psychometrics.com\/fr\/#\/schema\/logo\/image\/","url":"","contentUrl":"","caption":"Psychometrics Canada"},"image":{"@id":"https:\/\/www.psychometrics.com\/fr\/#\/schema\/logo\/image\/"},"sameAs":["https:\/\/www.facebook.com\/PsychometricsCanada","https:\/\/x.com\/PsychometricsCA","https:\/\/www.linkedin.com\/company\/psychometrics-canada"]}]}},"_links":{"self":[{"href":"https:\/\/www.psychometrics.com\/fr\/wp-json\/wp\/v2\/pages\/15682","targetHints":{"allow":["GET"]}}],"collection":[{"href":"https:\/\/www.psychometrics.com\/fr\/wp-json\/wp\/v2\/pages"}],"about":[{"href":"https:\/\/www.psychometrics.com\/fr\/wp-json\/wp\/v2\/types\/page"}],"author":[{"embeddable":true,"href":"https:\/\/www.psychometrics.com\/fr\/wp-json\/wp\/v2\/users\/18"}],"replies":[{"embeddable":true,"href":"https:\/\/www.psychometrics.com\/fr\/wp-json\/wp\/v2\/comments?post=15682"}],"version-history":[{"count":4,"href":"https:\/\/www.psychometrics.com\/fr\/wp-json\/wp\/v2\/pages\/15682\/revisions"}],"predecessor-version":[{"id":45136,"href":"https:\/\/www.psychometrics.com\/fr\/wp-json\/wp\/v2\/pages\/15682\/revisions\/45136"}],"wp:attachment":[{"href":"https:\/\/www.psychometrics.com\/fr\/wp-json\/wp\/v2\/media?parent=15682"}],"curies":[{"name":"wp","href":"https:\/\/api.w.org\/{rel}","templated":true}]}}