{"id":2013,"date":"2014-10-09T22:18:42","date_gmt":"2014-10-09T22:18:42","guid":{"rendered":"https:\/\/www.psychometrics.com\/knowledge-centre-2\/"},"modified":"2024-05-16T11:42:03","modified_gmt":"2024-05-16T17:42:03","slug":"bibliotheque-de-connaissances","status":"publish","type":"page","link":"https:\/\/www.psychometrics.com\/fr\/bibliotheque-de-connaissances\/","title":{"rendered":"Centre de connaissances"},"content":{"rendered":"<p>Psychometrics Canada se sp\u00e9cialise dans le domaine de la psychologie du travail au service du public depuis 35 ans. Au cours de ces ann\u00e9es, nous avons accumul\u00e9 d\u2019abondantes informations pratiques qu\u2019il nous pla\u00eet de partager avec vous.<\/p>\n<hr \/>\n<div class='content-column one_third'><strong><a href=\"https:\/\/www.psychometrics.com\/fr\/knowledge-centre\/case-studies\/\">\u00c9TUDES DE CAS <\/a><\/strong><\/p>\n<p>D\u00e9couvrez comment les clients de Psychometrics ont utilis\u00e9 nos outils, ressources et techniques pour cr\u00e9er un impact sur leurs entreprises.<br \/><\/div>\n<div class='content-column one_third'><strong><a href=\"\/fr\/knowledge-centre\/psychometrics-canada-guides-et-manuels\/\">MANUELS ET GUIDES<\/a><\/strong><\/p>\n<p>De l\u2019information technique, des conseils utiles, des nouvelles perspectives et de meilleures pratiques.<br \/><\/div>\n<div class='content-column one_third last_column'><strong><a href=\"https:\/\/www.psychometrics.com\/fr\/knowledge-centre\/conseils-mbtimd\/\">CONSEILS MBTI<sup>\u1d39\u1d30<\/sup><\/a><\/strong><\/p>\n<p>Optimisez votre usage de l\u2019outil d\u2019\u00e9valuation MBTI.<br \/><\/div><div class='clear_column'><\/div>\n<div class='content-column one_third'><strong><a href=\"https:\/\/www.psychometrics.com\/fr\/knowledge-centre\/conseils-tki\/\">CONSEILS TKI<\/a><\/strong><\/p>\n<p>Optimisez votre usage de l\u2019outil d\u2019\u00e9valuation TKI.<\/p><\/div>\n<div class='content-column one_third'><strong><a href=\"https:\/\/www.psychometrics.com\/fr\/knowledge-centre\/rapports-echantillons\/\">RAPPORTS-\u00c9CHANTILLONS<\/a><\/strong><br \/><\/div>\n<div class='content-column one_third'><\/div>\n<div class='content-column one_third last_column'><\/div><div class='clear_column'><\/div>\n","protected":false},"excerpt":{"rendered":"<p>Psychometrics Canada se sp\u00e9cialise dans le domaine de la psychologie du travail au service du public depuis 35 ans. Au cours de ces ann\u00e9es, nous avons accumul\u00e9 d\u2019abondantes informations pratiques<\/p>\n","protected":false},"author":23,"featured_media":9015,"parent":0,"menu_order":0,"comment_status":"open","ping_status":"closed","template":"page-knowledge-center.php","meta":{"_acf_changed":false,"footnotes":""},"class_list":["post-2013","page","type-page","status-publish","has-post-thumbnail","hentry"],"acf":[],"yoast_head":"<!-- This site is optimized with the Yoast SEO plugin v27.2 - https:\/\/yoast.com\/product\/yoast-seo-wordpress\/ -->\n<title>Bliblioth\u00e8que de connaissances | Psychometrics Canada<\/title>\n<meta name=\"description\" content=\"Acc\u00e9dez \u00e0 nos ressources sur l&#039;\u00e9valuation psychom\u00e9trique, incluant des manuels MBTI\u00ae, Strong\u00ae, TKI et WPI, des livres blans et des \u00e9tudes de cas sur le domaine.\" \/>\n<meta name=\"robots\" content=\"index, follow, max-snippet:-1, max-image-preview:large, max-video-preview:-1\" \/>\n<link rel=\"canonical\" href=\"https:\/\/www.psychometrics.com\/fr\/bibliotheque-de-connaissances\/\" \/>\n<meta property=\"og:locale\" content=\"fr_CA\" \/>\n<meta property=\"og:type\" content=\"article\" \/>\n<meta property=\"og:title\" content=\"Bliblioth\u00e8que de connaissances | Psychometrics Canada\" \/>\n<meta property=\"og:description\" content=\"Acc\u00e9dez \u00e0 nos ressources sur l&#039;\u00e9valuation psychom\u00e9trique, incluant des manuels MBTI\u00ae, Strong\u00ae, TKI et WPI, des livres blans et des \u00e9tudes de cas sur le domaine.\" \/>\n<meta property=\"og:url\" content=\"https:\/\/www.psychometrics.com\/fr\/bibliotheque-de-connaissances\/\" \/>\n<meta property=\"og:site_name\" content=\"Psychometrics Canada\" \/>\n<meta property=\"article:publisher\" content=\"https:\/\/www.facebook.com\/PsychometricsCanada\" \/>\n<meta property=\"article:modified_time\" content=\"2024-05-16T17:42:03+00:00\" \/>\n<meta property=\"og:image\" content=\"https:\/\/www.psychometrics.com\/wp-content\/uploads\/2014\/10\/new-knowledge-centre-header-banner-1.png\" \/>\n\t<meta property=\"og:image:width\" content=\"1500\" \/>\n\t<meta property=\"og:image:height\" content=\"176\" \/>\n\t<meta property=\"og:image:type\" content=\"image\/png\" \/>\n<meta name=\"twitter:card\" content=\"summary_large_image\" \/>\n<meta name=\"twitter:site\" content=\"@PsychometricsCA\" \/>\n<meta name=\"twitter:label1\" content=\"Est. reading time\" \/>\n\t<meta name=\"twitter:data1\" content=\"1 minute\" \/>\n<script type=\"application\/ld+json\" class=\"yoast-schema-graph\">{\"@context\":\"https:\/\/schema.org\",\"@graph\":[{\"@type\":\"WebPage\",\"@id\":\"https:\/\/www.psychometrics.com\/fr\/bibliotheque-de-connaissances\/\",\"url\":\"https:\/\/www.psychometrics.com\/fr\/bibliotheque-de-connaissances\/\",\"name\":\"Bliblioth\u00e8que de connaissances | Psychometrics Canada\",\"isPartOf\":{\"@id\":\"https:\/\/www.psychometrics.com\/#website\"},\"primaryImageOfPage\":{\"@id\":\"https:\/\/www.psychometrics.com\/fr\/bibliotheque-de-connaissances\/#primaryimage\"},\"image\":{\"@id\":\"https:\/\/www.psychometrics.com\/fr\/bibliotheque-de-connaissances\/#primaryimage\"},\"thumbnailUrl\":\"https:\/\/www.psychometrics.com\/wp-content\/uploads\/2014\/10\/new-knowledge-centre-header-banner-1.png\",\"datePublished\":\"2014-10-09T22:18:42+00:00\",\"dateModified\":\"2024-05-16T17:42:03+00:00\",\"description\":\"Acc\u00e9dez \u00e0 nos ressources sur l'\u00e9valuation psychom\u00e9trique, incluant des manuels MBTI\u00ae, Strong\u00ae, TKI et WPI, des livres blans et des \u00e9tudes de cas sur le domaine.\",\"breadcrumb\":{\"@id\":\"https:\/\/www.psychometrics.com\/fr\/bibliotheque-de-connaissances\/#breadcrumb\"},\"inLanguage\":\"fr-CA\",\"potentialAction\":[{\"@type\":\"ReadAction\",\"target\":[\"https:\/\/www.psychometrics.com\/fr\/bibliotheque-de-connaissances\/\"]}]},{\"@type\":\"ImageObject\",\"inLanguage\":\"fr-CA\",\"@id\":\"https:\/\/www.psychometrics.com\/fr\/bibliotheque-de-connaissances\/#primaryimage\",\"url\":\"https:\/\/www.psychometrics.com\/wp-content\/uploads\/2014\/10\/new-knowledge-centre-header-banner-1.png\",\"contentUrl\":\"https:\/\/www.psychometrics.com\/wp-content\/uploads\/2014\/10\/new-knowledge-centre-header-banner-1.png\",\"width\":1500,\"height\":176},{\"@type\":\"BreadcrumbList\",\"@id\":\"https:\/\/www.psychometrics.com\/fr\/bibliotheque-de-connaissances\/#breadcrumb\",\"itemListElement\":[{\"@type\":\"ListItem\",\"position\":1,\"name\":\"Home\",\"item\":\"https:\/\/www.psychometrics.com\/fr\/home-2\/\"},{\"@type\":\"ListItem\",\"position\":2,\"name\":\"Centre de connaissances\"}]},{\"@type\":\"WebSite\",\"@id\":\"https:\/\/www.psychometrics.com\/#website\",\"url\":\"https:\/\/www.psychometrics.com\/\",\"name\":\"Psychometrics Canada\",\"description\":\"Les organisations \u00e0 mieux par le biais des personnes\",\"publisher\":{\"@id\":\"https:\/\/www.psychometrics.com\/#organization\"},\"potentialAction\":[{\"@type\":\"SearchAction\",\"target\":{\"@type\":\"EntryPoint\",\"urlTemplate\":\"https:\/\/www.psychometrics.com\/?s={search_term_string}\"},\"query-input\":{\"@type\":\"PropertyValueSpecification\",\"valueRequired\":true,\"valueName\":\"search_term_string\"}}],\"inLanguage\":\"fr-CA\"},{\"@type\":\"Organization\",\"@id\":\"https:\/\/www.psychometrics.com\/#organization\",\"name\":\"Psychometrics Canada\",\"url\":\"https:\/\/www.psychometrics.com\/\",\"logo\":{\"@type\":\"ImageObject\",\"inLanguage\":\"fr-CA\",\"@id\":\"https:\/\/www.psychometrics.com\/#\/schema\/logo\/image\/\",\"url\":\"https:\/\/www.psychometrics.com\/wp-content\/uploads\/2021\/01\/NewLogo.jpg\",\"contentUrl\":\"https:\/\/www.psychometrics.com\/wp-content\/uploads\/2021\/01\/NewLogo.jpg\",\"width\":1132,\"height\":155,\"caption\":\"Psychometrics Canada\"},\"image\":{\"@id\":\"https:\/\/www.psychometrics.com\/#\/schema\/logo\/image\/\"},\"sameAs\":[\"https:\/\/www.facebook.com\/PsychometricsCanada\",\"https:\/\/x.com\/PsychometricsCA\"]}]}<\/script>\n<!-- \/ Yoast SEO plugin. -->","yoast_head_json":{"title":"Bliblioth\u00e8que de connaissances | Psychometrics Canada","description":"Acc\u00e9dez \u00e0 nos ressources sur l'\u00e9valuation psychom\u00e9trique, incluant des manuels MBTI\u00ae, Strong\u00ae, TKI et WPI, des livres blans et des \u00e9tudes de cas sur le domaine.","robots":{"index":"index","follow":"follow","max-snippet":"max-snippet:-1","max-image-preview":"max-image-preview:large","max-video-preview":"max-video-preview:-1"},"canonical":"https:\/\/www.psychometrics.com\/fr\/bibliotheque-de-connaissances\/","og_locale":"fr_CA","og_type":"article","og_title":"Bliblioth\u00e8que de connaissances | Psychometrics Canada","og_description":"Acc\u00e9dez \u00e0 nos ressources sur l'\u00e9valuation psychom\u00e9trique, incluant des manuels MBTI\u00ae, Strong\u00ae, TKI et WPI, des livres blans et des \u00e9tudes de cas sur le domaine.","og_url":"https:\/\/www.psychometrics.com\/fr\/bibliotheque-de-connaissances\/","og_site_name":"Psychometrics Canada","article_publisher":"https:\/\/www.facebook.com\/PsychometricsCanada","article_modified_time":"2024-05-16T17:42:03+00:00","og_image":[{"width":1500,"height":176,"url":"https:\/\/www.psychometrics.com\/wp-content\/uploads\/2014\/10\/new-knowledge-centre-header-banner-1.png","type":"image\/png"}],"twitter_card":"summary_large_image","twitter_site":"@PsychometricsCA","twitter_misc":{"Est. reading time":"1 minute"},"schema":{"@context":"https:\/\/schema.org","@graph":[{"@type":"WebPage","@id":"https:\/\/www.psychometrics.com\/fr\/bibliotheque-de-connaissances\/","url":"https:\/\/www.psychometrics.com\/fr\/bibliotheque-de-connaissances\/","name":"Bliblioth\u00e8que de connaissances | Psychometrics Canada","isPartOf":{"@id":"https:\/\/www.psychometrics.com\/#website"},"primaryImageOfPage":{"@id":"https:\/\/www.psychometrics.com\/fr\/bibliotheque-de-connaissances\/#primaryimage"},"image":{"@id":"https:\/\/www.psychometrics.com\/fr\/bibliotheque-de-connaissances\/#primaryimage"},"thumbnailUrl":"https:\/\/www.psychometrics.com\/wp-content\/uploads\/2014\/10\/new-knowledge-centre-header-banner-1.png","datePublished":"2014-10-09T22:18:42+00:00","dateModified":"2024-05-16T17:42:03+00:00","description":"Acc\u00e9dez \u00e0 nos ressources sur l'\u00e9valuation psychom\u00e9trique, incluant des manuels MBTI\u00ae, Strong\u00ae, TKI et WPI, des livres blans et des \u00e9tudes de cas sur le domaine.","breadcrumb":{"@id":"https:\/\/www.psychometrics.com\/fr\/bibliotheque-de-connaissances\/#breadcrumb"},"inLanguage":"fr-CA","potentialAction":[{"@type":"ReadAction","target":["https:\/\/www.psychometrics.com\/fr\/bibliotheque-de-connaissances\/"]}]},{"@type":"ImageObject","inLanguage":"fr-CA","@id":"https:\/\/www.psychometrics.com\/fr\/bibliotheque-de-connaissances\/#primaryimage","url":"https:\/\/www.psychometrics.com\/wp-content\/uploads\/2014\/10\/new-knowledge-centre-header-banner-1.png","contentUrl":"https:\/\/www.psychometrics.com\/wp-content\/uploads\/2014\/10\/new-knowledge-centre-header-banner-1.png","width":1500,"height":176},{"@type":"BreadcrumbList","@id":"https:\/\/www.psychometrics.com\/fr\/bibliotheque-de-connaissances\/#breadcrumb","itemListElement":[{"@type":"ListItem","position":1,"name":"Home","item":"https:\/\/www.psychometrics.com\/fr\/home-2\/"},{"@type":"ListItem","position":2,"name":"Centre de connaissances"}]},{"@type":"WebSite","@id":"https:\/\/www.psychometrics.com\/#website","url":"https:\/\/www.psychometrics.com\/","name":"Psychometrics Canada","description":"Les organisations \u00e0 mieux par le biais des personnes","publisher":{"@id":"https:\/\/www.psychometrics.com\/#organization"},"potentialAction":[{"@type":"SearchAction","target":{"@type":"EntryPoint","urlTemplate":"https:\/\/www.psychometrics.com\/?s={search_term_string}"},"query-input":{"@type":"PropertyValueSpecification","valueRequired":true,"valueName":"search_term_string"}}],"inLanguage":"fr-CA"},{"@type":"Organization","@id":"https:\/\/www.psychometrics.com\/#organization","name":"Psychometrics Canada","url":"https:\/\/www.psychometrics.com\/","logo":{"@type":"ImageObject","inLanguage":"fr-CA","@id":"https:\/\/www.psychometrics.com\/#\/schema\/logo\/image\/","url":"https:\/\/www.psychometrics.com\/wp-content\/uploads\/2021\/01\/NewLogo.jpg","contentUrl":"https:\/\/www.psychometrics.com\/wp-content\/uploads\/2021\/01\/NewLogo.jpg","width":1132,"height":155,"caption":"Psychometrics Canada"},"image":{"@id":"https:\/\/www.psychometrics.com\/#\/schema\/logo\/image\/"},"sameAs":["https:\/\/www.facebook.com\/PsychometricsCanada","https:\/\/x.com\/PsychometricsCA"]}]}},"_links":{"self":[{"href":"https:\/\/www.psychometrics.com\/fr\/wp-json\/wp\/v2\/pages\/2013","targetHints":{"allow":["GET"]}}],"collection":[{"href":"https:\/\/www.psychometrics.com\/fr\/wp-json\/wp\/v2\/pages"}],"about":[{"href":"https:\/\/www.psychometrics.com\/fr\/wp-json\/wp\/v2\/types\/page"}],"author":[{"embeddable":true,"href":"https:\/\/www.psychometrics.com\/fr\/wp-json\/wp\/v2\/users\/23"}],"replies":[{"embeddable":true,"href":"https:\/\/www.psychometrics.com\/fr\/wp-json\/wp\/v2\/comments?post=2013"}],"version-history":[{"count":10,"href":"https:\/\/www.psychometrics.com\/fr\/wp-json\/wp\/v2\/pages\/2013\/revisions"}],"predecessor-version":[{"id":14073,"href":"https:\/\/www.psychometrics.com\/fr\/wp-json\/wp\/v2\/pages\/2013\/revisions\/14073"}],"wp:featuredmedia":[{"embeddable":true,"href":"https:\/\/www.psychometrics.com\/fr\/wp-json\/wp\/v2\/media\/9015"}],"wp:attachment":[{"href":"https:\/\/www.psychometrics.com\/fr\/wp-json\/wp\/v2\/media?parent=2013"}],"curies":[{"name":"wp","href":"https:\/\/api.w.org\/{rel}","templated":true}]}}