{"id":2029,"date":"2014-10-09T22:32:14","date_gmt":"2014-10-09T22:32:14","guid":{"rendered":"https:\/\/www.psychometrics.com\/talent-management-assessments-2\/"},"modified":"2016-02-03T13:43:43","modified_gmt":"2016-02-03T20:43:43","slug":"evaluation-et-gestion-des-talents","status":"publish","type":"page","link":"https:\/\/www.psychometrics.com\/fr\/evaluation-et-gestion-des-talents\/","title":{"rendered":"Gestion du talent"},"content":{"rendered":"<h4>La gestion du talent avec les services de Psychometrics<\/h4>\n<p><span lang=\"EN-CA\">Nous aidons votre personnel \u00e0 am\u00e9liorer leur efficacit\u00e9 \u2014 d\u00e8s le processus d&#8217;embauche et jusqu&#8217;au d\u00e9veloppement des cadres sup\u00e9rieurs, nos \u00e9valuations contribuent grandement \u00e0 maximiser le potentiel de votre personnel.<\/span><\/p>\n<p><span lang=\"EN-CA\">Psychometrics Canada offre aux organisations de toutes les tailles et dans tous les domaines un acc\u00e8s \u00e0 des donn\u00e9es objectives par le biais d&#8217;\u00e9valuations, de formation et du recours \u00e0 notre expertise en interpr\u00e9tation, pour vous aider \u00e0 prendre les meilleures d\u00e9cisions en mati\u00e8re de strat\u00e9gie de gestion des talents. Nous renfor\u00e7ons les entreprises pour mieux cr\u00e9er et stimuler les changements positifs dans leur milieu de travail.<\/span><\/p>\n<p><span lang=\"EN-CA\">\u00ab Un investissement continu dans le d\u00e9veloppement du leadership, dans la formation du personnel et dans la gestion plus globale du talent, tant dans les bons moments que lors des moments plus difficiles, s&#8217;est toujours av\u00e9r\u00e9 critique pour le succ\u00e8s des entreprises. Pour prosp\u00e9rer dans la nouvelle \u00e9conomie, les soci\u00e9t\u00e9s doivent reconnaitre que la formation du personnel et le d\u00e9veloppement du leadership constituent un processus continu, et non pas un \u00e9v\u00e8nement ponctuel, lequel aura un effet direct et des plus significatifs sur les r\u00e9sultats r\u00e9els de l&#8217;entreprise. \u00bb Magazine sur la formation et le d\u00e9veloppement professionnel<\/span><\/p>\n<p><strong><span lang=\"EN-CA\">Travaillez de concert avec nous pour am\u00e9liorer le moral et former des \u00e9quipes plus solides, tout en am\u00e9liorant l&#8217;engagement organisationnel et la r\u00e9tention du talent.<\/span><\/strong><\/p>\n<p>&nbsp;<\/p>\n<h4>Nos services<\/h4>\n<h3><b>S\u00e9lection<\/b><\/h3>\n<p>S\u00e9lectionnez les meilleurs candidats.<\/p>\n<p><a title=\"S\u00e9lection\" href=\"\/fr\/employee-selection\/\">Pour en apprendre davantage -&gt;<\/a><\/p>\n<h3><b>D\u00e9veloppement<\/b><\/h3>\n<p><span lang=\"EN-CA\">Maximisez le potentiel de votre personnel et am\u00e9liorez l&#8217;efficacit\u00e9 globale de votre organisation.<\/span><\/p>\n<p><a title=\"D\u00e9veloppement\" href=\"\/fr\/employee-development\/\">Pour en apprendre davantage -&gt;<\/a><\/p>\n","protected":false},"excerpt":{"rendered":"<p>La gestion du talent avec les services de Psychometrics Nous aidons votre personnel \u00e0 am\u00e9liorer leur efficacit\u00e9 \u2014 d\u00e8s le processus d&#8217;embauche et jusqu&#8217;au d\u00e9veloppement des cadres sup\u00e9rieurs, nos \u00e9valuations<\/p>\n","protected":false},"author":23,"featured_media":0,"parent":0,"menu_order":0,"comment_status":"closed","ping_status":"closed","template":"","meta":{"_acf_changed":false,"footnotes":""},"class_list":["post-2029","page","type-page","status-publish","hentry"],"acf":[],"yoast_head":"<!-- This site is optimized with the Yoast SEO plugin v27.2 - https:\/\/yoast.com\/product\/yoast-seo-wordpress\/ -->\n<title>\u00c9valuations et gestion des talents | Psychometrics Canada<\/title>\n<meta name=\"description\" content=\"Avec notre expertise en gestion du talents et nos outils d&#039;\u00e9valuations, Psychometrics peut am\u00e9liorer l&#039;\u00e9fficacit\u00e9 des employ\u00e9s de votre organisation.\" \/>\n<meta name=\"robots\" content=\"index, follow, max-snippet:-1, max-image-preview:large, max-video-preview:-1\" \/>\n<link rel=\"canonical\" href=\"https:\/\/www.psychometrics.com\/fr\/evaluation-et-gestion-des-talents\/\" \/>\n<meta property=\"og:locale\" content=\"fr_CA\" \/>\n<meta property=\"og:type\" content=\"article\" \/>\n<meta property=\"og:title\" content=\"\u00c9valuations et gestion des talents | Psychometrics Canada\" \/>\n<meta property=\"og:description\" content=\"Avec notre expertise en gestion du talents et nos outils d&#039;\u00e9valuations, Psychometrics peut am\u00e9liorer l&#039;\u00e9fficacit\u00e9 des employ\u00e9s de votre organisation.\" \/>\n<meta property=\"og:url\" content=\"https:\/\/www.psychometrics.com\/fr\/evaluation-et-gestion-des-talents\/\" \/>\n<meta property=\"og:site_name\" content=\"Psychometrics Canada\" \/>\n<meta property=\"article:publisher\" content=\"https:\/\/www.facebook.com\/PsychometricsCanada\" \/>\n<meta property=\"article:modified_time\" content=\"2016-02-03T20:43:43+00:00\" \/>\n<meta property=\"og:image\" content=\"https:\/\/www.psychometrics.com\/wp-content\/uploads\/2015\/02\/og-image.png\" \/>\n\t<meta property=\"og:image:width\" content=\"1500\" \/>\n\t<meta property=\"og:image:height\" content=\"1500\" \/>\n\t<meta property=\"og:image:type\" content=\"image\/png\" \/>\n<meta name=\"twitter:card\" content=\"summary_large_image\" \/>\n<meta name=\"twitter:site\" content=\"@PsychometricsCA\" \/>\n<meta name=\"twitter:label1\" content=\"Est. reading time\" \/>\n\t<meta name=\"twitter:data1\" content=\"1 minute\" \/>\n<script type=\"application\/ld+json\" class=\"yoast-schema-graph\">{\"@context\":\"https:\/\/schema.org\",\"@graph\":[{\"@type\":\"WebPage\",\"@id\":\"https:\/\/www.psychometrics.com\/fr\/evaluation-et-gestion-des-talents\/\",\"url\":\"https:\/\/www.psychometrics.com\/fr\/evaluation-et-gestion-des-talents\/\",\"name\":\"\u00c9valuations et gestion des talents | Psychometrics Canada\",\"isPartOf\":{\"@id\":\"https:\/\/www.psychometrics.com\/#website\"},\"datePublished\":\"2014-10-09T22:32:14+00:00\",\"dateModified\":\"2016-02-03T20:43:43+00:00\",\"description\":\"Avec notre expertise en gestion du talents et nos outils d'\u00e9valuations, Psychometrics peut am\u00e9liorer l'\u00e9fficacit\u00e9 des employ\u00e9s de votre organisation.\",\"breadcrumb\":{\"@id\":\"https:\/\/www.psychometrics.com\/fr\/evaluation-et-gestion-des-talents\/#breadcrumb\"},\"inLanguage\":\"fr-CA\",\"potentialAction\":[{\"@type\":\"ReadAction\",\"target\":[\"https:\/\/www.psychometrics.com\/fr\/evaluation-et-gestion-des-talents\/\"]}]},{\"@type\":\"BreadcrumbList\",\"@id\":\"https:\/\/www.psychometrics.com\/fr\/evaluation-et-gestion-des-talents\/#breadcrumb\",\"itemListElement\":[{\"@type\":\"ListItem\",\"position\":1,\"name\":\"Home\",\"item\":\"https:\/\/www.psychometrics.com\/fr\/home-2\/\"},{\"@type\":\"ListItem\",\"position\":2,\"name\":\"Gestion du talent\"}]},{\"@type\":\"WebSite\",\"@id\":\"https:\/\/www.psychometrics.com\/#website\",\"url\":\"https:\/\/www.psychometrics.com\/\",\"name\":\"Psychometrics Canada\",\"description\":\"Les organisations \u00e0 mieux par le biais des personnes\",\"publisher\":{\"@id\":\"https:\/\/www.psychometrics.com\/#organization\"},\"potentialAction\":[{\"@type\":\"SearchAction\",\"target\":{\"@type\":\"EntryPoint\",\"urlTemplate\":\"https:\/\/www.psychometrics.com\/?s={search_term_string}\"},\"query-input\":{\"@type\":\"PropertyValueSpecification\",\"valueRequired\":true,\"valueName\":\"search_term_string\"}}],\"inLanguage\":\"fr-CA\"},{\"@type\":\"Organization\",\"@id\":\"https:\/\/www.psychometrics.com\/#organization\",\"name\":\"Psychometrics Canada\",\"url\":\"https:\/\/www.psychometrics.com\/\",\"logo\":{\"@type\":\"ImageObject\",\"inLanguage\":\"fr-CA\",\"@id\":\"https:\/\/www.psychometrics.com\/#\/schema\/logo\/image\/\",\"url\":\"https:\/\/www.psychometrics.com\/wp-content\/uploads\/2021\/01\/NewLogo.jpg\",\"contentUrl\":\"https:\/\/www.psychometrics.com\/wp-content\/uploads\/2021\/01\/NewLogo.jpg\",\"width\":1132,\"height\":155,\"caption\":\"Psychometrics Canada\"},\"image\":{\"@id\":\"https:\/\/www.psychometrics.com\/#\/schema\/logo\/image\/\"},\"sameAs\":[\"https:\/\/www.facebook.com\/PsychometricsCanada\",\"https:\/\/x.com\/PsychometricsCA\"]}]}<\/script>\n<!-- \/ Yoast SEO plugin. -->","yoast_head_json":{"title":"\u00c9valuations et gestion des talents | Psychometrics Canada","description":"Avec notre expertise en gestion du talents et nos outils d'\u00e9valuations, Psychometrics peut am\u00e9liorer l'\u00e9fficacit\u00e9 des employ\u00e9s de votre organisation.","robots":{"index":"index","follow":"follow","max-snippet":"max-snippet:-1","max-image-preview":"max-image-preview:large","max-video-preview":"max-video-preview:-1"},"canonical":"https:\/\/www.psychometrics.com\/fr\/evaluation-et-gestion-des-talents\/","og_locale":"fr_CA","og_type":"article","og_title":"\u00c9valuations et gestion des talents | Psychometrics Canada","og_description":"Avec notre expertise en gestion du talents et nos outils d'\u00e9valuations, Psychometrics peut am\u00e9liorer l'\u00e9fficacit\u00e9 des employ\u00e9s de votre organisation.","og_url":"https:\/\/www.psychometrics.com\/fr\/evaluation-et-gestion-des-talents\/","og_site_name":"Psychometrics Canada","article_publisher":"https:\/\/www.facebook.com\/PsychometricsCanada","article_modified_time":"2016-02-03T20:43:43+00:00","og_image":[{"width":1500,"height":1500,"url":"https:\/\/www.psychometrics.com\/wp-content\/uploads\/2015\/02\/og-image.png","type":"image\/png"}],"twitter_card":"summary_large_image","twitter_site":"@PsychometricsCA","twitter_misc":{"Est. reading time":"1 minute"},"schema":{"@context":"https:\/\/schema.org","@graph":[{"@type":"WebPage","@id":"https:\/\/www.psychometrics.com\/fr\/evaluation-et-gestion-des-talents\/","url":"https:\/\/www.psychometrics.com\/fr\/evaluation-et-gestion-des-talents\/","name":"\u00c9valuations et gestion des talents | Psychometrics Canada","isPartOf":{"@id":"https:\/\/www.psychometrics.com\/#website"},"datePublished":"2014-10-09T22:32:14+00:00","dateModified":"2016-02-03T20:43:43+00:00","description":"Avec notre expertise en gestion du talents et nos outils d'\u00e9valuations, Psychometrics peut am\u00e9liorer l'\u00e9fficacit\u00e9 des employ\u00e9s de votre organisation.","breadcrumb":{"@id":"https:\/\/www.psychometrics.com\/fr\/evaluation-et-gestion-des-talents\/#breadcrumb"},"inLanguage":"fr-CA","potentialAction":[{"@type":"ReadAction","target":["https:\/\/www.psychometrics.com\/fr\/evaluation-et-gestion-des-talents\/"]}]},{"@type":"BreadcrumbList","@id":"https:\/\/www.psychometrics.com\/fr\/evaluation-et-gestion-des-talents\/#breadcrumb","itemListElement":[{"@type":"ListItem","position":1,"name":"Home","item":"https:\/\/www.psychometrics.com\/fr\/home-2\/"},{"@type":"ListItem","position":2,"name":"Gestion du talent"}]},{"@type":"WebSite","@id":"https:\/\/www.psychometrics.com\/#website","url":"https:\/\/www.psychometrics.com\/","name":"Psychometrics Canada","description":"Les organisations \u00e0 mieux par le biais des personnes","publisher":{"@id":"https:\/\/www.psychometrics.com\/#organization"},"potentialAction":[{"@type":"SearchAction","target":{"@type":"EntryPoint","urlTemplate":"https:\/\/www.psychometrics.com\/?s={search_term_string}"},"query-input":{"@type":"PropertyValueSpecification","valueRequired":true,"valueName":"search_term_string"}}],"inLanguage":"fr-CA"},{"@type":"Organization","@id":"https:\/\/www.psychometrics.com\/#organization","name":"Psychometrics Canada","url":"https:\/\/www.psychometrics.com\/","logo":{"@type":"ImageObject","inLanguage":"fr-CA","@id":"https:\/\/www.psychometrics.com\/#\/schema\/logo\/image\/","url":"https:\/\/www.psychometrics.com\/wp-content\/uploads\/2021\/01\/NewLogo.jpg","contentUrl":"https:\/\/www.psychometrics.com\/wp-content\/uploads\/2021\/01\/NewLogo.jpg","width":1132,"height":155,"caption":"Psychometrics Canada"},"image":{"@id":"https:\/\/www.psychometrics.com\/#\/schema\/logo\/image\/"},"sameAs":["https:\/\/www.facebook.com\/PsychometricsCanada","https:\/\/x.com\/PsychometricsCA"]}]}},"_links":{"self":[{"href":"https:\/\/www.psychometrics.com\/fr\/wp-json\/wp\/v2\/pages\/2029","targetHints":{"allow":["GET"]}}],"collection":[{"href":"https:\/\/www.psychometrics.com\/fr\/wp-json\/wp\/v2\/pages"}],"about":[{"href":"https:\/\/www.psychometrics.com\/fr\/wp-json\/wp\/v2\/types\/page"}],"author":[{"embeddable":true,"href":"https:\/\/www.psychometrics.com\/fr\/wp-json\/wp\/v2\/users\/23"}],"replies":[{"embeddable":true,"href":"https:\/\/www.psychometrics.com\/fr\/wp-json\/wp\/v2\/comments?post=2029"}],"version-history":[{"count":1,"href":"https:\/\/www.psychometrics.com\/fr\/wp-json\/wp\/v2\/pages\/2029\/revisions"}],"predecessor-version":[{"id":6643,"href":"https:\/\/www.psychometrics.com\/fr\/wp-json\/wp\/v2\/pages\/2029\/revisions\/6643"}],"wp:attachment":[{"href":"https:\/\/www.psychometrics.com\/fr\/wp-json\/wp\/v2\/media?parent=2029"}],"curies":[{"name":"wp","href":"https:\/\/api.w.org\/{rel}","templated":true}]}}