{"id":2030,"date":"2014-12-17T21:04:05","date_gmt":"2014-12-17T21:04:05","guid":{"rendered":"https:\/\/www.psychometrics.com\/terms-of-use-2\/"},"modified":"2023-11-09T16:15:25","modified_gmt":"2023-11-09T23:15:25","slug":"termes-et-conditions","status":"publish","type":"page","link":"https:\/\/www.psychometrics.com\/fr\/termes-et-conditions\/","title":{"rendered":"Conditions d\u2019utilisation"},"content":{"rendered":"<h2>CONDITIONS D\u2019UTILISATION<\/h2>\n<p>Toutes les \u00e9valuations et tous les produits qu\u2019on retrouve sur psychometrics.com sont assujettis \u00e0 des restrictions quelconques. En acceptant les conditions d\u2019usage de ce site, nous reconnaissez que vous soyez contraint de respecter les restrictions et autres obligations l\u00e9gales en vigueur relativement aux produits et au contenu que vous achetez, dont vous d\u00e9tenez une licence ou que vous t\u00e9l\u00e9chargez \u00e0 partir de ce site. Avant d\u2019utiliser une \u00e9valuation, un produit ou un \u00e9l\u00e9ment de psychometrics.com, veuillez examiner les directives d\u2019utilisation et les renseignements de licence pour un aper\u00e7u global de votre obligation l\u00e9gale.<\/p>\n<p><strong>Votre acceptation de cette entente ayant force obligatoire<\/strong><\/p>\n<p>IMPORTANT : EN UTILISANT OU EN ACC\u00c9DANT AU SITE WEB DE PSYCHOMETRICS.COM ET LES RENSEIGNEMENTS, MAT\u00c9RIAUX, PRODUITS OU SERVICES QUE PSYCHOMETRICS CANADA LT\u00c9E (\u00ab PSYCHOMETRICS \u00bb), FOURNIT VOUS RECONNAISSEZ \u00caTRE JURIDIQUEMENT CONTRAINT PAR LES CONDITIONS QUI S\u2019Y RATTACHENT.<\/p>\n<p>Si vous n\u2019\u00eates pas d\u2019accord avec les conditions de cette entente, n\u2019utilisez pas le site Web de psychometrics.com et n\u2019y acc\u00e9dez pas, non plus \u00e0 l\u2019information, le mat\u00e9riel, les produits ou services qui s\u2019y trouvent. Cette entente s\u2019inscrit entre vous (\u00ab vous \u00bb) et Psychometrics et entre en vigueur \u00e0 compter de la date de votre premi\u00e8re utilisation ou premier acc\u00e8s au site Web de psychometrics.com.<\/p>\n<p>Vous reconnaissez, d\u2019autre part, que Psychometrics peut modifier, changer, ou remplacer l\u2019une ou toute portion de cette entente \u00e0 tout instant et que ces modifications, changements ou remplacements entreront en vigueur au moment de l\u2019affichage. Psychometrics affichera tout changement mat\u00e9riel apport\u00e9 \u00e0 cette entente sur son site Web; votre utilisation prolong\u00e9e du site Web au-del\u00e0 de la date d\u2019affichage de cette annonce repr\u00e9sentera pour nous une acceptation de l\u2019entente modifi\u00e9e, chang\u00e9e ou remplac\u00e9e. Vous acceptez, de plus, d\u2019examiner r\u00e9guli\u00e8rement cette entente pour toute modification, tout changement ou tout remplacement. Si vous n\u2019\u00eates pas d\u2019accord avec l\u2019entente modifi\u00e9e, chang\u00e9e ou remplac\u00e9e, cessez alors d\u2019utiliser le site Web de psychometrics.com ou quelconques information, mat\u00e9riel, produits ou service qui s\u2019y trouve et n\u2019y acc\u00e9dez plus.<\/p>\n<p><strong>Comp\u00e9tences des utilisateurs<\/strong><\/p>\n<p>Nous respectons les directives mises en place par la Soci\u00e9t\u00e9 canadienne de psychologie relativement \u00e0 la vente de documents \u00e0 diffusion restreinte. Vous devez \u00eatre qualifi\u00e9 pour avoir droit d\u2019acheter les documents d\u2019\u00e9valuation de niveaux \u00ab B \u00bb et \u00ab C \u00bb. Pour cr\u00e9er votre compte, pour \u00e9tablir votre niveau de qualification et pour acheter les documents d\u2019\u00e9valuation de niveaux \u00ab B \u00bb et \u00ab C \u00bb, remplissez et signez le formulaire de qualification. Le mat\u00e9riel de niveau \u00ab A \u00bb est accessible \u00e0 tous.<\/p>\n<p><strong>Renseignements sur les commandes<\/strong><\/p>\n<p>Assurez-vous d\u2019avoir \u00e0 port\u00e9e de main tous les renseignements n\u00e9cessaires avant de placer une commande. Si vous connaissez votre num\u00e9ro de client, veuillez l\u2019inclure; il facilitera le traitement de la commande. Nous facturons les personnes avec des comptes existants \u00e0 partir de bulletins de commandes \u00e9crits. Ceux-ci peuvent nous \u00eatre achemin\u00e9s par t\u00e9l\u00e9phone, par la poste, par courriel ou par fax. La mention \u00ab net 30 FOB Edmonton \u00bb doit figurer sur chaque bulletin de commande. Nous \u00e9mettons des factures pour chaque envoi. Ces factures doivent \u00eatre acquitt\u00e9es dans les 30 jours de la date de facturation. Des frais mensuels de 2% s\u2019ajoutent \u00e0 toute facture impay\u00e9e apr\u00e8s 30 jours. Les frais d\u2019exp\u00e9dition et de manutention de m\u00eame que toutes taxes applicables sont pr\u00e9pay\u00e9s et ajout\u00e9s \u00e0 chaque facture.<\/p>\n<p>Toute commande provenant d\u2019un individu ou d\u2019une entreprise priv\u00e9e doit \u00eatre accompagn\u00e9e d\u2019un paiement anticip\u00e9 par ch\u00e8que, par mandat ou d\u2019un num\u00e9ro de carte de cr\u00e9dit Visa\/MasterCard valide et sa date d\u2019expiration. Les prix entrent en vigueur le 1er janvier de l\u2019ann\u00e9e courante, mais ils sont sujets \u00e0 modification sans avis. Nous communiquerons avec tout client qui nous soumet une commande indiquant un prix incorrect ou p\u00e9rim\u00e9 et dont la valeur s\u2019\u00e9l\u00e8ve \u00e0 plus de 10% de la valeur courante. En l\u2019absence de directives de rechange, nous remplirons la commande et facturerons aux prix courants \u00e0 moins que ceux-ci s\u2019\u00e9l\u00e8vent \u00e0 plus de 10% des prix.<\/p>\n<p><strong>Politique d\u2019envoi de notations par la poste<\/strong><\/p>\n<p>Il faut compter 2 jours ouvrables pour le traitement des notations, \u00e0 compter de la date de r\u00e9ception. Les utilisateurs r\u00e9guliers devront conserver leur formulaire de demande de notation et l\u2019utiliser pour fins d\u2019instructions d\u2019exp\u00e9dition, pour tout changement d\u2019adresse, etc.<\/p>\n<p><strong>Confirmation des commandes<\/strong><\/p>\n<p>Quand une commande est adress\u00e9e par lettre, par t\u00e9l\u00e9phone ou par fax, la commande suivante ou le bulletin de commande doit porter la mention CONFIRMATION en caract\u00e8res gras bien en \u00e9vidence pour \u00e9viter tout envoi en duplicata. Si la commande de confirmation n\u2019est pas libell\u00e9e correctement, nous la traitons comme toute nouvelle commande. Les frais postaux pour le retour d\u2019envois en duplicata demeurent \u00e0 la charge du client, y compris des frais de 20% pour la manutention.<\/p>\n<p><strong>Retours et \u00e9changes<\/strong><\/p>\n<p>Les retours et les \u00e9changes doivent \u00eatre achemin\u00e9s par courrier recommand\u00e9 ou par autre m\u00e9thode identifiable. Pour avoir droit \u00e0 un cr\u00e9dit, le mat\u00e9riel doit \u00eatre dans un \u00e9tat revendable (tel que d\u00e9termin\u00e9 par Psychometrics Canada) et il doit \u00eatre accompagn\u00e9 d\u2019une copie de la facture originale. <span class=\"ui-provider ef bix bff clr cls clt clu clv clw clx cly clz cma cmb cmc cmd cme cmf cmg cmh cmi cmj cmk cml cmm cmn cmo cmp cmq cmr cms cmt cmu cmv cmw\" dir=\"ltr\">Les cr\u00e9dits achet\u00e9s par l\u2019interm\u00e9diaire de votre plateforme Psychometrics.com, ou via notre service aux clients, les classeurs, les articles en version PDF, les DVD et les logiciels ne peuvent pas \u00eatre retourn\u00e9s une fois achet\u00e9s<\/span>. Tout mat\u00e9riel retourn\u00e9 apr\u00e8s 30 jours de la premi\u00e8re date de facturation sera assujetti \u00e0 des frais de 20%. Nous n\u2019acceptons aucun retour apr\u00e8s trois mois de la date de facturation.<\/p>\n<p><strong>Protection du droit d\u2019auteur<\/strong><\/p>\n<p>Tout le mat\u00e9riel et tous les tests jouissent d\u2019une protection du droit d\u2019auteur. Il est interdit de les reproduire, de les stocker dans un syst\u00e8me d\u2019extraction ou de les transmettre de quelque fa\u00e7on que ce soit ou par tout moyen \u00e9lectronique ou m\u00e9canique; ils ne peuvent \u00eatre photocopi\u00e9s, enregistr\u00e9s ou r\u00e9cup\u00e9r\u00e9s sans le consentement pr\u00e9alable \u00e9crit de l\u2019\u00e9diteur. Toute reproduction de quelconque partie de ces publications, pour quelque raison que ce soit, repr\u00e9sente une violation de la Loi du droit d\u2019auteur. Psychometrics Canada doit respecter en tous points ses engagements contractuels aupr\u00e8s des auteurs et ses contrats de distribution. Nous sommes tenus d\u2019engager des poursuites judiciaires contre toute personne qui enfreint ces droits ou les droits des auteurs.<\/p>\n<p>Tout instrument de test CPP, Inc. que vous commandez de Psychometrics Canada Lt\u00e9e et qui est prot\u00e9g\u00e9 par un droit d\u2019auteur vous est autoris\u00e9 pour usage unique \u00e0 la condition que vous soyez un professionnel d\u00fbment qualifi\u00e9 dont Psychometrics Canada reconna\u00eet les comp\u00e9tences et dont elle retient le dossier. En soumettant cette commande, vous reconnaissez que tous les exemplaires de tout instrument de test que vous commandez de Psychometrics Canada Lt\u00e9e vous sont autoris\u00e9s et non vendus; vous acceptez, d\u2019autre part, de ne jamais revendre, exporter, transmettre la licence ou transf\u00e9rer \u00e0 des tiers le mat\u00e9riel qui vous a \u00e9t\u00e9 autoris\u00e9 par Psychometrics Canada Lt\u00e9e . Toute violation de l\u2019une ou l\u2019autre de ces restrictions mettra fin \u00e0 votre droit d\u2019utiliser les instruments de tests en question. Vous reconnaissez \u00e9galement, au-del\u00e0 de la limite restreinte de cette licence, que CPP, Inc. conserve tous les droits \u00e0 ces instruments de test de m\u00eame qu\u2019\u00e0 toute autre publication selon la Loi sur les droits d\u2019auteur et les droits relatifs aux marques de commerce canadien, am\u00e9ricain et international.<\/p>\n<p><strong>Limitation de responsabilit\u00e9<\/strong><\/p>\n<p>Psychometrics Canada d\u00e9cline toute responsabilit\u00e9 concernant l\u2019usage ou le mauvais usage du mat\u00e9riel ou des services offerts dans ce catalogue. L\u2019acheteur\/l\u2019utilisateur endosse toute responsabilit\u00e9 quant \u00e0 l\u2019usage ou le mauvais usage dudit mat\u00e9riel ou desdits services. Psychometrics n\u2019acceptera aucune responsabilit\u00e9 devant tout \u00e9chec ou d\u00e9lai d\u2019ex\u00e9cution d\u00fb en tout ou en partie \u00e0 tout motif hors de tout contr\u00f4le raisonnable.<\/p>\n<p>PSYCHOMETRICS N\u2019OFFRE AUCUNE AUTRE GARANTIE, EXPRESSE OU IMPLICITE, Y COMPRIS UNE GARANTIE QUANT \u00c0 LA QUALIT\u00c9 MARCHANDE OU L\u2019APTITUDE POUR UN BUT EXPLICITE. PSYCHOMETRICS OU TOUTE AUTRE PERSONNE RATTACH\u00c9E A LA CR\u00c9ATION OU LA PRODUCTION DE QUELCONQUE MAT\u00c9RIEL IMPRIM\u00c9 OU LOGICIEL INSCRIT DANS CE CATALOGUE OU VENDU PAR PSYCHOMETRICS NE SERA EN AUCUN TEMPS TENU RESPONSABLE DE TOUT DOMMAGE INDIRECT, PARTICULIER OU CONS\u00c9QUENT D\u00c9COULANT DE L\u2019ACHAT OU DE L\u2019USAGE DES MAT\u00c9RIAUX CONTENUS DANS CE CATALOGUE. CECI S\u2019APPLIQUE NONOBSTANT TOUTE AUTRE DISPOSITION OU ENTENTE CONVENUE ENTRE LE CLIENT ET PSYCHOMETRICS. LA SEULE SOLUTION OFFERTE AU CLIENT EST CELLE DE LA CORRECTION OU DU REMPLACEMENT DU MAT\u00c9RIEL IMPRIM\u00c9, DU LOGICIEL OU L\u2019OBTENTION DE CR\u00c9DITS.<\/p>\n<h2>CONDITIONS DES ATELIERS<\/h2>\n<p><strong>D\u00e9lai d\u2019inscription<\/strong><\/p>\n<p>La cl\u00f4ture des inscriptions se fait quatre semaines avant la tenue de la session. Veuillez vous inscrire t\u00f4t pour r\u00e9server votre place.<\/p>\n<p><strong>Paiement<\/strong><\/p>\n<p>Les frais d\u2019inscription doivent \u00eatre acquitt\u00e9s au complet au moins quatre semaines avant la tenue du programme.<\/p>\n<p class=\"x_MsoNormal\"><b><span lang=\"FR-CA\">Annulations \/ Transferts<\/span><\/b><\/p>\n<p class=\"x_MsoNormal\"><span lang=\"FR-CA\">Toutes annulations ou transferts doivent \u00eatre soumis au d\u00e9partement de formation :<\/span><\/p>\n<p class=\"x_MsoNormal\"><span lang=\"FR-CA\">Psychometrics Canada Lt\u00e9e.<br aria-hidden=\"true\" \/>7125-77 NW avenue, Edmonton, AB T6B 0B5<br aria-hidden=\"true\" \/>ou courriel:\u00a0<\/span><a href=\"mailto:training@psychometrics.com?subject=Cancellations%2FTransfers&amp;utm_source=Google%20Ads&amp;utm_medium=Paid%20Search&amp;utm_term=deleted&amp;utm_content=deleted&amp;utm_campaign=2023_Psychometrics%20Brand&amp;gclid=CjwKCAjwvfmoBhAwEiwAG2tqzGYrVf_m386tZOunE3cqEjLHn5tuPS5nOkKd_bcR9RIucT8tDb230BoCYn8QAvD_BwE\" data-linkindex=\"1\"><span lang=\"FR-CA\">training@psychometrics.com<\/span><\/a><span lang=\"FR-CA\">\u00a0<\/span><\/p>\n<p class=\"x_MsoNormal\"><b><span lang=\"FR-CA\">Pour le programme de certification Myers-Briggs<\/span><\/b><b><sup><span lang=\"FR-CA\">md<\/span><\/sup><\/b><b><span lang=\"FR-CA\">\u00a0:<\/span><\/b><span lang=\"FR-CA\">\u00a0Un remboursement complet, moins des frais de service de 250 $ + TPS \/ TVH, sera accord\u00e9 pour les annulations re\u00e7ues par \u00e9crit avant la date limite d\u2019inscription de 30 jours avant le d\u00e9but du programme. Le Guide du participant (classeur) doit \u00eatre retourn\u00e9. Dans le cas contraire, des frais de service suppl\u00e9mentaires de 600,00 $ + TPS \/ TVH seront impos\u00e9s pour le Guide du participant.<\/span><\/p>\n<p class=\"x_MsoNormal\"><b><span lang=\"FR-CA\">AUCUN REMBOURSEMENT NE SERA \u00c9MIS POUR LES ANNULATIONS RE\u00c7UES APR\u00c8S LA DATE LIMITE D\u2019INSCRIPTION.<\/span><\/b><b><\/b><\/p>\n<p class=\"x_MsoNormal\"><span lang=\"FR-CA\">Le paiement peut \u00eatre appliqu\u00e9 \u00e0 un autre programme pour des frais de transfert de 250,00 $ + TPS \/ TVH. Si le transfert est effectu\u00e9 dans les 7 jours avant le d\u00e9but du programme, les frais de transfert seront \u00e9valu\u00e9s \u00e0 50% du prix du programme + TPS \/ TVH. Seuls deux transferts sont autoris\u00e9s et le transfert doit \u00eatre effectu\u00e9 dans les 12 mois suivant le programme d\u2019origine.<\/span><\/p>\n<p class=\"x_MsoNormal\"><strong><span lang=\"FR-CA\">AUCUN REMBOURSEMENT OU TRANSFERT NE SERA \u00c9MIS POUR LES ANNULATIONS RE\u00c7UES MOINS D\u2019UNE SEMAINE AVANT TOUT PROGRAMME DE FORMATION.<\/span><\/strong><\/p>\n<p class=\"x_MsoNormal\"><span lang=\"FR-CA\">Les retours de livres sont soumis \u00e0 la politique de retours et d\u2019\u00e9changes de Psychometrics Canada Ltd. Pour que le cr\u00e9dit soit correct, le mat\u00e9riel doit \u00eatre en \u00e9tat de vente et accompagn\u00e9 de la facture originale. Des frais de r\u00e9approvisionnement de 20% seront factur\u00e9s sur tous les articles retourn\u00e9s au plus tard 30 jours apr\u00e8s la facture originale. Aucun retour ne sera accept\u00e9 trois mois apr\u00e8s la date de facturation.<\/span><\/p>\n<p><strong>Notes importantes<\/strong><\/p>\n<p>Psychometrics Canada Ltd. se r\u00e9serve le droit d&#8217;annuler tout programme ; un remboursement complet sera \u00e9mis aux participants inscrit pour un programme qui doit \u00eatre annul\u00e9. Veuillez ne pas prendre les dispositions n\u00e9cessaire avant d\u2019avoir re\u00e7u confirmation que le programme a suffisamment d\u2019inscriptions pour \u00eatre lancer.<\/p>\n<p><strong>Pour nous joindre<\/strong><\/p>\n<p><strong>Communiquez avec Psychometrics Canada Lt\u00e9e sans frais au 1.800.661.5158 ou par courriel au <a href=\"mailto:info@psychometrics.com\">info@psychometrics.com<\/a><\/strong><\/p>\n<p><strong>Avis de droit d\u2019auteur<\/strong><\/p>\n<h6>\u00a9 2007 Psychometrics Canada Lt\u00e9e. Tous droits r\u00e9serv\u00e9s. Aucune portion de ce mat\u00e9riel peut \u00eatre reproduite, stock\u00e9e dans un syst\u00e8me d\u2019extraction ou transmise de fa\u00e7on \u00e9lectronique, m\u00e9canique, photocopi\u00e9e, enregistr\u00e9e ou autrement sans l\u2019accord pr\u00e9alable \u00e9crit de Psychometrics Canada Lt\u00e9e.<\/h6>\n","protected":false},"excerpt":{"rendered":"<p>CONDITIONS D\u2019UTILISATION Toutes les \u00e9valuations et tous les produits qu\u2019on retrouve sur psychometrics.com sont assujettis \u00e0 des restrictions quelconques. En acceptant les conditions d\u2019usage de ce site, nous reconnaissez que<\/p>\n","protected":false},"author":23,"featured_media":0,"parent":0,"menu_order":0,"comment_status":"closed","ping_status":"closed","template":"","meta":{"_acf_changed":false,"footnotes":""},"class_list":["post-2030","page","type-page","status-publish","hentry"],"acf":[],"yoast_head":"<!-- This site is optimized with the Yoast SEO plugin v27.4 - https:\/\/yoast.com\/product\/yoast-seo-wordpress\/ -->\n<title>Conditions d\u2019utilisation | Psychometrics Canada<\/title>\n<meta name=\"description\" content=\"CONDITIONS D\u2019UTILISATION Toutes les \u00e9valuations et tous les produits qu\u2019on retrouve sur psychometrics.com sont assujettis \u00e0 des restrictions quelconques.\" \/>\n<meta name=\"robots\" content=\"index, follow, max-snippet:-1, max-image-preview:large, max-video-preview:-1\" \/>\n<link rel=\"canonical\" href=\"https:\/\/www.psychometrics.com\/fr\/termes-et-conditions\/\" \/>\n<meta property=\"og:locale\" content=\"fr_CA\" \/>\n<meta property=\"og:type\" content=\"article\" \/>\n<meta property=\"og:title\" content=\"Conditions d\u2019utilisation | Psychometrics Canada\" \/>\n<meta property=\"og:description\" content=\"CONDITIONS D\u2019UTILISATION Toutes les \u00e9valuations et tous les produits qu\u2019on retrouve sur psychometrics.com sont assujettis \u00e0 des restrictions quelconques.\" \/>\n<meta property=\"og:url\" content=\"https:\/\/www.psychometrics.com\/fr\/termes-et-conditions\/\" \/>\n<meta property=\"og:site_name\" content=\"Psychometrics Canada\" \/>\n<meta property=\"article:publisher\" content=\"https:\/\/www.facebook.com\/PsychometricsCanada\" \/>\n<meta property=\"article:modified_time\" content=\"2023-11-09T23:15:25+00:00\" \/>\n<meta property=\"og:image\" content=\"https:\/\/www.psychometrics.com\/wp-content\/uploads\/2015\/02\/og-image.png\" \/>\n\t<meta property=\"og:image:width\" content=\"1500\" \/>\n\t<meta property=\"og:image:height\" content=\"1500\" \/>\n\t<meta property=\"og:image:type\" content=\"image\/png\" \/>\n<meta name=\"twitter:card\" content=\"summary_large_image\" \/>\n<meta name=\"twitter:site\" content=\"@PsychometricsCA\" \/>\n<meta name=\"twitter:label1\" content=\"Est. reading time\" \/>\n\t<meta name=\"twitter:data1\" content=\"8 minutes\" \/>\n<script type=\"application\/ld+json\" class=\"yoast-schema-graph\">{\"@context\":\"https:\\\/\\\/schema.org\",\"@graph\":[{\"@type\":\"WebPage\",\"@id\":\"https:\\\/\\\/www.psychometrics.com\\\/fr\\\/termes-et-conditions\\\/\",\"url\":\"https:\\\/\\\/www.psychometrics.com\\\/fr\\\/termes-et-conditions\\\/\",\"name\":\"Conditions d\u2019utilisation | Psychometrics Canada\",\"isPartOf\":{\"@id\":\"https:\\\/\\\/www.psychometrics.com\\\/#website\"},\"datePublished\":\"2014-12-17T21:04:05+00:00\",\"dateModified\":\"2023-11-09T23:15:25+00:00\",\"description\":\"CONDITIONS D\u2019UTILISATION Toutes les \u00e9valuations et tous les produits qu\u2019on retrouve sur psychometrics.com sont assujettis \u00e0 des restrictions quelconques.\",\"breadcrumb\":{\"@id\":\"https:\\\/\\\/www.psychometrics.com\\\/fr\\\/termes-et-conditions\\\/#breadcrumb\"},\"inLanguage\":\"fr-CA\",\"potentialAction\":[{\"@type\":\"ReadAction\",\"target\":[\"https:\\\/\\\/www.psychometrics.com\\\/fr\\\/termes-et-conditions\\\/\"]}]},{\"@type\":\"BreadcrumbList\",\"@id\":\"https:\\\/\\\/www.psychometrics.com\\\/fr\\\/termes-et-conditions\\\/#breadcrumb\",\"itemListElement\":[{\"@type\":\"ListItem\",\"position\":1,\"name\":\"Home\",\"item\":\"https:\\\/\\\/www.psychometrics.com\\\/fr\\\/home-2\\\/\"},{\"@type\":\"ListItem\",\"position\":2,\"name\":\"Conditions d\u2019utilisation\"}]},{\"@type\":\"WebSite\",\"@id\":\"https:\\\/\\\/www.psychometrics.com\\\/#website\",\"url\":\"https:\\\/\\\/www.psychometrics.com\\\/\",\"name\":\"Psychometrics Canada\",\"description\":\"Les organisations \u00e0 mieux par le biais des personnes\",\"publisher\":{\"@id\":\"https:\\\/\\\/www.psychometrics.com\\\/#organization\"},\"potentialAction\":[{\"@type\":\"SearchAction\",\"target\":{\"@type\":\"EntryPoint\",\"urlTemplate\":\"https:\\\/\\\/www.psychometrics.com\\\/?s={search_term_string}\"},\"query-input\":{\"@type\":\"PropertyValueSpecification\",\"valueRequired\":true,\"valueName\":\"search_term_string\"}}],\"inLanguage\":\"fr-CA\"},{\"@type\":\"Organization\",\"@id\":\"https:\\\/\\\/www.psychometrics.com\\\/#organization\",\"name\":\"Psychometrics Canada\",\"url\":\"https:\\\/\\\/www.psychometrics.com\\\/\",\"logo\":{\"@type\":\"ImageObject\",\"inLanguage\":\"fr-CA\",\"@id\":\"https:\\\/\\\/www.psychometrics.com\\\/#\\\/schema\\\/logo\\\/image\\\/\",\"url\":\"https:\\\/\\\/www.psychometrics.com\\\/wp-content\\\/uploads\\\/2021\\\/01\\\/NewLogo.jpg\",\"contentUrl\":\"https:\\\/\\\/www.psychometrics.com\\\/wp-content\\\/uploads\\\/2021\\\/01\\\/NewLogo.jpg\",\"width\":1132,\"height\":155,\"caption\":\"Psychometrics Canada\"},\"image\":{\"@id\":\"https:\\\/\\\/www.psychometrics.com\\\/#\\\/schema\\\/logo\\\/image\\\/\"},\"sameAs\":[\"https:\\\/\\\/www.facebook.com\\\/PsychometricsCanada\",\"https:\\\/\\\/x.com\\\/PsychometricsCA\"]}]}<\/script>\n<!-- \/ Yoast SEO plugin. -->","yoast_head_json":{"title":"Conditions d\u2019utilisation | Psychometrics Canada","description":"CONDITIONS D\u2019UTILISATION Toutes les \u00e9valuations et tous les produits qu\u2019on retrouve sur psychometrics.com sont assujettis \u00e0 des restrictions quelconques.","robots":{"index":"index","follow":"follow","max-snippet":"max-snippet:-1","max-image-preview":"max-image-preview:large","max-video-preview":"max-video-preview:-1"},"canonical":"https:\/\/www.psychometrics.com\/fr\/termes-et-conditions\/","og_locale":"fr_CA","og_type":"article","og_title":"Conditions d\u2019utilisation | Psychometrics Canada","og_description":"CONDITIONS D\u2019UTILISATION Toutes les \u00e9valuations et tous les produits qu\u2019on retrouve sur psychometrics.com sont assujettis \u00e0 des restrictions quelconques.","og_url":"https:\/\/www.psychometrics.com\/fr\/termes-et-conditions\/","og_site_name":"Psychometrics Canada","article_publisher":"https:\/\/www.facebook.com\/PsychometricsCanada","article_modified_time":"2023-11-09T23:15:25+00:00","og_image":[{"width":1500,"height":1500,"url":"https:\/\/www.psychometrics.com\/wp-content\/uploads\/2015\/02\/og-image.png","type":"image\/png"}],"twitter_card":"summary_large_image","twitter_site":"@PsychometricsCA","twitter_misc":{"Est. reading time":"8 minutes"},"schema":{"@context":"https:\/\/schema.org","@graph":[{"@type":"WebPage","@id":"https:\/\/www.psychometrics.com\/fr\/termes-et-conditions\/","url":"https:\/\/www.psychometrics.com\/fr\/termes-et-conditions\/","name":"Conditions d\u2019utilisation | Psychometrics Canada","isPartOf":{"@id":"https:\/\/www.psychometrics.com\/#website"},"datePublished":"2014-12-17T21:04:05+00:00","dateModified":"2023-11-09T23:15:25+00:00","description":"CONDITIONS D\u2019UTILISATION Toutes les \u00e9valuations et tous les produits qu\u2019on retrouve sur psychometrics.com sont assujettis \u00e0 des restrictions quelconques.","breadcrumb":{"@id":"https:\/\/www.psychometrics.com\/fr\/termes-et-conditions\/#breadcrumb"},"inLanguage":"fr-CA","potentialAction":[{"@type":"ReadAction","target":["https:\/\/www.psychometrics.com\/fr\/termes-et-conditions\/"]}]},{"@type":"BreadcrumbList","@id":"https:\/\/www.psychometrics.com\/fr\/termes-et-conditions\/#breadcrumb","itemListElement":[{"@type":"ListItem","position":1,"name":"Home","item":"https:\/\/www.psychometrics.com\/fr\/home-2\/"},{"@type":"ListItem","position":2,"name":"Conditions d\u2019utilisation"}]},{"@type":"WebSite","@id":"https:\/\/www.psychometrics.com\/#website","url":"https:\/\/www.psychometrics.com\/","name":"Psychometrics Canada","description":"Les organisations \u00e0 mieux par le biais des personnes","publisher":{"@id":"https:\/\/www.psychometrics.com\/#organization"},"potentialAction":[{"@type":"SearchAction","target":{"@type":"EntryPoint","urlTemplate":"https:\/\/www.psychometrics.com\/?s={search_term_string}"},"query-input":{"@type":"PropertyValueSpecification","valueRequired":true,"valueName":"search_term_string"}}],"inLanguage":"fr-CA"},{"@type":"Organization","@id":"https:\/\/www.psychometrics.com\/#organization","name":"Psychometrics Canada","url":"https:\/\/www.psychometrics.com\/","logo":{"@type":"ImageObject","inLanguage":"fr-CA","@id":"https:\/\/www.psychometrics.com\/#\/schema\/logo\/image\/","url":"https:\/\/www.psychometrics.com\/wp-content\/uploads\/2021\/01\/NewLogo.jpg","contentUrl":"https:\/\/www.psychometrics.com\/wp-content\/uploads\/2021\/01\/NewLogo.jpg","width":1132,"height":155,"caption":"Psychometrics Canada"},"image":{"@id":"https:\/\/www.psychometrics.com\/#\/schema\/logo\/image\/"},"sameAs":["https:\/\/www.facebook.com\/PsychometricsCanada","https:\/\/x.com\/PsychometricsCA"]}]}},"_links":{"self":[{"href":"https:\/\/www.psychometrics.com\/fr\/wp-json\/wp\/v2\/pages\/2030","targetHints":{"allow":["GET"]}}],"collection":[{"href":"https:\/\/www.psychometrics.com\/fr\/wp-json\/wp\/v2\/pages"}],"about":[{"href":"https:\/\/www.psychometrics.com\/fr\/wp-json\/wp\/v2\/types\/page"}],"author":[{"embeddable":true,"href":"https:\/\/www.psychometrics.com\/fr\/wp-json\/wp\/v2\/users\/23"}],"replies":[{"embeddable":true,"href":"https:\/\/www.psychometrics.com\/fr\/wp-json\/wp\/v2\/comments?post=2030"}],"version-history":[{"count":8,"href":"https:\/\/www.psychometrics.com\/fr\/wp-json\/wp\/v2\/pages\/2030\/revisions"}],"predecessor-version":[{"id":35145,"href":"https:\/\/www.psychometrics.com\/fr\/wp-json\/wp\/v2\/pages\/2030\/revisions\/35145"}],"wp:attachment":[{"href":"https:\/\/www.psychometrics.com\/fr\/wp-json\/wp\/v2\/media?parent=2030"}],"curies":[{"name":"wp","href":"https:\/\/api.w.org\/{rel}","templated":true}]}}