{"id":2031,"date":"2014-12-17T21:04:18","date_gmt":"2014-12-17T21:04:18","guid":{"rendered":"https:\/\/www.psychometrics.com\/trademarks-2\/"},"modified":"2024-07-25T12:55:08","modified_gmt":"2024-07-25T18:55:08","slug":"marques-de-commerce","status":"publish","type":"page","link":"https:\/\/www.psychometrics.com\/fr\/marques-de-commerce\/","title":{"rendered":"Les marques"},"content":{"rendered":"<p>MBTI, Myers-Briggs, Myers-Briggs Type Indicator, le logo MBTI, Introduction \u00e0 Type, l&#8217;\u00e9tape I et l&#8217;\u00e9tape II sont des marques commerciales ou des marques d\u00e9pos\u00e9es de la Fondation Briggs Myers et, Inc., aux \u00c9tats-Unis et d&#8217;autres pays. Marques forte Inventaire des int\u00e9r\u00eats, le logo Strong, FIRO-B, le logo FIRO-B, IPC 260 sont des marques d\u00e9pos\u00e9es et IPC Californie Inventaire psychologique, IPC, FIRO affaires, le logo FIRO affaires, le logo TKI, le logo de l&#8217;IPC et de l&#8217;IPC 260 logo sont des marques d\u00e9pos\u00e9es de CPP, Inc., aux \u00c9tats-Unis et d&#8217;autres pays. L&#8217;ndice de personnalit\u00e9 de travail est une marque <span class=\"ui-provider a b c d e f g h i j k l m n o p q r s t u v w x y z ab ac ae af ag ah ai aj ak\" dir=\"ltr\">commerce <\/span>de Psychometrics Canada Ltd.<\/p>\n","protected":false},"excerpt":{"rendered":"<p>MBTI, Myers-Briggs, Myers-Briggs Type Indicator, le logo MBTI, Introduction \u00e0 Type, l&#8217;\u00e9tape I et l&#8217;\u00e9tape II sont des marques commerciales ou des marques d\u00e9pos\u00e9es de la Fondation Briggs Myers et,<\/p>\n","protected":false},"author":23,"featured_media":0,"parent":0,"menu_order":0,"comment_status":"closed","ping_status":"closed","template":"","meta":{"_acf_changed":false,"footnotes":""},"class_list":["post-2031","page","type-page","status-publish","hentry"],"acf":[],"yoast_head":"<!-- This site is optimized with the Yoast SEO plugin v27.2 - https:\/\/yoast.com\/product\/yoast-seo-wordpress\/ -->\n<title>Les marques - Psychometrics Canada<\/title>\n<meta name=\"description\" content=\"MBTI, Myers-Briggs, Myers-Briggs Type Indicator, le logo MBTI, Introduction \u00e0 Type, l&#039;\u00e9tape I et l&#039;\u00e9tape II sont des marques commerciales ou des marques\" \/>\n<meta name=\"robots\" content=\"index, follow, max-snippet:-1, max-image-preview:large, max-video-preview:-1\" \/>\n<link rel=\"canonical\" href=\"https:\/\/www.psychometrics.com\/fr\/marques-de-commerce\/\" \/>\n<meta property=\"og:locale\" content=\"fr_CA\" \/>\n<meta property=\"og:type\" content=\"article\" \/>\n<meta property=\"og:title\" content=\"Les marques - Psychometrics Canada\" \/>\n<meta property=\"og:description\" content=\"MBTI, Myers-Briggs, Myers-Briggs Type Indicator, le logo MBTI, Introduction \u00e0 Type, l&#039;\u00e9tape I et l&#039;\u00e9tape II sont des marques commerciales ou des marques\" \/>\n<meta property=\"og:url\" content=\"https:\/\/www.psychometrics.com\/fr\/marques-de-commerce\/\" \/>\n<meta property=\"og:site_name\" content=\"Psychometrics Canada\" \/>\n<meta property=\"article:publisher\" content=\"https:\/\/www.facebook.com\/PsychometricsCanada\" \/>\n<meta property=\"article:modified_time\" content=\"2024-07-25T18:55:08+00:00\" \/>\n<meta property=\"og:image\" content=\"https:\/\/www.psychometrics.com\/wp-content\/uploads\/2015\/02\/og-image.png\" \/>\n\t<meta property=\"og:image:width\" content=\"1500\" \/>\n\t<meta property=\"og:image:height\" content=\"1500\" \/>\n\t<meta property=\"og:image:type\" content=\"image\/png\" \/>\n<meta name=\"twitter:card\" content=\"summary_large_image\" \/>\n<meta name=\"twitter:site\" content=\"@PsychometricsCA\" \/>\n<meta name=\"twitter:label1\" content=\"Est. reading time\" \/>\n\t<meta name=\"twitter:data1\" content=\"1 minute\" \/>\n<script type=\"application\/ld+json\" class=\"yoast-schema-graph\">{\"@context\":\"https:\/\/schema.org\",\"@graph\":[{\"@type\":\"WebPage\",\"@id\":\"https:\/\/www.psychometrics.com\/fr\/marques-de-commerce\/\",\"url\":\"https:\/\/www.psychometrics.com\/fr\/marques-de-commerce\/\",\"name\":\"Les marques - Psychometrics Canada\",\"isPartOf\":{\"@id\":\"https:\/\/www.psychometrics.com\/#website\"},\"datePublished\":\"2014-12-17T21:04:18+00:00\",\"dateModified\":\"2024-07-25T18:55:08+00:00\",\"description\":\"MBTI, Myers-Briggs, Myers-Briggs Type Indicator, le logo MBTI, Introduction \u00e0 Type, l'\u00e9tape I et l'\u00e9tape II sont des marques commerciales ou des marques\",\"breadcrumb\":{\"@id\":\"https:\/\/www.psychometrics.com\/fr\/marques-de-commerce\/#breadcrumb\"},\"inLanguage\":\"fr-CA\",\"potentialAction\":[{\"@type\":\"ReadAction\",\"target\":[\"https:\/\/www.psychometrics.com\/fr\/marques-de-commerce\/\"]}]},{\"@type\":\"BreadcrumbList\",\"@id\":\"https:\/\/www.psychometrics.com\/fr\/marques-de-commerce\/#breadcrumb\",\"itemListElement\":[{\"@type\":\"ListItem\",\"position\":1,\"name\":\"Home\",\"item\":\"https:\/\/www.psychometrics.com\/fr\/home-2\/\"},{\"@type\":\"ListItem\",\"position\":2,\"name\":\"Les marques\"}]},{\"@type\":\"WebSite\",\"@id\":\"https:\/\/www.psychometrics.com\/#website\",\"url\":\"https:\/\/www.psychometrics.com\/\",\"name\":\"Psychometrics Canada\",\"description\":\"Les organisations \u00e0 mieux par le biais des personnes\",\"publisher\":{\"@id\":\"https:\/\/www.psychometrics.com\/#organization\"},\"potentialAction\":[{\"@type\":\"SearchAction\",\"target\":{\"@type\":\"EntryPoint\",\"urlTemplate\":\"https:\/\/www.psychometrics.com\/?s={search_term_string}\"},\"query-input\":{\"@type\":\"PropertyValueSpecification\",\"valueRequired\":true,\"valueName\":\"search_term_string\"}}],\"inLanguage\":\"fr-CA\"},{\"@type\":\"Organization\",\"@id\":\"https:\/\/www.psychometrics.com\/#organization\",\"name\":\"Psychometrics Canada\",\"url\":\"https:\/\/www.psychometrics.com\/\",\"logo\":{\"@type\":\"ImageObject\",\"inLanguage\":\"fr-CA\",\"@id\":\"https:\/\/www.psychometrics.com\/#\/schema\/logo\/image\/\",\"url\":\"https:\/\/www.psychometrics.com\/wp-content\/uploads\/2021\/01\/NewLogo.jpg\",\"contentUrl\":\"https:\/\/www.psychometrics.com\/wp-content\/uploads\/2021\/01\/NewLogo.jpg\",\"width\":1132,\"height\":155,\"caption\":\"Psychometrics Canada\"},\"image\":{\"@id\":\"https:\/\/www.psychometrics.com\/#\/schema\/logo\/image\/\"},\"sameAs\":[\"https:\/\/www.facebook.com\/PsychometricsCanada\",\"https:\/\/x.com\/PsychometricsCA\"]}]}<\/script>\n<!-- \/ Yoast SEO plugin. -->","yoast_head_json":{"title":"Les marques - Psychometrics Canada","description":"MBTI, Myers-Briggs, Myers-Briggs Type Indicator, le logo MBTI, Introduction \u00e0 Type, l'\u00e9tape I et l'\u00e9tape II sont des marques commerciales ou des marques","robots":{"index":"index","follow":"follow","max-snippet":"max-snippet:-1","max-image-preview":"max-image-preview:large","max-video-preview":"max-video-preview:-1"},"canonical":"https:\/\/www.psychometrics.com\/fr\/marques-de-commerce\/","og_locale":"fr_CA","og_type":"article","og_title":"Les marques - Psychometrics Canada","og_description":"MBTI, Myers-Briggs, Myers-Briggs Type Indicator, le logo MBTI, Introduction \u00e0 Type, l'\u00e9tape I et l'\u00e9tape II sont des marques commerciales ou des marques","og_url":"https:\/\/www.psychometrics.com\/fr\/marques-de-commerce\/","og_site_name":"Psychometrics Canada","article_publisher":"https:\/\/www.facebook.com\/PsychometricsCanada","article_modified_time":"2024-07-25T18:55:08+00:00","og_image":[{"width":1500,"height":1500,"url":"https:\/\/www.psychometrics.com\/wp-content\/uploads\/2015\/02\/og-image.png","type":"image\/png"}],"twitter_card":"summary_large_image","twitter_site":"@PsychometricsCA","twitter_misc":{"Est. reading time":"1 minute"},"schema":{"@context":"https:\/\/schema.org","@graph":[{"@type":"WebPage","@id":"https:\/\/www.psychometrics.com\/fr\/marques-de-commerce\/","url":"https:\/\/www.psychometrics.com\/fr\/marques-de-commerce\/","name":"Les marques - Psychometrics Canada","isPartOf":{"@id":"https:\/\/www.psychometrics.com\/#website"},"datePublished":"2014-12-17T21:04:18+00:00","dateModified":"2024-07-25T18:55:08+00:00","description":"MBTI, Myers-Briggs, Myers-Briggs Type Indicator, le logo MBTI, Introduction \u00e0 Type, l'\u00e9tape I et l'\u00e9tape II sont des marques commerciales ou des marques","breadcrumb":{"@id":"https:\/\/www.psychometrics.com\/fr\/marques-de-commerce\/#breadcrumb"},"inLanguage":"fr-CA","potentialAction":[{"@type":"ReadAction","target":["https:\/\/www.psychometrics.com\/fr\/marques-de-commerce\/"]}]},{"@type":"BreadcrumbList","@id":"https:\/\/www.psychometrics.com\/fr\/marques-de-commerce\/#breadcrumb","itemListElement":[{"@type":"ListItem","position":1,"name":"Home","item":"https:\/\/www.psychometrics.com\/fr\/home-2\/"},{"@type":"ListItem","position":2,"name":"Les marques"}]},{"@type":"WebSite","@id":"https:\/\/www.psychometrics.com\/#website","url":"https:\/\/www.psychometrics.com\/","name":"Psychometrics Canada","description":"Les organisations \u00e0 mieux par le biais des personnes","publisher":{"@id":"https:\/\/www.psychometrics.com\/#organization"},"potentialAction":[{"@type":"SearchAction","target":{"@type":"EntryPoint","urlTemplate":"https:\/\/www.psychometrics.com\/?s={search_term_string}"},"query-input":{"@type":"PropertyValueSpecification","valueRequired":true,"valueName":"search_term_string"}}],"inLanguage":"fr-CA"},{"@type":"Organization","@id":"https:\/\/www.psychometrics.com\/#organization","name":"Psychometrics Canada","url":"https:\/\/www.psychometrics.com\/","logo":{"@type":"ImageObject","inLanguage":"fr-CA","@id":"https:\/\/www.psychometrics.com\/#\/schema\/logo\/image\/","url":"https:\/\/www.psychometrics.com\/wp-content\/uploads\/2021\/01\/NewLogo.jpg","contentUrl":"https:\/\/www.psychometrics.com\/wp-content\/uploads\/2021\/01\/NewLogo.jpg","width":1132,"height":155,"caption":"Psychometrics Canada"},"image":{"@id":"https:\/\/www.psychometrics.com\/#\/schema\/logo\/image\/"},"sameAs":["https:\/\/www.facebook.com\/PsychometricsCanada","https:\/\/x.com\/PsychometricsCA"]}]}},"_links":{"self":[{"href":"https:\/\/www.psychometrics.com\/fr\/wp-json\/wp\/v2\/pages\/2031","targetHints":{"allow":["GET"]}}],"collection":[{"href":"https:\/\/www.psychometrics.com\/fr\/wp-json\/wp\/v2\/pages"}],"about":[{"href":"https:\/\/www.psychometrics.com\/fr\/wp-json\/wp\/v2\/types\/page"}],"author":[{"embeddable":true,"href":"https:\/\/www.psychometrics.com\/fr\/wp-json\/wp\/v2\/users\/23"}],"replies":[{"embeddable":true,"href":"https:\/\/www.psychometrics.com\/fr\/wp-json\/wp\/v2\/comments?post=2031"}],"version-history":[{"count":2,"href":"https:\/\/www.psychometrics.com\/fr\/wp-json\/wp\/v2\/pages\/2031\/revisions"}],"predecessor-version":[{"id":37271,"href":"https:\/\/www.psychometrics.com\/fr\/wp-json\/wp\/v2\/pages\/2031\/revisions\/37271"}],"wp:attachment":[{"href":"https:\/\/www.psychometrics.com\/fr\/wp-json\/wp\/v2\/media?parent=2031"}],"curies":[{"name":"wp","href":"https:\/\/api.w.org\/{rel}","templated":true}]}}