{"id":3452,"date":"2015-05-05T16:03:05","date_gmt":"2015-05-05T16:03:05","guid":{"rendered":"https:\/\/www.psychometrics.com\/?page_id=3452"},"modified":"2022-02-02T12:41:56","modified_gmt":"2022-02-02T19:41:56","slug":"conseils-mbti","status":"publish","type":"page","link":"https:\/\/www.psychometrics.com\/fr\/bibliotheque-de-connaissances\/conseils-mbti\/","title":{"rendered":"Conseils MBTI<sup>MD<\/sup>"},"content":{"rendered":"<p>Des conseils sur la fa\u00e7on d\u2019optimiser l\u2019efficacit\u00e9 de l\u2019outil d\u2019\u00e9valuation MBTI que nos formateurs ont r\u00e9dig\u00e9.<\/p>\n<table style=\"width: 100%; height: 409px;\" cellspacing=\"0\" cellpadding=\"0\">\n<tbody>\n<tr style=\"height: 73px;\">\n<td style=\"height: 73px;\">\n<h2>TITRE<\/h2>\n<\/td>\n<td style=\"height: 73px;\">\n<h2>SUJET<\/h2>\n<\/td>\n<\/tr>\n<tr style=\"height: 22px;\">\n<td style=\"height: 22px;\" valign=\"top\"><a href=\"https:\/\/www.psychometrics.com\/fr\/trois-reperes-mbti-qui-reglent-rapidement-les-problemes-dequipes\/\">Trois rep\u00e8res MBTI qui r\u00e8glent rapidement les probl\u00e8mes d\u2019\u00e9quipes<\/a><\/td>\n<td style=\"height: 22px;\" valign=\"top\"><strong>Renforcement du travail d&#8217;\u00e9quipe<\/strong><\/td>\n<\/tr>\n<tr style=\"height: 22px;\">\n<td style=\"height: 22px;\" valign=\"top\"><a href=\"https:\/\/www.psychometrics.com\/fr\/bibliotheque-de-connaissances\/conseils-mbti\/assistance-au-developpement-professionnel\/\">Assistance au d\u00e9veloppement professionnel<\/a><\/td>\n<td style=\"height: 22px;\" valign=\"top\"><strong>Carri\u00e8re<\/strong><\/td>\n<\/tr>\n<tr style=\"height: 43px;\">\n<td style=\"height: 43px;\" valign=\"top\"><a href=\"https:\/\/www.psychometrics.com\/fr\/bibliotheque-de-connaissances\/conseils-mbti\/lindicateur-de-types-de-personnalite\/\">L\u2019indicateur de types de personnalit\u00e9 :<\/a><br \/><em>un outil pratique dans le choix de carri\u00e8re<\/em><em><br \/><\/em><\/td>\n<td style=\"height: 43px;\" valign=\"top\"><strong>Carri\u00e8re<\/strong><\/td>\n<\/tr>\n<tr style=\"height: 43px;\">\n<td style=\"height: 43px;\"><a href=\"https:\/\/www.psychometrics.com\/fr\/bibliotheque-de-connaissances\/conseils-mbti\/le-leader-ideal\/\">Le Leader Ideal<\/a><br \/>La communication avec le chef de file<\/td>\n<td style=\"height: 43px;\" valign=\"top\"><strong>Coaching<\/strong><\/td>\n<\/tr>\n<tr style=\"height: 22px;\">\n<td style=\"height: 22px;\" valign=\"top\"><a href=\"https:\/\/www.psychometrics.com\/fr\/bibliotheque-de-connaissances\/conseils-mbti\/saisir-le-sens-de-vos-resultats-de-niveau-ii\/\">Saisir le sens de vos r\u00e9sultats de Niveau II<\/a><\/td>\n<td style=\"height: 22px;\" valign=\"top\"><strong>Coaching<\/strong><\/td>\n<\/tr>\n<tr style=\"height: 22px;\">\n<td style=\"height: 22px;\" valign=\"top\"><a href=\"https:\/\/www.psychometrics.com\/fr\/bibliotheque-de-connaissances\/conseils-mbti\/laide-que-tous-les-types-peuvent-fournir-pour-realiser-un-changementlaide-que-tous-les-types-peuvent-fournir-pour-realiser-un-changement\/\">L\u2019aide que tous les types peuvent fournir pour r\u00e9aliser un changement<\/a><\/td>\n<td style=\"height: 22px;\" valign=\"top\"><strong>Le coaching pendant le changement<\/strong><\/td>\n<\/tr>\n<tr style=\"height: 47px;\">\n<td style=\"height: 47px;\" valign=\"top\"><a href=\"https:\/\/www.psychometrics.com\/fr\/bibliotheque-de-connaissances\/conseils-mbti\/utiliser-loutil-mbtimd-dans-lentrainement-executif\/\">Utiliser l&#8217;outil MBTI<sup>MD<\/sup> dans l&#8217;entra\u00eenement ex\u00e9cutif<\/a><br \/><em>Prendre l\u2019ascenseur<\/em><\/td>\n<td style=\"height: 47px;\" valign=\"top\"><strong>Leadership et coaching<\/strong><\/td>\n<\/tr>\n<tr style=\"height: 68px;\">\n<td style=\"height: 68px;\" valign=\"top\"><a href=\"https:\/\/www.psychometrics.com\/fr\/bibliotheque-de-connaissances\/conseils-mbti\/trois-conseils-pour-lanimation-dun-atelier-de-renforcement-dequipe-mbti\/\">Trois conseils pour l\u2019animation d\u2019un atelier de renforcement d\u2019\u00e9quipe MBTI<sup>MD<\/sup><\/a><br \/>Mise en retrait conditions propices \u00e0 l\u2019accord motivation<\/td>\n<td style=\"height: 68px;\" valign=\"top\"><strong>Renforcement du travail d\u2019\u00e9quipe, coaching<\/strong><\/td>\n<\/tr>\n<tr style=\"height: 47px;\">\n<td style=\"height: 47px;\" valign=\"top\"><a href=\"https:\/\/www.psychometrics.com\/fr\/bibliotheque-de-connaissances\/conseils-mbti\/loutil-mbti-devient-une-ressource-strategique-en-affaires\/\">L\u2019outil MBTI<sup>MD<\/sup> devient une ressource strat\u00e9gique en affaires<\/a><br \/>\u00c9liminer les obstacles \u00e0 la communication<\/td>\n<td style=\"height: 47px;\" valign=\"top\"><strong>Renforcement du travail d\u2019\u00e9quipe, <\/strong>leadership<\/td>\n<\/tr>\n<tr>\n<td><a href=\"https:\/\/www.psychometrics.com\/wp-content\/uploads\/2022\/01\/MBTI_Complete_Data_Sheet_FR.pdf\">MBTI<sup>\u00ae<\/sup>Complete fiche descriptive<\/a><\/td>\n<td>\n<p>Faits en bref sur le <strong>MBTI<sup>\u00ae<\/sup>Complete<\/strong><\/p>\n<\/td>\n<\/tr>\n<\/tbody>\n<\/table>\n\n","protected":false},"excerpt":{"rendered":"<p>Des conseils sur la fa\u00e7on d\u2019optimiser l\u2019efficacit\u00e9 de l\u2019outil d\u2019\u00e9valuation MBTI que nos formateurs ont r\u00e9dig\u00e9. TITRE SUJET Trois rep\u00e8res MBTI qui r\u00e8glent rapidement les probl\u00e8mes d\u2019\u00e9quipes Renforcement du travail<\/p>\n","protected":false},"author":4,"featured_media":8832,"parent":2013,"menu_order":0,"comment_status":"closed","ping_status":"closed","template":"","meta":{"_acf_changed":false,"footnotes":""},"class_list":["post-3452","page","type-page","status-publish","has-post-thumbnail","hentry"],"acf":[],"yoast_head":"<!-- This site is optimized with the Yoast SEO plugin v27.2 - https:\/\/yoast.com\/product\/yoast-seo-wordpress\/ -->\n<title>Conseils MBTI | Psychometrics Canada<\/title>\n<meta name=\"description\" content=\"Des conseils sur la fa\u00e7on d\u2019optimiser l\u2019efficacit\u00e9 de l\u2019outil d\u2019\u00e9valuation MBTI que nos formateurs ont r\u00e9dig\u00e9.\" \/>\n<meta name=\"robots\" content=\"index, follow, max-snippet:-1, max-image-preview:large, max-video-preview:-1\" \/>\n<link rel=\"canonical\" href=\"https:\/\/www.psychometrics.com\/fr\/bibliotheque-de-connaissances\/conseils-mbti\/\" \/>\n<meta property=\"og:locale\" content=\"fr_CA\" \/>\n<meta property=\"og:type\" content=\"article\" \/>\n<meta property=\"og:title\" content=\"Conseils MBTI | Psychometrics Canada\" \/>\n<meta property=\"og:description\" content=\"Des conseils sur la fa\u00e7on d\u2019optimiser l\u2019efficacit\u00e9 de l\u2019outil d\u2019\u00e9valuation MBTI que nos formateurs ont r\u00e9dig\u00e9.\" \/>\n<meta property=\"og:url\" content=\"https:\/\/www.psychometrics.com\/fr\/bibliotheque-de-connaissances\/conseils-mbti\/\" \/>\n<meta property=\"og:site_name\" content=\"Psychometrics Canada\" \/>\n<meta property=\"article:publisher\" content=\"https:\/\/www.facebook.com\/PsychometricsCanada\" \/>\n<meta property=\"article:modified_time\" content=\"2022-02-02T19:41:56+00:00\" \/>\n<meta property=\"og:image\" content=\"https:\/\/www.psychometrics.com\/wp-content\/uploads\/2017\/05\/Myers-Briggs-Type-Indicator_MBTI-assessment.jpg\" \/>\n\t<meta property=\"og:image:width\" content=\"1500\" \/>\n\t<meta property=\"og:image:height\" content=\"300\" \/>\n\t<meta property=\"og:image:type\" content=\"image\/jpeg\" \/>\n<meta name=\"twitter:card\" content=\"summary_large_image\" \/>\n<meta name=\"twitter:site\" content=\"@PsychometricsCA\" \/>\n<meta name=\"twitter:label1\" content=\"Est. reading time\" \/>\n\t<meta name=\"twitter:data1\" content=\"1 minute\" \/>\n<script type=\"application\/ld+json\" class=\"yoast-schema-graph\">{\"@context\":\"https:\/\/schema.org\",\"@graph\":[{\"@type\":\"WebPage\",\"@id\":\"https:\/\/www.psychometrics.com\/fr\/bibliotheque-de-connaissances\/conseils-mbti\/\",\"url\":\"https:\/\/www.psychometrics.com\/fr\/bibliotheque-de-connaissances\/conseils-mbti\/\",\"name\":\"Conseils MBTI | Psychometrics Canada\",\"isPartOf\":{\"@id\":\"https:\/\/www.psychometrics.com\/#website\"},\"primaryImageOfPage\":{\"@id\":\"https:\/\/www.psychometrics.com\/fr\/bibliotheque-de-connaissances\/conseils-mbti\/#primaryimage\"},\"image\":{\"@id\":\"https:\/\/www.psychometrics.com\/fr\/bibliotheque-de-connaissances\/conseils-mbti\/#primaryimage\"},\"thumbnailUrl\":\"https:\/\/www.psychometrics.com\/wp-content\/uploads\/2017\/05\/Myers-Briggs-Type-Indicator_MBTI-assessment.jpg\",\"datePublished\":\"2015-05-05T16:03:05+00:00\",\"dateModified\":\"2022-02-02T19:41:56+00:00\",\"description\":\"Des conseils sur la fa\u00e7on d\u2019optimiser l\u2019efficacit\u00e9 de l\u2019outil d\u2019\u00e9valuation MBTI que nos formateurs ont r\u00e9dig\u00e9.\",\"breadcrumb\":{\"@id\":\"https:\/\/www.psychometrics.com\/fr\/bibliotheque-de-connaissances\/conseils-mbti\/#breadcrumb\"},\"inLanguage\":\"fr-CA\",\"potentialAction\":[{\"@type\":\"ReadAction\",\"target\":[\"https:\/\/www.psychometrics.com\/fr\/bibliotheque-de-connaissances\/conseils-mbti\/\"]}]},{\"@type\":\"ImageObject\",\"inLanguage\":\"fr-CA\",\"@id\":\"https:\/\/www.psychometrics.com\/fr\/bibliotheque-de-connaissances\/conseils-mbti\/#primaryimage\",\"url\":\"https:\/\/www.psychometrics.com\/wp-content\/uploads\/2017\/05\/Myers-Briggs-Type-Indicator_MBTI-assessment.jpg\",\"contentUrl\":\"https:\/\/www.psychometrics.com\/wp-content\/uploads\/2017\/05\/Myers-Briggs-Type-Indicator_MBTI-assessment.jpg\",\"width\":1500,\"height\":300},{\"@type\":\"BreadcrumbList\",\"@id\":\"https:\/\/www.psychometrics.com\/fr\/bibliotheque-de-connaissances\/conseils-mbti\/#breadcrumb\",\"itemListElement\":[{\"@type\":\"ListItem\",\"position\":1,\"name\":\"Home\",\"item\":\"https:\/\/www.psychometrics.com\/fr\/home-2\/\"},{\"@type\":\"ListItem\",\"position\":2,\"name\":\"Centre de connaissances\",\"item\":\"https:\/\/www.psychometrics.com\/fr\/bibliotheque-de-connaissances\/\"},{\"@type\":\"ListItem\",\"position\":3,\"name\":\"Conseils MBTIMD\"}]},{\"@type\":\"WebSite\",\"@id\":\"https:\/\/www.psychometrics.com\/#website\",\"url\":\"https:\/\/www.psychometrics.com\/\",\"name\":\"Psychometrics Canada\",\"description\":\"Les organisations \u00e0 mieux par le biais des personnes\",\"publisher\":{\"@id\":\"https:\/\/www.psychometrics.com\/#organization\"},\"potentialAction\":[{\"@type\":\"SearchAction\",\"target\":{\"@type\":\"EntryPoint\",\"urlTemplate\":\"https:\/\/www.psychometrics.com\/?s={search_term_string}\"},\"query-input\":{\"@type\":\"PropertyValueSpecification\",\"valueRequired\":true,\"valueName\":\"search_term_string\"}}],\"inLanguage\":\"fr-CA\"},{\"@type\":\"Organization\",\"@id\":\"https:\/\/www.psychometrics.com\/#organization\",\"name\":\"Psychometrics Canada\",\"url\":\"https:\/\/www.psychometrics.com\/\",\"logo\":{\"@type\":\"ImageObject\",\"inLanguage\":\"fr-CA\",\"@id\":\"https:\/\/www.psychometrics.com\/#\/schema\/logo\/image\/\",\"url\":\"https:\/\/www.psychometrics.com\/wp-content\/uploads\/2021\/01\/NewLogo.jpg\",\"contentUrl\":\"https:\/\/www.psychometrics.com\/wp-content\/uploads\/2021\/01\/NewLogo.jpg\",\"width\":1132,\"height\":155,\"caption\":\"Psychometrics Canada\"},\"image\":{\"@id\":\"https:\/\/www.psychometrics.com\/#\/schema\/logo\/image\/\"},\"sameAs\":[\"https:\/\/www.facebook.com\/PsychometricsCanada\",\"https:\/\/x.com\/PsychometricsCA\"]}]}<\/script>\n<!-- \/ Yoast SEO plugin. -->","yoast_head_json":{"title":"Conseils MBTI | Psychometrics Canada","description":"Des conseils sur la fa\u00e7on d\u2019optimiser l\u2019efficacit\u00e9 de l\u2019outil d\u2019\u00e9valuation MBTI que nos formateurs ont r\u00e9dig\u00e9.","robots":{"index":"index","follow":"follow","max-snippet":"max-snippet:-1","max-image-preview":"max-image-preview:large","max-video-preview":"max-video-preview:-1"},"canonical":"https:\/\/www.psychometrics.com\/fr\/bibliotheque-de-connaissances\/conseils-mbti\/","og_locale":"fr_CA","og_type":"article","og_title":"Conseils MBTI | Psychometrics Canada","og_description":"Des conseils sur la fa\u00e7on d\u2019optimiser l\u2019efficacit\u00e9 de l\u2019outil d\u2019\u00e9valuation MBTI que nos formateurs ont r\u00e9dig\u00e9.","og_url":"https:\/\/www.psychometrics.com\/fr\/bibliotheque-de-connaissances\/conseils-mbti\/","og_site_name":"Psychometrics Canada","article_publisher":"https:\/\/www.facebook.com\/PsychometricsCanada","article_modified_time":"2022-02-02T19:41:56+00:00","og_image":[{"width":1500,"height":300,"url":"https:\/\/www.psychometrics.com\/wp-content\/uploads\/2017\/05\/Myers-Briggs-Type-Indicator_MBTI-assessment.jpg","type":"image\/jpeg"}],"twitter_card":"summary_large_image","twitter_site":"@PsychometricsCA","twitter_misc":{"Est. reading time":"1 minute"},"schema":{"@context":"https:\/\/schema.org","@graph":[{"@type":"WebPage","@id":"https:\/\/www.psychometrics.com\/fr\/bibliotheque-de-connaissances\/conseils-mbti\/","url":"https:\/\/www.psychometrics.com\/fr\/bibliotheque-de-connaissances\/conseils-mbti\/","name":"Conseils MBTI | Psychometrics Canada","isPartOf":{"@id":"https:\/\/www.psychometrics.com\/#website"},"primaryImageOfPage":{"@id":"https:\/\/www.psychometrics.com\/fr\/bibliotheque-de-connaissances\/conseils-mbti\/#primaryimage"},"image":{"@id":"https:\/\/www.psychometrics.com\/fr\/bibliotheque-de-connaissances\/conseils-mbti\/#primaryimage"},"thumbnailUrl":"https:\/\/www.psychometrics.com\/wp-content\/uploads\/2017\/05\/Myers-Briggs-Type-Indicator_MBTI-assessment.jpg","datePublished":"2015-05-05T16:03:05+00:00","dateModified":"2022-02-02T19:41:56+00:00","description":"Des conseils sur la fa\u00e7on d\u2019optimiser l\u2019efficacit\u00e9 de l\u2019outil d\u2019\u00e9valuation MBTI que nos formateurs ont r\u00e9dig\u00e9.","breadcrumb":{"@id":"https:\/\/www.psychometrics.com\/fr\/bibliotheque-de-connaissances\/conseils-mbti\/#breadcrumb"},"inLanguage":"fr-CA","potentialAction":[{"@type":"ReadAction","target":["https:\/\/www.psychometrics.com\/fr\/bibliotheque-de-connaissances\/conseils-mbti\/"]}]},{"@type":"ImageObject","inLanguage":"fr-CA","@id":"https:\/\/www.psychometrics.com\/fr\/bibliotheque-de-connaissances\/conseils-mbti\/#primaryimage","url":"https:\/\/www.psychometrics.com\/wp-content\/uploads\/2017\/05\/Myers-Briggs-Type-Indicator_MBTI-assessment.jpg","contentUrl":"https:\/\/www.psychometrics.com\/wp-content\/uploads\/2017\/05\/Myers-Briggs-Type-Indicator_MBTI-assessment.jpg","width":1500,"height":300},{"@type":"BreadcrumbList","@id":"https:\/\/www.psychometrics.com\/fr\/bibliotheque-de-connaissances\/conseils-mbti\/#breadcrumb","itemListElement":[{"@type":"ListItem","position":1,"name":"Home","item":"https:\/\/www.psychometrics.com\/fr\/home-2\/"},{"@type":"ListItem","position":2,"name":"Centre de connaissances","item":"https:\/\/www.psychometrics.com\/fr\/bibliotheque-de-connaissances\/"},{"@type":"ListItem","position":3,"name":"Conseils MBTIMD"}]},{"@type":"WebSite","@id":"https:\/\/www.psychometrics.com\/#website","url":"https:\/\/www.psychometrics.com\/","name":"Psychometrics Canada","description":"Les organisations \u00e0 mieux par le biais des personnes","publisher":{"@id":"https:\/\/www.psychometrics.com\/#organization"},"potentialAction":[{"@type":"SearchAction","target":{"@type":"EntryPoint","urlTemplate":"https:\/\/www.psychometrics.com\/?s={search_term_string}"},"query-input":{"@type":"PropertyValueSpecification","valueRequired":true,"valueName":"search_term_string"}}],"inLanguage":"fr-CA"},{"@type":"Organization","@id":"https:\/\/www.psychometrics.com\/#organization","name":"Psychometrics Canada","url":"https:\/\/www.psychometrics.com\/","logo":{"@type":"ImageObject","inLanguage":"fr-CA","@id":"https:\/\/www.psychometrics.com\/#\/schema\/logo\/image\/","url":"https:\/\/www.psychometrics.com\/wp-content\/uploads\/2021\/01\/NewLogo.jpg","contentUrl":"https:\/\/www.psychometrics.com\/wp-content\/uploads\/2021\/01\/NewLogo.jpg","width":1132,"height":155,"caption":"Psychometrics Canada"},"image":{"@id":"https:\/\/www.psychometrics.com\/#\/schema\/logo\/image\/"},"sameAs":["https:\/\/www.facebook.com\/PsychometricsCanada","https:\/\/x.com\/PsychometricsCA"]}]}},"_links":{"self":[{"href":"https:\/\/www.psychometrics.com\/fr\/wp-json\/wp\/v2\/pages\/3452","targetHints":{"allow":["GET"]}}],"collection":[{"href":"https:\/\/www.psychometrics.com\/fr\/wp-json\/wp\/v2\/pages"}],"about":[{"href":"https:\/\/www.psychometrics.com\/fr\/wp-json\/wp\/v2\/types\/page"}],"author":[{"embeddable":true,"href":"https:\/\/www.psychometrics.com\/fr\/wp-json\/wp\/v2\/users\/4"}],"replies":[{"embeddable":true,"href":"https:\/\/www.psychometrics.com\/fr\/wp-json\/wp\/v2\/comments?post=3452"}],"version-history":[{"count":5,"href":"https:\/\/www.psychometrics.com\/fr\/wp-json\/wp\/v2\/pages\/3452\/revisions"}],"predecessor-version":[{"id":24693,"href":"https:\/\/www.psychometrics.com\/fr\/wp-json\/wp\/v2\/pages\/3452\/revisions\/24693"}],"up":[{"embeddable":true,"href":"https:\/\/www.psychometrics.com\/fr\/wp-json\/wp\/v2\/pages\/2013"}],"wp:featuredmedia":[{"embeddable":true,"href":"https:\/\/www.psychometrics.com\/fr\/wp-json\/wp\/v2\/media\/8832"}],"wp:attachment":[{"href":"https:\/\/www.psychometrics.com\/fr\/wp-json\/wp\/v2\/media?parent=3452"}],"curies":[{"name":"wp","href":"https:\/\/api.w.org\/{rel}","templated":true}]}}