{"id":3457,"date":"2015-05-05T16:12:57","date_gmt":"2015-05-05T16:12:57","guid":{"rendered":"https:\/\/www.psychometrics.com\/?page_id=3457"},"modified":"2021-02-01T15:06:39","modified_gmt":"2021-02-01T22:06:39","slug":"lindicateur-de-types-de-personnalite","status":"publish","type":"page","link":"https:\/\/www.psychometrics.com\/fr\/bibliotheque-de-connaissances\/conseils-mbti\/lindicateur-de-types-de-personnalite\/","title":{"rendered":"L\u2019indicateur de types de personnalit\u00e9 :"},"content":{"rendered":"<p><strong>UN OUTIL PRATIQUE DANS LE CHOIX DE CARRI\u00c8RE<\/strong><\/p>\n<p><em>\u00c9crit par Shawn Bakker, Psychologue<\/em><\/p>\n<p><em>Shawn Bakker<\/em><br \/>\n<script type=\"text\/javascript\" src=\"\/\/s7.addthis.com\/js\/300\/addthis_widget.js#pubid=psychometrics\" async=\"async\"><\/script><\/p>\n<div class=\"addthis_sharing_toolbox\"><\/div>\n<hr size=\"1\" \/>\n<p>Lorsque vous aidez les gens dans leur d\u00e9marche de choix de carri\u00e8re, utilisez leurs connaissances des types de personnalit\u00e9 pour faciliter leur collecte d\u2019information et leur processus d\u00e9cisionnel. Le mod\u00e8le de prise de d\u00e9cision en zigzag au moyen duquel on utilise la Sensation, l\u2019Intuition, la Pens\u00e9e et le Sentiment est une formule tr\u00e8s efficace dans l\u2019exploration de carri\u00e8re.<\/p>\n<h5><strong>PREMI\u00c8RE \u00c9TAPE : UTILISEZ LA SENSATION POUR METTRE L\u2019ACCENT SUR LES FAITS<\/strong><\/h5>\n<p>L\u2019utilisation de votre fonction de sensation constitue un bon point de d\u00e9part. Il est tr\u00e8s important de reconna\u00eetre vos d\u00e9fis et les ressources \u00e0 votre port\u00e9e pour prendre des d\u00e9cisions \u00e9clair\u00e9es. Voici quelques questions auxquelles vous pouvez r\u00e9fl\u00e9chir :<\/p>\n<p>1. Qu\u2019est-ce que j\u2019ai aim\u00e9\/d\u00e9test\u00e9 dans le pass\u00e9?<br \/>\n2. Quel est mon \u00e9tat financier, social, acad\u00e9mique \u00e0 l\u2019heure actuelle?<br \/>\n3, Quels sont les emplois et les salaires connexes disponibles?<\/p>\n<h5><strong>DEUXI\u00c8ME \u00c9TAPE : UTILISEZ L\u2019INTUITION POUR CIBLER LES POSSIBILIT\u00c9S<\/strong><\/h5>\n<p>Votre intuition vous aide \u00e0 d\u00e9finir les multiples possibilit\u00e9s dans votre cas et \u00e0 cr\u00e9er des occasions d\u2019\u00e9voluer. C\u2019est en recourant \u00e0 votre fonction d\u2019intuition que vous d\u00e9couvrirez des fa\u00e7ons d\u2019exploiter pleinement vos comp\u00e9tences. Voici quelques questions qui vous aident \u00e0 utiliser votre intuition :<\/p>\n<p>1. Outre la carri\u00e8re plus que parfaite, quels sont les autres emplois\/ m\u00e9tiers qui recherchent des personnes ayant mes comp\u00e9tences et mes pr\u00e9f\u00e9rences?<br \/>\n2. Quelles sont les perspectives d\u2019avenir pour chacun des mes choix de carri\u00e8re?<br \/>\n3. Qu\u2019ont en commun chacune des carri\u00e8res que je trouve int\u00e9ressante\/sans int\u00e9r\u00eat?<\/p>\n<h5>TROISI\u00c8ME \u00c9TAPE : UTILISEZ LA PENS\u00c9E POUR EXAMINER LES CONS\u00c9QUENCES<\/h5>\n<p>Vous devez faire appel \u00e0 votre fonction pens\u00e9e pour analyser votre situation de fa\u00e7on rationnelle et objective. Apr\u00e8s avoir d\u00e9fini les faits et les possibilit\u00e9s qui s\u2019ouvrent \u00e0 vous, vous devez examiner les suites positives et n\u00e9gatives des diverses options. Voici quelques questions qui aident \u00e0 exploiter votre pens\u00e9e :<\/p>\n<p>1. Quels sont les avantages et les inconv\u00e9nients de mes choix probables de carri\u00e8re?<br \/>\n2. De fa\u00e7on objective, qu\u2019est-ce que je recommanderais \u00e0 une personne qui se trouve devant les m\u00eames choix?<br \/>\n3. \u00c0 quel point mes comp\u00e9tences et mes pr\u00e9f\u00e9rences conviennent- elles \u00e0 chacune des carri\u00e8res que j\u2019envisage?<\/p>\n<h5>QUATRI\u00c8ME \u00c9TAPE : UTILISEZ LE SENTIMENT POUR RECONNA\u00ceTRE CE QUI IMPORTE LE PLUS<\/h5>\n<p>Votre fonction sentiment vous aide \u00e0 percevoir ce que vous valorisez le plus dans votre vie et dans votre carri\u00e8re. Vous aurez l\u2019assurance de respecter vos valeurs propres lorsque vous utilisez le sentiment pour \u00e9valuer les cons\u00e9quences de vos choix. Voici des questions qui mettent votre fonction de sentiment \u00e0 l\u2019\u0153uvre :<\/p>\n<p>1. Quelles sont les valeurs qui me tiennent le plus \u00e0 c\u0153ur dans ma vie et dans mon travail?<br \/>\n2. Quels sont les choix de carri\u00e8re qui me donnent, directement, un bon ou un mauvais sentiment?<br \/>\n3. De quelle fa\u00e7on les personnes qui me sont ch\u00e8res r\u00e9agiraient-elles \u00e0 mes choix de carri\u00e8re?<\/p>\n<p>Il est utile d\u2019employer chacune de ces quatre formules pour prendre des d\u00e9cisions \u00e9clair\u00e9es. Bien que ces d\u00e9marches ne vous donnent pas l\u2019assurance de choix de carri\u00e8re parfaits, elles vous permettront d\u2019\u00eatre mieux inform\u00e9 et offriront une vision plus claire de vos choix. Il s\u2019agit avant tout de se concentrer uniform\u00e9ment sur chaque fonction bien que vos pr\u00e9f\u00e9rences individuelles vous dictent d\u2019effleurer certaines fonctions tout en mettant plus d\u2019emphase sur d\u2019autres.<\/p>\n<p><strong>Pour obtenir des articles pratiques tels que ceux mentionn\u00e9s ici, abonnez-vous \u00e0 notre bulletin \u00e9lectronique <a href=\"https:\/\/analytics.clickdimensions.com\/cn\/are8e\/psychometrics-networ\">Psychometrics Direct<\/a><\/strong><\/p>\n","protected":false},"excerpt":{"rendered":"<p>UN OUTIL PRATIQUE DANS LE CHOIX DE CARRI\u00c8RE \u00c9crit par Shawn Bakker, Psychologue Shawn Bakker Lorsque vous aidez les gens dans leur d\u00e9marche de choix de carri\u00e8re, utilisez leurs connaissances<\/p>\n","protected":false},"author":4,"featured_media":0,"parent":3452,"menu_order":0,"comment_status":"open","ping_status":"open","template":"","meta":{"_acf_changed":false,"footnotes":""},"class_list":["post-3457","page","type-page","status-publish","hentry"],"acf":[],"yoast_head":"<!-- This site is optimized with the Yoast SEO plugin v27.2 - https:\/\/yoast.com\/product\/yoast-seo-wordpress\/ -->\n<title>L\u2019indicateur de types de personnalit\u00e9 : - Psychometrics Canada<\/title>\n<meta name=\"description\" content=\"UN OUTIL PRATIQUE DANS LE CHOIX DE CARRI\u00c8RE \u00c9crit par Shawn Bakker, Psychologue Shawn Bakker Lorsque vous aidez les gens dans leur d\u00e9marche de choix de\" \/>\n<meta name=\"robots\" content=\"index, follow, max-snippet:-1, max-image-preview:large, max-video-preview:-1\" \/>\n<link rel=\"canonical\" href=\"https:\/\/www.psychometrics.com\/fr\/bibliotheque-de-connaissances\/conseils-mbti\/lindicateur-de-types-de-personnalite\/\" \/>\n<meta property=\"og:locale\" content=\"fr_CA\" \/>\n<meta property=\"og:type\" content=\"article\" \/>\n<meta property=\"og:title\" content=\"L\u2019indicateur de types de personnalit\u00e9 : - Psychometrics Canada\" \/>\n<meta property=\"og:description\" content=\"UN OUTIL PRATIQUE DANS LE CHOIX DE CARRI\u00c8RE \u00c9crit par Shawn Bakker, Psychologue Shawn Bakker Lorsque vous aidez les gens dans leur d\u00e9marche de choix de\" \/>\n<meta property=\"og:url\" content=\"https:\/\/www.psychometrics.com\/fr\/bibliotheque-de-connaissances\/conseils-mbti\/lindicateur-de-types-de-personnalite\/\" \/>\n<meta property=\"og:site_name\" content=\"Psychometrics Canada\" \/>\n<meta property=\"article:publisher\" content=\"https:\/\/www.facebook.com\/PsychometricsCanada\" \/>\n<meta property=\"article:modified_time\" content=\"2021-02-01T22:06:39+00:00\" \/>\n<meta property=\"og:image\" content=\"https:\/\/www.psychometrics.com\/wp-content\/uploads\/2015\/02\/og-image.png\" \/>\n\t<meta property=\"og:image:width\" content=\"1500\" \/>\n\t<meta property=\"og:image:height\" content=\"1500\" \/>\n\t<meta property=\"og:image:type\" content=\"image\/png\" \/>\n<meta name=\"twitter:card\" content=\"summary_large_image\" \/>\n<meta name=\"twitter:site\" content=\"@PsychometricsCA\" \/>\n<meta name=\"twitter:label1\" content=\"Est. reading time\" \/>\n\t<meta name=\"twitter:data1\" content=\"3 minutes\" \/>\n<script type=\"application\/ld+json\" class=\"yoast-schema-graph\">{\"@context\":\"https:\/\/schema.org\",\"@graph\":[{\"@type\":\"WebPage\",\"@id\":\"https:\/\/www.psychometrics.com\/fr\/bibliotheque-de-connaissances\/conseils-mbti\/lindicateur-de-types-de-personnalite\/\",\"url\":\"https:\/\/www.psychometrics.com\/fr\/bibliotheque-de-connaissances\/conseils-mbti\/lindicateur-de-types-de-personnalite\/\",\"name\":\"L\u2019indicateur de types de personnalit\u00e9 : - Psychometrics Canada\",\"isPartOf\":{\"@id\":\"https:\/\/www.psychometrics.com\/#website\"},\"datePublished\":\"2015-05-05T16:12:57+00:00\",\"dateModified\":\"2021-02-01T22:06:39+00:00\",\"description\":\"UN OUTIL PRATIQUE DANS LE CHOIX DE CARRI\u00c8RE \u00c9crit par Shawn Bakker, Psychologue Shawn Bakker Lorsque vous aidez les gens dans leur d\u00e9marche de choix de\",\"breadcrumb\":{\"@id\":\"https:\/\/www.psychometrics.com\/fr\/bibliotheque-de-connaissances\/conseils-mbti\/lindicateur-de-types-de-personnalite\/#breadcrumb\"},\"inLanguage\":\"fr-CA\",\"potentialAction\":[{\"@type\":\"ReadAction\",\"target\":[\"https:\/\/www.psychometrics.com\/fr\/bibliotheque-de-connaissances\/conseils-mbti\/lindicateur-de-types-de-personnalite\/\"]}]},{\"@type\":\"BreadcrumbList\",\"@id\":\"https:\/\/www.psychometrics.com\/fr\/bibliotheque-de-connaissances\/conseils-mbti\/lindicateur-de-types-de-personnalite\/#breadcrumb\",\"itemListElement\":[{\"@type\":\"ListItem\",\"position\":1,\"name\":\"Home\",\"item\":\"https:\/\/www.psychometrics.com\/fr\/home-2\/\"},{\"@type\":\"ListItem\",\"position\":2,\"name\":\"Centre de connaissances\",\"item\":\"https:\/\/www.psychometrics.com\/fr\/bibliotheque-de-connaissances\/\"},{\"@type\":\"ListItem\",\"position\":3,\"name\":\"Conseils MBTIMD\",\"item\":\"https:\/\/www.psychometrics.com\/fr\/bibliotheque-de-connaissances\/conseils-mbti\/\"},{\"@type\":\"ListItem\",\"position\":4,\"name\":\"L\u2019indicateur de types de personnalit\u00e9 :\"}]},{\"@type\":\"WebSite\",\"@id\":\"https:\/\/www.psychometrics.com\/#website\",\"url\":\"https:\/\/www.psychometrics.com\/\",\"name\":\"Psychometrics Canada\",\"description\":\"Les organisations \u00e0 mieux par le biais des personnes\",\"publisher\":{\"@id\":\"https:\/\/www.psychometrics.com\/#organization\"},\"potentialAction\":[{\"@type\":\"SearchAction\",\"target\":{\"@type\":\"EntryPoint\",\"urlTemplate\":\"https:\/\/www.psychometrics.com\/?s={search_term_string}\"},\"query-input\":{\"@type\":\"PropertyValueSpecification\",\"valueRequired\":true,\"valueName\":\"search_term_string\"}}],\"inLanguage\":\"fr-CA\"},{\"@type\":\"Organization\",\"@id\":\"https:\/\/www.psychometrics.com\/#organization\",\"name\":\"Psychometrics Canada\",\"url\":\"https:\/\/www.psychometrics.com\/\",\"logo\":{\"@type\":\"ImageObject\",\"inLanguage\":\"fr-CA\",\"@id\":\"https:\/\/www.psychometrics.com\/#\/schema\/logo\/image\/\",\"url\":\"https:\/\/www.psychometrics.com\/wp-content\/uploads\/2021\/01\/NewLogo.jpg\",\"contentUrl\":\"https:\/\/www.psychometrics.com\/wp-content\/uploads\/2021\/01\/NewLogo.jpg\",\"width\":1132,\"height\":155,\"caption\":\"Psychometrics Canada\"},\"image\":{\"@id\":\"https:\/\/www.psychometrics.com\/#\/schema\/logo\/image\/\"},\"sameAs\":[\"https:\/\/www.facebook.com\/PsychometricsCanada\",\"https:\/\/x.com\/PsychometricsCA\"]}]}<\/script>\n<!-- \/ Yoast SEO plugin. -->","yoast_head_json":{"title":"L\u2019indicateur de types de personnalit\u00e9 : - Psychometrics Canada","description":"UN OUTIL PRATIQUE DANS LE CHOIX DE CARRI\u00c8RE \u00c9crit par Shawn Bakker, Psychologue Shawn Bakker Lorsque vous aidez les gens dans leur d\u00e9marche de choix de","robots":{"index":"index","follow":"follow","max-snippet":"max-snippet:-1","max-image-preview":"max-image-preview:large","max-video-preview":"max-video-preview:-1"},"canonical":"https:\/\/www.psychometrics.com\/fr\/bibliotheque-de-connaissances\/conseils-mbti\/lindicateur-de-types-de-personnalite\/","og_locale":"fr_CA","og_type":"article","og_title":"L\u2019indicateur de types de personnalit\u00e9 : - Psychometrics Canada","og_description":"UN OUTIL PRATIQUE DANS LE CHOIX DE CARRI\u00c8RE \u00c9crit par Shawn Bakker, Psychologue Shawn Bakker Lorsque vous aidez les gens dans leur d\u00e9marche de choix de","og_url":"https:\/\/www.psychometrics.com\/fr\/bibliotheque-de-connaissances\/conseils-mbti\/lindicateur-de-types-de-personnalite\/","og_site_name":"Psychometrics Canada","article_publisher":"https:\/\/www.facebook.com\/PsychometricsCanada","article_modified_time":"2021-02-01T22:06:39+00:00","og_image":[{"width":1500,"height":1500,"url":"https:\/\/www.psychometrics.com\/wp-content\/uploads\/2015\/02\/og-image.png","type":"image\/png"}],"twitter_card":"summary_large_image","twitter_site":"@PsychometricsCA","twitter_misc":{"Est. reading time":"3 minutes"},"schema":{"@context":"https:\/\/schema.org","@graph":[{"@type":"WebPage","@id":"https:\/\/www.psychometrics.com\/fr\/bibliotheque-de-connaissances\/conseils-mbti\/lindicateur-de-types-de-personnalite\/","url":"https:\/\/www.psychometrics.com\/fr\/bibliotheque-de-connaissances\/conseils-mbti\/lindicateur-de-types-de-personnalite\/","name":"L\u2019indicateur de types de personnalit\u00e9 : - Psychometrics Canada","isPartOf":{"@id":"https:\/\/www.psychometrics.com\/#website"},"datePublished":"2015-05-05T16:12:57+00:00","dateModified":"2021-02-01T22:06:39+00:00","description":"UN OUTIL PRATIQUE DANS LE CHOIX DE CARRI\u00c8RE \u00c9crit par Shawn Bakker, Psychologue Shawn Bakker Lorsque vous aidez les gens dans leur d\u00e9marche de choix de","breadcrumb":{"@id":"https:\/\/www.psychometrics.com\/fr\/bibliotheque-de-connaissances\/conseils-mbti\/lindicateur-de-types-de-personnalite\/#breadcrumb"},"inLanguage":"fr-CA","potentialAction":[{"@type":"ReadAction","target":["https:\/\/www.psychometrics.com\/fr\/bibliotheque-de-connaissances\/conseils-mbti\/lindicateur-de-types-de-personnalite\/"]}]},{"@type":"BreadcrumbList","@id":"https:\/\/www.psychometrics.com\/fr\/bibliotheque-de-connaissances\/conseils-mbti\/lindicateur-de-types-de-personnalite\/#breadcrumb","itemListElement":[{"@type":"ListItem","position":1,"name":"Home","item":"https:\/\/www.psychometrics.com\/fr\/home-2\/"},{"@type":"ListItem","position":2,"name":"Centre de connaissances","item":"https:\/\/www.psychometrics.com\/fr\/bibliotheque-de-connaissances\/"},{"@type":"ListItem","position":3,"name":"Conseils MBTIMD","item":"https:\/\/www.psychometrics.com\/fr\/bibliotheque-de-connaissances\/conseils-mbti\/"},{"@type":"ListItem","position":4,"name":"L\u2019indicateur de types de personnalit\u00e9 :"}]},{"@type":"WebSite","@id":"https:\/\/www.psychometrics.com\/#website","url":"https:\/\/www.psychometrics.com\/","name":"Psychometrics Canada","description":"Les organisations \u00e0 mieux par le biais des personnes","publisher":{"@id":"https:\/\/www.psychometrics.com\/#organization"},"potentialAction":[{"@type":"SearchAction","target":{"@type":"EntryPoint","urlTemplate":"https:\/\/www.psychometrics.com\/?s={search_term_string}"},"query-input":{"@type":"PropertyValueSpecification","valueRequired":true,"valueName":"search_term_string"}}],"inLanguage":"fr-CA"},{"@type":"Organization","@id":"https:\/\/www.psychometrics.com\/#organization","name":"Psychometrics Canada","url":"https:\/\/www.psychometrics.com\/","logo":{"@type":"ImageObject","inLanguage":"fr-CA","@id":"https:\/\/www.psychometrics.com\/#\/schema\/logo\/image\/","url":"https:\/\/www.psychometrics.com\/wp-content\/uploads\/2021\/01\/NewLogo.jpg","contentUrl":"https:\/\/www.psychometrics.com\/wp-content\/uploads\/2021\/01\/NewLogo.jpg","width":1132,"height":155,"caption":"Psychometrics Canada"},"image":{"@id":"https:\/\/www.psychometrics.com\/#\/schema\/logo\/image\/"},"sameAs":["https:\/\/www.facebook.com\/PsychometricsCanada","https:\/\/x.com\/PsychometricsCA"]}]}},"_links":{"self":[{"href":"https:\/\/www.psychometrics.com\/fr\/wp-json\/wp\/v2\/pages\/3457","targetHints":{"allow":["GET"]}}],"collection":[{"href":"https:\/\/www.psychometrics.com\/fr\/wp-json\/wp\/v2\/pages"}],"about":[{"href":"https:\/\/www.psychometrics.com\/fr\/wp-json\/wp\/v2\/types\/page"}],"author":[{"embeddable":true,"href":"https:\/\/www.psychometrics.com\/fr\/wp-json\/wp\/v2\/users\/4"}],"replies":[{"embeddable":true,"href":"https:\/\/www.psychometrics.com\/fr\/wp-json\/wp\/v2\/comments?post=3457"}],"version-history":[{"count":1,"href":"https:\/\/www.psychometrics.com\/fr\/wp-json\/wp\/v2\/pages\/3457\/revisions"}],"predecessor-version":[{"id":19614,"href":"https:\/\/www.psychometrics.com\/fr\/wp-json\/wp\/v2\/pages\/3457\/revisions\/19614"}],"up":[{"embeddable":true,"href":"https:\/\/www.psychometrics.com\/fr\/wp-json\/wp\/v2\/pages\/3452"}],"wp:attachment":[{"href":"https:\/\/www.psychometrics.com\/fr\/wp-json\/wp\/v2\/media?parent=3457"}],"curies":[{"name":"wp","href":"https:\/\/api.w.org\/{rel}","templated":true}]}}