{"id":3459,"date":"2015-05-05T16:18:25","date_gmt":"2015-05-05T16:18:25","guid":{"rendered":"https:\/\/www.psychometrics.com\/?page_id=3459"},"modified":"2021-02-01T15:21:44","modified_gmt":"2021-02-01T22:21:44","slug":"saisir-le-sens-de-vos-resultats-de-niveau-ii","status":"publish","type":"page","link":"https:\/\/www.psychometrics.com\/fr\/bibliotheque-de-connaissances\/conseils-mbti\/saisir-le-sens-de-vos-resultats-de-niveau-ii\/","title":{"rendered":"Saisir le sens de vos r\u00e9sultats de Niveau II"},"content":{"rendered":"<p>Robert Devine,<br \/>\n<em>CPP, Inc. sp\u00e9cialiste de tests. Reproduit avec la permission de CPP, Inc.<\/em><br \/>\n<script type=\"text\/javascript\" src=\"\/\/s7.addthis.com\/js\/300\/addthis_widget.js#pubid=psychometrics\" async=\"async\"><\/script><\/p>\n<div class=\"addthis_sharing_toolbox\"><\/div>\n<hr size=\"1\" \/>\n<h2>PARTie I<\/h2>\n<p>Souvent, de nouveaux utilisateurs des produits MBTI<sup>MD<\/sup> Niveau II, version Q nous disent : \u00ab L\u2019une de nos clientes dont les r\u00e9sultats sous-entendent qu\u2019elle est\u2026 [T ou F ou S ou N, etc.], mais trois facettes ou plus de cette dichotomie se trouvent dans un entre-deux ou vont nettement dans la direction contraire. Y a-t-il une erreur? Comment expliquer ce ph\u00e9nom\u00e8ne \u00e0 la cliente? \u00bb<\/p>\n<p>Ces questions provoquent une r\u00e9ponse \u00e0 double volet. Le premier est de nature plut\u00f4t m\u00e9canique et porte sur l\u2019\u00e9tude de la fa\u00e7on qu\u2019une telle situation peut se produire au niveau de l\u2019item. Le deuxi\u00e8me volet de la r\u00e9ponse examine les strat\u00e9gies d\u00e9ploy\u00e9es pour explorer ces r\u00e9sultats avec le client; il porte sur le savoir-faire du sp\u00e9cialiste de types. Soucieux de respecter le cadre de r\u00e9daction, nous nous adresserons \u00e0 la premi\u00e8re partie de cette r\u00e9ponse.<\/p>\n<p>Au d\u00e9part, il n\u2019y a sans doute pas d\u2019erreur dans les r\u00e9sultats expos\u00e9s ci-dessus. Pour bien comprendre comment un client peut obtenir des r\u00e9sultats \u00e0 multiples facettes \u00e0 l\u2019oppos\u00e9 de sa pr\u00e9f\u00e9rence fondamentale, il faut examiner la configuration des \u00e9chelles du MBTI Niveau II. La Version Q renferme 144 items auxquels se greffe la version int\u00e9grale et compl\u00e8te du formulaire M de l\u2019outil comprenant 93 items. Ces 93 items sont destin\u00e9s \u00e0 fournir le type \u00e0 quatre lettres du client tandis que les 51 autres items (144 moins 93) alimentent les facettes de Niveau II. Cependant, 51 items ne suffisent pas \u00e0 alimenter ad\u00e9quatement les 20 facettes (les \u00e9chelles de facettes sont br\u00e8ves; elles renferment de cinq \u00e0 neuf items), il faut donc utiliser quelques-uns des 93 items originaux une deuxi\u00e8me fois, mais cette fois, en employant des indices de pointage diff\u00e9rents.<\/p>\n<p>Certaines facettes se composent quasi enti\u00e8rement d\u2019items qui font double usage, d\u2019une part sur l\u2019\u00e9chelle des facettes et d\u2019autre part sur l\u2019\u00e9chelle correspondante des pr\u00e9f\u00e9rences. Examinons l\u2019exemple suivant : l\u2019\u00e9chelle de facette concret-abstrait consiste en neuf items dont sept se trouvent \u00e9galement sur l\u2019\u00e9chelle de pr\u00e9f\u00e9rence SN. Il n\u2019est donc pas surprenant de voir que cette facette correspond grandement \u00e0 SN, c\u2019est-\u00e0-dire qu\u2019il est plus probable que le client qui obtient un r\u00e9sultat ax\u00e9 sur le Sentiment obtiendra \u00e9galement un r\u00e9sultat ax\u00e9 sur le Pratique.<\/p>\n<p>Dans ce m\u00eame ordre d\u2019id\u00e9es, le client qui obtient un r\u00e9sultat ax\u00e9 sur l\u2019Intuition verra sans doute un r\u00e9sultat qui tend vers l\u2019Abstrait. Comparons ces r\u00e9sultats \u00e0 l\u2019\u00e9chelle de facettes Interrogation-Conciliation de l\u2019\u00e9chelle de pr\u00e9f\u00e9rence TF (ou toute autre \u00e9chelle, quant \u00e0 cela). Il est donc tout \u00e0 fait possible que le client d\u2019exprimer ses pr\u00e9f\u00e9rences TF ind\u00e9pendamment de leurs composantes Interrogation-Complaisante. Le m\u00eame argument vaut aussi pour l\u2019\u00e9chelle de facettes Critique-Compr\u00e9hensive.<\/p>\n<p>Devant de tels exemples, il n\u2019est pas surprenant que SN soit l\u2019\u00e9chelle de pr\u00e9f\u00e9rence la moins probable sur laquelle le client pourra exhiber trois ou quatre facettes du p\u00f4le oppos\u00e9; cela pourrait se produire \u00e0 peine 4 pour cent du temps. Par contre, il est plus probable que l\u2019\u00e9chelle de pr\u00e9f\u00e9rence TF soit celle qui affiche un r\u00e9sultat de facette \u00ab hors de pr\u00e9f\u00e9rence \u00bb; entre 6 et 7 pour cent, des clients s\u2019attendent \u00e0 obtenir des r\u00e9sultats \u00e0 3 et \u00e0 4 facettes du p\u00f4le oppos\u00e9. Les passionn\u00e9s de donn\u00e9es trouveront toutes ces donn\u00e9es dans le Manuel MBTI<sup>MD<\/sup> \u2013 Niveau II (consultez les pages 104 et 105).<\/p>\n<p>En r\u00e9sum\u00e9, les deux groupes d\u2019\u00e9chelles MBTI (l\u2019ensemble de quatre \u00e9chelles de pr\u00e9f\u00e9rences principales et l\u2019ensemble d\u2019\u00e9chelles de 20 facettes) peuvent fonctionner s\u00e9par\u00e9ment. Il faut noter simplement que ceci se produit avec certaines facettes plus que d\u2019autres. En d\u2019autres mots, les r\u00e9sultats de facettes \u00ab n\u2019atteignent pas \u00bb le r\u00e9sultat de l\u2019\u00e9chelle de pr\u00e9f\u00e9rences.<\/p>\n<hr size=\"1\" \/>\n<h2>PARTie II<\/h2>\n<p>Passons \u00e0 la seconde partie de la r\u00e9ponse : comment traiter ce r\u00e9sultat confondant avec vos clients? Au mieux, il suffit d\u2019accorder que les r\u00e9sultats non conformes aux pref\u00e9r\u00e9nces pour quatre ou cinq facettes se produisent assez r\u00e9guli\u00e8rement (entre 4% et 7% du temps, selon la facette) et d\u2019aller au-devant du probl\u00e8me avant qu\u2019il nuise \u00e0 vos s\u00e9ances d\u2019interpr\u00e9tation des r\u00e9sultats. Autrement dit, prenez le temps d\u2019examiner le type en proc\u00e9dant \u00e0 un exercice de v\u00e9rification du type t\u00f4t dans les rencontres avec vos clients avant qu\u2019ils d\u00e9couvrent ou lisent leurs types cibl\u00e9s. Plusieurs ressources MBTI offrent des formules pratiques pour traiter efficacement cette question dont le Manuel MBTI et le Manuel du Niveau II. L\u2019exercice d\u2019ajustement optimal vous m\u00e8nera tout droit vers une exploration des dichotomies sur lesquelles le client a partag\u00e9 son vote. Les dichotomies dont les pr\u00e9f\u00e9rences sont impr\u00e9cises sont g\u00e9n\u00e9ralement les endroits o\u00f9 se produisent les r\u00e9sultats non conformes aux pref\u00e9r\u00e9nces.<\/p>\n<p>Apr\u00e8s avoir fait la lumi\u00e8re sur le type qui lui convient, et \u00e0 la suite d\u2019une exploration de sujets tels que le d\u00e9veloppement de type, les exigences particuli\u00e8res du lieu de travail du client et\/ou celui des relations interpersonnelles cl\u00e9s, vous devrez rassurer votre client \u00e0 plusieurs niveaux lors de vos discussions de r\u00e9sultats HDP, soit :<\/p>\n<ul>\n<li>les r\u00e9sultats non conformes aux pref\u00e9r\u00e9nces ne donnent aucunement \u00e0 penser qu\u2019il existe une anomalie.<\/li>\n<li>votre client et l\u2019outil MBTI n\u2019ont pas commis d\u2019erreurs.<\/li>\n<li>bien que les diff\u00e9rences entre les r\u00e9sultats du Niveau I et du Niveau II laissent croire \u00e0 des incompatibilit\u00e9s, elles constituent pour votre client des occasions int\u00e9ressantes de tirer avantage des distinctions qui se rattachent \u00e0 son type de personnalit\u00e9.<\/li>\n<li>les r\u00e9sultats des facettes constituent pour votre client la fa\u00e7on singuli\u00e8re qu\u2019il exprime son type entier; un ensemble particulier de r\u00e9sultats de facettes nous permet d\u2019observer comment, par exemple, ce type ENFP ressemble \u00e0 tous les autres ENFP, ressemble \u00e0 certains ENFP ou se distingue compl\u00e8tement de tout autre ENFP.<\/li>\n<\/ul>\n<p><strong>Pour obtenir des articles pratiques tels que ceux mentionn\u00e9s ici, abonnez-vous \u00e0 notre bulletin \u00e9lectronique <a href=\"https:\/\/analytics.clickdimensions.com\/cn\/are8e\/psychometrics-networ\" target=\"_blank\" rel=\"noopener\">Psychometrics Direct<\/a><\/strong><\/p>\n","protected":false},"excerpt":{"rendered":"<p>Robert Devine, CPP, Inc. sp\u00e9cialiste de tests. Reproduit avec la permission de CPP, Inc. PARTie I Souvent, de nouveaux utilisateurs des produits MBTIMD Niveau II, version Q nous disent :<\/p>\n","protected":false},"author":4,"featured_media":0,"parent":3452,"menu_order":0,"comment_status":"open","ping_status":"open","template":"","meta":{"_acf_changed":false,"footnotes":""},"class_list":["post-3459","page","type-page","status-publish","hentry"],"acf":[],"yoast_head":"<!-- This site is optimized with the Yoast SEO plugin v27.2 - https:\/\/yoast.com\/product\/yoast-seo-wordpress\/ -->\n<title>Saisir le sens de vos r\u00e9sultats de Niveau II - Psychometrics Canada<\/title>\n<meta name=\"description\" content=\"Robert Devine, CPP, Inc. sp\u00e9cialiste de tests. Reproduit avec la permission de CPP, Inc. PARTie I Souvent, de nouveaux utilisateurs des produits MBTIMD\" \/>\n<meta name=\"robots\" content=\"index, follow, max-snippet:-1, max-image-preview:large, max-video-preview:-1\" \/>\n<link rel=\"canonical\" href=\"https:\/\/www.psychometrics.com\/fr\/bibliotheque-de-connaissances\/conseils-mbti\/saisir-le-sens-de-vos-resultats-de-niveau-ii\/\" \/>\n<meta property=\"og:locale\" content=\"fr_CA\" \/>\n<meta property=\"og:type\" content=\"article\" \/>\n<meta property=\"og:title\" content=\"Saisir le sens de vos r\u00e9sultats de Niveau II - Psychometrics Canada\" \/>\n<meta property=\"og:description\" content=\"Robert Devine, CPP, Inc. sp\u00e9cialiste de tests. Reproduit avec la permission de CPP, Inc. PARTie I Souvent, de nouveaux utilisateurs des produits MBTIMD\" \/>\n<meta property=\"og:url\" content=\"https:\/\/www.psychometrics.com\/fr\/bibliotheque-de-connaissances\/conseils-mbti\/saisir-le-sens-de-vos-resultats-de-niveau-ii\/\" \/>\n<meta property=\"og:site_name\" content=\"Psychometrics Canada\" \/>\n<meta property=\"article:publisher\" content=\"https:\/\/www.facebook.com\/PsychometricsCanada\" \/>\n<meta property=\"article:modified_time\" content=\"2021-02-01T22:21:44+00:00\" \/>\n<meta property=\"og:image\" content=\"https:\/\/www.psychometrics.com\/wp-content\/uploads\/2015\/02\/og-image.png\" \/>\n\t<meta property=\"og:image:width\" content=\"1500\" \/>\n\t<meta property=\"og:image:height\" content=\"1500\" \/>\n\t<meta property=\"og:image:type\" content=\"image\/png\" \/>\n<meta name=\"twitter:card\" content=\"summary_large_image\" \/>\n<meta name=\"twitter:site\" content=\"@PsychometricsCA\" \/>\n<meta name=\"twitter:label1\" content=\"Est. reading time\" \/>\n\t<meta name=\"twitter:data1\" content=\"5 minutes\" \/>\n<script type=\"application\/ld+json\" class=\"yoast-schema-graph\">{\"@context\":\"https:\/\/schema.org\",\"@graph\":[{\"@type\":\"WebPage\",\"@id\":\"https:\/\/www.psychometrics.com\/fr\/bibliotheque-de-connaissances\/conseils-mbti\/saisir-le-sens-de-vos-resultats-de-niveau-ii\/\",\"url\":\"https:\/\/www.psychometrics.com\/fr\/bibliotheque-de-connaissances\/conseils-mbti\/saisir-le-sens-de-vos-resultats-de-niveau-ii\/\",\"name\":\"Saisir le sens de vos r\u00e9sultats de Niveau II - Psychometrics Canada\",\"isPartOf\":{\"@id\":\"https:\/\/www.psychometrics.com\/#website\"},\"datePublished\":\"2015-05-05T16:18:25+00:00\",\"dateModified\":\"2021-02-01T22:21:44+00:00\",\"description\":\"Robert Devine, CPP, Inc. sp\u00e9cialiste de tests. Reproduit avec la permission de CPP, Inc. PARTie I Souvent, de nouveaux utilisateurs des produits MBTIMD\",\"breadcrumb\":{\"@id\":\"https:\/\/www.psychometrics.com\/fr\/bibliotheque-de-connaissances\/conseils-mbti\/saisir-le-sens-de-vos-resultats-de-niveau-ii\/#breadcrumb\"},\"inLanguage\":\"fr-CA\",\"potentialAction\":[{\"@type\":\"ReadAction\",\"target\":[\"https:\/\/www.psychometrics.com\/fr\/bibliotheque-de-connaissances\/conseils-mbti\/saisir-le-sens-de-vos-resultats-de-niveau-ii\/\"]}]},{\"@type\":\"BreadcrumbList\",\"@id\":\"https:\/\/www.psychometrics.com\/fr\/bibliotheque-de-connaissances\/conseils-mbti\/saisir-le-sens-de-vos-resultats-de-niveau-ii\/#breadcrumb\",\"itemListElement\":[{\"@type\":\"ListItem\",\"position\":1,\"name\":\"Home\",\"item\":\"https:\/\/www.psychometrics.com\/fr\/home-2\/\"},{\"@type\":\"ListItem\",\"position\":2,\"name\":\"Centre de connaissances\",\"item\":\"https:\/\/www.psychometrics.com\/fr\/bibliotheque-de-connaissances\/\"},{\"@type\":\"ListItem\",\"position\":3,\"name\":\"Conseils MBTIMD\",\"item\":\"https:\/\/www.psychometrics.com\/fr\/bibliotheque-de-connaissances\/conseils-mbti\/\"},{\"@type\":\"ListItem\",\"position\":4,\"name\":\"Saisir le sens de vos r\u00e9sultats de Niveau II\"}]},{\"@type\":\"WebSite\",\"@id\":\"https:\/\/www.psychometrics.com\/#website\",\"url\":\"https:\/\/www.psychometrics.com\/\",\"name\":\"Psychometrics Canada\",\"description\":\"Les organisations \u00e0 mieux par le biais des personnes\",\"publisher\":{\"@id\":\"https:\/\/www.psychometrics.com\/#organization\"},\"potentialAction\":[{\"@type\":\"SearchAction\",\"target\":{\"@type\":\"EntryPoint\",\"urlTemplate\":\"https:\/\/www.psychometrics.com\/?s={search_term_string}\"},\"query-input\":{\"@type\":\"PropertyValueSpecification\",\"valueRequired\":true,\"valueName\":\"search_term_string\"}}],\"inLanguage\":\"fr-CA\"},{\"@type\":\"Organization\",\"@id\":\"https:\/\/www.psychometrics.com\/#organization\",\"name\":\"Psychometrics Canada\",\"url\":\"https:\/\/www.psychometrics.com\/\",\"logo\":{\"@type\":\"ImageObject\",\"inLanguage\":\"fr-CA\",\"@id\":\"https:\/\/www.psychometrics.com\/#\/schema\/logo\/image\/\",\"url\":\"https:\/\/www.psychometrics.com\/wp-content\/uploads\/2021\/01\/NewLogo.jpg\",\"contentUrl\":\"https:\/\/www.psychometrics.com\/wp-content\/uploads\/2021\/01\/NewLogo.jpg\",\"width\":1132,\"height\":155,\"caption\":\"Psychometrics Canada\"},\"image\":{\"@id\":\"https:\/\/www.psychometrics.com\/#\/schema\/logo\/image\/\"},\"sameAs\":[\"https:\/\/www.facebook.com\/PsychometricsCanada\",\"https:\/\/x.com\/PsychometricsCA\"]}]}<\/script>\n<!-- \/ Yoast SEO plugin. -->","yoast_head_json":{"title":"Saisir le sens de vos r\u00e9sultats de Niveau II - Psychometrics Canada","description":"Robert Devine, CPP, Inc. sp\u00e9cialiste de tests. Reproduit avec la permission de CPP, Inc. PARTie I Souvent, de nouveaux utilisateurs des produits MBTIMD","robots":{"index":"index","follow":"follow","max-snippet":"max-snippet:-1","max-image-preview":"max-image-preview:large","max-video-preview":"max-video-preview:-1"},"canonical":"https:\/\/www.psychometrics.com\/fr\/bibliotheque-de-connaissances\/conseils-mbti\/saisir-le-sens-de-vos-resultats-de-niveau-ii\/","og_locale":"fr_CA","og_type":"article","og_title":"Saisir le sens de vos r\u00e9sultats de Niveau II - Psychometrics Canada","og_description":"Robert Devine, CPP, Inc. sp\u00e9cialiste de tests. Reproduit avec la permission de CPP, Inc. PARTie I Souvent, de nouveaux utilisateurs des produits MBTIMD","og_url":"https:\/\/www.psychometrics.com\/fr\/bibliotheque-de-connaissances\/conseils-mbti\/saisir-le-sens-de-vos-resultats-de-niveau-ii\/","og_site_name":"Psychometrics Canada","article_publisher":"https:\/\/www.facebook.com\/PsychometricsCanada","article_modified_time":"2021-02-01T22:21:44+00:00","og_image":[{"width":1500,"height":1500,"url":"https:\/\/www.psychometrics.com\/wp-content\/uploads\/2015\/02\/og-image.png","type":"image\/png"}],"twitter_card":"summary_large_image","twitter_site":"@PsychometricsCA","twitter_misc":{"Est. reading time":"5 minutes"},"schema":{"@context":"https:\/\/schema.org","@graph":[{"@type":"WebPage","@id":"https:\/\/www.psychometrics.com\/fr\/bibliotheque-de-connaissances\/conseils-mbti\/saisir-le-sens-de-vos-resultats-de-niveau-ii\/","url":"https:\/\/www.psychometrics.com\/fr\/bibliotheque-de-connaissances\/conseils-mbti\/saisir-le-sens-de-vos-resultats-de-niveau-ii\/","name":"Saisir le sens de vos r\u00e9sultats de Niveau II - Psychometrics Canada","isPartOf":{"@id":"https:\/\/www.psychometrics.com\/#website"},"datePublished":"2015-05-05T16:18:25+00:00","dateModified":"2021-02-01T22:21:44+00:00","description":"Robert Devine, CPP, Inc. sp\u00e9cialiste de tests. Reproduit avec la permission de CPP, Inc. PARTie I Souvent, de nouveaux utilisateurs des produits MBTIMD","breadcrumb":{"@id":"https:\/\/www.psychometrics.com\/fr\/bibliotheque-de-connaissances\/conseils-mbti\/saisir-le-sens-de-vos-resultats-de-niveau-ii\/#breadcrumb"},"inLanguage":"fr-CA","potentialAction":[{"@type":"ReadAction","target":["https:\/\/www.psychometrics.com\/fr\/bibliotheque-de-connaissances\/conseils-mbti\/saisir-le-sens-de-vos-resultats-de-niveau-ii\/"]}]},{"@type":"BreadcrumbList","@id":"https:\/\/www.psychometrics.com\/fr\/bibliotheque-de-connaissances\/conseils-mbti\/saisir-le-sens-de-vos-resultats-de-niveau-ii\/#breadcrumb","itemListElement":[{"@type":"ListItem","position":1,"name":"Home","item":"https:\/\/www.psychometrics.com\/fr\/home-2\/"},{"@type":"ListItem","position":2,"name":"Centre de connaissances","item":"https:\/\/www.psychometrics.com\/fr\/bibliotheque-de-connaissances\/"},{"@type":"ListItem","position":3,"name":"Conseils MBTIMD","item":"https:\/\/www.psychometrics.com\/fr\/bibliotheque-de-connaissances\/conseils-mbti\/"},{"@type":"ListItem","position":4,"name":"Saisir le sens de vos r\u00e9sultats de Niveau II"}]},{"@type":"WebSite","@id":"https:\/\/www.psychometrics.com\/#website","url":"https:\/\/www.psychometrics.com\/","name":"Psychometrics Canada","description":"Les organisations \u00e0 mieux par le biais des personnes","publisher":{"@id":"https:\/\/www.psychometrics.com\/#organization"},"potentialAction":[{"@type":"SearchAction","target":{"@type":"EntryPoint","urlTemplate":"https:\/\/www.psychometrics.com\/?s={search_term_string}"},"query-input":{"@type":"PropertyValueSpecification","valueRequired":true,"valueName":"search_term_string"}}],"inLanguage":"fr-CA"},{"@type":"Organization","@id":"https:\/\/www.psychometrics.com\/#organization","name":"Psychometrics Canada","url":"https:\/\/www.psychometrics.com\/","logo":{"@type":"ImageObject","inLanguage":"fr-CA","@id":"https:\/\/www.psychometrics.com\/#\/schema\/logo\/image\/","url":"https:\/\/www.psychometrics.com\/wp-content\/uploads\/2021\/01\/NewLogo.jpg","contentUrl":"https:\/\/www.psychometrics.com\/wp-content\/uploads\/2021\/01\/NewLogo.jpg","width":1132,"height":155,"caption":"Psychometrics Canada"},"image":{"@id":"https:\/\/www.psychometrics.com\/#\/schema\/logo\/image\/"},"sameAs":["https:\/\/www.facebook.com\/PsychometricsCanada","https:\/\/x.com\/PsychometricsCA"]}]}},"_links":{"self":[{"href":"https:\/\/www.psychometrics.com\/fr\/wp-json\/wp\/v2\/pages\/3459","targetHints":{"allow":["GET"]}}],"collection":[{"href":"https:\/\/www.psychometrics.com\/fr\/wp-json\/wp\/v2\/pages"}],"about":[{"href":"https:\/\/www.psychometrics.com\/fr\/wp-json\/wp\/v2\/types\/page"}],"author":[{"embeddable":true,"href":"https:\/\/www.psychometrics.com\/fr\/wp-json\/wp\/v2\/users\/4"}],"replies":[{"embeddable":true,"href":"https:\/\/www.psychometrics.com\/fr\/wp-json\/wp\/v2\/comments?post=3459"}],"version-history":[{"count":3,"href":"https:\/\/www.psychometrics.com\/fr\/wp-json\/wp\/v2\/pages\/3459\/revisions"}],"predecessor-version":[{"id":19628,"href":"https:\/\/www.psychometrics.com\/fr\/wp-json\/wp\/v2\/pages\/3459\/revisions\/19628"}],"up":[{"embeddable":true,"href":"https:\/\/www.psychometrics.com\/fr\/wp-json\/wp\/v2\/pages\/3452"}],"wp:attachment":[{"href":"https:\/\/www.psychometrics.com\/fr\/wp-json\/wp\/v2\/media?parent=3459"}],"curies":[{"name":"wp","href":"https:\/\/api.w.org\/{rel}","templated":true}]}}