{"id":3869,"date":"2015-05-11T14:40:18","date_gmt":"2015-05-11T14:40:18","guid":{"rendered":"https:\/\/www.psychometrics.com\/?page_id=3869"},"modified":"2026-04-10T12:13:53","modified_gmt":"2026-04-10T18:13:53","slug":"psychometrics-canada-guides-et-manuels","status":"publish","type":"page","link":"https:\/\/www.psychometrics.com\/fr\/psychometrics-canada-guides-et-manuels\/","title":{"rendered":"Guides et Manuels"},"content":{"rendered":"\n<div class=\"wp-block-group wp-block-group--content is-vertical is-layout-flex wp-container-core-group-is-layout-8cf370e7 wp-block-group-is-layout-flex\">\n<h2 class=\"wp-block-heading\">Guides et Manuels<\/h2>\n<\/div>\n\n\n\n<div class=\"wp-block-group wp-block-group--content is-vertical is-layout-flex wp-container-core-group-is-layout-8cf370e7 wp-block-group-is-layout-flex\">\n<h2 class=\"wp-block-heading\">Ces guides indispensables peuvent \u00eatre t\u00e9l\u00e9charg\u00e9s gratuitement.<\/h2>\n\n\n\n<hr class=\"wp-block-separator has-alpha-channel-opacity\"\/>\n\n\n\n<p><a href=\"https:\/\/www.psychometrics.com\/wp-content\/uploads\/2015\/05\/strong-occ-fr.pdf\" target=\"_blank\" rel=\"noopener noreferrer\">Manuel de l\u2019Inventaire des int\u00e9r\u00eats professionnels StrongMD mise \u00e0 jour en 2012<\/a><\/p>\n\n\n\n<p><a href=\"https:\/\/www.psychometrics.com\/wp-content\/uploads\/2016\/04\/guide-de-jumelage-emploi-IPT-2014.pdf\" target=\"_blank\" rel=\"noopener noreferrer\">Guide de jumelage d&#8217;emploi de IPT 2014<\/a><\/p>\n\n\n\n<p><a href=\"https:\/\/www.psychometrics.com\/wp-content\/uploads\/2019\/12\/GUIDE-DES-QUESTIONS-DENTREVUE-POUR-LINDICE-DE-PERSONNALITE-DE-TRAVAIL-Logos.pdf\" target=\"_blank\" rel=\"noopener noreferrer\">Guide des questions d&rsquo;entrevue pour l&rsquo;indice de personnalit\u00e9 de travail<\/a><\/p>\n<\/div>\n","protected":false},"excerpt":{"rendered":"<p>Guides et Manuels Ces guides indispensables peuvent \u00eatre t\u00e9l\u00e9charg\u00e9s gratuitement. Manuel de l\u2019Inventaire des int\u00e9r\u00eats professionnels StrongMD mise \u00e0 jour en 2012 Guide de&#8230;<\/p>\n","protected":false},"author":4,"featured_media":7151,"parent":0,"menu_order":32,"comment_status":"closed","ping_status":"closed","template":"","meta":{"_acf_changed":false,"footnotes":""},"class_list":["post-3869","page","type-page","status-publish","has-post-thumbnail","hentry"],"acf":[],"yoast_head":"<!-- This site is optimized with the Yoast SEO plugin v27.5 - https:\/\/yoast.com\/product\/yoast-seo-wordpress\/ -->\n<title>Guides et manuels | Psychometrics Canada<\/title>\n<meta name=\"description\" content=\"Manuels et guides pour les \u00e9valuations psychom\u00e9triques, y compris Myers-Briggs, Inventaire des centres d&#039;int\u00e9r\u00eat, Index de la personnalit\u00e9 au travail, TKI, et autres excellentes \u00e9valuations.\" \/>\n<meta name=\"robots\" content=\"index, follow, max-snippet:-1, max-image-preview:large, max-video-preview:-1\" \/>\n<link rel=\"canonical\" href=\"https:\/\/www.psychometrics.com\/fr\/psychometrics-canada-guides-et-manuels\/\" \/>\n<meta property=\"og:locale\" content=\"fr_FR\" \/>\n<meta property=\"og:type\" content=\"article\" \/>\n<meta property=\"og:title\" content=\"Guides et manuels | Psychometrics Canada\" \/>\n<meta property=\"og:description\" content=\"Manuels et guides pour les \u00e9valuations psychom\u00e9triques, y compris Myers-Briggs, Inventaire des centres d&#039;int\u00e9r\u00eat, Index de la personnalit\u00e9 au travail, TKI, et autres excellentes \u00e9valuations.\" \/>\n<meta property=\"og:url\" content=\"https:\/\/www.psychometrics.com\/fr\/psychometrics-canada-guides-et-manuels\/\" \/>\n<meta property=\"og:site_name\" content=\"Psychometrics Canada\" \/>\n<meta property=\"article:publisher\" content=\"https:\/\/www.facebook.com\/PsychometricsCanada\" \/>\n<meta property=\"article:modified_time\" content=\"2026-04-10T18:13:53+00:00\" \/>\n<meta property=\"og:image\" content=\"https:\/\/www.psychometrics.com\/wp-content\/uploads\/2014\/12\/Manuals-and-Guides-for-Psychometric-Assessments-including-MBTI-Strong-TKI_V2.jpg\" \/>\n\t<meta property=\"og:image:width\" content=\"1500\" \/>\n\t<meta property=\"og:image:height\" content=\"300\" \/>\n\t<meta property=\"og:image:type\" content=\"image\/jpeg\" \/>\n<meta name=\"twitter:card\" content=\"summary_large_image\" \/>\n<meta name=\"twitter:site\" content=\"@PsychometricsCA\" \/>\n<meta name=\"twitter:label1\" content=\"Dur\u00e9e de lecture estim\u00e9e\" \/>\n\t<meta name=\"twitter:data1\" content=\"1 minute\" \/>\n<script type=\"application\/ld+json\" class=\"yoast-schema-graph\">{\"@context\":\"https:\\\/\\\/schema.org\",\"@graph\":[{\"@type\":\"WebPage\",\"@id\":\"https:\\\/\\\/www.psychometrics.com\\\/fr\\\/psychometrics-canada-guides-et-manuels\\\/\",\"url\":\"https:\\\/\\\/www.psychometrics.com\\\/fr\\\/psychometrics-canada-guides-et-manuels\\\/\",\"name\":\"Guides et manuels | Psychometrics Canada\",\"isPartOf\":{\"@id\":\"https:\\\/\\\/www.psychometrics.com\\\/fr\\\/#website\"},\"primaryImageOfPage\":{\"@id\":\"https:\\\/\\\/www.psychometrics.com\\\/fr\\\/psychometrics-canada-guides-et-manuels\\\/#primaryimage\"},\"image\":{\"@id\":\"https:\\\/\\\/www.psychometrics.com\\\/fr\\\/psychometrics-canada-guides-et-manuels\\\/#primaryimage\"},\"thumbnailUrl\":\"https:\\\/\\\/www.psychometrics.com\\\/wp-content\\\/uploads\\\/2014\\\/12\\\/Manuals-and-Guides-for-Psychometric-Assessments-including-MBTI-Strong-TKI_V2.jpg\",\"datePublished\":\"2015-05-11T14:40:18+00:00\",\"dateModified\":\"2026-04-10T18:13:53+00:00\",\"description\":\"Manuels et guides pour les \u00e9valuations psychom\u00e9triques, y compris Myers-Briggs, Inventaire des centres d'int\u00e9r\u00eat, Index de la personnalit\u00e9 au travail, TKI, et autres excellentes \u00e9valuations.\",\"breadcrumb\":{\"@id\":\"https:\\\/\\\/www.psychometrics.com\\\/fr\\\/psychometrics-canada-guides-et-manuels\\\/#breadcrumb\"},\"inLanguage\":\"fr-FR\",\"potentialAction\":[{\"@type\":\"ReadAction\",\"target\":[\"https:\\\/\\\/www.psychometrics.com\\\/fr\\\/psychometrics-canada-guides-et-manuels\\\/\"]}]},{\"@type\":\"ImageObject\",\"inLanguage\":\"fr-FR\",\"@id\":\"https:\\\/\\\/www.psychometrics.com\\\/fr\\\/psychometrics-canada-guides-et-manuels\\\/#primaryimage\",\"url\":\"https:\\\/\\\/www.psychometrics.com\\\/wp-content\\\/uploads\\\/2014\\\/12\\\/Manuals-and-Guides-for-Psychometric-Assessments-including-MBTI-Strong-TKI_V2.jpg\",\"contentUrl\":\"https:\\\/\\\/www.psychometrics.com\\\/wp-content\\\/uploads\\\/2014\\\/12\\\/Manuals-and-Guides-for-Psychometric-Assessments-including-MBTI-Strong-TKI_V2.jpg\",\"width\":1500,\"height\":300},{\"@type\":\"BreadcrumbList\",\"@id\":\"https:\\\/\\\/www.psychometrics.com\\\/fr\\\/psychometrics-canada-guides-et-manuels\\\/#breadcrumb\",\"itemListElement\":[{\"@type\":\"ListItem\",\"position\":1,\"name\":\"Home\",\"item\":\"https:\\\/\\\/www.psychometrics.com\\\/fr\\\/\"},{\"@type\":\"ListItem\",\"position\":2,\"name\":\"Guides et Manuels\"}]},{\"@type\":\"WebSite\",\"@id\":\"https:\\\/\\\/www.psychometrics.com\\\/fr\\\/#website\",\"url\":\"https:\\\/\\\/www.psychometrics.com\\\/fr\\\/\",\"name\":\"Psychometrics Canada\",\"description\":\"Les organisations \u00e0 mieux par le biais des personnes\",\"publisher\":{\"@id\":\"https:\\\/\\\/www.psychometrics.com\\\/fr\\\/#organization\"},\"potentialAction\":[{\"@type\":\"SearchAction\",\"target\":{\"@type\":\"EntryPoint\",\"urlTemplate\":\"https:\\\/\\\/www.psychometrics.com\\\/fr\\\/?s={search_term_string}\"},\"query-input\":{\"@type\":\"PropertyValueSpecification\",\"valueRequired\":true,\"valueName\":\"search_term_string\"}}],\"inLanguage\":\"fr-FR\"},{\"@type\":\"Organization\",\"@id\":\"https:\\\/\\\/www.psychometrics.com\\\/fr\\\/#organization\",\"name\":\"Psychometrics Canada\",\"url\":\"https:\\\/\\\/www.psychometrics.com\\\/fr\\\/\",\"logo\":{\"@type\":\"ImageObject\",\"inLanguage\":\"fr-FR\",\"@id\":\"https:\\\/\\\/www.psychometrics.com\\\/fr\\\/#\\\/schema\\\/logo\\\/image\\\/\",\"url\":\"\",\"contentUrl\":\"\",\"caption\":\"Psychometrics Canada\"},\"image\":{\"@id\":\"https:\\\/\\\/www.psychometrics.com\\\/fr\\\/#\\\/schema\\\/logo\\\/image\\\/\"},\"sameAs\":[\"https:\\\/\\\/www.facebook.com\\\/PsychometricsCanada\",\"https:\\\/\\\/x.com\\\/PsychometricsCA\",\"https:\\\/\\\/www.linkedin.com\\\/company\\\/psychometrics-canada\"]}]}<\/script>\n<!-- \/ Yoast SEO plugin. -->","yoast_head_json":{"title":"Guides et manuels | Psychometrics Canada","description":"Manuels et guides pour les \u00e9valuations psychom\u00e9triques, y compris Myers-Briggs, Inventaire des centres d'int\u00e9r\u00eat, Index de la personnalit\u00e9 au travail, TKI, et autres excellentes \u00e9valuations.","robots":{"index":"index","follow":"follow","max-snippet":"max-snippet:-1","max-image-preview":"max-image-preview:large","max-video-preview":"max-video-preview:-1"},"canonical":"https:\/\/www.psychometrics.com\/fr\/psychometrics-canada-guides-et-manuels\/","og_locale":"fr_FR","og_type":"article","og_title":"Guides et manuels | Psychometrics Canada","og_description":"Manuels et guides pour les \u00e9valuations psychom\u00e9triques, y compris Myers-Briggs, Inventaire des centres d'int\u00e9r\u00eat, Index de la personnalit\u00e9 au travail, TKI, et autres excellentes \u00e9valuations.","og_url":"https:\/\/www.psychometrics.com\/fr\/psychometrics-canada-guides-et-manuels\/","og_site_name":"Psychometrics Canada","article_publisher":"https:\/\/www.facebook.com\/PsychometricsCanada","article_modified_time":"2026-04-10T18:13:53+00:00","og_image":[{"width":1500,"height":300,"url":"https:\/\/www.psychometrics.com\/wp-content\/uploads\/2014\/12\/Manuals-and-Guides-for-Psychometric-Assessments-including-MBTI-Strong-TKI_V2.jpg","type":"image\/jpeg"}],"twitter_card":"summary_large_image","twitter_site":"@PsychometricsCA","twitter_misc":{"Dur\u00e9e de lecture estim\u00e9e":"1 minute"},"schema":{"@context":"https:\/\/schema.org","@graph":[{"@type":"WebPage","@id":"https:\/\/www.psychometrics.com\/fr\/psychometrics-canada-guides-et-manuels\/","url":"https:\/\/www.psychometrics.com\/fr\/psychometrics-canada-guides-et-manuels\/","name":"Guides et manuels | Psychometrics Canada","isPartOf":{"@id":"https:\/\/www.psychometrics.com\/fr\/#website"},"primaryImageOfPage":{"@id":"https:\/\/www.psychometrics.com\/fr\/psychometrics-canada-guides-et-manuels\/#primaryimage"},"image":{"@id":"https:\/\/www.psychometrics.com\/fr\/psychometrics-canada-guides-et-manuels\/#primaryimage"},"thumbnailUrl":"https:\/\/www.psychometrics.com\/wp-content\/uploads\/2014\/12\/Manuals-and-Guides-for-Psychometric-Assessments-including-MBTI-Strong-TKI_V2.jpg","datePublished":"2015-05-11T14:40:18+00:00","dateModified":"2026-04-10T18:13:53+00:00","description":"Manuels et guides pour les \u00e9valuations psychom\u00e9triques, y compris Myers-Briggs, Inventaire des centres d'int\u00e9r\u00eat, Index de la personnalit\u00e9 au travail, TKI, et autres excellentes \u00e9valuations.","breadcrumb":{"@id":"https:\/\/www.psychometrics.com\/fr\/psychometrics-canada-guides-et-manuels\/#breadcrumb"},"inLanguage":"fr-FR","potentialAction":[{"@type":"ReadAction","target":["https:\/\/www.psychometrics.com\/fr\/psychometrics-canada-guides-et-manuels\/"]}]},{"@type":"ImageObject","inLanguage":"fr-FR","@id":"https:\/\/www.psychometrics.com\/fr\/psychometrics-canada-guides-et-manuels\/#primaryimage","url":"https:\/\/www.psychometrics.com\/wp-content\/uploads\/2014\/12\/Manuals-and-Guides-for-Psychometric-Assessments-including-MBTI-Strong-TKI_V2.jpg","contentUrl":"https:\/\/www.psychometrics.com\/wp-content\/uploads\/2014\/12\/Manuals-and-Guides-for-Psychometric-Assessments-including-MBTI-Strong-TKI_V2.jpg","width":1500,"height":300},{"@type":"BreadcrumbList","@id":"https:\/\/www.psychometrics.com\/fr\/psychometrics-canada-guides-et-manuels\/#breadcrumb","itemListElement":[{"@type":"ListItem","position":1,"name":"Home","item":"https:\/\/www.psychometrics.com\/fr\/"},{"@type":"ListItem","position":2,"name":"Guides et Manuels"}]},{"@type":"WebSite","@id":"https:\/\/www.psychometrics.com\/fr\/#website","url":"https:\/\/www.psychometrics.com\/fr\/","name":"Psychometrics Canada","description":"Les organisations \u00e0 mieux par le biais des personnes","publisher":{"@id":"https:\/\/www.psychometrics.com\/fr\/#organization"},"potentialAction":[{"@type":"SearchAction","target":{"@type":"EntryPoint","urlTemplate":"https:\/\/www.psychometrics.com\/fr\/?s={search_term_string}"},"query-input":{"@type":"PropertyValueSpecification","valueRequired":true,"valueName":"search_term_string"}}],"inLanguage":"fr-FR"},{"@type":"Organization","@id":"https:\/\/www.psychometrics.com\/fr\/#organization","name":"Psychometrics Canada","url":"https:\/\/www.psychometrics.com\/fr\/","logo":{"@type":"ImageObject","inLanguage":"fr-FR","@id":"https:\/\/www.psychometrics.com\/fr\/#\/schema\/logo\/image\/","url":"","contentUrl":"","caption":"Psychometrics Canada"},"image":{"@id":"https:\/\/www.psychometrics.com\/fr\/#\/schema\/logo\/image\/"},"sameAs":["https:\/\/www.facebook.com\/PsychometricsCanada","https:\/\/x.com\/PsychometricsCA","https:\/\/www.linkedin.com\/company\/psychometrics-canada"]}]}},"_links":{"self":[{"href":"https:\/\/www.psychometrics.com\/fr\/wp-json\/wp\/v2\/pages\/3869","targetHints":{"allow":["GET"]}}],"collection":[{"href":"https:\/\/www.psychometrics.com\/fr\/wp-json\/wp\/v2\/pages"}],"about":[{"href":"https:\/\/www.psychometrics.com\/fr\/wp-json\/wp\/v2\/types\/page"}],"author":[{"embeddable":true,"href":"https:\/\/www.psychometrics.com\/fr\/wp-json\/wp\/v2\/users\/4"}],"replies":[{"embeddable":true,"href":"https:\/\/www.psychometrics.com\/fr\/wp-json\/wp\/v2\/comments?post=3869"}],"version-history":[{"count":0,"href":"https:\/\/www.psychometrics.com\/fr\/wp-json\/wp\/v2\/pages\/3869\/revisions"}],"wp:featuredmedia":[{"embeddable":true,"href":"https:\/\/www.psychometrics.com\/fr\/wp-json\/wp\/v2\/media\/7151"}],"wp:attachment":[{"href":"https:\/\/www.psychometrics.com\/fr\/wp-json\/wp\/v2\/media?parent=3869"}],"curies":[{"name":"wp","href":"https:\/\/api.w.org\/{rel}","templated":true}]}}