{"id":4091,"date":"2015-05-14T19:01:08","date_gmt":"2015-05-14T19:01:08","guid":{"rendered":"https:\/\/www.psychometrics.com\/?page_id=4091"},"modified":"2023-02-07T15:58:29","modified_gmt":"2023-02-07T22:58:29","slug":"autres-types-evaluations","status":"publish","type":"page","link":"https:\/\/www.psychometrics.com\/fr\/autres-types-evaluations\/","title":{"rendered":"D\u2019autres \u00e9valuations"},"content":{"rendered":"<p>Qu\u2019importe votre domaine, soit celui des ressources humaines, du d\u00e9veloppement professionnel ou du coaching, comptez sur notre soutien professionnel et nos produits pour atteindre vos objectifs.<\/p>\n<p>Nous sommes fiers d\u2019offrir les \u00e9valuations de la plus haute qualit\u00e9. Ces \u00e9valuations sont disponibles en versions fran\u00e7aise et anglaise sur notre support informatique <a href=\"https:\/\/www.psychometrics.com\/fr\/online-testing\/\" target=\"_blank\" rel=\"noopener\">Psychometrics.com<\/a> et \/ ou en format traditionnel crayon-papier.<\/p>\n<p>En plus de nos \u00e9valuations les plus populaires, l\u2019indicateur de types psychologiques Myers-Briggs<sup>MD<\/sup> (MBTI<sup>MD<\/sup>), l\u2019inventaire des int\u00e9r\u00eats professionels Strong<sup>MD<\/sup> (SII<sup>MD<\/sup>), la m\u00e9thode Thomas-Kilmann en situation de conflit (TKI) et l\u2019indice de personnalit\u00e9 de travail, nous offrons une gamme d\u2019autres \u00e9valuations sur le comportement\/la personnalit\u00e9, sur les capacit\u00e9s cognitives, ainsi que sur la s\u00e9curit\u00e9 et la fiabilit\u00e9.<\/p>\n","protected":false},"excerpt":{"rendered":"<p>Qu\u2019importe votre domaine, soit celui des ressources humaines, du d\u00e9veloppement professionnel ou du coaching, comptez sur notre soutien professionnel et nos produits pour atteindre vos objectifs. Nous sommes fiers d\u2019offrir<\/p>\n","protected":false},"author":4,"featured_media":0,"parent":0,"menu_order":0,"comment_status":"open","ping_status":"open","template":"","meta":{"_acf_changed":false,"footnotes":""},"class_list":["post-4091","page","type-page","status-publish","hentry"],"acf":[],"yoast_head":"<!-- This site is optimized with the Yoast SEO plugin v27.2 - https:\/\/yoast.com\/product\/yoast-seo-wordpress\/ -->\n<title>D\u2019autres \u00e9valuations - Psychometrics Canada<\/title>\n<meta name=\"description\" content=\"Qu\u2019importe votre domaine, soit celui des ressources humaines, du d\u00e9veloppement professionnel ou du coaching, comptez sur notre soutien professionnel et\" \/>\n<meta name=\"robots\" content=\"index, follow, max-snippet:-1, max-image-preview:large, max-video-preview:-1\" \/>\n<link rel=\"canonical\" href=\"https:\/\/www.psychometrics.com\/fr\/autres-types-evaluations\/\" \/>\n<meta property=\"og:locale\" content=\"fr_CA\" \/>\n<meta property=\"og:type\" content=\"article\" \/>\n<meta property=\"og:title\" content=\"D\u2019autres \u00e9valuations - Psychometrics Canada\" \/>\n<meta property=\"og:description\" content=\"Qu\u2019importe votre domaine, soit celui des ressources humaines, du d\u00e9veloppement professionnel ou du coaching, comptez sur notre soutien professionnel et\" \/>\n<meta property=\"og:url\" content=\"https:\/\/www.psychometrics.com\/fr\/autres-types-evaluations\/\" \/>\n<meta property=\"og:site_name\" content=\"Psychometrics Canada\" \/>\n<meta property=\"article:publisher\" content=\"https:\/\/www.facebook.com\/PsychometricsCanada\" \/>\n<meta property=\"article:modified_time\" content=\"2023-02-07T22:58:29+00:00\" \/>\n<meta property=\"og:image\" content=\"https:\/\/www.psychometrics.com\/wp-content\/uploads\/2015\/02\/og-image.png\" \/>\n\t<meta property=\"og:image:width\" content=\"1500\" \/>\n\t<meta property=\"og:image:height\" content=\"1500\" \/>\n\t<meta property=\"og:image:type\" content=\"image\/png\" \/>\n<meta name=\"twitter:card\" content=\"summary_large_image\" \/>\n<meta name=\"twitter:site\" content=\"@PsychometricsCA\" \/>\n<meta name=\"twitter:label1\" content=\"Est. reading time\" \/>\n\t<meta name=\"twitter:data1\" content=\"1 minute\" \/>\n<script type=\"application\/ld+json\" class=\"yoast-schema-graph\">{\"@context\":\"https:\/\/schema.org\",\"@graph\":[{\"@type\":\"WebPage\",\"@id\":\"https:\/\/www.psychometrics.com\/fr\/autres-types-evaluations\/\",\"url\":\"https:\/\/www.psychometrics.com\/fr\/autres-types-evaluations\/\",\"name\":\"D\u2019autres \u00e9valuations - Psychometrics Canada\",\"isPartOf\":{\"@id\":\"https:\/\/www.psychometrics.com\/#website\"},\"datePublished\":\"2015-05-14T19:01:08+00:00\",\"dateModified\":\"2023-02-07T22:58:29+00:00\",\"description\":\"Qu\u2019importe votre domaine, soit celui des ressources humaines, du d\u00e9veloppement professionnel ou du coaching, comptez sur notre soutien professionnel et\",\"breadcrumb\":{\"@id\":\"https:\/\/www.psychometrics.com\/fr\/autres-types-evaluations\/#breadcrumb\"},\"inLanguage\":\"fr-CA\",\"potentialAction\":[{\"@type\":\"ReadAction\",\"target\":[\"https:\/\/www.psychometrics.com\/fr\/autres-types-evaluations\/\"]}]},{\"@type\":\"BreadcrumbList\",\"@id\":\"https:\/\/www.psychometrics.com\/fr\/autres-types-evaluations\/#breadcrumb\",\"itemListElement\":[{\"@type\":\"ListItem\",\"position\":1,\"name\":\"Home\",\"item\":\"https:\/\/www.psychometrics.com\/fr\/home-2\/\"},{\"@type\":\"ListItem\",\"position\":2,\"name\":\"D\u2019autres \u00e9valuations\"}]},{\"@type\":\"WebSite\",\"@id\":\"https:\/\/www.psychometrics.com\/#website\",\"url\":\"https:\/\/www.psychometrics.com\/\",\"name\":\"Psychometrics Canada\",\"description\":\"Les organisations \u00e0 mieux par le biais des personnes\",\"publisher\":{\"@id\":\"https:\/\/www.psychometrics.com\/#organization\"},\"potentialAction\":[{\"@type\":\"SearchAction\",\"target\":{\"@type\":\"EntryPoint\",\"urlTemplate\":\"https:\/\/www.psychometrics.com\/?s={search_term_string}\"},\"query-input\":{\"@type\":\"PropertyValueSpecification\",\"valueRequired\":true,\"valueName\":\"search_term_string\"}}],\"inLanguage\":\"fr-CA\"},{\"@type\":\"Organization\",\"@id\":\"https:\/\/www.psychometrics.com\/#organization\",\"name\":\"Psychometrics Canada\",\"url\":\"https:\/\/www.psychometrics.com\/\",\"logo\":{\"@type\":\"ImageObject\",\"inLanguage\":\"fr-CA\",\"@id\":\"https:\/\/www.psychometrics.com\/#\/schema\/logo\/image\/\",\"url\":\"https:\/\/www.psychometrics.com\/wp-content\/uploads\/2021\/01\/NewLogo.jpg\",\"contentUrl\":\"https:\/\/www.psychometrics.com\/wp-content\/uploads\/2021\/01\/NewLogo.jpg\",\"width\":1132,\"height\":155,\"caption\":\"Psychometrics Canada\"},\"image\":{\"@id\":\"https:\/\/www.psychometrics.com\/#\/schema\/logo\/image\/\"},\"sameAs\":[\"https:\/\/www.facebook.com\/PsychometricsCanada\",\"https:\/\/x.com\/PsychometricsCA\"]}]}<\/script>\n<!-- \/ Yoast SEO plugin. -->","yoast_head_json":{"title":"D\u2019autres \u00e9valuations - Psychometrics Canada","description":"Qu\u2019importe votre domaine, soit celui des ressources humaines, du d\u00e9veloppement professionnel ou du coaching, comptez sur notre soutien professionnel et","robots":{"index":"index","follow":"follow","max-snippet":"max-snippet:-1","max-image-preview":"max-image-preview:large","max-video-preview":"max-video-preview:-1"},"canonical":"https:\/\/www.psychometrics.com\/fr\/autres-types-evaluations\/","og_locale":"fr_CA","og_type":"article","og_title":"D\u2019autres \u00e9valuations - Psychometrics Canada","og_description":"Qu\u2019importe votre domaine, soit celui des ressources humaines, du d\u00e9veloppement professionnel ou du coaching, comptez sur notre soutien professionnel et","og_url":"https:\/\/www.psychometrics.com\/fr\/autres-types-evaluations\/","og_site_name":"Psychometrics Canada","article_publisher":"https:\/\/www.facebook.com\/PsychometricsCanada","article_modified_time":"2023-02-07T22:58:29+00:00","og_image":[{"width":1500,"height":1500,"url":"https:\/\/www.psychometrics.com\/wp-content\/uploads\/2015\/02\/og-image.png","type":"image\/png"}],"twitter_card":"summary_large_image","twitter_site":"@PsychometricsCA","twitter_misc":{"Est. reading time":"1 minute"},"schema":{"@context":"https:\/\/schema.org","@graph":[{"@type":"WebPage","@id":"https:\/\/www.psychometrics.com\/fr\/autres-types-evaluations\/","url":"https:\/\/www.psychometrics.com\/fr\/autres-types-evaluations\/","name":"D\u2019autres \u00e9valuations - Psychometrics Canada","isPartOf":{"@id":"https:\/\/www.psychometrics.com\/#website"},"datePublished":"2015-05-14T19:01:08+00:00","dateModified":"2023-02-07T22:58:29+00:00","description":"Qu\u2019importe votre domaine, soit celui des ressources humaines, du d\u00e9veloppement professionnel ou du coaching, comptez sur notre soutien professionnel et","breadcrumb":{"@id":"https:\/\/www.psychometrics.com\/fr\/autres-types-evaluations\/#breadcrumb"},"inLanguage":"fr-CA","potentialAction":[{"@type":"ReadAction","target":["https:\/\/www.psychometrics.com\/fr\/autres-types-evaluations\/"]}]},{"@type":"BreadcrumbList","@id":"https:\/\/www.psychometrics.com\/fr\/autres-types-evaluations\/#breadcrumb","itemListElement":[{"@type":"ListItem","position":1,"name":"Home","item":"https:\/\/www.psychometrics.com\/fr\/home-2\/"},{"@type":"ListItem","position":2,"name":"D\u2019autres \u00e9valuations"}]},{"@type":"WebSite","@id":"https:\/\/www.psychometrics.com\/#website","url":"https:\/\/www.psychometrics.com\/","name":"Psychometrics Canada","description":"Les organisations \u00e0 mieux par le biais des personnes","publisher":{"@id":"https:\/\/www.psychometrics.com\/#organization"},"potentialAction":[{"@type":"SearchAction","target":{"@type":"EntryPoint","urlTemplate":"https:\/\/www.psychometrics.com\/?s={search_term_string}"},"query-input":{"@type":"PropertyValueSpecification","valueRequired":true,"valueName":"search_term_string"}}],"inLanguage":"fr-CA"},{"@type":"Organization","@id":"https:\/\/www.psychometrics.com\/#organization","name":"Psychometrics Canada","url":"https:\/\/www.psychometrics.com\/","logo":{"@type":"ImageObject","inLanguage":"fr-CA","@id":"https:\/\/www.psychometrics.com\/#\/schema\/logo\/image\/","url":"https:\/\/www.psychometrics.com\/wp-content\/uploads\/2021\/01\/NewLogo.jpg","contentUrl":"https:\/\/www.psychometrics.com\/wp-content\/uploads\/2021\/01\/NewLogo.jpg","width":1132,"height":155,"caption":"Psychometrics Canada"},"image":{"@id":"https:\/\/www.psychometrics.com\/#\/schema\/logo\/image\/"},"sameAs":["https:\/\/www.facebook.com\/PsychometricsCanada","https:\/\/x.com\/PsychometricsCA"]}]}},"_links":{"self":[{"href":"https:\/\/www.psychometrics.com\/fr\/wp-json\/wp\/v2\/pages\/4091","targetHints":{"allow":["GET"]}}],"collection":[{"href":"https:\/\/www.psychometrics.com\/fr\/wp-json\/wp\/v2\/pages"}],"about":[{"href":"https:\/\/www.psychometrics.com\/fr\/wp-json\/wp\/v2\/types\/page"}],"author":[{"embeddable":true,"href":"https:\/\/www.psychometrics.com\/fr\/wp-json\/wp\/v2\/users\/4"}],"replies":[{"embeddable":true,"href":"https:\/\/www.psychometrics.com\/fr\/wp-json\/wp\/v2\/comments?post=4091"}],"version-history":[{"count":3,"href":"https:\/\/www.psychometrics.com\/fr\/wp-json\/wp\/v2\/pages\/4091\/revisions"}],"predecessor-version":[{"id":31253,"href":"https:\/\/www.psychometrics.com\/fr\/wp-json\/wp\/v2\/pages\/4091\/revisions\/31253"}],"wp:attachment":[{"href":"https:\/\/www.psychometrics.com\/fr\/wp-json\/wp\/v2\/media?parent=4091"}],"curies":[{"name":"wp","href":"https:\/\/api.w.org\/{rel}","templated":true}]}}