{"id":42118,"date":"2025-09-10T12:12:30","date_gmt":"2025-09-10T18:12:30","guid":{"rendered":"https:\/\/www.psychometrics.com\/?page_id=42118"},"modified":"2025-09-30T09:21:52","modified_gmt":"2025-09-30T15:21:52","slug":"rapport-dimpact-personnel-mbtimd","status":"publish","type":"page","link":"https:\/\/www.psychometrics.com\/fr\/evaluations\/rapport-dimpact-personnel-mbtimd\/","title":{"rendered":"Rapport d\u2019impact personnel MBTI<sup>MD<\/sup>"},"content":{"rendered":"<h1>Rapport d\u2019impact personnel<\/h1>\n<h3><span class=\"TextRun SCXW136473201 BCX8\" lang=\"FR-CA\" xml:lang=\"FR-CA\" data-contrast=\"none\"><span class=\"NormalTextRun SCXW136473201 BCX8\" data-ccp-parastyle=\"heading 2\">Offrez<\/span> <span class=\"NormalTextRun SCXW136473201 BCX8\" data-ccp-parastyle=\"heading 2\">une<\/span> <span class=\"NormalTextRun SCXW136473201 BCX8\" data-ccp-parastyle=\"heading 2\">exp\u00e9rience<\/span><span class=\"NormalTextRun SCXW136473201 BCX8\" data-ccp-parastyle=\"heading 2\"> de <\/span><span class=\"NormalTextRun SCXW136473201 BCX8\" data-ccp-parastyle=\"heading 2\">d\u00e9veloppement<\/span> <span class=\"NormalTextRun SCXW136473201 BCX8\" data-ccp-parastyle=\"heading 2\">compl\u00e8te<\/span><span class=\"NormalTextRun SCXW136473201 BCX8\" data-ccp-parastyle=\"heading 2\"> et immersive avec un seul rapport<\/span><\/span><span class=\"EOP SCXW136473201 BCX8\" data-ccp-props=\"{&quot;134245418&quot;:true,&quot;134245529&quot;:true,&quot;335559738&quot;:160,&quot;335559739&quot;:80}\">\u00a0<\/span><\/h3>\n<p><a href=\"https:\/\/www.psychometrics.com\/wp-content\/uploads\/2025\/09\/Rapport-dimpact-personnel-MBTI-2.pdf\"><img fetchpriority=\"high\" decoding=\"async\" class=\"alignnone wp-image-42091\" src=\"https:\/\/www.psychometrics.com\/wp-content\/uploads\/2025\/09\/French-PIR-.png\" alt=\"Rapport d\u2019impact personnel MBTI\u00ae \" width=\"300\" height=\"387\" srcset=\"https:\/\/www.psychometrics.com\/wp-content\/uploads\/2025\/09\/French-PIR-.png 496w, https:\/\/www.psychometrics.com\/wp-content\/uploads\/2025\/09\/French-PIR--233x300.png 233w, https:\/\/www.psychometrics.com\/wp-content\/uploads\/2025\/09\/French-PIR--73x94.png 73w, https:\/\/www.psychometrics.com\/wp-content\/uploads\/2025\/09\/French-PIR--109x140.png 109w, https:\/\/www.psychometrics.com\/wp-content\/uploads\/2025\/09\/French-PIR--200x258.png 200w, https:\/\/www.psychometrics.com\/wp-content\/uploads\/2025\/09\/French-PIR--400x516.png 400w, https:\/\/www.psychometrics.com\/wp-content\/uploads\/2025\/09\/French-PIR--100x129.png 100w, https:\/\/www.psychometrics.com\/wp-content\/uploads\/2025\/09\/French-PIR--150x194.png 150w\" sizes=\"(max-width: 300px) 100vw, 300px\" \/><\/a><\/p>\n<p><a class=\"btn btn-push btn-blue\" href=\"https:\/\/www.psychometrics.com\/wp-content\/uploads\/2025\/09\/Rapport-dimpact-personnel-MBTI-2.pdf\">T\u00e9l\u00e9charger un rapport\u00a0\u00e9chantillon<\/a><\/p>\n<p>&nbsp;<\/p>\n<p><span class=\"TextRun SCXW59216975 BCX8\" lang=\"FR-CA\" xml:lang=\"FR-CA\" data-contrast=\"auto\"><span class=\"NormalTextRun SCXW59216975 BCX8\">Le rapport d&#8217;impact personnel <\/span><span class=\"NormalTextRun SCXW59216975 BCX8\">MBTI<sup>MD<\/sup><\/span><span class=\"NormalTextRun SCXW59216975 BCX8\">\u00a0permet d&#8217;animer des s\u00e9ances de d\u00e9veloppement approfondies en appliquant des connaissances <\/span><span class=\"NormalTextRun SCXW59216975 BCX8\">personnalis\u00e9es<\/span><span class=\"NormalTextRun SCXW59216975 BCX8\"> dans <\/span><span class=\"NormalTextRun SCXW59216975 BCX8\">huit domaines cl\u00e9s<\/span><span class=\"NormalTextRun SCXW59216975 BCX8\"> :<\/span><\/span><span class=\"EOP SCXW59216975 BCX8\" data-ccp-props=\"{&quot;134233117&quot;:false,&quot;134233118&quot;:false,&quot;335559685&quot;:0,&quot;335559738&quot;:240,&quot;335559739&quot;:240}\">\u00a0<\/span><\/p>\n<ol>\n<li><span data-contrast=\"auto\">Le style de travail<\/span><span data-ccp-props=\"{}\">\u00a0<\/span><\/li>\n<li><span data-contrast=\"auto\">Le style de communication<\/span><span data-ccp-props=\"{}\">\u00a0<\/span><\/li>\n<li><span data-contrast=\"auto\">Le style de travail en \u00e9quipe<\/span><span data-ccp-props=\"{}\">\u00a0<\/span><\/li>\n<li><span data-contrast=\"auto\">Le style de prise de d\u00e9cision<\/span><span data-ccp-props=\"{}\">\u00a0<\/span><\/li>\n<li><span data-contrast=\"auto\">Le style de leadership<\/span><span data-ccp-props=\"{}\">\u00a0<\/span><\/li>\n<li><span data-contrast=\"auto\">Le style de gestion des conflits<\/span><span data-ccp-props=\"{}\">\u00a0<\/span><\/li>\n<li><span data-contrast=\"auto\">La r\u00e9action face au stress<\/span><span data-ccp-props=\"{}\">\u00a0<\/span><\/li>\n<li><span data-contrast=\"auto\">L\u2019approche du changement<\/span><span data-ccp-props=\"{}\">\u00a0<\/span><\/li>\n<\/ol>\n<p><span data-contrast=\"auto\">Ce rapport est suffisamment complet et approfondi pour r\u00e9v\u00e9ler les angles morts, les pi\u00e8ges et les d\u00e9fis individuels, facilitant ainsi le transfert des connaissances sur les types de comportement vers des comportements concrets.<\/span><span data-ccp-props=\"{&quot;134233117&quot;:false,&quot;134233118&quot;:false,&quot;335559685&quot;:0,&quot;335559738&quot;:240,&quot;335559739&quot;:240}\">\u00a0<\/span><\/p>\n<p><span data-contrast=\"auto\">Il s&#8217;agit d&#8217;un cadre dynamique permettant aux animateurs d&#8217;accompagner des individus ou des \u00e9quipes dans un parcours de d\u00e9veloppement personnalis\u00e9 sur plusieurs s\u00e9ances.<\/span><span data-ccp-props=\"{&quot;134233117&quot;:false,&quot;134233118&quot;:false,&quot;201341983&quot;:0,&quot;335559738&quot;:0,&quot;335559739&quot;:160,&quot;335559740&quot;:257}\">\u00a0<\/span><\/p>\n<p><span data-contrast=\"auto\">Le rapport est offert en deux versions :<\/span><span data-ccp-props=\"{&quot;134233117&quot;:false,&quot;134233118&quot;:false,&quot;335559738&quot;:240,&quot;335559739&quot;:240}\">\u00a0<\/span><\/p>\n<ul>\n<li aria-setsize=\"-1\" data-leveltext=\"\uf0b7\" data-font=\"Symbol\" data-listid=\"8\" data-list-defn-props=\"{&quot;335552541&quot;:1,&quot;335559685&quot;:720,&quot;335559991&quot;:360,&quot;469769226&quot;:&quot;Symbol&quot;,&quot;469769242&quot;:[8226],&quot;469777803&quot;:&quot;left&quot;,&quot;469777804&quot;:&quot;\uf0b7&quot;,&quot;469777815&quot;:&quot;hybridMultilevel&quot;}\" data-aria-posinset=\"1\" data-aria-level=\"1\"><b><span data-contrast=\"auto\">Pour les nouveaux utilisateurs MBTI<\/span><\/b><span data-contrast=\"auto\"> : Comprend une introduction au concept des pr\u00e9f\u00e9rences, une description des 8 pr\u00e9f\u00e9rences, un r\u00e9sum\u00e9 des 16 types MBTI et l\u2019exploration des 8 th\u00e8mes de d\u00e9veloppement.<\/span><span data-ccp-props=\"{&quot;134233117&quot;:false,&quot;134233118&quot;:false,&quot;335559738&quot;:240,&quot;335559739&quot;:240}\">\u00a0<\/span><\/li>\n<\/ul>\n<ul>\n<li aria-setsize=\"-1\" data-leveltext=\"\uf0b7\" data-font=\"Symbol\" data-listid=\"8\" data-list-defn-props=\"{&quot;335552541&quot;:1,&quot;335559685&quot;:720,&quot;335559991&quot;:360,&quot;469769226&quot;:&quot;Symbol&quot;,&quot;469769242&quot;:[8226],&quot;469777803&quot;:&quot;left&quot;,&quot;469777804&quot;:&quot;\uf0b7&quot;,&quot;469777815&quot;:&quot;hybridMultilevel&quot;}\" data-aria-posinset=\"2\" data-aria-level=\"1\"><b><span data-contrast=\"auto\">Pour ceux qui connaissent d\u00e9j\u00e0 leur type MBTI<\/span><\/b><span data-contrast=\"auto\"> : Explore directement les 8 domaines cl\u00e9s de d\u00e9veloppement.<\/span><span data-ccp-props=\"{&quot;134233117&quot;:false,&quot;134233118&quot;:false,&quot;335559738&quot;:240,&quot;335559739&quot;:240}\">\u00a0<\/span><\/li>\n<\/ul>\n<h3 aria-level=\"3\"><span data-contrast=\"none\">Quand l\u2019utiliser<\/span><span data-ccp-props=\"{&quot;134245418&quot;:true,&quot;134245529&quot;:true,&quot;335559738&quot;:160,&quot;335559739&quot;:80}\">\u00a0<\/span><\/h3>\n<ul>\n<li aria-setsize=\"-1\" data-leveltext=\"\uf0b7\" data-font=\"Symbol\" data-listid=\"9\" data-list-defn-props=\"{&quot;335552541&quot;:1,&quot;335559685&quot;:720,&quot;335559991&quot;:360,&quot;469769226&quot;:&quot;Symbol&quot;,&quot;469769242&quot;:[8226],&quot;469777803&quot;:&quot;left&quot;,&quot;469777804&quot;:&quot;\uf0b7&quot;,&quot;469777815&quot;:&quot;hybridMultilevel&quot;}\" data-aria-posinset=\"1\" data-aria-level=\"1\"><span data-contrast=\"auto\">Dans le cadre de programmes de d\u00e9veloppement ou dans les sc\u00e9narios de coaching ax\u00e9s sur un ou plusieurs des huit axes de d\u00e9veloppement.<\/span><span data-ccp-props=\"{&quot;134233117&quot;:false,&quot;134233118&quot;:false,&quot;335559738&quot;:240,&quot;335559739&quot;:240}\">\u00a0<\/span><\/li>\n<\/ul>\n<ul>\n<li aria-setsize=\"-1\" data-leveltext=\"\uf0b7\" data-font=\"Symbol\" data-listid=\"9\" data-list-defn-props=\"{&quot;335552541&quot;:1,&quot;335559685&quot;:720,&quot;335559991&quot;:360,&quot;469769226&quot;:&quot;Symbol&quot;,&quot;469769242&quot;:[8226],&quot;469777803&quot;:&quot;left&quot;,&quot;469777804&quot;:&quot;\uf0b7&quot;,&quot;469777815&quot;:&quot;hybridMultilevel&quot;}\" data-aria-posinset=\"2\" data-aria-level=\"1\"><span data-contrast=\"auto\">Pour accompagner le parcours de d\u00e9veloppement MBTI personnel d&#8217;un utilisateur, o\u00f9 le type sera utilis\u00e9 \u00e0 maintes reprises pour soutenir l&#8217;apprentissage.<\/span><span data-ccp-props=\"{&quot;134233117&quot;:false,&quot;134233118&quot;:false,&quot;335559738&quot;:240,&quot;335559739&quot;:240}\">\u00a0<\/span><\/li>\n<\/ul>\n<ul>\n<li aria-setsize=\"-1\" data-leveltext=\"\uf0b7\" data-font=\"Symbol\" data-listid=\"9\" data-list-defn-props=\"{&quot;335552541&quot;:1,&quot;335559685&quot;:720,&quot;335559991&quot;:360,&quot;469769226&quot;:&quot;Symbol&quot;,&quot;469769242&quot;:[8226],&quot;469777803&quot;:&quot;left&quot;,&quot;469777804&quot;:&quot;\uf0b7&quot;,&quot;469777815&quot;:&quot;hybridMultilevel&quot;}\" data-aria-posinset=\"3\" data-aria-level=\"1\"><span data-contrast=\"auto\">Pour r\u00e9engager les utilisateurs qui n&#8217;ont que des connaissances de base sur le type MBTI.<\/span><span data-ccp-props=\"{&quot;134233117&quot;:false,&quot;134233118&quot;:false,&quot;335559738&quot;:240,&quot;335559739&quot;:240}\">\u00a0<\/span><\/li>\n<\/ul>\n<h3 aria-level=\"3\"><span data-contrast=\"none\">Acc\u00e8s au rapport<\/span><span data-ccp-props=\"{&quot;134245418&quot;:true,&quot;134245529&quot;:true,&quot;335559738&quot;:160,&quot;335559739&quot;:80}\">\u00a0<\/span><\/h3>\n<p><span data-contrast=\"auto\">Le rapport d&#8217;impact personnel MBTI\u00ae est g\u00e9n\u00e9r\u00e9 \u00e0 partir des r\u00e9sultats du questionnaire MBTI niveau I et peut \u00e9galement \u00eatre produit apr\u00e8s avoir compl\u00e9ter le questionnaire pour le MBTI niveau II. Si le type valid\u00e9 d&#8217;un individu diff\u00e8re de son type apparent, le rapport de type valid\u00e9 peut \u00eatre g\u00e9n\u00e9r\u00e9 sans frais suppl\u00e9mentaires.<\/span><span data-ccp-props=\"{&quot;134233117&quot;:false,&quot;134233118&quot;:false,&quot;335559738&quot;:240,&quot;335559739&quot;:240}\">\u00a0<\/span><\/p>\n<p><span data-contrast=\"auto\">Ce rapport est disponible pour les praticiens MBTI canadiens qualifi\u00e9s par l&#8217;entremise de la plateforme d&#8217;\u00e9valuation en ligne <\/span><a href=\"https:\/\/www.psychometrics.com\/fr\/tests-en-ligne-carreerid\/\"><b><span data-contrast=\"none\">Psychometrics.com<\/span><\/b><\/a><span data-contrast=\"auto\">.<\/span><span data-ccp-props=\"{&quot;134233117&quot;:false,&quot;134233118&quot;:false,&quot;335559738&quot;:240,&quot;335559739&quot;:240}\">\u00a0<\/span><\/p>\n<p><a href=\"https:\/\/www.psychometrics.com\/fr\/prix-des-rapports\/\"><span data-contrast=\"none\">Prix du rapport<\/span><\/a><span data-contrast=\"auto\">\u00a0<\/span><span data-ccp-props=\"{&quot;134233117&quot;:false,&quot;134233118&quot;:false,&quot;335559738&quot;:240,&quot;335559739&quot;:240}\">\u00a0<\/span><\/p>\n","protected":false},"excerpt":{"rendered":"<p>Rapport d\u2019impact personnel Offrez une exp\u00e9rience de d\u00e9veloppement compl\u00e8te et immersive avec un seul rapport\u00a0 T\u00e9l\u00e9charger un rapport\u00a0\u00e9chantillon &nbsp; Le rapport d&#8217;impact personnel MBTIMD\u00a0permet d&#8217;animer des s\u00e9ances de d\u00e9veloppement approfondies<\/p>\n","protected":false},"author":18,"featured_media":0,"parent":1996,"menu_order":0,"comment_status":"closed","ping_status":"closed","template":"","meta":{"_acf_changed":false,"footnotes":""},"class_list":["post-42118","page","type-page","status-publish","hentry"],"acf":[],"yoast_head":"<!-- This site is optimized with the Yoast SEO plugin v27.2 - https:\/\/yoast.com\/product\/yoast-seo-wordpress\/ -->\n<title>MBTI Rapport d\u2019impact personnel | Psychometrics Canada<\/title>\n<meta name=\"description\" content=\"Rapport d\u2019impact personnel Offrez une exp\u00e9rience de d\u00e9veloppement compl\u00e8te et immersive avec un seul rapport\u00a0 T\u00e9l\u00e9charger un rapport\u00a0\u00e9chantillon &nbsp; Le\" \/>\n<meta name=\"robots\" content=\"index, follow, max-snippet:-1, max-image-preview:large, max-video-preview:-1\" \/>\n<link rel=\"canonical\" href=\"https:\/\/www.psychometrics.com\/fr\/evaluations\/rapport-dimpact-personnel-mbtimd\/\" \/>\n<meta property=\"og:locale\" content=\"fr_CA\" \/>\n<meta property=\"og:type\" content=\"article\" \/>\n<meta property=\"og:title\" content=\"MBTI Rapport d\u2019impact personnel | Psychometrics Canada\" \/>\n<meta property=\"og:description\" content=\"Rapport d\u2019impact personnel Offrez une exp\u00e9rience de d\u00e9veloppement compl\u00e8te et immersive avec un seul rapport\u00a0 T\u00e9l\u00e9charger un rapport\u00a0\u00e9chantillon &nbsp; Le\" \/>\n<meta property=\"og:url\" content=\"https:\/\/www.psychometrics.com\/fr\/evaluations\/rapport-dimpact-personnel-mbtimd\/\" \/>\n<meta property=\"og:site_name\" content=\"Psychometrics Canada\" \/>\n<meta property=\"article:publisher\" content=\"https:\/\/www.facebook.com\/PsychometricsCanada\" \/>\n<meta property=\"article:modified_time\" content=\"2025-09-30T15:21:52+00:00\" \/>\n<meta property=\"og:image\" content=\"https:\/\/www.psychometrics.com\/wp-content\/uploads\/2025\/09\/French-PIR-.png\" \/>\n\t<meta property=\"og:image:width\" content=\"496\" \/>\n\t<meta property=\"og:image:height\" content=\"640\" \/>\n\t<meta property=\"og:image:type\" content=\"image\/png\" \/>\n<meta name=\"twitter:card\" content=\"summary_large_image\" \/>\n<meta name=\"twitter:site\" content=\"@PsychometricsCA\" \/>\n<meta name=\"twitter:label1\" content=\"Est. reading time\" \/>\n\t<meta name=\"twitter:data1\" content=\"2 minutes\" \/>\n<script type=\"application\/ld+json\" class=\"yoast-schema-graph\">{\"@context\":\"https:\/\/schema.org\",\"@graph\":[{\"@type\":\"WebPage\",\"@id\":\"https:\/\/www.psychometrics.com\/fr\/evaluations\/rapport-dimpact-personnel-mbtimd\/\",\"url\":\"https:\/\/www.psychometrics.com\/fr\/evaluations\/rapport-dimpact-personnel-mbtimd\/\",\"name\":\"MBTI Rapport d\u2019impact personnel | Psychometrics Canada\",\"isPartOf\":{\"@id\":\"https:\/\/www.psychometrics.com\/#website\"},\"primaryImageOfPage\":{\"@id\":\"https:\/\/www.psychometrics.com\/fr\/evaluations\/rapport-dimpact-personnel-mbtimd\/#primaryimage\"},\"image\":{\"@id\":\"https:\/\/www.psychometrics.com\/fr\/evaluations\/rapport-dimpact-personnel-mbtimd\/#primaryimage\"},\"thumbnailUrl\":\"https:\/\/www.psychometrics.com\/wp-content\/uploads\/2025\/09\/French-PIR-.png\",\"datePublished\":\"2025-09-10T18:12:30+00:00\",\"dateModified\":\"2025-09-30T15:21:52+00:00\",\"description\":\"Rapport d\u2019impact personnel Offrez une exp\u00e9rience de d\u00e9veloppement compl\u00e8te et immersive avec un seul rapport\u00a0 T\u00e9l\u00e9charger un rapport\u00a0\u00e9chantillon &nbsp; Le\",\"breadcrumb\":{\"@id\":\"https:\/\/www.psychometrics.com\/fr\/evaluations\/rapport-dimpact-personnel-mbtimd\/#breadcrumb\"},\"inLanguage\":\"fr-CA\",\"potentialAction\":[{\"@type\":\"ReadAction\",\"target\":[\"https:\/\/www.psychometrics.com\/fr\/evaluations\/rapport-dimpact-personnel-mbtimd\/\"]}]},{\"@type\":\"ImageObject\",\"inLanguage\":\"fr-CA\",\"@id\":\"https:\/\/www.psychometrics.com\/fr\/evaluations\/rapport-dimpact-personnel-mbtimd\/#primaryimage\",\"url\":\"https:\/\/www.psychometrics.com\/wp-content\/uploads\/2025\/09\/French-PIR-.png\",\"contentUrl\":\"https:\/\/www.psychometrics.com\/wp-content\/uploads\/2025\/09\/French-PIR-.png\"},{\"@type\":\"BreadcrumbList\",\"@id\":\"https:\/\/www.psychometrics.com\/fr\/evaluations\/rapport-dimpact-personnel-mbtimd\/#breadcrumb\",\"itemListElement\":[{\"@type\":\"ListItem\",\"position\":1,\"name\":\"Home\",\"item\":\"https:\/\/www.psychometrics.com\/fr\/home-2\/\"},{\"@type\":\"ListItem\",\"position\":2,\"name\":\"\u00c9valuations\",\"item\":\"https:\/\/www.psychometrics.com\/fr\/evaluations\/\"},{\"@type\":\"ListItem\",\"position\":3,\"name\":\"Rapport d\u2019impact personnel MBTIMD\"}]},{\"@type\":\"WebSite\",\"@id\":\"https:\/\/www.psychometrics.com\/#website\",\"url\":\"https:\/\/www.psychometrics.com\/\",\"name\":\"Psychometrics Canada\",\"description\":\"Les organisations \u00e0 mieux par le biais des personnes\",\"publisher\":{\"@id\":\"https:\/\/www.psychometrics.com\/#organization\"},\"potentialAction\":[{\"@type\":\"SearchAction\",\"target\":{\"@type\":\"EntryPoint\",\"urlTemplate\":\"https:\/\/www.psychometrics.com\/?s={search_term_string}\"},\"query-input\":{\"@type\":\"PropertyValueSpecification\",\"valueRequired\":true,\"valueName\":\"search_term_string\"}}],\"inLanguage\":\"fr-CA\"},{\"@type\":\"Organization\",\"@id\":\"https:\/\/www.psychometrics.com\/#organization\",\"name\":\"Psychometrics Canada\",\"url\":\"https:\/\/www.psychometrics.com\/\",\"logo\":{\"@type\":\"ImageObject\",\"inLanguage\":\"fr-CA\",\"@id\":\"https:\/\/www.psychometrics.com\/#\/schema\/logo\/image\/\",\"url\":\"https:\/\/www.psychometrics.com\/wp-content\/uploads\/2021\/01\/NewLogo.jpg\",\"contentUrl\":\"https:\/\/www.psychometrics.com\/wp-content\/uploads\/2021\/01\/NewLogo.jpg\",\"width\":1132,\"height\":155,\"caption\":\"Psychometrics Canada\"},\"image\":{\"@id\":\"https:\/\/www.psychometrics.com\/#\/schema\/logo\/image\/\"},\"sameAs\":[\"https:\/\/www.facebook.com\/PsychometricsCanada\",\"https:\/\/x.com\/PsychometricsCA\"]}]}<\/script>\n<!-- \/ Yoast SEO plugin. -->","yoast_head_json":{"title":"MBTI Rapport d\u2019impact personnel | Psychometrics Canada","description":"Rapport d\u2019impact personnel Offrez une exp\u00e9rience de d\u00e9veloppement compl\u00e8te et immersive avec un seul rapport\u00a0 T\u00e9l\u00e9charger un rapport\u00a0\u00e9chantillon &nbsp; Le","robots":{"index":"index","follow":"follow","max-snippet":"max-snippet:-1","max-image-preview":"max-image-preview:large","max-video-preview":"max-video-preview:-1"},"canonical":"https:\/\/www.psychometrics.com\/fr\/evaluations\/rapport-dimpact-personnel-mbtimd\/","og_locale":"fr_CA","og_type":"article","og_title":"MBTI Rapport d\u2019impact personnel | Psychometrics Canada","og_description":"Rapport d\u2019impact personnel Offrez une exp\u00e9rience de d\u00e9veloppement compl\u00e8te et immersive avec un seul rapport\u00a0 T\u00e9l\u00e9charger un rapport\u00a0\u00e9chantillon &nbsp; Le","og_url":"https:\/\/www.psychometrics.com\/fr\/evaluations\/rapport-dimpact-personnel-mbtimd\/","og_site_name":"Psychometrics Canada","article_publisher":"https:\/\/www.facebook.com\/PsychometricsCanada","article_modified_time":"2025-09-30T15:21:52+00:00","og_image":[{"width":496,"height":640,"url":"https:\/\/www.psychometrics.com\/wp-content\/uploads\/2025\/09\/French-PIR-.png","type":"image\/png"}],"twitter_card":"summary_large_image","twitter_site":"@PsychometricsCA","twitter_misc":{"Est. reading time":"2 minutes"},"schema":{"@context":"https:\/\/schema.org","@graph":[{"@type":"WebPage","@id":"https:\/\/www.psychometrics.com\/fr\/evaluations\/rapport-dimpact-personnel-mbtimd\/","url":"https:\/\/www.psychometrics.com\/fr\/evaluations\/rapport-dimpact-personnel-mbtimd\/","name":"MBTI Rapport d\u2019impact personnel | Psychometrics Canada","isPartOf":{"@id":"https:\/\/www.psychometrics.com\/#website"},"primaryImageOfPage":{"@id":"https:\/\/www.psychometrics.com\/fr\/evaluations\/rapport-dimpact-personnel-mbtimd\/#primaryimage"},"image":{"@id":"https:\/\/www.psychometrics.com\/fr\/evaluations\/rapport-dimpact-personnel-mbtimd\/#primaryimage"},"thumbnailUrl":"https:\/\/www.psychometrics.com\/wp-content\/uploads\/2025\/09\/French-PIR-.png","datePublished":"2025-09-10T18:12:30+00:00","dateModified":"2025-09-30T15:21:52+00:00","description":"Rapport d\u2019impact personnel Offrez une exp\u00e9rience de d\u00e9veloppement compl\u00e8te et immersive avec un seul rapport\u00a0 T\u00e9l\u00e9charger un rapport\u00a0\u00e9chantillon &nbsp; Le","breadcrumb":{"@id":"https:\/\/www.psychometrics.com\/fr\/evaluations\/rapport-dimpact-personnel-mbtimd\/#breadcrumb"},"inLanguage":"fr-CA","potentialAction":[{"@type":"ReadAction","target":["https:\/\/www.psychometrics.com\/fr\/evaluations\/rapport-dimpact-personnel-mbtimd\/"]}]},{"@type":"ImageObject","inLanguage":"fr-CA","@id":"https:\/\/www.psychometrics.com\/fr\/evaluations\/rapport-dimpact-personnel-mbtimd\/#primaryimage","url":"https:\/\/www.psychometrics.com\/wp-content\/uploads\/2025\/09\/French-PIR-.png","contentUrl":"https:\/\/www.psychometrics.com\/wp-content\/uploads\/2025\/09\/French-PIR-.png"},{"@type":"BreadcrumbList","@id":"https:\/\/www.psychometrics.com\/fr\/evaluations\/rapport-dimpact-personnel-mbtimd\/#breadcrumb","itemListElement":[{"@type":"ListItem","position":1,"name":"Home","item":"https:\/\/www.psychometrics.com\/fr\/home-2\/"},{"@type":"ListItem","position":2,"name":"\u00c9valuations","item":"https:\/\/www.psychometrics.com\/fr\/evaluations\/"},{"@type":"ListItem","position":3,"name":"Rapport d\u2019impact personnel MBTIMD"}]},{"@type":"WebSite","@id":"https:\/\/www.psychometrics.com\/#website","url":"https:\/\/www.psychometrics.com\/","name":"Psychometrics Canada","description":"Les organisations \u00e0 mieux par le biais des personnes","publisher":{"@id":"https:\/\/www.psychometrics.com\/#organization"},"potentialAction":[{"@type":"SearchAction","target":{"@type":"EntryPoint","urlTemplate":"https:\/\/www.psychometrics.com\/?s={search_term_string}"},"query-input":{"@type":"PropertyValueSpecification","valueRequired":true,"valueName":"search_term_string"}}],"inLanguage":"fr-CA"},{"@type":"Organization","@id":"https:\/\/www.psychometrics.com\/#organization","name":"Psychometrics Canada","url":"https:\/\/www.psychometrics.com\/","logo":{"@type":"ImageObject","inLanguage":"fr-CA","@id":"https:\/\/www.psychometrics.com\/#\/schema\/logo\/image\/","url":"https:\/\/www.psychometrics.com\/wp-content\/uploads\/2021\/01\/NewLogo.jpg","contentUrl":"https:\/\/www.psychometrics.com\/wp-content\/uploads\/2021\/01\/NewLogo.jpg","width":1132,"height":155,"caption":"Psychometrics Canada"},"image":{"@id":"https:\/\/www.psychometrics.com\/#\/schema\/logo\/image\/"},"sameAs":["https:\/\/www.facebook.com\/PsychometricsCanada","https:\/\/x.com\/PsychometricsCA"]}]}},"_links":{"self":[{"href":"https:\/\/www.psychometrics.com\/fr\/wp-json\/wp\/v2\/pages\/42118","targetHints":{"allow":["GET"]}}],"collection":[{"href":"https:\/\/www.psychometrics.com\/fr\/wp-json\/wp\/v2\/pages"}],"about":[{"href":"https:\/\/www.psychometrics.com\/fr\/wp-json\/wp\/v2\/types\/page"}],"author":[{"embeddable":true,"href":"https:\/\/www.psychometrics.com\/fr\/wp-json\/wp\/v2\/users\/18"}],"replies":[{"embeddable":true,"href":"https:\/\/www.psychometrics.com\/fr\/wp-json\/wp\/v2\/comments?post=42118"}],"version-history":[{"count":4,"href":"https:\/\/www.psychometrics.com\/fr\/wp-json\/wp\/v2\/pages\/42118\/revisions"}],"predecessor-version":[{"id":42272,"href":"https:\/\/www.psychometrics.com\/fr\/wp-json\/wp\/v2\/pages\/42118\/revisions\/42272"}],"up":[{"embeddable":true,"href":"https:\/\/www.psychometrics.com\/fr\/wp-json\/wp\/v2\/pages\/1996"}],"wp:attachment":[{"href":"https:\/\/www.psychometrics.com\/fr\/wp-json\/wp\/v2\/media?parent=42118"}],"curies":[{"name":"wp","href":"https:\/\/api.w.org\/{rel}","templated":true}]}}