{"id":4797,"date":"2015-07-11T13:45:21","date_gmt":"2015-07-11T19:45:21","guid":{"rendered":"https:\/\/www.psychometrics.com\/?page_id=4797&#038;lang=fr"},"modified":"2025-09-10T14:55:53","modified_gmt":"2025-09-10T20:55:53","slug":"prix-des-rapports","status":"publish","type":"page","link":"https:\/\/www.psychometrics.com\/fr\/prix-des-rapports\/","title":{"rendered":"Prix des Rapports et \u00c9chantillons"},"content":{"rendered":"<p class=\"x_MsoNormal\"><span class=\"x_rynqvb\"><span lang=\"FR\"><strong>Frais d&#8217;acc\u00e8s \u00e0 Psychometrics.com :<\/strong>\u00a099,00\u00a0$<\/span><\/span><\/p>\r\n<h3>Cr\u00e9dits<\/h3>\r\n<p>La tarification des rapports est bas\u00e9e sur un syst\u00e8me de transmission de cr\u00e9dits. Vous achetez les cr\u00e9dits n\u00e9cessaires par l&#8217;interm\u00e9diaire de votre site Web. Chaque fois que vous g\u00e9n\u00e9rez un rapport, des cr\u00e9dits sont soustraits de votre compte. Le prix de ces cr\u00e9dits varie selon le nombre de cr\u00e9dits que vous commandez.<\/p>\r\n<p><strong>de 1 \u00e0 749:<\/strong> 1,00 $ chaque<br \/><strong>de 750 \u00e0 1499:<\/strong> 0,95 $ chaque<br \/><strong>de 1500 \u00e0 2499:<\/strong> 0,90 $ chaque<br \/><strong>de 2500+:<\/strong> 0,85 $ chaque<\/p>\r\n<h3>Prix des Rapports\u00a0<\/h3>\r\n<p><a href=\"https:\/\/www.psychometrics.com\/fr\/evaluations\/cpi-260\/\">CPI 260<sup>MC<\/sup><\/a><br \/><a href=\"https:\/\/www.psychometrics.com\/wp-content\/uploads\/2015\/05\/cpi260_fr_client.pdf\">Rapport du client<\/a>\u00a0<em>(84 cr\u00e9dits chaque)<\/em><br \/><a href=\"https:\/\/www.psychometrics.com\/wp-content\/uploads\/2015\/05\/cpi260_fr_coaching.pdf\">Rapport d\u2019encadrement pour dirigeants<\/a>\u00a0<em>(108 cr\u00e9dits chaque)<\/em><\/p>\r\n<p><a href=\"https:\/\/www.psychometrics.com\/fr\/evaluations\/cpi-434\/\">CPI<sup>MC<\/sup>\u00a0434<\/a><br \/><a href=\"https:\/\/www.psychometrics.com\/wp-content\/uploads\/2015\/05\/cpi434_fr_profil.pdf\">Rapport de profil<\/a>\u00a0<em>(59 cr\u00e9dits chaque)<\/em><\/p>\r\n<p><a href=\"https:\/\/www.psychometrics.com\/fr\/evaluations\/echelle-de-valeurs-de-carriere\/\">L\u2019\u00e9chelle de valeurs de carri\u00e8re<\/a><br \/><a href=\"https:\/\/www.psychometrics.com\/wp-content\/uploads\/2015\/05\/cvsfr.pdf\">Rapport<\/a>\u00a0<em>(27 cr\u00e9dits chaque)<\/em><\/p>\r\n<p><a href=\"https:\/\/www.psychometrics.com\/fr\/evaluations\/firo-b\/\">FIRO-B<sup>MD<\/sup><\/a><br \/><a href=\"https:\/\/www.psychometrics.com\/wp-content\/uploads\/2015\/05\/firob_fr_profil.pdf\">Rapport profil<\/a>\u00a0<em>(43 cr\u00e9dits chaque)<\/em><br \/><a href=\"https:\/\/www.psychometrics.com\/wp-content\/uploads\/2015\/05\/firob_fr_org.pdf\">Rapport explicatif pour les organisations\u00a0<\/a><em>(47 cr\u00e9dits chaque)<\/em><\/p>\r\n<p><a href=\"https:\/\/www.psychometrics.com\/fr\/evaluations\/firo-entreprise\/\">FIRO Entreprise<sup>MD<br \/><\/sup><\/a><a href=\"https:\/\/www.psychometrics.com\/wp-content\/uploads\/2018\/04\/FIRO-Entreprise-Rapport-Profil.pdf\">Rapport de profil<\/a>\u00a0<em>(44 cr\u00e9dits chaque)<\/em><br \/><a href=\"https:\/\/www.psychometrics.com\/wp-content\/uploads\/2018\/04\/FIRO-Entreprise-Rapport-de-Leadership.pdf\">Rapport de leadership<\/a>\u00a0<em>(47 cr\u00e9dits chaque)<\/em><br \/><a href=\"https:\/\/www.psychometrics.com\/wp-content\/uploads\/2018\/04\/FIRO-Entreprise-Rapport-Leadership-avec-Profil.pdf\">Rapport de leadership avec profil<\/a>\u00a0<em>(68 cr\u00e9dits chaque)<\/em><\/p>\r\n<p><a href=\"https:\/\/www.psychometrics.com\/fr\/evaluations\/evaluation-de-la-fiabilite-de-lemploye\/\">L\u2019\u00e9valuation de la fiabilit\u00e9 de l\u2019employ\u00e9 (ERI\u1d39\u1d30)<\/a><br \/><a href=\"https:\/\/www.psychometrics.com\/wp-content\/uploads\/2021\/05\/ERI-FR.pdf\">Rapport\u00a0<\/a><em>(31 cr\u00e9dits chaque)<\/em><\/p>\r\n<p><a href=\"https:\/\/www.psychometrics.com\/fr\/evaluations\/indice-de-personnalite-au-travail\/\">L\u2019indice de personnalit\u00e9 de travail<\/a><br \/><a href=\"https:\/\/www.psychometrics.com\/wp-content\/uploads\/2024\/08\/JohnSample_Rapport_de_Dveloppement_de_lIPT.pdf\">Rapport de d\u00e9veloppement<\/a>\u00a0<em>(42 cr\u00e9dits chaque)<\/em><br \/><a href=\"https:\/\/www.psychometrics.com\/wp-content\/uploads\/2024\/08\/JohnSample_Rapport_de_Leadership_de_lIPT.pdf\">Rapport de leadership\u00a0<\/a><em>(75 cr\u00e9dits chaque)<\/em><br \/><a href=\"https:\/\/www.psychometrics.com\/wp-content\/uploads\/2024\/08\/JohnSample_Rapport_de_Carrire_de_lIPT.pdf\">Rapport de carri\u00e8re<\/a>\u00a0<em>(35 cr\u00e9dits chaque)<\/em><br \/><a href=\"https:\/\/www.psychometrics.com\/wp-content\/uploads\/2024\/08\/JohnSample_Rapport_de_Slection_de_lIPT.pdf\">Rapport de s\u00e9lection<\/a>\u00a0<em>(38 cr\u00e9dits chaque)<\/em><br \/>Syst\u00e8me de jumelage d\u2019emploi<br \/><a href=\"https:\/\/www.psychometrics.com\/wp-content\/uploads\/2017\/09\/IPT-Job-Match-Sample-Report-FR.pdf\">Rapport de jumelage d\u2019emploi<\/a>\u00a0<em>(38 cr\u00e9dits chaque)<\/em><\/p>\r\n<p><em>Appelez au 1.800.661.5158 pour conna\u00eetre les prix et obtenir une consultation<\/em><\/p>\r\n<p><a href=\"https:\/\/www.psychometrics.com\/fr\/evaluations\/inventaire-des-interets-strong\/\">L\u2019inventaire des int\u00e9r\u00eats professionnels Strong<\/a><br \/><a href=\"https:\/\/www.psychometrics.com\/wp-content\/uploads\/2015\/05\/strong_fr_p.pdf\">Rapport profil Strong<\/a>\u00a0<em>(21 cr\u00e9dits chaque)<\/em><br \/><a href=\"https:\/\/www.psychometrics.com\/wp-content\/uploads\/2015\/05\/strong_fr_ps.pdf\">Rapport profil Strong, version secondaire<\/a>\u00a0<em>(19 cr\u00e9dits chaque)<\/em><br \/><a href=\"https:\/\/www.psychometrics.com\/wp-content\/uploads\/2015\/05\/strong_fr_pc.pdf\">Rapport profil Strong, version postsecondaire<\/a>\u00a0<em>(21 cr\u00e9dits chaque)<\/em><br \/><a href=\"https:\/\/www.psychometrics.com\/wp-content\/uploads\/2015\/05\/strong_fr_ir.pdf\">Profil et rapport explicatif\u00a0<\/a><em>(33 cr\u00e9dits chaque)<\/em><\/p>\r\n<p><a href=\"https:\/\/www.psychometrics.com\/fr\/evaluations\/inventaire-des-interets-de-carriere\/\">L\u2019inventaire des int\u00e9r\u00eats de carri\u00e8re<\/a><br \/><a href=\"https:\/\/www.psychometrics.com\/wp-content\/uploads\/2025\/09\/Canada_Career_Interest_Profile_Sample_FR.pdf\">Rapport<\/a>\u00a0<em>(17 cr\u00e9dits chaque)<\/em><\/p>\r\n<p><a href=\"https:\/\/www.psychometrics.com\/fr\/evaluations\/mbtimd-niveau-i-version-m\/\">MBTI<sup>MD<\/sup>, Niveau I (version M)<\/a><br \/><a href=\"https:\/\/www.psychometrics.com\/wp-content\/uploads\/2015\/10\/MBTI_MFR_Profile3.pdf\">Rapport profil<\/a>\u00a0<em>(43 cr\u00e9dits chaque)<\/em><br \/><a href=\"https:\/\/www.psychometrics.com\/wp-content\/uploads\/2015\/10\/MBTI_MFR_IR3.pdf\">Rapport explicatif<\/a>\u00a0<em>(54 cr\u00e9dits chaque)<\/em><br \/><a href=\"https:\/\/www.psychometrics.com\/wp-content\/uploads\/2015\/10\/MBTI_MFR_IRO3.pdf\">Rapport explicatif pour les organisations\u00a0<\/a><em>(74 cr\u00e9dits chaque)<\/em><br \/><a href=\"https:\/\/www.psychometrics.com\/wp-content\/uploads\/2015\/05\/4mbtifr_cr.pdf\">Rapport de carri\u00e8re<\/a>\u00a0<em>(33 cr\u00e9dits chaque)<\/em><\/p>\r\n<p><a href=\"https:\/\/www.psychometrics.com\/fr\/evaluations\/mbtimd-niveau-ii-version-q\/\">MBTI<sup>MD<\/sup>, Niveau II (version Q)<\/a><br \/><a href=\"https:\/\/www.psychometrics.com\/wp-content\/uploads\/2018\/02\/MBTI_Profile_Sample.pdf\">Rapport profil<\/a>\u00a0<em>(74 cr\u00e9dits chaque)<\/em><br \/><a href=\"https:\/\/www.psychometrics.com\/wp-content\/uploads\/2018\/02\/MBTI_IR_Sample.pdf\">Rapport explicatif<\/a>\u00a0<em>(106 cr\u00e9dits chaque)<\/em><\/p>\r\n<p><a href=\"https:\/\/www.psychometrics.com\/fr\/evaluations\/mbti-version-globale\/\">MBTI<sup>MD\u00a0<\/sup>Version Globale<\/a><br \/><a href=\"https:\/\/www.psychometrics.com\/wp-content\/uploads\/2022\/02\/MBTI_Version_Globale_Niveau-I-Rapport-profil.pdf\">Niveau I \u2013 Rapport profil<\/a>\u00a0<em>(43 cr\u00e9dits chaque)<\/em><br \/><a href=\"https:\/\/www.psychometrics.com\/wp-content\/uploads\/2022\/02\/MBTI_Version_Globale_Niveau-II-Rapport-explicatif.pdf\">Niveau II \u2013 Rapport explicatif<\/a>\u00a0<em>(106 cr\u00e9dits chaque)<br \/><\/em><a href=\"https:\/\/www.psychometrics.com\/fr\/evaluations\/rapport-dimpact-personnel-mbtimd\/\">Rapport d\u2019impact personnel<\/a>\u00a0<em>(136 cr\u00e9dits chaque)<\/em><br \/><a href=\"https:\/\/www.psychometrics.com\/wp-content\/uploads\/2022\/02\/CamilleSample_MBTI-Complete-Global-Step-I-Profile_French.pdf\">MBTI<sup>\u00ae<\/sup>Complete \u2013 Niveau I Globale<\/a>\u00a0<em>(95 cr\u00e9dits chaque)<\/em><\/p>\r\n<p><a href=\"https:\/\/www.psychometrics.com\/fr\/evaluations\/methode-thomas-kilmann-en-situation-de-conflit\/\">M\u00e9thode Thomas-Kilmann en situation de conflit<\/a><br \/><a href=\"https:\/\/www.psychometrics.com\/wp-content\/uploads\/2015\/05\/tkifr_pr6208037.pdf\">Profil et rapport explicatif<\/a>\u00a0<em>(44 cr\u00e9dits chaque)<\/em><\/p>\r\n<p><a href=\"https:\/\/www.psychometrics.com\/fr\/evaluations\/levaluation-psychometrics-360\/\">Psychometrics 360<\/a><br \/><a href=\"https:\/\/www.psychometrics.com\/wp-content\/uploads\/2023\/11\/Psychometrics-360-Rapport-de-Retroaction.pdf\">Psychometrics 360 Rapport de R\u00e9troaction<\/a><em>\u00a0(215 cr\u00e9dits chaque)<\/em><\/p>\r\n<p><a href=\"https:\/\/www.psychometrics.com\/fr\/evaluations\/test-du-raisonnement-abstrait\/\"><span data-teams=\"true\">Test de raisonnement abstrait<\/span><\/a>\u00a0<br \/><em><a href=\"https:\/\/www.psychometrics.com\/wp-content\/uploads\/2016\/07\/TAR45-samplereport-FR.pdf\">ACER Test du Raisonnement Abstrait (45)<\/a> (25 cr\u00e9dits chaque)<\/em><br \/><em><a href=\"https:\/\/www.psychometrics.com\/wp-content\/uploads\/2016\/07\/TAR60-samplereport-FR.pdf\">ACER Test du Raisonnement Abstrait (60)<\/a>\u00a0 (25 cr\u00e9dits chaque)<\/em><\/p>\r\n<p>&nbsp;<\/p>\r\n<h3>Introduction aux Types Psychologiques version PDF<\/h3>\r\n<p>Introduction aux types psychologiques dans les organisations \u2013 Fran\u00e7ais canadien (29 cr\u00e9dits chaque)<\/p>\r\n<p>Introduction aux types psychologiques dans les \u00e9quipes \u2013 Fran\u00e7ais \u200eeurop\u00e9en (29 cr\u00e9dits chaque)<\/p>\r\n<p>Introduction aux types psychologiques et \u00e0 la prise de d\u00e9cision \u2013 Fran\u00e7ais \u200eeurop\u00e9en (29 cr\u00e9dits chaque)<\/p>\r\n<p>Introduction aux types psychologiques \u2013 Fran\u00e7ais \u200eeurop\u00e9en\u200e (29 cr\u00e9dits chaque)<\/p>\r\n<p>&nbsp;<\/p>\r\n","protected":false},"excerpt":{"rendered":"<p>Frais d&#8217;acc\u00e8s \u00e0 Psychometrics.com :\u00a099,00\u00a0$ Cr\u00e9dits La tarification des rapports est bas\u00e9e sur un syst\u00e8me de transmission de cr\u00e9dits. Vous achetez les cr\u00e9dits n\u00e9cessaires par l&#8217;interm\u00e9diaire de votre site Web.<\/p>\n","protected":false},"author":4,"featured_media":0,"parent":0,"menu_order":0,"comment_status":"open","ping_status":"closed","template":"","meta":{"_acf_changed":false,"footnotes":""},"class_list":["post-4797","page","type-page","status-publish","hentry"],"acf":[],"yoast_head":"<!-- This site is optimized with the Yoast SEO plugin v27.2 - https:\/\/yoast.com\/product\/yoast-seo-wordpress\/ -->\n<title>Prix des Rapports et \u00c9chantillons - Psychometrics Canada<\/title>\n<meta name=\"description\" content=\"Frais d&#039;acc\u00e8s \u00e0 Psychometrics.com :\u00a099,00\u00a0$ Cr\u00e9dits La tarification des rapports est bas\u00e9e sur un syst\u00e8me de transmission de cr\u00e9dits. Vous achetez les\" \/>\n<meta name=\"robots\" content=\"index, follow, max-snippet:-1, max-image-preview:large, max-video-preview:-1\" \/>\n<link rel=\"canonical\" href=\"https:\/\/www.psychometrics.com\/fr\/prix-des-rapports\/\" \/>\n<meta property=\"og:locale\" content=\"fr_CA\" \/>\n<meta property=\"og:type\" content=\"article\" \/>\n<meta property=\"og:title\" content=\"Prix des Rapports et \u00c9chantillons - Psychometrics Canada\" \/>\n<meta property=\"og:description\" content=\"Frais d&#039;acc\u00e8s \u00e0 Psychometrics.com :\u00a099,00\u00a0$ Cr\u00e9dits La tarification des rapports est bas\u00e9e sur un syst\u00e8me de transmission de cr\u00e9dits. Vous achetez les\" \/>\n<meta property=\"og:url\" content=\"https:\/\/www.psychometrics.com\/fr\/prix-des-rapports\/\" \/>\n<meta property=\"og:site_name\" content=\"Psychometrics Canada\" \/>\n<meta property=\"article:publisher\" content=\"https:\/\/www.facebook.com\/PsychometricsCanada\" \/>\n<meta property=\"article:modified_time\" content=\"2025-09-10T20:55:53+00:00\" \/>\n<meta property=\"og:image\" content=\"https:\/\/www.psychometrics.com\/wp-content\/uploads\/2015\/02\/og-image.png\" \/>\n\t<meta property=\"og:image:width\" content=\"1500\" \/>\n\t<meta property=\"og:image:height\" content=\"1500\" \/>\n\t<meta property=\"og:image:type\" content=\"image\/png\" \/>\n<meta name=\"twitter:card\" content=\"summary_large_image\" \/>\n<meta name=\"twitter:site\" content=\"@PsychometricsCA\" \/>\n<meta name=\"twitter:label1\" content=\"Est. reading time\" \/>\n\t<meta name=\"twitter:data1\" content=\"2 minutes\" \/>\n<script type=\"application\/ld+json\" class=\"yoast-schema-graph\">{\"@context\":\"https:\/\/schema.org\",\"@graph\":[{\"@type\":\"WebPage\",\"@id\":\"https:\/\/www.psychometrics.com\/fr\/prix-des-rapports\/\",\"url\":\"https:\/\/www.psychometrics.com\/fr\/prix-des-rapports\/\",\"name\":\"Prix des Rapports et \u00c9chantillons - Psychometrics Canada\",\"isPartOf\":{\"@id\":\"https:\/\/www.psychometrics.com\/#website\"},\"datePublished\":\"2015-07-11T19:45:21+00:00\",\"dateModified\":\"2025-09-10T20:55:53+00:00\",\"description\":\"Frais d'acc\u00e8s \u00e0 Psychometrics.com :\u00a099,00\u00a0$ Cr\u00e9dits La tarification des rapports est bas\u00e9e sur un syst\u00e8me de transmission de cr\u00e9dits. Vous achetez les\",\"breadcrumb\":{\"@id\":\"https:\/\/www.psychometrics.com\/fr\/prix-des-rapports\/#breadcrumb\"},\"inLanguage\":\"fr-CA\",\"potentialAction\":[{\"@type\":\"ReadAction\",\"target\":[\"https:\/\/www.psychometrics.com\/fr\/prix-des-rapports\/\"]}]},{\"@type\":\"BreadcrumbList\",\"@id\":\"https:\/\/www.psychometrics.com\/fr\/prix-des-rapports\/#breadcrumb\",\"itemListElement\":[{\"@type\":\"ListItem\",\"position\":1,\"name\":\"Home\",\"item\":\"https:\/\/www.psychometrics.com\/fr\/home-2\/\"},{\"@type\":\"ListItem\",\"position\":2,\"name\":\"Prix des Rapports et \u00c9chantillons\"}]},{\"@type\":\"WebSite\",\"@id\":\"https:\/\/www.psychometrics.com\/#website\",\"url\":\"https:\/\/www.psychometrics.com\/\",\"name\":\"Psychometrics Canada\",\"description\":\"Les organisations \u00e0 mieux par le biais des personnes\",\"publisher\":{\"@id\":\"https:\/\/www.psychometrics.com\/#organization\"},\"potentialAction\":[{\"@type\":\"SearchAction\",\"target\":{\"@type\":\"EntryPoint\",\"urlTemplate\":\"https:\/\/www.psychometrics.com\/?s={search_term_string}\"},\"query-input\":{\"@type\":\"PropertyValueSpecification\",\"valueRequired\":true,\"valueName\":\"search_term_string\"}}],\"inLanguage\":\"fr-CA\"},{\"@type\":\"Organization\",\"@id\":\"https:\/\/www.psychometrics.com\/#organization\",\"name\":\"Psychometrics Canada\",\"url\":\"https:\/\/www.psychometrics.com\/\",\"logo\":{\"@type\":\"ImageObject\",\"inLanguage\":\"fr-CA\",\"@id\":\"https:\/\/www.psychometrics.com\/#\/schema\/logo\/image\/\",\"url\":\"https:\/\/www.psychometrics.com\/wp-content\/uploads\/2021\/01\/NewLogo.jpg\",\"contentUrl\":\"https:\/\/www.psychometrics.com\/wp-content\/uploads\/2021\/01\/NewLogo.jpg\",\"width\":1132,\"height\":155,\"caption\":\"Psychometrics Canada\"},\"image\":{\"@id\":\"https:\/\/www.psychometrics.com\/#\/schema\/logo\/image\/\"},\"sameAs\":[\"https:\/\/www.facebook.com\/PsychometricsCanada\",\"https:\/\/x.com\/PsychometricsCA\"]}]}<\/script>\n<!-- \/ Yoast SEO plugin. -->","yoast_head_json":{"title":"Prix des Rapports et \u00c9chantillons - Psychometrics Canada","description":"Frais d'acc\u00e8s \u00e0 Psychometrics.com :\u00a099,00\u00a0$ Cr\u00e9dits La tarification des rapports est bas\u00e9e sur un syst\u00e8me de transmission de cr\u00e9dits. Vous achetez les","robots":{"index":"index","follow":"follow","max-snippet":"max-snippet:-1","max-image-preview":"max-image-preview:large","max-video-preview":"max-video-preview:-1"},"canonical":"https:\/\/www.psychometrics.com\/fr\/prix-des-rapports\/","og_locale":"fr_CA","og_type":"article","og_title":"Prix des Rapports et \u00c9chantillons - Psychometrics Canada","og_description":"Frais d'acc\u00e8s \u00e0 Psychometrics.com :\u00a099,00\u00a0$ Cr\u00e9dits La tarification des rapports est bas\u00e9e sur un syst\u00e8me de transmission de cr\u00e9dits. Vous achetez les","og_url":"https:\/\/www.psychometrics.com\/fr\/prix-des-rapports\/","og_site_name":"Psychometrics Canada","article_publisher":"https:\/\/www.facebook.com\/PsychometricsCanada","article_modified_time":"2025-09-10T20:55:53+00:00","og_image":[{"width":1500,"height":1500,"url":"https:\/\/www.psychometrics.com\/wp-content\/uploads\/2015\/02\/og-image.png","type":"image\/png"}],"twitter_card":"summary_large_image","twitter_site":"@PsychometricsCA","twitter_misc":{"Est. reading time":"2 minutes"},"schema":{"@context":"https:\/\/schema.org","@graph":[{"@type":"WebPage","@id":"https:\/\/www.psychometrics.com\/fr\/prix-des-rapports\/","url":"https:\/\/www.psychometrics.com\/fr\/prix-des-rapports\/","name":"Prix des Rapports et \u00c9chantillons - Psychometrics Canada","isPartOf":{"@id":"https:\/\/www.psychometrics.com\/#website"},"datePublished":"2015-07-11T19:45:21+00:00","dateModified":"2025-09-10T20:55:53+00:00","description":"Frais d'acc\u00e8s \u00e0 Psychometrics.com :\u00a099,00\u00a0$ Cr\u00e9dits La tarification des rapports est bas\u00e9e sur un syst\u00e8me de transmission de cr\u00e9dits. Vous achetez les","breadcrumb":{"@id":"https:\/\/www.psychometrics.com\/fr\/prix-des-rapports\/#breadcrumb"},"inLanguage":"fr-CA","potentialAction":[{"@type":"ReadAction","target":["https:\/\/www.psychometrics.com\/fr\/prix-des-rapports\/"]}]},{"@type":"BreadcrumbList","@id":"https:\/\/www.psychometrics.com\/fr\/prix-des-rapports\/#breadcrumb","itemListElement":[{"@type":"ListItem","position":1,"name":"Home","item":"https:\/\/www.psychometrics.com\/fr\/home-2\/"},{"@type":"ListItem","position":2,"name":"Prix des Rapports et \u00c9chantillons"}]},{"@type":"WebSite","@id":"https:\/\/www.psychometrics.com\/#website","url":"https:\/\/www.psychometrics.com\/","name":"Psychometrics Canada","description":"Les organisations \u00e0 mieux par le biais des personnes","publisher":{"@id":"https:\/\/www.psychometrics.com\/#organization"},"potentialAction":[{"@type":"SearchAction","target":{"@type":"EntryPoint","urlTemplate":"https:\/\/www.psychometrics.com\/?s={search_term_string}"},"query-input":{"@type":"PropertyValueSpecification","valueRequired":true,"valueName":"search_term_string"}}],"inLanguage":"fr-CA"},{"@type":"Organization","@id":"https:\/\/www.psychometrics.com\/#organization","name":"Psychometrics Canada","url":"https:\/\/www.psychometrics.com\/","logo":{"@type":"ImageObject","inLanguage":"fr-CA","@id":"https:\/\/www.psychometrics.com\/#\/schema\/logo\/image\/","url":"https:\/\/www.psychometrics.com\/wp-content\/uploads\/2021\/01\/NewLogo.jpg","contentUrl":"https:\/\/www.psychometrics.com\/wp-content\/uploads\/2021\/01\/NewLogo.jpg","width":1132,"height":155,"caption":"Psychometrics Canada"},"image":{"@id":"https:\/\/www.psychometrics.com\/#\/schema\/logo\/image\/"},"sameAs":["https:\/\/www.facebook.com\/PsychometricsCanada","https:\/\/x.com\/PsychometricsCA"]}]}},"_links":{"self":[{"href":"https:\/\/www.psychometrics.com\/fr\/wp-json\/wp\/v2\/pages\/4797","targetHints":{"allow":["GET"]}}],"collection":[{"href":"https:\/\/www.psychometrics.com\/fr\/wp-json\/wp\/v2\/pages"}],"about":[{"href":"https:\/\/www.psychometrics.com\/fr\/wp-json\/wp\/v2\/types\/page"}],"author":[{"embeddable":true,"href":"https:\/\/www.psychometrics.com\/fr\/wp-json\/wp\/v2\/users\/4"}],"replies":[{"embeddable":true,"href":"https:\/\/www.psychometrics.com\/fr\/wp-json\/wp\/v2\/comments?post=4797"}],"version-history":[{"count":10,"href":"https:\/\/www.psychometrics.com\/fr\/wp-json\/wp\/v2\/pages\/4797\/revisions"}],"predecessor-version":[{"id":42173,"href":"https:\/\/www.psychometrics.com\/fr\/wp-json\/wp\/v2\/pages\/4797\/revisions\/42173"}],"wp:attachment":[{"href":"https:\/\/www.psychometrics.com\/fr\/wp-json\/wp\/v2\/media?parent=4797"}],"curies":[{"name":"wp","href":"https:\/\/api.w.org\/{rel}","templated":true}]}}