{"id":5067,"date":"2015-08-18T12:43:25","date_gmt":"2015-08-18T18:43:25","guid":{"rendered":"https:\/\/www.psychometrics.com\/?page_id=5067&#038;lang=fr"},"modified":"2025-07-02T09:35:52","modified_gmt":"2025-07-02T15:35:52","slug":"qualification","status":"publish","type":"page","link":"https:\/\/www.psychometrics.com\/fr\/qualification\/","title":{"rendered":"Se qualifier"},"content":{"rendered":"<p><span style=\"font-family: verdana;\"><br \/>\nLes exigences en mati\u00e8re de qualifications de Psychometrics Canada aident \u00e0 s&#8217;assurer que chaque praticien comprend parfaitement la fa\u00e7on la plus \u00e9thique et la plus efficace d&#8217;administrer, d&#8217;interpr\u00e9ter et d&#8217;appliquer nos \u00e9valuations &#8211; et est capable d&#8217;aider \u00e0 produire le plus grand avantage chaque fois qu&#8217;un outil est utilis\u00e9.<br \/>\n<div class='content-column one_third'><img fetchpriority=\"high\" decoding=\"async\" class=\"alignleft size-full wp-image-1617\" src=\"https:\/\/www.psychometrics.com\/wp-content\/uploads\/2014\/12\/PM-GetCertified-A2.jpg\" alt=\"PM-GetCertified-A\" width=\"400\" height=\"265\" \/><\/span><\/p>\n<h4>Documentation de niveau A<\/h4>\n<p>On peut se procurer, sans probl\u00e8me, plusieurs \u00e9valuations, livres, guides et programmes inscrits sur le site Web. Ils font partie de la documentation de niveau A.<br \/><\/div>\n<div class='content-column one_third'><img decoding=\"async\" class=\"alignleft wp-image-1618\" src=\"https:\/\/www.psychometrics.com\/wp-content\/uploads\/2014\/12\/PM-GetCertified-B1.jpg\" alt=\"PM-GetCertified-B\" width=\"400\" height=\"265\" \/><\/p>\n<h4>Documentation de niveau B<\/h4>\n<p>Pour \u00eatre autoris\u00e9 \u00e0 utiliser les \u00e9valuations de niveau B, il faut avoir suivi et r\u00e9ussi un programme de certification OU d\u00e9tenir un dipl\u00f4me en psychologie ou dans une discipline connexe, et avoir suivi avec succ\u00e8s des cours de deuxi\u00e8me cycle en interpr\u00e9tation des \u00e9valuations psychologiques et en mesure psychologique dans un coll\u00e8ge ou une universit\u00e9 accr\u00e9dit\u00e9 (e).<br \/><\/div>\n<div class='content-column one_third'><img decoding=\"async\" class=\"alignleft wp-image-1619\" src=\"https:\/\/www.psychometrics.com\/wp-content\/uploads\/2014\/12\/PM-GetCertified-C.jpg\" alt=\"PM-GetCertified-C\" width=\"400\" height=\"265\" \/><\/p>\n<h4>Documentation de niveau C<\/h4>\n<p>Pour \u00eatre autoris\u00e9 \u00e0 utiliser les \u00e9valuations de niveau C, vous devez satisfaire \u00e0 toutes les conditions requises pour les usagers de niveau B ; de plus, vous devez d\u00e9tenir un dipl\u00f4me universitaire sup\u00e9rieur dans l\u2019une des professions qui donne une formation sp\u00e9cialis\u00e9e en mati\u00e8re d\u2019interpr\u00e9tation des \u00e9valuations psychologiques.<br \/><\/div>\n<hr \/>\n<p><script type=\"text\/javascript\">var loc = \"https:\/\/analytics.clickdimensions.com\/psychometricscom-are8e\/pages\/\";<\/script><br \/>\n<script type=\"text\/javascript\" src=\"https:\/\/cdn-us.clickdimensions.com\/web\/v10\/CDWidget.js\"><\/script><\/p>\n<div pageID=\"pchtkrg4eeebkuahg2pqoq\"><\/div>\n","protected":false},"excerpt":{"rendered":"<p>Les exigences en mati\u00e8re de qualifications de Psychometrics Canada aident \u00e0 s&#8217;assurer que chaque praticien comprend parfaitement la fa\u00e7on la plus \u00e9thique et la plus efficace d&#8217;administrer, d&#8217;interpr\u00e9ter et d&#8217;appliquer<\/p>\n","protected":false},"author":2,"featured_media":0,"parent":0,"menu_order":0,"comment_status":"closed","ping_status":"closed","template":"","meta":{"_acf_changed":false,"footnotes":""},"class_list":["post-5067","page","type-page","status-publish","hentry"],"acf":[],"yoast_head":"<!-- This site is optimized with the Yoast SEO plugin v27.2 - https:\/\/yoast.com\/product\/yoast-seo-wordpress\/ -->\n<title>Se qualifier - Psychometrics Canada<\/title>\n<meta name=\"description\" content=\"Les exigences en mati\u00e8re de qualifications de Psychometrics Canada aident \u00e0 s&#039;assurer que chaque praticien comprend parfaitement la fa\u00e7on la plus \u00e9thique\" \/>\n<meta name=\"robots\" content=\"index, follow, max-snippet:-1, max-image-preview:large, max-video-preview:-1\" \/>\n<link rel=\"canonical\" href=\"https:\/\/www.psychometrics.com\/fr\/qualification\/\" \/>\n<meta property=\"og:locale\" content=\"fr_CA\" \/>\n<meta property=\"og:type\" content=\"article\" \/>\n<meta property=\"og:title\" content=\"Se qualifier - Psychometrics Canada\" \/>\n<meta property=\"og:description\" content=\"Les exigences en mati\u00e8re de qualifications de Psychometrics Canada aident \u00e0 s&#039;assurer que chaque praticien comprend parfaitement la fa\u00e7on la plus \u00e9thique\" \/>\n<meta property=\"og:url\" content=\"https:\/\/www.psychometrics.com\/fr\/qualification\/\" \/>\n<meta property=\"og:site_name\" content=\"Psychometrics Canada\" \/>\n<meta property=\"article:publisher\" content=\"https:\/\/www.facebook.com\/PsychometricsCanada\" \/>\n<meta property=\"article:modified_time\" content=\"2025-07-02T15:35:52+00:00\" \/>\n<meta property=\"og:image\" content=\"https:\/\/www.psychometrics.com\/wp-content\/uploads\/2014\/12\/PM-GetCertified-A2.jpg\" \/>\n\t<meta property=\"og:image:width\" content=\"400\" \/>\n\t<meta property=\"og:image:height\" content=\"265\" \/>\n\t<meta property=\"og:image:type\" content=\"image\/jpeg\" \/>\n<meta name=\"twitter:card\" content=\"summary_large_image\" \/>\n<meta name=\"twitter:site\" content=\"@PsychometricsCA\" \/>\n<meta name=\"twitter:label1\" content=\"Est. reading time\" \/>\n\t<meta name=\"twitter:data1\" content=\"2 minutes\" \/>\n<script type=\"application\/ld+json\" class=\"yoast-schema-graph\">{\"@context\":\"https:\/\/schema.org\",\"@graph\":[{\"@type\":\"WebPage\",\"@id\":\"https:\/\/www.psychometrics.com\/fr\/qualification\/\",\"url\":\"https:\/\/www.psychometrics.com\/fr\/qualification\/\",\"name\":\"Se qualifier - Psychometrics Canada\",\"isPartOf\":{\"@id\":\"https:\/\/www.psychometrics.com\/#website\"},\"primaryImageOfPage\":{\"@id\":\"https:\/\/www.psychometrics.com\/fr\/qualification\/#primaryimage\"},\"image\":{\"@id\":\"https:\/\/www.psychometrics.com\/fr\/qualification\/#primaryimage\"},\"thumbnailUrl\":\"https:\/\/www.psychometrics.com\/wp-content\/uploads\/2014\/12\/PM-GetCertified-A2.jpg\",\"datePublished\":\"2015-08-18T18:43:25+00:00\",\"dateModified\":\"2025-07-02T15:35:52+00:00\",\"description\":\"Les exigences en mati\u00e8re de qualifications de Psychometrics Canada aident \u00e0 s'assurer que chaque praticien comprend parfaitement la fa\u00e7on la plus \u00e9thique\",\"breadcrumb\":{\"@id\":\"https:\/\/www.psychometrics.com\/fr\/qualification\/#breadcrumb\"},\"inLanguage\":\"fr-CA\",\"potentialAction\":[{\"@type\":\"ReadAction\",\"target\":[\"https:\/\/www.psychometrics.com\/fr\/qualification\/\"]}]},{\"@type\":\"ImageObject\",\"inLanguage\":\"fr-CA\",\"@id\":\"https:\/\/www.psychometrics.com\/fr\/qualification\/#primaryimage\",\"url\":\"https:\/\/www.psychometrics.com\/wp-content\/uploads\/2014\/12\/PM-GetCertified-A2.jpg\",\"contentUrl\":\"https:\/\/www.psychometrics.com\/wp-content\/uploads\/2014\/12\/PM-GetCertified-A2.jpg\"},{\"@type\":\"BreadcrumbList\",\"@id\":\"https:\/\/www.psychometrics.com\/fr\/qualification\/#breadcrumb\",\"itemListElement\":[{\"@type\":\"ListItem\",\"position\":1,\"name\":\"Home\",\"item\":\"https:\/\/www.psychometrics.com\/fr\/home-2\/\"},{\"@type\":\"ListItem\",\"position\":2,\"name\":\"Se qualifier\"}]},{\"@type\":\"WebSite\",\"@id\":\"https:\/\/www.psychometrics.com\/#website\",\"url\":\"https:\/\/www.psychometrics.com\/\",\"name\":\"Psychometrics Canada\",\"description\":\"Les organisations \u00e0 mieux par le biais des personnes\",\"publisher\":{\"@id\":\"https:\/\/www.psychometrics.com\/#organization\"},\"potentialAction\":[{\"@type\":\"SearchAction\",\"target\":{\"@type\":\"EntryPoint\",\"urlTemplate\":\"https:\/\/www.psychometrics.com\/?s={search_term_string}\"},\"query-input\":{\"@type\":\"PropertyValueSpecification\",\"valueRequired\":true,\"valueName\":\"search_term_string\"}}],\"inLanguage\":\"fr-CA\"},{\"@type\":\"Organization\",\"@id\":\"https:\/\/www.psychometrics.com\/#organization\",\"name\":\"Psychometrics Canada\",\"url\":\"https:\/\/www.psychometrics.com\/\",\"logo\":{\"@type\":\"ImageObject\",\"inLanguage\":\"fr-CA\",\"@id\":\"https:\/\/www.psychometrics.com\/#\/schema\/logo\/image\/\",\"url\":\"https:\/\/www.psychometrics.com\/wp-content\/uploads\/2021\/01\/NewLogo.jpg\",\"contentUrl\":\"https:\/\/www.psychometrics.com\/wp-content\/uploads\/2021\/01\/NewLogo.jpg\",\"width\":1132,\"height\":155,\"caption\":\"Psychometrics Canada\"},\"image\":{\"@id\":\"https:\/\/www.psychometrics.com\/#\/schema\/logo\/image\/\"},\"sameAs\":[\"https:\/\/www.facebook.com\/PsychometricsCanada\",\"https:\/\/x.com\/PsychometricsCA\"]}]}<\/script>\n<!-- \/ Yoast SEO plugin. -->","yoast_head_json":{"title":"Se qualifier - Psychometrics Canada","description":"Les exigences en mati\u00e8re de qualifications de Psychometrics Canada aident \u00e0 s'assurer que chaque praticien comprend parfaitement la fa\u00e7on la plus \u00e9thique","robots":{"index":"index","follow":"follow","max-snippet":"max-snippet:-1","max-image-preview":"max-image-preview:large","max-video-preview":"max-video-preview:-1"},"canonical":"https:\/\/www.psychometrics.com\/fr\/qualification\/","og_locale":"fr_CA","og_type":"article","og_title":"Se qualifier - Psychometrics Canada","og_description":"Les exigences en mati\u00e8re de qualifications de Psychometrics Canada aident \u00e0 s'assurer que chaque praticien comprend parfaitement la fa\u00e7on la plus \u00e9thique","og_url":"https:\/\/www.psychometrics.com\/fr\/qualification\/","og_site_name":"Psychometrics Canada","article_publisher":"https:\/\/www.facebook.com\/PsychometricsCanada","article_modified_time":"2025-07-02T15:35:52+00:00","og_image":[{"width":400,"height":265,"url":"https:\/\/www.psychometrics.com\/wp-content\/uploads\/2014\/12\/PM-GetCertified-A2.jpg","type":"image\/jpeg"}],"twitter_card":"summary_large_image","twitter_site":"@PsychometricsCA","twitter_misc":{"Est. reading time":"2 minutes"},"schema":{"@context":"https:\/\/schema.org","@graph":[{"@type":"WebPage","@id":"https:\/\/www.psychometrics.com\/fr\/qualification\/","url":"https:\/\/www.psychometrics.com\/fr\/qualification\/","name":"Se qualifier - Psychometrics Canada","isPartOf":{"@id":"https:\/\/www.psychometrics.com\/#website"},"primaryImageOfPage":{"@id":"https:\/\/www.psychometrics.com\/fr\/qualification\/#primaryimage"},"image":{"@id":"https:\/\/www.psychometrics.com\/fr\/qualification\/#primaryimage"},"thumbnailUrl":"https:\/\/www.psychometrics.com\/wp-content\/uploads\/2014\/12\/PM-GetCertified-A2.jpg","datePublished":"2015-08-18T18:43:25+00:00","dateModified":"2025-07-02T15:35:52+00:00","description":"Les exigences en mati\u00e8re de qualifications de Psychometrics Canada aident \u00e0 s'assurer que chaque praticien comprend parfaitement la fa\u00e7on la plus \u00e9thique","breadcrumb":{"@id":"https:\/\/www.psychometrics.com\/fr\/qualification\/#breadcrumb"},"inLanguage":"fr-CA","potentialAction":[{"@type":"ReadAction","target":["https:\/\/www.psychometrics.com\/fr\/qualification\/"]}]},{"@type":"ImageObject","inLanguage":"fr-CA","@id":"https:\/\/www.psychometrics.com\/fr\/qualification\/#primaryimage","url":"https:\/\/www.psychometrics.com\/wp-content\/uploads\/2014\/12\/PM-GetCertified-A2.jpg","contentUrl":"https:\/\/www.psychometrics.com\/wp-content\/uploads\/2014\/12\/PM-GetCertified-A2.jpg"},{"@type":"BreadcrumbList","@id":"https:\/\/www.psychometrics.com\/fr\/qualification\/#breadcrumb","itemListElement":[{"@type":"ListItem","position":1,"name":"Home","item":"https:\/\/www.psychometrics.com\/fr\/home-2\/"},{"@type":"ListItem","position":2,"name":"Se qualifier"}]},{"@type":"WebSite","@id":"https:\/\/www.psychometrics.com\/#website","url":"https:\/\/www.psychometrics.com\/","name":"Psychometrics Canada","description":"Les organisations \u00e0 mieux par le biais des personnes","publisher":{"@id":"https:\/\/www.psychometrics.com\/#organization"},"potentialAction":[{"@type":"SearchAction","target":{"@type":"EntryPoint","urlTemplate":"https:\/\/www.psychometrics.com\/?s={search_term_string}"},"query-input":{"@type":"PropertyValueSpecification","valueRequired":true,"valueName":"search_term_string"}}],"inLanguage":"fr-CA"},{"@type":"Organization","@id":"https:\/\/www.psychometrics.com\/#organization","name":"Psychometrics Canada","url":"https:\/\/www.psychometrics.com\/","logo":{"@type":"ImageObject","inLanguage":"fr-CA","@id":"https:\/\/www.psychometrics.com\/#\/schema\/logo\/image\/","url":"https:\/\/www.psychometrics.com\/wp-content\/uploads\/2021\/01\/NewLogo.jpg","contentUrl":"https:\/\/www.psychometrics.com\/wp-content\/uploads\/2021\/01\/NewLogo.jpg","width":1132,"height":155,"caption":"Psychometrics Canada"},"image":{"@id":"https:\/\/www.psychometrics.com\/#\/schema\/logo\/image\/"},"sameAs":["https:\/\/www.facebook.com\/PsychometricsCanada","https:\/\/x.com\/PsychometricsCA"]}]}},"_links":{"self":[{"href":"https:\/\/www.psychometrics.com\/fr\/wp-json\/wp\/v2\/pages\/5067","targetHints":{"allow":["GET"]}}],"collection":[{"href":"https:\/\/www.psychometrics.com\/fr\/wp-json\/wp\/v2\/pages"}],"about":[{"href":"https:\/\/www.psychometrics.com\/fr\/wp-json\/wp\/v2\/types\/page"}],"author":[{"embeddable":true,"href":"https:\/\/www.psychometrics.com\/fr\/wp-json\/wp\/v2\/users\/2"}],"replies":[{"embeddable":true,"href":"https:\/\/www.psychometrics.com\/fr\/wp-json\/wp\/v2\/comments?post=5067"}],"version-history":[{"count":8,"href":"https:\/\/www.psychometrics.com\/fr\/wp-json\/wp\/v2\/pages\/5067\/revisions"}],"predecessor-version":[{"id":40982,"href":"https:\/\/www.psychometrics.com\/fr\/wp-json\/wp\/v2\/pages\/5067\/revisions\/40982"}],"wp:attachment":[{"href":"https:\/\/www.psychometrics.com\/fr\/wp-json\/wp\/v2\/media?parent=5067"}],"curies":[{"name":"wp","href":"https:\/\/api.w.org\/{rel}","templated":true}]}}