{"id":737,"date":"2014-12-17T21:00:15","date_gmt":"2014-12-17T21:00:15","guid":{"rendered":"https:\/\/www.psychometrics.com\/about-2\/"},"modified":"2024-07-25T12:51:45","modified_gmt":"2024-07-25T18:51:45","slug":"a-propos","status":"publish","type":"page","link":"https:\/\/www.psychometrics.com\/fr\/a-propos\/","title":{"rendered":"\u00c0 propos"},"content":{"rendered":"<h4>Des milliers de clients font confiance \u00e0 Psychometrics Canada pour les soutenir dans la s\u00e9lection et le d\u00e9veloppement de leur personnel.<\/h4>\n<p>Psychometrics Canada offre des outils et services d&#8217;\u00e9valuation et de consultation pour la s\u00e9lection et le d\u00e9veloppement professionnel des personnes, tant pour les entreprises, pour les gouvernements que dans le monde de l&#8217;enseignement, depuis 1976. Notre expertise r\u00e9side dans l&#8217;application de la psychologie en milieu professionnel dans ces domaines que sont la s\u00e9lection du personnel, l&#8217;\u00e9valuation des comp\u00e9tences et de la performance, le d\u00e9veloppement personnel et les qualit\u00e9s de leadership, ainsi que dans la construction des \u00e9quipes et la r\u00e9solution des conflits.<\/p>\n<p>Lors de la s\u00e9lection du personnel, nos \u00e9valuations sont utilis\u00e9es pour \u00e9valuer le personnel affect\u00e9 au service \u00e0 la client\u00e8le, \u00e0 la vente et repr\u00e9sentation, au personnel de vente au d\u00e9tail, de s\u00e9curit\u00e9, contr\u00f4leurs du trafic a\u00e9rien, aux directeurs et aux cadres sup\u00e9rieurs. Nous concevons et d\u00e9veloppons aussi des syst\u00e8mes s\u00e9curis\u00e9s de s\u00e9lection et d&#8217;\u00e9valuation en ligne, que nous pouvons personnaliser pour mieux s&#8217;adapter aux besoins sp\u00e9cifiques des organisations. Plus de 4 000 clients se sont fi\u00e9s \u00e0 nos syst\u00e8mes d&#8217;\u00e9valuation en ligne pour leurs besoins de test et d&#8217;\u00e9valuation.<\/p>\n<p>Psychometrics Canada fait aussi la repr\u00e9sentation de certains des meilleurs tests d&#8217;\u00e9valuation qui soient disponibles de nos jours. Nous sommes le seul et unique distributeur canadien autoris\u00e9 de ces pr\u00e9cieux outils et instruments aux fins de test psychom\u00e9trique, tels que l&#8217;Indicateur de types psychologiques Myers-Briggs (MBTI\u1d39\u1d30) , l\u2019Inventaire des int\u00e9r\u00eats professionnels Strong\u1d39\u1d30 (SII\u1d39\u1d30) , la M\u00e9thode Thomas-Kilmann en situation de conflit (TKI) , FIRO-B\u1d39\u1d30, CPI 260MC, CPIMC 434, l&#8217;Indice de personnalit\u00e9 de travail<sup>MC<\/sup> et l&#8217;\u00e9chelle de valeurs de carri\u00e8re. Ces tests d&#8217;\u00e9valuation sont disponibles tant en fran\u00e7ais qu&#8217;en anglais, via notre <a href=\"https:\/\/www.psychometrics.com\/fr\/tests-en-ligne-carreerid\/\">plateforme en ligne, psychometrics.com<\/a>.<\/p>\n","protected":false},"excerpt":{"rendered":"<p>Des milliers de clients font confiance \u00e0 Psychometrics Canada pour les soutenir dans la s\u00e9lection et le d\u00e9veloppement de leur personnel. Psychometrics Canada offre des outils et services d&#8217;\u00e9valuation et<\/p>\n","protected":false},"author":23,"featured_media":0,"parent":0,"menu_order":0,"comment_status":"closed","ping_status":"closed","template":"page-about.php","meta":{"_acf_changed":false,"footnotes":""},"class_list":["post-737","page","type-page","status-publish","hentry"],"acf":[],"yoast_head":"<!-- This site is optimized with the Yoast SEO plugin v27.2 - https:\/\/yoast.com\/product\/yoast-seo-wordpress\/ -->\n<title>Psychometrics Canada | \u00c0 Propos<\/title>\n<meta name=\"description\" content=\"Obtenez plus d&#039;informations a propos de Psychometrics Canada et des outils d&#039;evaluation que nous offrons pour la selection et le developpement du personnel.\" \/>\n<meta name=\"robots\" content=\"index, follow, max-snippet:-1, max-image-preview:large, max-video-preview:-1\" \/>\n<link rel=\"canonical\" href=\"https:\/\/www.psychometrics.com\/fr\/a-propos\/\" \/>\n<meta property=\"og:locale\" content=\"fr_CA\" \/>\n<meta property=\"og:type\" content=\"article\" \/>\n<meta property=\"og:title\" content=\"Psychometrics Canada | \u00c0 Propos\" \/>\n<meta property=\"og:description\" content=\"Obtenez plus d&#039;informations a propos de Psychometrics Canada et des outils d&#039;evaluation que nous offrons pour la selection et le developpement du personnel.\" \/>\n<meta property=\"og:url\" content=\"https:\/\/www.psychometrics.com\/fr\/a-propos\/\" \/>\n<meta property=\"og:site_name\" content=\"Psychometrics Canada\" \/>\n<meta property=\"article:publisher\" content=\"https:\/\/www.facebook.com\/PsychometricsCanada\" \/>\n<meta property=\"article:modified_time\" content=\"2024-07-25T18:51:45+00:00\" \/>\n<meta property=\"og:image\" content=\"https:\/\/www.psychometrics.com\/wp-content\/uploads\/2015\/02\/og-image.png\" \/>\n\t<meta property=\"og:image:width\" content=\"1500\" \/>\n\t<meta property=\"og:image:height\" content=\"1500\" \/>\n\t<meta property=\"og:image:type\" content=\"image\/png\" \/>\n<meta name=\"twitter:card\" content=\"summary_large_image\" \/>\n<meta name=\"twitter:site\" content=\"@PsychometricsCA\" \/>\n<meta name=\"twitter:label1\" content=\"Est. reading time\" \/>\n\t<meta name=\"twitter:data1\" content=\"2 minutes\" \/>\n<script type=\"application\/ld+json\" class=\"yoast-schema-graph\">{\"@context\":\"https:\/\/schema.org\",\"@graph\":[{\"@type\":\"WebPage\",\"@id\":\"https:\/\/www.psychometrics.com\/fr\/a-propos\/\",\"url\":\"https:\/\/www.psychometrics.com\/fr\/a-propos\/\",\"name\":\"Psychometrics Canada | \u00c0 Propos\",\"isPartOf\":{\"@id\":\"https:\/\/www.psychometrics.com\/#website\"},\"datePublished\":\"2014-12-17T21:00:15+00:00\",\"dateModified\":\"2024-07-25T18:51:45+00:00\",\"description\":\"Obtenez plus d'informations a propos de Psychometrics Canada et des outils d'evaluation que nous offrons pour la selection et le developpement du personnel.\",\"breadcrumb\":{\"@id\":\"https:\/\/www.psychometrics.com\/fr\/a-propos\/#breadcrumb\"},\"inLanguage\":\"fr-CA\",\"potentialAction\":[{\"@type\":\"ReadAction\",\"target\":[\"https:\/\/www.psychometrics.com\/fr\/a-propos\/\"]}]},{\"@type\":\"BreadcrumbList\",\"@id\":\"https:\/\/www.psychometrics.com\/fr\/a-propos\/#breadcrumb\",\"itemListElement\":[{\"@type\":\"ListItem\",\"position\":1,\"name\":\"Home\",\"item\":\"https:\/\/www.psychometrics.com\/fr\/home-2\/\"},{\"@type\":\"ListItem\",\"position\":2,\"name\":\"\u00c0 propos\"}]},{\"@type\":\"WebSite\",\"@id\":\"https:\/\/www.psychometrics.com\/#website\",\"url\":\"https:\/\/www.psychometrics.com\/\",\"name\":\"Psychometrics Canada\",\"description\":\"Les organisations \u00e0 mieux par le biais des personnes\",\"publisher\":{\"@id\":\"https:\/\/www.psychometrics.com\/#organization\"},\"potentialAction\":[{\"@type\":\"SearchAction\",\"target\":{\"@type\":\"EntryPoint\",\"urlTemplate\":\"https:\/\/www.psychometrics.com\/?s={search_term_string}\"},\"query-input\":{\"@type\":\"PropertyValueSpecification\",\"valueRequired\":true,\"valueName\":\"search_term_string\"}}],\"inLanguage\":\"fr-CA\"},{\"@type\":\"Organization\",\"@id\":\"https:\/\/www.psychometrics.com\/#organization\",\"name\":\"Psychometrics Canada\",\"url\":\"https:\/\/www.psychometrics.com\/\",\"logo\":{\"@type\":\"ImageObject\",\"inLanguage\":\"fr-CA\",\"@id\":\"https:\/\/www.psychometrics.com\/#\/schema\/logo\/image\/\",\"url\":\"https:\/\/www.psychometrics.com\/wp-content\/uploads\/2021\/01\/NewLogo.jpg\",\"contentUrl\":\"https:\/\/www.psychometrics.com\/wp-content\/uploads\/2021\/01\/NewLogo.jpg\",\"width\":1132,\"height\":155,\"caption\":\"Psychometrics Canada\"},\"image\":{\"@id\":\"https:\/\/www.psychometrics.com\/#\/schema\/logo\/image\/\"},\"sameAs\":[\"https:\/\/www.facebook.com\/PsychometricsCanada\",\"https:\/\/x.com\/PsychometricsCA\"]}]}<\/script>\n<!-- \/ Yoast SEO plugin. -->","yoast_head_json":{"title":"Psychometrics Canada | \u00c0 Propos","description":"Obtenez plus d'informations a propos de Psychometrics Canada et des outils d'evaluation que nous offrons pour la selection et le developpement du personnel.","robots":{"index":"index","follow":"follow","max-snippet":"max-snippet:-1","max-image-preview":"max-image-preview:large","max-video-preview":"max-video-preview:-1"},"canonical":"https:\/\/www.psychometrics.com\/fr\/a-propos\/","og_locale":"fr_CA","og_type":"article","og_title":"Psychometrics Canada | \u00c0 Propos","og_description":"Obtenez plus d'informations a propos de Psychometrics Canada et des outils d'evaluation que nous offrons pour la selection et le developpement du personnel.","og_url":"https:\/\/www.psychometrics.com\/fr\/a-propos\/","og_site_name":"Psychometrics Canada","article_publisher":"https:\/\/www.facebook.com\/PsychometricsCanada","article_modified_time":"2024-07-25T18:51:45+00:00","og_image":[{"width":1500,"height":1500,"url":"https:\/\/www.psychometrics.com\/wp-content\/uploads\/2015\/02\/og-image.png","type":"image\/png"}],"twitter_card":"summary_large_image","twitter_site":"@PsychometricsCA","twitter_misc":{"Est. reading time":"2 minutes"},"schema":{"@context":"https:\/\/schema.org","@graph":[{"@type":"WebPage","@id":"https:\/\/www.psychometrics.com\/fr\/a-propos\/","url":"https:\/\/www.psychometrics.com\/fr\/a-propos\/","name":"Psychometrics Canada | \u00c0 Propos","isPartOf":{"@id":"https:\/\/www.psychometrics.com\/#website"},"datePublished":"2014-12-17T21:00:15+00:00","dateModified":"2024-07-25T18:51:45+00:00","description":"Obtenez plus d'informations a propos de Psychometrics Canada et des outils d'evaluation que nous offrons pour la selection et le developpement du personnel.","breadcrumb":{"@id":"https:\/\/www.psychometrics.com\/fr\/a-propos\/#breadcrumb"},"inLanguage":"fr-CA","potentialAction":[{"@type":"ReadAction","target":["https:\/\/www.psychometrics.com\/fr\/a-propos\/"]}]},{"@type":"BreadcrumbList","@id":"https:\/\/www.psychometrics.com\/fr\/a-propos\/#breadcrumb","itemListElement":[{"@type":"ListItem","position":1,"name":"Home","item":"https:\/\/www.psychometrics.com\/fr\/home-2\/"},{"@type":"ListItem","position":2,"name":"\u00c0 propos"}]},{"@type":"WebSite","@id":"https:\/\/www.psychometrics.com\/#website","url":"https:\/\/www.psychometrics.com\/","name":"Psychometrics Canada","description":"Les organisations \u00e0 mieux par le biais des personnes","publisher":{"@id":"https:\/\/www.psychometrics.com\/#organization"},"potentialAction":[{"@type":"SearchAction","target":{"@type":"EntryPoint","urlTemplate":"https:\/\/www.psychometrics.com\/?s={search_term_string}"},"query-input":{"@type":"PropertyValueSpecification","valueRequired":true,"valueName":"search_term_string"}}],"inLanguage":"fr-CA"},{"@type":"Organization","@id":"https:\/\/www.psychometrics.com\/#organization","name":"Psychometrics Canada","url":"https:\/\/www.psychometrics.com\/","logo":{"@type":"ImageObject","inLanguage":"fr-CA","@id":"https:\/\/www.psychometrics.com\/#\/schema\/logo\/image\/","url":"https:\/\/www.psychometrics.com\/wp-content\/uploads\/2021\/01\/NewLogo.jpg","contentUrl":"https:\/\/www.psychometrics.com\/wp-content\/uploads\/2021\/01\/NewLogo.jpg","width":1132,"height":155,"caption":"Psychometrics Canada"},"image":{"@id":"https:\/\/www.psychometrics.com\/#\/schema\/logo\/image\/"},"sameAs":["https:\/\/www.facebook.com\/PsychometricsCanada","https:\/\/x.com\/PsychometricsCA"]}]}},"_links":{"self":[{"href":"https:\/\/www.psychometrics.com\/fr\/wp-json\/wp\/v2\/pages\/737","targetHints":{"allow":["GET"]}}],"collection":[{"href":"https:\/\/www.psychometrics.com\/fr\/wp-json\/wp\/v2\/pages"}],"about":[{"href":"https:\/\/www.psychometrics.com\/fr\/wp-json\/wp\/v2\/types\/page"}],"author":[{"embeddable":true,"href":"https:\/\/www.psychometrics.com\/fr\/wp-json\/wp\/v2\/users\/23"}],"replies":[{"embeddable":true,"href":"https:\/\/www.psychometrics.com\/fr\/wp-json\/wp\/v2\/comments?post=737"}],"version-history":[{"count":10,"href":"https:\/\/www.psychometrics.com\/fr\/wp-json\/wp\/v2\/pages\/737\/revisions"}],"predecessor-version":[{"id":37266,"href":"https:\/\/www.psychometrics.com\/fr\/wp-json\/wp\/v2\/pages\/737\/revisions\/37266"}],"wp:attachment":[{"href":"https:\/\/www.psychometrics.com\/fr\/wp-json\/wp\/v2\/media?parent=737"}],"curies":[{"name":"wp","href":"https:\/\/api.w.org\/{rel}","templated":true}]}}