{"id":8272,"date":"2017-02-07T13:47:44","date_gmt":"2017-02-07T20:47:44","guid":{"rendered":"https:\/\/www.psychometrics.com\/?page_id=8272\/"},"modified":"2019-07-30T17:35:01","modified_gmt":"2019-07-30T23:35:01","slug":"renouvellement-de-produits-mbti-niveau-ii","status":"publish","type":"page","link":"https:\/\/www.psychometrics.com\/fr\/renouvellement-de-produits-mbti-niveau-ii\/","title":{"rendered":"Mise \u00e0 jour des rapports <em>Myers-Briggs\u1d39\u1d30<\/em> (MBTI\u1d39\u1d30) Niveau II (Version Q)"},"content":{"rendered":"<p><img fetchpriority=\"high\" decoding=\"async\" class=\"alignnone wp-image-8273 size-full\" src=\"https:\/\/www.psychometrics.com\/wp-content\/uploads\/2017\/02\/Mise-a-Jour-Niveau-II.png\" width=\"1500\" height=\"300\" \/><\/p>\n<p>\u00c0 la suite des am\u00e9liorations de plusieurs produits MBTI\u1d39\u1d30, nous introduisons une deuxi\u00e8me vague d&#8217;am\u00e9liorations \u00e0 la conception et au contenu des produits en fran\u00e7ais. Le profil MBTI\u1d39\u1d30 Niveau II et le rapport explicatif MBTI\u1d39\u1d30 Niveau II seront remplac\u00e9s le 15 f\u00e9vrier 2018 par des versions actualis\u00e9es.<\/p>\n<p><strong>Am\u00e9liorations:<\/strong><\/p>\n<ul>\n<li>Nouvelle pr\u00e9sentation visuelle pour une image plus moderne<\/li>\n<li>Une mise \u00e0 jour de la terminologie MBTI pour simplifier les concepts de type<\/li>\n<li>Une am\u00e9lioration de l&#8217;organisation et de la mise en page pour faciliter l&#8217;utilisation<\/li>\n<li>Une am\u00e9lioration du graphique ICP pour diminuer l&#8217;importance des \u00ab scores \u00bb et comportant une meilleure explication des r\u00e9sultats<\/li>\n<li>Une mise \u00e0 jour des graphiques afin de clarifier les r\u00e9sultats de facettes<\/li>\n<li>Une actualisation des th\u00e8mes de facettes pour faciliter la compr\u00e9hension des r\u00e9sultats<\/li>\n<\/ul>\n<p>Les rapports suivants ont \u00e9t\u00e9 actualis\u00e9s afin d&#8217;offrir \u00e0 notre client\u00e8le des produits plus engageants, pertinents et conviviaux :<\/p>\n<table border=\"1\" cellspacing=\"0\" cellpadding=\"0\">\n<tbody>\n<tr>\n<td><strong>Produits actualis\u00e9s<\/strong><\/td>\n<td><strong>Modification\u00a0de prix<\/strong><\/td>\n<td><strong>Disponible sur CareerID<\/strong><\/td>\n<td><strong>\u00c9chantillon du rapport<\/strong><\/td>\n<\/tr>\n<tr>\n<td>L&#8217;Indicateur de types psychologiques Myers-Briggs<sup>MD<\/sup> Profil &#8211; Niveau II<\/td>\n<td>Aucune modification<\/td>\n<td style=\"text-align: center;\"><span style=\"color: #000000;\">2018-02-15<\/span><\/td>\n<td><a href=\"https:\/\/www.psychometrics.com\/wp-content\/uploads\/2018\/02\/MBTI_Profile_Sample.pdf\">Voir le rapport \u00e9chantillon<\/a><\/td>\n<\/tr>\n<tr>\n<td>L&#8217;Indicateur de types psychologiques Myers-Briggs<sup>MD<\/sup> Rapport explicatif &#8211; Niveau II<\/td>\n<td>Aucune modification<\/td>\n<td style=\"text-align: center;\"><span style=\"color: #000000;\">2018-02-15<\/span><\/td>\n<td>\u00a0<a href=\"https:\/\/www.psychometrics.com\/wp-content\/uploads\/2018\/02\/MBTI_IR_Sample.pdf\">Voir le rapport \u00e9chantillon<\/a><\/td>\n<\/tr>\n<\/tbody>\n<\/table>\n<div><strong><br \/>\nFOIRE AUX QUESTIONS\u00a0:<\/strong><\/div>\n<p><strong>Q1. Les anciennes versions de ces rapports seront-elles accessibles apr\u00e8s le 15 f\u00e9vrier 2018?<\/strong><br \/>\nNon. Dans le but de garantir une exp\u00e9rience sup\u00e9rieure constante \u00e0 notre client\u00e8le, les anciennes versions de ces rapports ne seront plus offertes apr\u00e8s la sortie des nouvelles versions.<\/p>\n<p><strong>Q2. Comment puis-je commander les nouveaux rapports?<\/strong><br \/>\nLes nouveaux rapports figureront sur CareerID \u00e0 compter du 15 f\u00e9vrier 2018.<\/p>\n<hr \/>\n<p>Nous sommes heureux des am\u00e9liorations apport\u00e9es \u00e0 nos produits et sommes convaincus qu&#8217;ils vous procureront, \u00e0 vous et \u00e0 votre client\u00e8le, une meilleure exp\u00e9rience MBTI. Si vous avez des questions ou des inqui\u00e9tudes \u00e0 ce sujet, n&#8217;h\u00e9sitez pas \u00e0 communiquer avec nous :<\/p>\n<div>\n<p>Service \u00e0 la client\u00e8le de Psychometrics<br \/>\n<a href=\"tel:+18006615158\">1-800-661-5158<\/a><br \/>\n<a href=\"mailto:info@psychometrics.com\">info@psychometrics.com<\/a><\/p>\n<p>Merci de choisir et d&#8217;utiliser les produits et services de Psychometrics.<\/p>\n<p>Salutations distingu\u00e9es,<\/p>\n<\/div>\n<p><strong>Mark Fitzsimmons<br \/>\n<\/strong>Pr\u00e9sident<\/p>\n","protected":false},"excerpt":{"rendered":"<p>\u00c0 la suite des am\u00e9liorations de plusieurs produits MBTI\u1d39\u1d30, nous introduisons une deuxi\u00e8me vague d&#8217;am\u00e9liorations \u00e0 la conception et au contenu des produits en fran\u00e7ais. Le profil MBTI\u1d39\u1d30 Niveau II<\/p>\n","protected":false},"author":18,"featured_media":7280,"parent":0,"menu_order":0,"comment_status":"closed","ping_status":"closed","template":"","meta":{"_acf_changed":false,"footnotes":""},"class_list":["post-8272","page","type-page","status-publish","has-post-thumbnail","hentry"],"acf":[],"yoast_head":"<!-- This site is optimized with the Yoast SEO plugin v27.2 - https:\/\/yoast.com\/product\/yoast-seo-wordpress\/ -->\n<title>Mise \u00e0 jour des rapports Myers-Briggs\u1d39\u1d30 (MBTI\u1d39\u1d30) Niveau II (Version Q) - Psychometrics Canada<\/title>\n<meta name=\"description\" content=\"\u00c0 la suite des am\u00e9liorations de plusieurs produits MBTI\u1d39\u1d30, nous introduisons une deuxi\u00e8me vague d&#039;am\u00e9liorations \u00e0 la conception et au contenu des produits\" \/>\n<meta name=\"robots\" content=\"index, follow, max-snippet:-1, max-image-preview:large, max-video-preview:-1\" \/>\n<link rel=\"canonical\" href=\"https:\/\/www.psychometrics.com\/fr\/renouvellement-de-produits-mbti-niveau-ii\/\" \/>\n<meta property=\"og:locale\" content=\"fr_CA\" \/>\n<meta property=\"og:type\" content=\"article\" \/>\n<meta property=\"og:title\" content=\"Mise \u00e0 jour des rapports Myers-Briggs\u1d39\u1d30 (MBTI\u1d39\u1d30) Niveau II (Version Q) - Psychometrics Canada\" \/>\n<meta property=\"og:description\" content=\"\u00c0 la suite des am\u00e9liorations de plusieurs produits MBTI\u1d39\u1d30, nous introduisons une deuxi\u00e8me vague d&#039;am\u00e9liorations \u00e0 la conception et au contenu des produits\" \/>\n<meta property=\"og:url\" content=\"https:\/\/www.psychometrics.com\/fr\/renouvellement-de-produits-mbti-niveau-ii\/\" \/>\n<meta property=\"og:site_name\" content=\"Psychometrics Canada\" \/>\n<meta property=\"article:publisher\" content=\"https:\/\/www.facebook.com\/PsychometricsCanada\" \/>\n<meta property=\"article:modified_time\" content=\"2019-07-30T23:35:01+00:00\" \/>\n<meta property=\"og:image\" content=\"https:\/\/www.psychometrics.com\/wp-content\/uploads\/2015\/03\/MBTI_Junction_BLOG_1500x300-02-2.jpg\" \/>\n\t<meta property=\"og:image:width\" content=\"1500\" \/>\n\t<meta property=\"og:image:height\" content=\"301\" \/>\n\t<meta property=\"og:image:type\" content=\"image\/jpeg\" \/>\n<meta name=\"twitter:card\" content=\"summary_large_image\" \/>\n<meta name=\"twitter:site\" content=\"@PsychometricsCA\" \/>\n<meta name=\"twitter:label1\" content=\"Est. reading time\" \/>\n\t<meta name=\"twitter:data1\" content=\"2 minutes\" \/>\n<script type=\"application\/ld+json\" class=\"yoast-schema-graph\">{\"@context\":\"https:\/\/schema.org\",\"@graph\":[{\"@type\":\"WebPage\",\"@id\":\"https:\/\/www.psychometrics.com\/fr\/renouvellement-de-produits-mbti-niveau-ii\/\",\"url\":\"https:\/\/www.psychometrics.com\/fr\/renouvellement-de-produits-mbti-niveau-ii\/\",\"name\":\"Mise \u00e0 jour des rapports Myers-Briggs\u1d39\u1d30 (MBTI\u1d39\u1d30) Niveau II (Version Q) - Psychometrics Canada\",\"isPartOf\":{\"@id\":\"https:\/\/www.psychometrics.com\/#website\"},\"primaryImageOfPage\":{\"@id\":\"https:\/\/www.psychometrics.com\/fr\/renouvellement-de-produits-mbti-niveau-ii\/#primaryimage\"},\"image\":{\"@id\":\"https:\/\/www.psychometrics.com\/fr\/renouvellement-de-produits-mbti-niveau-ii\/#primaryimage\"},\"thumbnailUrl\":\"https:\/\/www.psychometrics.com\/wp-content\/uploads\/2015\/03\/MBTI_Junction_BLOG_1500x300-02-2.jpg\",\"datePublished\":\"2017-02-07T20:47:44+00:00\",\"dateModified\":\"2019-07-30T23:35:01+00:00\",\"description\":\"\u00c0 la suite des am\u00e9liorations de plusieurs produits MBTI\u1d39\u1d30, nous introduisons une deuxi\u00e8me vague d'am\u00e9liorations \u00e0 la conception et au contenu des produits\",\"breadcrumb\":{\"@id\":\"https:\/\/www.psychometrics.com\/fr\/renouvellement-de-produits-mbti-niveau-ii\/#breadcrumb\"},\"inLanguage\":\"fr-CA\",\"potentialAction\":[{\"@type\":\"ReadAction\",\"target\":[\"https:\/\/www.psychometrics.com\/fr\/renouvellement-de-produits-mbti-niveau-ii\/\"]}]},{\"@type\":\"ImageObject\",\"inLanguage\":\"fr-CA\",\"@id\":\"https:\/\/www.psychometrics.com\/fr\/renouvellement-de-produits-mbti-niveau-ii\/#primaryimage\",\"url\":\"https:\/\/www.psychometrics.com\/wp-content\/uploads\/2015\/03\/MBTI_Junction_BLOG_1500x300-02-2.jpg\",\"contentUrl\":\"https:\/\/www.psychometrics.com\/wp-content\/uploads\/2015\/03\/MBTI_Junction_BLOG_1500x300-02-2.jpg\",\"width\":1500,\"height\":301,\"caption\":\"mbti myers-briggs\"},{\"@type\":\"BreadcrumbList\",\"@id\":\"https:\/\/www.psychometrics.com\/fr\/renouvellement-de-produits-mbti-niveau-ii\/#breadcrumb\",\"itemListElement\":[{\"@type\":\"ListItem\",\"position\":1,\"name\":\"Home\",\"item\":\"https:\/\/www.psychometrics.com\/fr\/home-2\/\"},{\"@type\":\"ListItem\",\"position\":2,\"name\":\"Mise \u00e0 jour des rapports Myers-Briggs\u1d39\u1d30 (MBTI\u1d39\u1d30) Niveau II (Version Q)\"}]},{\"@type\":\"WebSite\",\"@id\":\"https:\/\/www.psychometrics.com\/#website\",\"url\":\"https:\/\/www.psychometrics.com\/\",\"name\":\"Psychometrics Canada\",\"description\":\"Les organisations \u00e0 mieux par le biais des personnes\",\"publisher\":{\"@id\":\"https:\/\/www.psychometrics.com\/#organization\"},\"potentialAction\":[{\"@type\":\"SearchAction\",\"target\":{\"@type\":\"EntryPoint\",\"urlTemplate\":\"https:\/\/www.psychometrics.com\/?s={search_term_string}\"},\"query-input\":{\"@type\":\"PropertyValueSpecification\",\"valueRequired\":true,\"valueName\":\"search_term_string\"}}],\"inLanguage\":\"fr-CA\"},{\"@type\":\"Organization\",\"@id\":\"https:\/\/www.psychometrics.com\/#organization\",\"name\":\"Psychometrics Canada\",\"url\":\"https:\/\/www.psychometrics.com\/\",\"logo\":{\"@type\":\"ImageObject\",\"inLanguage\":\"fr-CA\",\"@id\":\"https:\/\/www.psychometrics.com\/#\/schema\/logo\/image\/\",\"url\":\"https:\/\/www.psychometrics.com\/wp-content\/uploads\/2021\/01\/NewLogo.jpg\",\"contentUrl\":\"https:\/\/www.psychometrics.com\/wp-content\/uploads\/2021\/01\/NewLogo.jpg\",\"width\":1132,\"height\":155,\"caption\":\"Psychometrics Canada\"},\"image\":{\"@id\":\"https:\/\/www.psychometrics.com\/#\/schema\/logo\/image\/\"},\"sameAs\":[\"https:\/\/www.facebook.com\/PsychometricsCanada\",\"https:\/\/x.com\/PsychometricsCA\"]}]}<\/script>\n<!-- \/ Yoast SEO plugin. -->","yoast_head_json":{"title":"Mise \u00e0 jour des rapports Myers-Briggs\u1d39\u1d30 (MBTI\u1d39\u1d30) Niveau II (Version Q) - Psychometrics Canada","description":"\u00c0 la suite des am\u00e9liorations de plusieurs produits MBTI\u1d39\u1d30, nous introduisons une deuxi\u00e8me vague d'am\u00e9liorations \u00e0 la conception et au contenu des produits","robots":{"index":"index","follow":"follow","max-snippet":"max-snippet:-1","max-image-preview":"max-image-preview:large","max-video-preview":"max-video-preview:-1"},"canonical":"https:\/\/www.psychometrics.com\/fr\/renouvellement-de-produits-mbti-niveau-ii\/","og_locale":"fr_CA","og_type":"article","og_title":"Mise \u00e0 jour des rapports Myers-Briggs\u1d39\u1d30 (MBTI\u1d39\u1d30) Niveau II (Version Q) - Psychometrics Canada","og_description":"\u00c0 la suite des am\u00e9liorations de plusieurs produits MBTI\u1d39\u1d30, nous introduisons une deuxi\u00e8me vague d'am\u00e9liorations \u00e0 la conception et au contenu des produits","og_url":"https:\/\/www.psychometrics.com\/fr\/renouvellement-de-produits-mbti-niveau-ii\/","og_site_name":"Psychometrics Canada","article_publisher":"https:\/\/www.facebook.com\/PsychometricsCanada","article_modified_time":"2019-07-30T23:35:01+00:00","og_image":[{"width":1500,"height":301,"url":"https:\/\/www.psychometrics.com\/wp-content\/uploads\/2015\/03\/MBTI_Junction_BLOG_1500x300-02-2.jpg","type":"image\/jpeg"}],"twitter_card":"summary_large_image","twitter_site":"@PsychometricsCA","twitter_misc":{"Est. reading time":"2 minutes"},"schema":{"@context":"https:\/\/schema.org","@graph":[{"@type":"WebPage","@id":"https:\/\/www.psychometrics.com\/fr\/renouvellement-de-produits-mbti-niveau-ii\/","url":"https:\/\/www.psychometrics.com\/fr\/renouvellement-de-produits-mbti-niveau-ii\/","name":"Mise \u00e0 jour des rapports Myers-Briggs\u1d39\u1d30 (MBTI\u1d39\u1d30) Niveau II (Version Q) - Psychometrics Canada","isPartOf":{"@id":"https:\/\/www.psychometrics.com\/#website"},"primaryImageOfPage":{"@id":"https:\/\/www.psychometrics.com\/fr\/renouvellement-de-produits-mbti-niveau-ii\/#primaryimage"},"image":{"@id":"https:\/\/www.psychometrics.com\/fr\/renouvellement-de-produits-mbti-niveau-ii\/#primaryimage"},"thumbnailUrl":"https:\/\/www.psychometrics.com\/wp-content\/uploads\/2015\/03\/MBTI_Junction_BLOG_1500x300-02-2.jpg","datePublished":"2017-02-07T20:47:44+00:00","dateModified":"2019-07-30T23:35:01+00:00","description":"\u00c0 la suite des am\u00e9liorations de plusieurs produits MBTI\u1d39\u1d30, nous introduisons une deuxi\u00e8me vague d'am\u00e9liorations \u00e0 la conception et au contenu des produits","breadcrumb":{"@id":"https:\/\/www.psychometrics.com\/fr\/renouvellement-de-produits-mbti-niveau-ii\/#breadcrumb"},"inLanguage":"fr-CA","potentialAction":[{"@type":"ReadAction","target":["https:\/\/www.psychometrics.com\/fr\/renouvellement-de-produits-mbti-niveau-ii\/"]}]},{"@type":"ImageObject","inLanguage":"fr-CA","@id":"https:\/\/www.psychometrics.com\/fr\/renouvellement-de-produits-mbti-niveau-ii\/#primaryimage","url":"https:\/\/www.psychometrics.com\/wp-content\/uploads\/2015\/03\/MBTI_Junction_BLOG_1500x300-02-2.jpg","contentUrl":"https:\/\/www.psychometrics.com\/wp-content\/uploads\/2015\/03\/MBTI_Junction_BLOG_1500x300-02-2.jpg","width":1500,"height":301,"caption":"mbti myers-briggs"},{"@type":"BreadcrumbList","@id":"https:\/\/www.psychometrics.com\/fr\/renouvellement-de-produits-mbti-niveau-ii\/#breadcrumb","itemListElement":[{"@type":"ListItem","position":1,"name":"Home","item":"https:\/\/www.psychometrics.com\/fr\/home-2\/"},{"@type":"ListItem","position":2,"name":"Mise \u00e0 jour des rapports Myers-Briggs\u1d39\u1d30 (MBTI\u1d39\u1d30) Niveau II (Version Q)"}]},{"@type":"WebSite","@id":"https:\/\/www.psychometrics.com\/#website","url":"https:\/\/www.psychometrics.com\/","name":"Psychometrics Canada","description":"Les organisations \u00e0 mieux par le biais des personnes","publisher":{"@id":"https:\/\/www.psychometrics.com\/#organization"},"potentialAction":[{"@type":"SearchAction","target":{"@type":"EntryPoint","urlTemplate":"https:\/\/www.psychometrics.com\/?s={search_term_string}"},"query-input":{"@type":"PropertyValueSpecification","valueRequired":true,"valueName":"search_term_string"}}],"inLanguage":"fr-CA"},{"@type":"Organization","@id":"https:\/\/www.psychometrics.com\/#organization","name":"Psychometrics Canada","url":"https:\/\/www.psychometrics.com\/","logo":{"@type":"ImageObject","inLanguage":"fr-CA","@id":"https:\/\/www.psychometrics.com\/#\/schema\/logo\/image\/","url":"https:\/\/www.psychometrics.com\/wp-content\/uploads\/2021\/01\/NewLogo.jpg","contentUrl":"https:\/\/www.psychometrics.com\/wp-content\/uploads\/2021\/01\/NewLogo.jpg","width":1132,"height":155,"caption":"Psychometrics Canada"},"image":{"@id":"https:\/\/www.psychometrics.com\/#\/schema\/logo\/image\/"},"sameAs":["https:\/\/www.facebook.com\/PsychometricsCanada","https:\/\/x.com\/PsychometricsCA"]}]}},"_links":{"self":[{"href":"https:\/\/www.psychometrics.com\/fr\/wp-json\/wp\/v2\/pages\/8272","targetHints":{"allow":["GET"]}}],"collection":[{"href":"https:\/\/www.psychometrics.com\/fr\/wp-json\/wp\/v2\/pages"}],"about":[{"href":"https:\/\/www.psychometrics.com\/fr\/wp-json\/wp\/v2\/types\/page"}],"author":[{"embeddable":true,"href":"https:\/\/www.psychometrics.com\/fr\/wp-json\/wp\/v2\/users\/18"}],"replies":[{"embeddable":true,"href":"https:\/\/www.psychometrics.com\/fr\/wp-json\/wp\/v2\/comments?post=8272"}],"version-history":[{"count":6,"href":"https:\/\/www.psychometrics.com\/fr\/wp-json\/wp\/v2\/pages\/8272\/revisions"}],"predecessor-version":[{"id":13607,"href":"https:\/\/www.psychometrics.com\/fr\/wp-json\/wp\/v2\/pages\/8272\/revisions\/13607"}],"wp:featuredmedia":[{"embeddable":true,"href":"https:\/\/www.psychometrics.com\/fr\/wp-json\/wp\/v2\/media\/7280"}],"wp:attachment":[{"href":"https:\/\/www.psychometrics.com\/fr\/wp-json\/wp\/v2\/media?parent=8272"}],"curies":[{"name":"wp","href":"https:\/\/api.w.org\/{rel}","templated":true}]}}