{"id":9220,"date":"2017-06-08T16:35:39","date_gmt":"2017-06-08T22:35:39","guid":{"rendered":"https:\/\/www.psychometrics.com\/?page_id=9220\/"},"modified":"2017-06-12T12:13:53","modified_gmt":"2017-06-12T18:13:53","slug":"la-gestion-lors-des-changements-constants-et-continuels","status":"publish","type":"page","link":"https:\/\/www.psychometrics.com\/fr\/la-gestion-lors-des-changements-constants-et-continuels\/","title":{"rendered":"La Gestion lors des changements constants et continuels"},"content":{"rendered":"<p><em>Auteur : Sean Townsend<\/em><\/p>\n<p><img fetchpriority=\"high\" decoding=\"async\" class=\" wp-image-8598 alignleft\" src=\"https:\/\/www.psychometrics.com\/wp-content\/uploads\/2017\/04\/Changement-en-cours-1.jpg\" alt=\"\" width=\"377\" height=\"275\" \/>Il arrive parfois qu\u2019on dise des secteurs public et priv\u00e9 qu\u2019ils sont aux antipodes l\u2019un de l\u2019autre\u00a0: ils visent \u00e0 des objectifs essentiellement oppos\u00e9s, ils op\u00e8rent dans des contextes distincts et ils mesurent la r\u00e9ussite diff\u00e9remment. Cependant, un consultant en d\u00e9veloppement organisationnel aupr\u00e8s de clients dans ces deux domaines juge que les deux secteurs peuvent tirer profit des outils d\u2019\u00e9valuation de mani\u00e8re \u00e9gale.<\/p>\n<p>Fred Jacques travaille aupr\u00e8s du gouvernement de l\u2019Alberta depuis 16 ans. En 2013, <em>Alberta Environment and Sustainable Resource Development (ESRD) <\/em>l\u2019invita \u00e0 joindre ses rangs<em>. <\/em>M. Jacques travaille \u00e9galement avec Encana, le g\u00e9ant nord-am\u00e9ricain de l\u2019\u00e9nergie. Dans ses fonctions au minist\u00e8re tout comme aupr\u00e8s de la soci\u00e9t\u00e9 priv\u00e9e, il a vu comment les fusions peuvent red\u00e9finir la vision, les valeurs et le leadership d\u2019une entreprise.<\/p>\n<p>\u00ab\u00a0Le gouvernement et le secteur priv\u00e9 sont similaires\u00a0: tous deux doivent composer avec des changements constants et continuels\u00a0\u00bb, pr\u00e9cise M. Jacques. \u00ab\u00a0Au <em>ESRD, <\/em>les transformations majeures que le gouvernement a r\u00e9alis\u00e9es ont permis de conc\u00e9der l\u2019importance du leadership. Le gouvernement a mis\u00e9 express\u00e9ment sur le respect, l\u2019int\u00e9grit\u00e9 et l\u2019excellence dans le but de donner aux employ\u00e9s une structure constante dans un environnement en \u00e9volution perp\u00e9tuelle.\u00a0\u00bb<\/p>\n<p>Le but, dit-il, est d\u2019habiliter et de soutenir les gens en leur offrant un ensemble de principes unanimes qui les encadre dans le parcours des changements et d\u2019enlever leur sentiment d\u2019isolement. Dans le cadre d\u2019un changement philosophique \u00e9largi o\u00f9 le r\u00e9gulateur devient \u00e9ducateur, la mise en place de valeurs organisationnelles est essentielle, car elle donne aux employ\u00e9s les connaissances, les aptitudes et l\u2019\u00e9tat d\u2019esprit indispensables \u00e0 une collaboration avec le public.<\/p>\n<p>M. Jacques indique que \u00ab\u00a0la d\u00e9marche d\u2019Encana est plus pratique; elle se focalise sur l\u2019expansion du talent et la planification de la rel\u00e8ve, ce qui engendre des employ\u00e9s impliqu\u00e9s et motiv\u00e9s. Elle vise plus \u00e0 d\u00e9velopper la capacit\u00e9 de leadership.\u00a0\u00bb<\/p>\n<p>Il mentionne que les dirigeants d\u2019Encana sont des techniciens chevronn\u00e9s soutenus par des programmes de perfectionnement qui tendent \u00e0 \u00e9largir les comp\u00e9tences de leadership que l\u2019entreprise juge cruciales.<\/p>\n<p>M. Jacques dit que c\u2019est au chapitre de ce soutien que l\u2019\u00e9valuation de l\u2019Indice de personnalit\u00e9 de travail<sup>MD<\/sup> (IPT) joue un r\u00f4le critique dans les programmes de leadership des deux groupes.<\/p>\n<p>Pour <em>ESRD<\/em>, il emploie l\u2019IPT dans le d\u00e9veloppement du leadership avec les cadres de niveaux interm\u00e9diaire et s\u00e9nior apr\u00e8s avoir obtenu du succ\u00e8s avec un exercice pilote aupr\u00e8s des directeurs. Il pr\u00e9cise que le programme a \u00e9volu\u00e9, car le minist\u00e8re a v\u00e9cu des transformations au cours de ses ann\u00e9es d\u2019association avec M. Jacques, et l\u2019\u00e9valuation de l\u2019IPT publi\u00e9e par Psychometrics Canada est consid\u00e9r\u00e9e de plus en plus comme un outil de d\u00e9veloppement standardis\u00e9.<\/p>\n<p>Dans le cas d\u2019Encana, il a d\u00e9couvert que l\u2019\u00e9valuation de l\u2019Indice de personnalit\u00e9 de travail fournit les meilleurs r\u00e9sultats. Il l\u2019emploie dans le cadre d\u2019un programme de quatre jours qui a pour th\u00e8me \u00ab\u00a0Accro\u00eetre la capacit\u00e9 de leadership\u00a0\u00bb et con\u00e7u \u00e0 l\u2019intention des dirigeants dont l\u2019exp\u00e9rience s\u2019\u00e9tend d\u2019un \u00e0 trois ans, et parfois m\u00eame aupr\u00e8s d\u2019employ\u00e9s \u00e0 la fin de la vingtaine ou au d\u00e9but de la trentaine qui s\u2019engagent dans leur premier r\u00f4le de leadership.<br \/>\n<br class=\"Apple-interchange-newline\" \/><span style=\"line-height: inherit;\">\u00ab\u00a0Nous ciblons les leaders dans les trois premi\u00e8res ann\u00e9es de leurs fonctions pour les aider \u00e0 acqu\u00e9rir les aptitudes et cr\u00e9er des r\u00e9seaux avant qu\u2019ils \u00e9voluent trop loin dans leurs r\u00f4les de leadership\u00a0\u00bb, dit M. Jacques.<\/span><\/p>\n<p><img decoding=\"async\" class=\"size-full wp-image-8595 alignright\" style=\"line-height: 25.2px;\" src=\"https:\/\/www.psychometrics.com\/wp-content\/uploads\/2017\/04\/le-changement1.jpg\" alt=\"\" width=\"518\" height=\"300\" \/><\/p>\n<p>Il travaille avec une moyenne de 25 personnes par s\u00e9ance. Il invite les participants \u00e0 s\u2019associer \u00e0 un ou deux partenaires d\u2019apprentissage peu de temps avant l\u2019\u00e9valuation pour partager leur exp\u00e9rience de leadership avec les autres. Les participants rencontrent \u00e9galement leurs partenaires entre chaque s\u00e9ance pour apprendre \u00e0 mieux conna\u00eetre les forces des uns et des autres. Au cours du programme, les partenaires s\u2019unissent pour former un groupe d\u2019appui et de coaching r\u00e9ciproques.<\/p>\n<p>Fred Jacques utilise le rapport de\u00a0\u00ab\u00a0Leadership\u00a0\u00bb de l\u2019IPT dans un cadre de perfectionnement o\u00f9 les leaders se fixent un, deux ou trois objectifs sp\u00e9cifiques. Ces objectifs peuvent \u00eatre adapt\u00e9s \u00e0 des contextes particuliers, mais ils sont pareillement pertinents.<\/p>\n<p>M. Jacques consid\u00e8re l\u2019IPT comme un outil qui assure un juste \u00e9quilibre entre l\u2019auto-\u00e9valuation rigoureuse et un feedback \u00e0 360\u00b0. \u00ab\u00a0Certaines entreprises font subir un feedback \u00e0 360\u00b0, mais d\u2019autres ne sont pas dispos\u00e9es \u00e0 le faire ou la culture de l\u2019entreprise ne leur accorde pas le soutien\u00a0\u00bb, dit-il. \u00ab\u00a0Par ailleurs, les examinateurs risquent de s\u2019\u00e9puiser en cours d\u2019examen\u00a0: trop de tests trop souvent. Mais il leur faut une \u00e9valuation formelle pour favoriser l\u2019auto-\u00e9valuation et la connaissance de soi.\u00a0\u00bb<\/p>\n<p>Le conseiller mentionne que l\u2019Indice de personnalit\u00e9 de travail lui offre plusieurs avantages dans le cadre de son travail aupr\u00e8s de ces deux secteurs\u00a0: \u00ab\u00a0L\u2019outil est pr\u00e9cis, il suit un cheminement logique et concentre l\u2019apprentissage dans un petit format. Il offre une appr\u00e9ciation raisonnable du style personnel, soit les forces et les comp\u00e9tences \u00e0 am\u00e9liorer, et il propose les d\u00e9marches pour renforcer ces comp\u00e9tences.\u00a0\u00bb<\/p>\n<p>Il constate que l\u2019enthousiasme qu\u2019on manifeste au cours des s\u00e9ances prend de l\u2019ampleur lorsque les participants font de telles d\u00e9couvertes \u00e0 leur sujet, notamment au chapitre de leurs forces. Mais il pr\u00e9cise aussi la valeur de d\u00e9couvrir les points susceptibles d\u2019am\u00e9lioration. \u00ab\u00a0La r\u00e9action principale qu\u2019il faut cibler lorsque vous examinez les r\u00e9sultats c\u2019est l\u2019int\u00e9r\u00eat\u00a0: notez-le lorsque vous en prenez connaissance; marquez-le, mais poursuivez l\u2019examen jusqu\u2019\u00e0 ce que vous obteniez une image compl\u00e8te\u00a0\u00bb, sugg\u00e8re-t-il, car l\u2019un des bienfaits d\u00e9terminants du processus d\u2019\u00e9valuation pour les leaders est celui d\u2019apprendre \u00e0 \u00eatre un peu plus flexibles devant leurs forces et de s\u2019engager dans d\u2019autres sph\u00e8res qui peuvent produire un rendement sup\u00e9rieur.<\/p>\n<p>M. Jacques a observ\u00e9 que les participants du secteur public tout comme ceux du secteur priv\u00e9 lui ont r\u00e9serv\u00e9 un accueil positif. Au cours des sondages suivant les s\u00e9ances, 85 % des participants d\u2019<em>ESRD<\/em> ont exprim\u00e9 leur profonde appr\u00e9ciation du rapport de l\u2019IPT, pr\u00e9cisant qu\u2019il est utile dans l\u2019apprentissage de la conscience de soi; plusieurs ont dit que l\u2019Indice de personnalit\u00e9 de travail a \u00e9t\u00e9 le point culminant du cours tout entier. D\u2019autres ont indiqu\u00e9 que cet outil est plus simple et explicite que d\u2019autres\u00a0: l\u2019une des raisons, d\u2019ailleurs, qui motivent le choix de M. Jacques.<\/p>\n<p>Chez Encana, l\u2019adoption de cet outil a pris un sens litt\u00e9ral\u00a0: le coordonnateur du programme donne une carte caf\u00e9 aux partenaires de chaque groupe pour qu\u2019ils prolongent les conversations entam\u00e9es lors du programme.<\/p>\n<p>\u00ab\u00a0L\u2019outil r\u00e9pond aux objectifs pragmatiques d\u2019Encana, mais aussi aux objectifs philosophiques encore plus orient\u00e9s vers la recherche d\u2019excellence d\u2019<em>ESRD<\/em>. Dans les deux cas, l\u2019Indice de personnalit\u00e9 de travail est le point de d\u00e9part pour \u00e9tablir ces connexions.\u00a0\u00bb<\/p>\n<hr \/>\n<p><em>Fred Jacques est consultant en d\u00e9veloppement organisationnel et \u00e9ducateur en mati\u00e8re de leadership. Il cumule plus de 30 ans d\u2019exp\u00e9rience dans les secteurs public et priv\u00e9. M. Jacques se focalise sur le d\u00e9veloppement du leadership, le mentorat des cadres et la gestion du changement aupr\u00e8s de clients d\u2019un bout \u00e0 l\u2019autre du pays. Il s\u2019est forg\u00e9 une r\u00e9putation \u00e0 la suite d\u2019une brillante carri\u00e8re \u00e0 titre de consultant interne et directeur des ressources humaines au sein de plusieurs grandes entreprises.<\/em><\/p>\n<p><em style=\"line-height: 1.8em;\">M. Jacques d\u00e9tient un doctorat en comportement organisationnel ainsi qu\u2019une ma\u00eetrise en sciences appliqu\u00e9es du comportement. Il donne des cours dans les programmes de perfectionnement des cadres \u00e0 l\u2019universit\u00e9 de l\u2019Alberta, \u00e0 l\u2019universit\u00e9 de Calgary et \u00e0 l\u2019universit\u00e9 Royal Roads. M. Jacques est \u00e9galement ancien membre de la facult\u00e9 du Banff Centre for Leadership ainsi que de la Banff School of Advanced Management. Il est un conseiller en ressources humaines agr\u00e9\u00e9 et certifi\u00e9 \u00e0 l\u2019utilisation de plusieurs outils d\u2019\u00e9valuation. Il est aussi accr\u00e9dit\u00e9 pour l\u2019usage de l\u2019outil MBTI par Psychometrics Canada.<\/em><\/p>\n<p>&nbsp;<\/p>\n","protected":false},"excerpt":{"rendered":"<p>Auteur : Sean Townsend Il arrive parfois qu\u2019on dise des secteurs public et priv\u00e9 qu\u2019ils sont aux antipodes l\u2019un de l\u2019autre\u00a0: ils visent \u00e0 des objectifs essentiellement oppos\u00e9s, ils op\u00e8rent<\/p>\n","protected":false},"author":18,"featured_media":0,"parent":0,"menu_order":0,"comment_status":"closed","ping_status":"closed","template":"","meta":{"_acf_changed":false,"footnotes":""},"class_list":["post-9220","page","type-page","status-publish","hentry"],"acf":[],"yoast_head":"<!-- This site is optimized with the Yoast SEO plugin v27.2 - https:\/\/yoast.com\/product\/yoast-seo-wordpress\/ -->\n<title>La Gestion lors des changements constants et continuels - Psychometrics Canada<\/title>\n<meta name=\"description\" content=\"Il arrive parfois qu\u2019on dise des secteurs public et priv\u00e9 qu\u2019ils sont aux antipodes l\u2019un de l\u2019autre : ils visent \u00e0 des objectifs essentiellement oppos\u00e9s, ils op\u00e8rent dans des contextes distincts et ils mesurent la r\u00e9ussite diff\u00e9remment.\" \/>\n<meta name=\"robots\" content=\"index, follow, max-snippet:-1, max-image-preview:large, max-video-preview:-1\" \/>\n<link rel=\"canonical\" href=\"https:\/\/www.psychometrics.com\/fr\/la-gestion-lors-des-changements-constants-et-continuels\/\" \/>\n<meta property=\"og:locale\" content=\"fr_CA\" \/>\n<meta property=\"og:type\" content=\"article\" \/>\n<meta property=\"og:title\" content=\"La Gestion lors des changements constants et continuels - Psychometrics Canada\" \/>\n<meta property=\"og:description\" content=\"Il arrive parfois qu\u2019on dise des secteurs public et priv\u00e9 qu\u2019ils sont aux antipodes l\u2019un de l\u2019autre : ils visent \u00e0 des objectifs essentiellement oppos\u00e9s, ils op\u00e8rent dans des contextes distincts et ils mesurent la r\u00e9ussite diff\u00e9remment.\" \/>\n<meta property=\"og:url\" content=\"https:\/\/www.psychometrics.com\/fr\/la-gestion-lors-des-changements-constants-et-continuels\/\" \/>\n<meta property=\"og:site_name\" content=\"Psychometrics Canada\" \/>\n<meta property=\"article:publisher\" content=\"https:\/\/www.facebook.com\/PsychometricsCanada\" \/>\n<meta property=\"article:modified_time\" content=\"2017-06-12T18:13:53+00:00\" \/>\n<meta property=\"og:image\" content=\"https:\/\/www.psychometrics.com\/wp-content\/uploads\/2017\/04\/Changement-en-cours-1.jpg\" \/>\n<meta name=\"twitter:card\" content=\"summary_large_image\" \/>\n<meta name=\"twitter:site\" content=\"@PsychometricsCA\" \/>\n<meta name=\"twitter:label1\" content=\"Est. reading time\" \/>\n\t<meta name=\"twitter:data1\" content=\"7 minutes\" \/>\n<script type=\"application\/ld+json\" class=\"yoast-schema-graph\">{\"@context\":\"https:\/\/schema.org\",\"@graph\":[{\"@type\":\"WebPage\",\"@id\":\"https:\/\/www.psychometrics.com\/fr\/la-gestion-lors-des-changements-constants-et-continuels\/\",\"url\":\"https:\/\/www.psychometrics.com\/fr\/la-gestion-lors-des-changements-constants-et-continuels\/\",\"name\":\"La Gestion lors des changements constants et continuels - Psychometrics Canada\",\"isPartOf\":{\"@id\":\"https:\/\/www.psychometrics.com\/#website\"},\"primaryImageOfPage\":{\"@id\":\"https:\/\/www.psychometrics.com\/fr\/la-gestion-lors-des-changements-constants-et-continuels\/#primaryimage\"},\"image\":{\"@id\":\"https:\/\/www.psychometrics.com\/fr\/la-gestion-lors-des-changements-constants-et-continuels\/#primaryimage\"},\"thumbnailUrl\":\"https:\/\/www.psychometrics.com\/wp-content\/uploads\/2017\/04\/Changement-en-cours-1.jpg\",\"datePublished\":\"2017-06-08T22:35:39+00:00\",\"dateModified\":\"2017-06-12T18:13:53+00:00\",\"description\":\"Il arrive parfois qu\u2019on dise des secteurs public et priv\u00e9 qu\u2019ils sont aux antipodes l\u2019un de l\u2019autre : ils visent \u00e0 des objectifs essentiellement oppos\u00e9s, ils op\u00e8rent dans des contextes distincts et ils mesurent la r\u00e9ussite diff\u00e9remment.\",\"breadcrumb\":{\"@id\":\"https:\/\/www.psychometrics.com\/fr\/la-gestion-lors-des-changements-constants-et-continuels\/#breadcrumb\"},\"inLanguage\":\"fr-CA\",\"potentialAction\":[{\"@type\":\"ReadAction\",\"target\":[\"https:\/\/www.psychometrics.com\/fr\/la-gestion-lors-des-changements-constants-et-continuels\/\"]}]},{\"@type\":\"ImageObject\",\"inLanguage\":\"fr-CA\",\"@id\":\"https:\/\/www.psychometrics.com\/fr\/la-gestion-lors-des-changements-constants-et-continuels\/#primaryimage\",\"url\":\"https:\/\/www.psychometrics.com\/wp-content\/uploads\/2017\/04\/Changement-en-cours-1.jpg\",\"contentUrl\":\"https:\/\/www.psychometrics.com\/wp-content\/uploads\/2017\/04\/Changement-en-cours-1.jpg\"},{\"@type\":\"BreadcrumbList\",\"@id\":\"https:\/\/www.psychometrics.com\/fr\/la-gestion-lors-des-changements-constants-et-continuels\/#breadcrumb\",\"itemListElement\":[{\"@type\":\"ListItem\",\"position\":1,\"name\":\"Home\",\"item\":\"https:\/\/www.psychometrics.com\/fr\/home-2\/\"},{\"@type\":\"ListItem\",\"position\":2,\"name\":\"La Gestion lors des changements constants et continuels\"}]},{\"@type\":\"WebSite\",\"@id\":\"https:\/\/www.psychometrics.com\/#website\",\"url\":\"https:\/\/www.psychometrics.com\/\",\"name\":\"Psychometrics Canada\",\"description\":\"Les organisations \u00e0 mieux par le biais des personnes\",\"publisher\":{\"@id\":\"https:\/\/www.psychometrics.com\/#organization\"},\"potentialAction\":[{\"@type\":\"SearchAction\",\"target\":{\"@type\":\"EntryPoint\",\"urlTemplate\":\"https:\/\/www.psychometrics.com\/?s={search_term_string}\"},\"query-input\":{\"@type\":\"PropertyValueSpecification\",\"valueRequired\":true,\"valueName\":\"search_term_string\"}}],\"inLanguage\":\"fr-CA\"},{\"@type\":\"Organization\",\"@id\":\"https:\/\/www.psychometrics.com\/#organization\",\"name\":\"Psychometrics Canada\",\"url\":\"https:\/\/www.psychometrics.com\/\",\"logo\":{\"@type\":\"ImageObject\",\"inLanguage\":\"fr-CA\",\"@id\":\"https:\/\/www.psychometrics.com\/#\/schema\/logo\/image\/\",\"url\":\"https:\/\/www.psychometrics.com\/wp-content\/uploads\/2021\/01\/NewLogo.jpg\",\"contentUrl\":\"https:\/\/www.psychometrics.com\/wp-content\/uploads\/2021\/01\/NewLogo.jpg\",\"width\":1132,\"height\":155,\"caption\":\"Psychometrics Canada\"},\"image\":{\"@id\":\"https:\/\/www.psychometrics.com\/#\/schema\/logo\/image\/\"},\"sameAs\":[\"https:\/\/www.facebook.com\/PsychometricsCanada\",\"https:\/\/x.com\/PsychometricsCA\"]}]}<\/script>\n<!-- \/ Yoast SEO plugin. -->","yoast_head_json":{"title":"La Gestion lors des changements constants et continuels - Psychometrics Canada","description":"Il arrive parfois qu\u2019on dise des secteurs public et priv\u00e9 qu\u2019ils sont aux antipodes l\u2019un de l\u2019autre : ils visent \u00e0 des objectifs essentiellement oppos\u00e9s, ils op\u00e8rent dans des contextes distincts et ils mesurent la r\u00e9ussite diff\u00e9remment.","robots":{"index":"index","follow":"follow","max-snippet":"max-snippet:-1","max-image-preview":"max-image-preview:large","max-video-preview":"max-video-preview:-1"},"canonical":"https:\/\/www.psychometrics.com\/fr\/la-gestion-lors-des-changements-constants-et-continuels\/","og_locale":"fr_CA","og_type":"article","og_title":"La Gestion lors des changements constants et continuels - Psychometrics Canada","og_description":"Il arrive parfois qu\u2019on dise des secteurs public et priv\u00e9 qu\u2019ils sont aux antipodes l\u2019un de l\u2019autre : ils visent \u00e0 des objectifs essentiellement oppos\u00e9s, ils op\u00e8rent dans des contextes distincts et ils mesurent la r\u00e9ussite diff\u00e9remment.","og_url":"https:\/\/www.psychometrics.com\/fr\/la-gestion-lors-des-changements-constants-et-continuels\/","og_site_name":"Psychometrics Canada","article_publisher":"https:\/\/www.facebook.com\/PsychometricsCanada","article_modified_time":"2017-06-12T18:13:53+00:00","og_image":[{"url":"https:\/\/www.psychometrics.com\/wp-content\/uploads\/2017\/04\/Changement-en-cours-1.jpg","type":"","width":"","height":""}],"twitter_card":"summary_large_image","twitter_site":"@PsychometricsCA","twitter_misc":{"Est. reading time":"7 minutes"},"schema":{"@context":"https:\/\/schema.org","@graph":[{"@type":"WebPage","@id":"https:\/\/www.psychometrics.com\/fr\/la-gestion-lors-des-changements-constants-et-continuels\/","url":"https:\/\/www.psychometrics.com\/fr\/la-gestion-lors-des-changements-constants-et-continuels\/","name":"La Gestion lors des changements constants et continuels - Psychometrics Canada","isPartOf":{"@id":"https:\/\/www.psychometrics.com\/#website"},"primaryImageOfPage":{"@id":"https:\/\/www.psychometrics.com\/fr\/la-gestion-lors-des-changements-constants-et-continuels\/#primaryimage"},"image":{"@id":"https:\/\/www.psychometrics.com\/fr\/la-gestion-lors-des-changements-constants-et-continuels\/#primaryimage"},"thumbnailUrl":"https:\/\/www.psychometrics.com\/wp-content\/uploads\/2017\/04\/Changement-en-cours-1.jpg","datePublished":"2017-06-08T22:35:39+00:00","dateModified":"2017-06-12T18:13:53+00:00","description":"Il arrive parfois qu\u2019on dise des secteurs public et priv\u00e9 qu\u2019ils sont aux antipodes l\u2019un de l\u2019autre : ils visent \u00e0 des objectifs essentiellement oppos\u00e9s, ils op\u00e8rent dans des contextes distincts et ils mesurent la r\u00e9ussite diff\u00e9remment.","breadcrumb":{"@id":"https:\/\/www.psychometrics.com\/fr\/la-gestion-lors-des-changements-constants-et-continuels\/#breadcrumb"},"inLanguage":"fr-CA","potentialAction":[{"@type":"ReadAction","target":["https:\/\/www.psychometrics.com\/fr\/la-gestion-lors-des-changements-constants-et-continuels\/"]}]},{"@type":"ImageObject","inLanguage":"fr-CA","@id":"https:\/\/www.psychometrics.com\/fr\/la-gestion-lors-des-changements-constants-et-continuels\/#primaryimage","url":"https:\/\/www.psychometrics.com\/wp-content\/uploads\/2017\/04\/Changement-en-cours-1.jpg","contentUrl":"https:\/\/www.psychometrics.com\/wp-content\/uploads\/2017\/04\/Changement-en-cours-1.jpg"},{"@type":"BreadcrumbList","@id":"https:\/\/www.psychometrics.com\/fr\/la-gestion-lors-des-changements-constants-et-continuels\/#breadcrumb","itemListElement":[{"@type":"ListItem","position":1,"name":"Home","item":"https:\/\/www.psychometrics.com\/fr\/home-2\/"},{"@type":"ListItem","position":2,"name":"La Gestion lors des changements constants et continuels"}]},{"@type":"WebSite","@id":"https:\/\/www.psychometrics.com\/#website","url":"https:\/\/www.psychometrics.com\/","name":"Psychometrics Canada","description":"Les organisations \u00e0 mieux par le biais des personnes","publisher":{"@id":"https:\/\/www.psychometrics.com\/#organization"},"potentialAction":[{"@type":"SearchAction","target":{"@type":"EntryPoint","urlTemplate":"https:\/\/www.psychometrics.com\/?s={search_term_string}"},"query-input":{"@type":"PropertyValueSpecification","valueRequired":true,"valueName":"search_term_string"}}],"inLanguage":"fr-CA"},{"@type":"Organization","@id":"https:\/\/www.psychometrics.com\/#organization","name":"Psychometrics Canada","url":"https:\/\/www.psychometrics.com\/","logo":{"@type":"ImageObject","inLanguage":"fr-CA","@id":"https:\/\/www.psychometrics.com\/#\/schema\/logo\/image\/","url":"https:\/\/www.psychometrics.com\/wp-content\/uploads\/2021\/01\/NewLogo.jpg","contentUrl":"https:\/\/www.psychometrics.com\/wp-content\/uploads\/2021\/01\/NewLogo.jpg","width":1132,"height":155,"caption":"Psychometrics Canada"},"image":{"@id":"https:\/\/www.psychometrics.com\/#\/schema\/logo\/image\/"},"sameAs":["https:\/\/www.facebook.com\/PsychometricsCanada","https:\/\/x.com\/PsychometricsCA"]}]}},"_links":{"self":[{"href":"https:\/\/www.psychometrics.com\/fr\/wp-json\/wp\/v2\/pages\/9220","targetHints":{"allow":["GET"]}}],"collection":[{"href":"https:\/\/www.psychometrics.com\/fr\/wp-json\/wp\/v2\/pages"}],"about":[{"href":"https:\/\/www.psychometrics.com\/fr\/wp-json\/wp\/v2\/types\/page"}],"author":[{"embeddable":true,"href":"https:\/\/www.psychometrics.com\/fr\/wp-json\/wp\/v2\/users\/18"}],"replies":[{"embeddable":true,"href":"https:\/\/www.psychometrics.com\/fr\/wp-json\/wp\/v2\/comments?post=9220"}],"version-history":[{"count":3,"href":"https:\/\/www.psychometrics.com\/fr\/wp-json\/wp\/v2\/pages\/9220\/revisions"}],"predecessor-version":[{"id":9228,"href":"https:\/\/www.psychometrics.com\/fr\/wp-json\/wp\/v2\/pages\/9220\/revisions\/9228"}],"wp:attachment":[{"href":"https:\/\/www.psychometrics.com\/fr\/wp-json\/wp\/v2\/media?parent=9220"}],"curies":[{"name":"wp","href":"https:\/\/api.w.org\/{rel}","templated":true}]}}